{"id":4343,"date":"2025-11-03T04:35:52","date_gmt":"2025-11-03T03:35:52","guid":{"rendered":"https:\/\/fumotpuff.com\/?post_type=product&#038;p=4343"},"modified":"2025-11-03T04:35:53","modified_gmt":"2025-11-03T03:35:53","slug":"bang-blaze-40000-blueberry-cranberry-cherry-watermelon-cherry","status":"publish","type":"product","link":"https:\/\/fumotpuff.com\/hu\/termek\/bang-blaze-40000-blueberry-cranberry-cherry-watermelon-cherry\/","title":{"rendered":"Bang Blaze 40000 \u00e1fonya \u00e1fonya cseresznye\/ g\u00f6r\u00f6gdinnye cseresznye"},"content":{"rendered":"<h2 class=\"text-xl font-bold text-text-100 mt-1 -mb-0.5\">Bang Blaze 40000 Blueberry Cranberry Cherry\/Watermelon Cherry eldobhat\u00f3 e-cigaretta<\/h2>\n<p class=\"whitespace-normal break-words\">A <strong>Bang Blaze 40000 Puffs eldobhat\u00f3 e-cigaretta<\/strong> A Blueberry Cranberry Cherry \u00e9s Watermelon Cherry \u00edzekkel ak\u00e1r 40 000 slukkot is biztos\u00edt, \u00e9s egy 40 ml-es e-liquid tart\u00e1lyt kombin\u00e1l egy er\u0151s 650 mAh-s akkumul\u00e1torral a hossz\u00fa t\u00e1v\u00fa g\u0151z\u00f6l\u00e9s \u00e9lm\u00e9ny\u00e9\u00e9rt. Az innovat\u00edv Dual-Flavor-Slide-rendszer lehet\u0151v\u00e9 teszi a komplex Blueberry Cranberry Cherry kompoz\u00edci\u00f3 \u00e9s a friss\u00edt\u0151 Watermelon Cherry alternat\u00edva k\u00f6z\u00f6tti probl\u00e9mamentes v\u00e1lt\u00e1st. Nagy hat\u00e9konys\u00e1g\u00fa kett\u0151s h\u00e1l\u00f3s tekercsel\u00e9ssel (1,2 \u03a9) rendelkezik, amely er\u0151teljes arom\u00e1t \u00e9s sima g\u0151zt biztos\u00edt, 4 nikotinszinttel kaphat\u00f3 (0 %, 2 %, 3 %, 5 %). A Type-C gyors t\u00f6lt\u00e9si technol\u00f3gia gyors energiaell\u00e1t\u00e1st biztos\u00edt.<\/p>\n<h3 class=\"text-lg font-bold text-text-100 mt-1 -mb-1.5\">A Bang Blaze 40000 Puffs Blueberry Cranberry Cherry\/Watermelon Cherry el\u0151nyei:<\/h3>\n<p class=\"whitespace-normal break-words\">Ez a nagy teljes\u00edtm\u00e9ny\u0171 eszk\u00f6z elk\u00e9peszt\u0151 40 000 sz\u00edv\u00e1st biztos\u00edt, \u00edgy hetekig tart\u00f3 folyamatos g\u0151z\u00e9lvezet\u00e9st k\u00edn\u00e1l. 40 ml kiv\u00e1l\u00f3 min\u0151s\u00e9g\u0171 e-liquiddel el\u0151re felt\u00f6ltve, hossz\u00fa t\u00e1v\u00fa haszn\u00e1latra tervezt\u00e9k, \u00edgy jelent\u0151sen cs\u00f6kkenti az \u00fajrarendel\u00e9sek sz\u00fcks\u00e9gess\u00e9g\u00e9t. Az \u00fajrat\u00f6lthet\u0151 650 mAh-s akkumul\u00e1tor hossz\u00fa ideig biztos\u00edtja a megb\u00edzhat\u00f3 energiaell\u00e1t\u00e1st, m\u00edg a fejlett USB-C port gyors t\u00f6lt\u00e9st tesz lehet\u0151v\u00e9.<\/p>\n<p class=\"whitespace-normal break-words\">Kiemelked\u0151 jellemz\u0151je az intelligens kett\u0151s \u00edzmechanizmus, amely lehet\u0151v\u00e9 teszi, hogy a cs\u00faszkafunkci\u00f3val azonnal k\u00e9t teljesen k\u00fcl\u00f6nb\u00f6z\u0151 \u00edzprofil k\u00f6z\u00f6tt v\u00e1lthasson. \u00c9lvezze a Blueberry Cranberry Cherry h\u00e1romf\u00e9le bogy\u00f3s gy\u00fcm\u00f6lcs\u00f6s szimf\u00f3ni\u00e1j\u00e1t, vagy v\u00e1ltson a l\u00e9d\u00fas Watermelon Cherry \u00edzre \u2013 a v\u00e1laszt\u00e1s az \u00d6n\u00e9. Ez az innovat\u00edv megold\u00e1s feleslegess\u00e9 teszi t\u00f6bb eszk\u00f6z haszn\u00e1lat\u00e1t, \u00e9s ide\u00e1lis azoknak a g\u0151z\u00f6l\u00e9s szerelmeseinek, akik egyszer\u0171en szeretik a v\u00e1ltozatos \u00edzeket.<\/p>\n<p class=\"whitespace-normal break-words\">A k\u00e9sz\u00fcl\u00e9k egy kifinomult, 1,2 \u03a9 impedanci\u00e1j\u00fa kett\u0151s h\u00e1l\u00f3s tekercsel\u00e9ssel van felszerelve, amely \u00fagy lett kialak\u00edtva, hogy b\u00e1rsonyos g\u0151zt hozzon l\u00e9tre, \u00e9s minden bel\u00e9gz\u00e9sn\u00e9l tel\u00edtett, stabil arom\u00e1t biztos\u00edtson. Ez a fejlett tekercsel\u00e9s garant\u00e1lja a kiv\u00e1l\u00f3 teljes\u00edtm\u00e9nyt \u00e9s az els\u0151 oszt\u00e1ly\u00fa \u00edzintenzit\u00e1st a teljes haszn\u00e1lati id\u0151 alatt.<\/p>\n<p class=\"whitespace-normal break-words\">N\u00e9gyf\u00e9le nikotinszinttel \u2013 0 %, 2 %, 3 % vagy 5 % \u2013 ez a rendszer sz\u00e9les felhaszn\u00e1l\u00f3i spektrumot fed le, a nikotinmentes opci\u00f3kt\u00f3l az er\u0151sebb v\u00e1ltozatokig. Ez az alkalmazkod\u00f3k\u00e9pess\u00e9g minden felhaszn\u00e1l\u00f3 sz\u00e1m\u00e1ra egy\u00e9nre szabott vaping \u00e9lm\u00e9nyt biztos\u00edt.<\/p>\n<h3 class=\"text-lg font-bold text-text-100 mt-1 -mb-1.5\">M\u0171szaki adatok:<\/h3>\n<p class=\"whitespace-normal break-words\"><strong>Vonatok sz\u00e1ma:<\/strong> Ak\u00e1r 40 000 slukk<br \/>\n<strong>E-folyad\u00e9k t\u00e9rfogata:<\/strong> 40 ml<br \/>\n<strong>Nikotinkoncentr\u00e1ci\u00f3:<\/strong> 0 %, 2 %, 3 %, 5 %<br \/>\n<strong>Az akkumul\u00e1tor teljes\u00edtm\u00e9nye:<\/strong> 650 mAh (\u00fajrat\u00f6lthet\u0151)<br \/>\n<strong>T\u00f6lt\u0151csatlakoz\u00e1s:<\/strong> C-t\u00edpus\u00fa<br \/>\n<strong>P\u00e1rologtat\u00f3:<\/strong> Kett\u0151s h\u00e1l\u00f3s tekercs (1,2 \u03a9)<br \/>\n<strong>\u00cdzrendszer:<\/strong> Kett\u0151s \u00edz\u0171 cs\u00fasz\u00f3kapcsol\u00f3<br \/>\n<strong>S\u00faly:<\/strong> K\u00f6r\u00fclbel\u00fcl 120 g<\/p>\n<h3 class=\"text-lg font-bold text-text-100 mt-1 -mb-1.5\">Fedezzen fel t\u00f6bb BANG VAPE-t a fumotpuff-on<\/h3>\n<p class=\"whitespace-normal break-words\">B\u00f6ng\u00e9sszen a <strong><a class=\"underline\" href=\"https:\/\/fumotpuff.com\/hu\/\">Fumot Puff online bolt<\/a><\/strong> tov\u00e1bbi cs\u00facsmin\u0151s\u00e9g\u0171 term\u00e9kek\u00e9rt a g\u0151zter\u00fcleten, \u00e9s fedezze fel a teljes <strong><a class=\"underline\" href=\"https:\/\/fumotpuff.com\/hu\/product-category\/bang-vape\/\">BANG VAPE term\u00e9kcsal\u00e1d<\/a><\/strong> \u00fatt\u00f6r\u0151 innov\u00e1ci\u00f3kkal. Az \u00f6sszes aromav\u00e1ltozat <strong><a class=\"underline\" href=\"https:\/\/fumotpuff.com\/hu\/product-category\/bang-vape\/bang-blaze-40000\/\">Bang Blaze 40000 csal\u00e1d<\/a><\/strong> v\u00e1rj\u00e1k felfedez\u00e9s\u00fcket.<\/p>","protected":false},"excerpt":{"rendered":"<p class=\"whitespace-normal break-words\">A Bang Blaze 40000 Blueberry Cranberry Cherry\/Watermelon Cherry 40 000 slukkot k\u00edn\u00e1l k\u00e9t bogy\u00f3s-csereszny\u00e9s \u00edzvil\u00e1ggal. V\u00e1ltson a komplex h\u00e1rmas bogy\u00f3s \u00edz \u00e9s a l\u00e9d\u00fas g\u00f6r\u00f6gdinnye-cseresznye k\u00f6z\u00f6tt. 40 ml e-liquid, kett\u0151s h\u00e1l\u00f3s tekercs, 650 mAh akkumul\u00e1tor, Type-C t\u00f6lt\u00e9s \u2013 4 nikotinszintben.<\/p>","protected":false},"featured_media":4345,"comment_status":"open","ping_status":"closed","template":"","meta":{"_acf_changed":false},"product_brand":[],"product_cat":[48],"product_tag":[],"class_list":{"0":"post-4343","1":"product","2":"type-product","3":"status-publish","4":"has-post-thumbnail","6":"product_cat-bang-blaze-40000","8":"first","9":"instock","10":"shipping-taxable","11":"purchasable","12":"product-type-variable"},"acf":[],"_links":{"self":[{"href":"https:\/\/fumotpuff.com\/hu\/wp-json\/wp\/v2\/product\/4343","targetHints":{"allow":["GET"]}}],"collection":[{"href":"https:\/\/fumotpuff.com\/hu\/wp-json\/wp\/v2\/product"}],"about":[{"href":"https:\/\/fumotpuff.com\/hu\/wp-json\/wp\/v2\/types\/product"}],"replies":[{"embeddable":true,"href":"https:\/\/fumotpuff.com\/hu\/wp-json\/wp\/v2\/comments?post=4343"}],"wp:featuredmedia":[{"embeddable":true,"href":"https:\/\/fumotpuff.com\/hu\/wp-json\/wp\/v2\/media\/4345"}],"wp:attachment":[{"href":"https:\/\/fumotpuff.com\/hu\/wp-json\/wp\/v2\/media?parent=4343"}],"wp:term":[{"taxonomy":"product_brand","embeddable":true,"href":"https:\/\/fumotpuff.com\/hu\/wp-json\/wp\/v2\/product_brand?post=4343"},{"taxonomy":"product_cat","embeddable":true,"href":"https:\/\/fumotpuff.com\/hu\/wp-json\/wp\/v2\/product_cat?post=4343"},{"taxonomy":"product_tag","embeddable":true,"href":"https:\/\/fumotpuff.com\/hu\/wp-json\/wp\/v2\/product_tag?post=4343"}],"curies":[{"name":"wp","href":"https:\/\/api.w.org\/{rel}","templated":true}]}}