{"id":4336,"date":"2025-11-03T04:33:02","date_gmt":"2025-11-03T03:33:02","guid":{"rendered":"https:\/\/fumotpuff.com\/?post_type=product&#038;p=4336"},"modified":"2025-11-03T04:33:02","modified_gmt":"2025-11-03T03:33:02","slug":"bang-blaze-40000-berries-cool-watermelon-sour-peach","status":"publish","type":"product","link":"https:\/\/fumotpuff.com\/hu\/termek\/bang-blaze-40000-berries-cool-watermelon-sour-peach\/","title":{"rendered":"Bang Blaze 40000 Berries Cool\/Watermelon Sour Barack"},"content":{"rendered":"<h2 class=\"text-xl font-bold text-text-100 mt-1 -mb-0.5\">Bang Blaze 40000 Berries Cool\/Watermelon Sour Peach eldobhat\u00f3 e-cigaretta<\/h2>\n<p class=\"whitespace-normal break-words\">A <strong>Bang Blaze 40000 Puffs eldobhat\u00f3 e-cigaretta<\/strong> A Berries Cool \u00e9s Watermelon Sour Peach \u00edzekkel ak\u00e1r 40 000 slukkot is biztos\u00edt, \u00e9s a nagy 40 ml-es e-liquid tartalmat egy er\u0151teljes 650 mAh-s akkumul\u00e1torral kombin\u00e1lja a hosszan tart\u00f3 g\u0151z\u00f6l\u00e9s \u00e9lm\u00e9ny\u00e9\u00e9rt. A forradalmian \u00faj Dual-Flavor-Slide-rendszernek k\u00f6sz\u00f6nhet\u0151en k\u00f6nnyed\u00e9n v\u00e1lthat a h\u0171s\u00edt\u0151 Berries Cool \u00e9s a savanyk\u00e1s-\u00e9des Watermelon Sour Peach v\u00e1ltozat k\u00f6z\u00f6tt. Er\u0151teljes Dual-Mesh-Coil (1,2 \u03a9) tekercsel\u00e9ssel ell\u00e1tva, amely kiemelked\u0151 arom\u00e1t \u00e9s selymes g\u0151zt biztos\u00edt, ez az eszk\u00f6z 4 nikotin opci\u00f3val (0 %, 2 %, 3 %, 5 %) kaphat\u00f3. A Type-C gyors t\u00f6lt\u00e9s biztos\u00edtja, hogy mindig k\u00e9szen \u00e1lljon a haszn\u00e1latra.<\/p>\n<h3 class=\"text-lg font-bold text-text-100 mt-1 -mb-1.5\">A Bang Blaze 40000 Puffs Berries Cool\/Watermelon Sour Peach el\u0151nyei:<\/h3>\n<p class=\"whitespace-normal break-words\">Leny\u0171g\u00f6z\u0151 40 000 sz\u00edv\u00e1ssal ez az eszk\u00f6z \u00faj szabv\u00e1nyt \u00e1ll\u00edt fel a tart\u00f3ss\u00e1g ter\u00e9n, \u00e9s hetekig tart\u00f3, megszak\u00edt\u00e1s n\u00e9lk\u00fcli g\u0151z\u00f6l\u00e9st biztos\u00edt. A nagylelk\u0171 40 ml-es e-liquid tart\u00e1ly el\u0151re felt\u00f6ltve van, \u00edgy nincs sz\u00fcks\u00e9g rendszeres ut\u00e1nt\u00f6lt\u00e9sre vagy cser\u00e9re. A be\u00e9p\u00edtett 650 mAh-s akkumul\u00e1tor t\u00f6lt\u00e9si funkci\u00f3val garant\u00e1lja a tart\u00f3s teljes\u00edtm\u00e9nyt a hossz\u00fa haszn\u00e1lat sor\u00e1n, m\u00edg a modern USB-C csatlakoz\u00f3 biztos\u00edtja a gyors \u00fajrat\u00f6lt\u00e9st.<\/p>\n<p class=\"whitespace-normal break-words\">A legfontosabb funkci\u00f3 k\u00e9ts\u00e9gk\u00edv\u00fcl a zseni\u00e1lis Dual-Flavor kapcsol\u00f3, amely lehet\u0151v\u00e9 teszi, hogy cs\u00fasztat\u00e1sos mozdulattal azonnal v\u00e1lthasson k\u00e9t kontrasztos \u00edz\u00e9lm\u00e9ny k\u00f6z\u00f6tt. K\u00f3stolja meg a Berries Cool j\u00e9ghideg bogy\u00f3s gy\u00fcm\u00f6lcskever\u00e9k\u00e9t, vagy \u00e9lvezze a Watermelon Sour Peach gy\u00fcm\u00f6lcs\u00f6s-savanyk\u00e1s kombin\u00e1ci\u00f3j\u00e1t \u2013 hangulat\u00e1t\u00f3l f\u00fcgg\u0151en. Ez a technol\u00f3gia megk\u00edm\u00e9l att\u00f3l, hogy t\u00f6bb eszk\u00f6zt kelljen mag\u00e1val cipelnie, \u00e9s t\u00f6k\u00e9letesen alkalmas azoknak a vaperoknak, akik v\u00e1ltozatoss\u00e1got szeretn\u00e9nek, an\u00e9lk\u00fcl, hogy a k\u00e9nyelmet feladn\u00e1k.<\/p>\n<p class=\"whitespace-normal break-words\">A be\u00e9p\u00edtett 1,2 \u03a9-os kett\u0151s h\u00e1l\u00f3s tekercs kifejezetten selymes g\u0151z el\u0151\u00e1ll\u00edt\u00e1s\u00e1ra lett tervezve, \u00e9s minden bel\u00e9gz\u00e9sn\u00e9l intenz\u00edv, egyenletes \u00edzprofilt biztos\u00edt. Ez a fejlett p\u00e1rologtat\u00f3 technol\u00f3gia kiv\u00e1l\u00f3 teljes\u00edtm\u00e9nyt \u00e9s aroma min\u0151s\u00e9get biztos\u00edt a teljes \u00e9lettartam alatt.<\/p>\n<p class=\"whitespace-normal break-words\">A term\u00e9k n\u00e9gy nikotintartalommal \u2013 0 %, 2 %, 3 % \u00e9s 5 % \u2013 kaphat\u00f3, \u00edgy a nikotinmentes alternat\u00edv\u00e1kt\u00f3l az er\u0151sebb adagokig a legk\u00fcl\u00f6nb\u00f6z\u0151bb felhaszn\u00e1l\u00f3i ig\u00e9nyeket is kiel\u00e9g\u00edti. Ez a v\u00e1ltozatoss\u00e1g teljesen szem\u00e9lyre szabott felhaszn\u00e1l\u00f3i \u00e9lm\u00e9nyt tesz lehet\u0151v\u00e9.<\/p>\n<h3 class=\"text-lg font-bold text-text-100 mt-1 -mb-1.5\">M\u0171szaki adatok:<\/h3>\n<p class=\"whitespace-normal break-words\"><strong>Vonatok sz\u00e1ma:<\/strong> Ak\u00e1r 40 000 slukk<br \/>\n<strong>E-folyad\u00e9k t\u00e9rfogata:<\/strong> 40 ml<br \/>\n<strong>Nikotinkoncentr\u00e1ci\u00f3:<\/strong> 0 %, 2 %, 3 %, 5 %<br \/>\n<strong>Az akkumul\u00e1tor teljes\u00edtm\u00e9nye:<\/strong> 650 mAh (\u00fajrat\u00f6lthet\u0151)<br \/>\n<strong>T\u00f6lt\u0151csatlakoz\u00e1s:<\/strong> C-t\u00edpus\u00fa<br \/>\n<strong>P\u00e1rologtat\u00f3:<\/strong> Kett\u0151s h\u00e1l\u00f3s tekercs (1,2 \u03a9)<br \/>\n<strong>\u00cdzrendszer:<\/strong> Kett\u0151s \u00edz\u0171 cs\u00fasz\u00f3kapcsol\u00f3<br \/>\n<strong>S\u00faly:<\/strong> K\u00f6r\u00fclbel\u00fcl 120 g<\/p>\n<h3 class=\"text-lg font-bold text-text-100 mt-1 -mb-1.5\">Fedezzen fel t\u00f6bb BANG VAPE-t a fumotpuff-on<\/h3>\n<p class=\"whitespace-normal break-words\">B\u00f6ng\u00e9sszen a <strong><a class=\"underline\" href=\"https:\/\/fumotpuff.com\/hu\/\">Fumot Puff online bolt<\/a><\/strong> tov\u00e1bbi pr\u00e9mium vaping megold\u00e1sokat, \u00e9s fedezze fel a teljes <strong><a class=\"underline\" href=\"https:\/\/fumotpuff.com\/hu\/product-category\/bang-vape\/\">BANG VAPE sorozat<\/a><\/strong> forradalmi term\u00e9kekkel. A teljes \u00edzv\u00e1laszt\u00e9k a <strong><a class=\"underline\" href=\"https:\/\/fumotpuff.com\/hu\/product-category\/bang-vape\/bang-blaze-40000\/\">Bang Blaze 40000 sorozat<\/a><\/strong> k\u00e9szen \u00e1ll az \u00d6n sz\u00e1m\u00e1ra.<\/p>","protected":false},"excerpt":{"rendered":"<p class=\"whitespace-normal break-words\">A Bang Blaze 40000 Berries Cool\/Watermelon Sour Peach h\u0171s bogy\u00f3s gy\u00fcm\u00f6lcskever\u00e9ket \u00f6tv\u00f6z savanyk\u00e1s-\u00e9des g\u00f6r\u00f6gdinnye-barack \u00edzzel. 40 000 slukk, 40 ml e-liquid \u00e9s kett\u0151s \u00edzv\u00e1lt\u00f3 rendszer az azonnali \u00edzv\u00e1lt\u00e1shoz. Kett\u0151s h\u00e1l\u00f3s tekercs, 650 mAh-s akkumul\u00e1tor, Type-C t\u00f6lt\u00e9s \u2013 4 nikotinszintben.<\/p>","protected":false},"featured_media":4338,"comment_status":"open","ping_status":"closed","template":"","meta":{"_acf_changed":false},"product_brand":[],"product_cat":[48],"product_tag":[],"class_list":{"0":"post-4336","1":"product","2":"type-product","3":"status-publish","4":"has-post-thumbnail","6":"product_cat-bang-blaze-40000","8":"first","9":"instock","10":"shipping-taxable","11":"purchasable","12":"product-type-variable"},"acf":[],"_links":{"self":[{"href":"https:\/\/fumotpuff.com\/hu\/wp-json\/wp\/v2\/product\/4336","targetHints":{"allow":["GET"]}}],"collection":[{"href":"https:\/\/fumotpuff.com\/hu\/wp-json\/wp\/v2\/product"}],"about":[{"href":"https:\/\/fumotpuff.com\/hu\/wp-json\/wp\/v2\/types\/product"}],"replies":[{"embeddable":true,"href":"https:\/\/fumotpuff.com\/hu\/wp-json\/wp\/v2\/comments?post=4336"}],"wp:featuredmedia":[{"embeddable":true,"href":"https:\/\/fumotpuff.com\/hu\/wp-json\/wp\/v2\/media\/4338"}],"wp:attachment":[{"href":"https:\/\/fumotpuff.com\/hu\/wp-json\/wp\/v2\/media?parent=4336"}],"wp:term":[{"taxonomy":"product_brand","embeddable":true,"href":"https:\/\/fumotpuff.com\/hu\/wp-json\/wp\/v2\/product_brand?post=4336"},{"taxonomy":"product_cat","embeddable":true,"href":"https:\/\/fumotpuff.com\/hu\/wp-json\/wp\/v2\/product_cat?post=4336"},{"taxonomy":"product_tag","embeddable":true,"href":"https:\/\/fumotpuff.com\/hu\/wp-json\/wp\/v2\/product_tag?post=4336"}],"curies":[{"name":"wp","href":"https:\/\/api.w.org\/{rel}","templated":true}]}}