{"id":4329,"date":"2025-11-03T04:30:06","date_gmt":"2025-11-03T03:30:06","guid":{"rendered":"https:\/\/fumotpuff.com\/?post_type=product&#038;p=4329"},"modified":"2025-11-03T04:30:06","modified_gmt":"2025-11-03T03:30:06","slug":"bang-blaze-40000-beach-sex-raspberry-watermelon","status":"publish","type":"product","link":"https:\/\/fumotpuff.com\/hu\/termek\/bang-blaze-40000-beach-sex-raspberry-watermelon\/","title":{"rendered":"Bang Blaze 40000 Beach Sex \/ m\u00e1lna g\u00f6r\u00f6gdinnye"},"content":{"rendered":"<h2 class=\"text-xl font-bold text-text-100 mt-1 -mb-0.5\">Bang Blaze 40000 Beach Sex\/Raspberry Watermelon eldobhat\u00f3 e-cigaretta<\/h2>\n<p class=\"whitespace-normal break-words\">Tapasztalat a <strong>Bang Blaze 40000 Puffs eldobhat\u00f3 e-cigaretta<\/strong> Beach Sex \u00e9s Raspberry Watermelon \u00edzekben, ak\u00e1r 40 000 rendk\u00edv\u00fcli slukkig. A b\u0151s\u00e9ges 40 ml-es e-liquid tart\u00e1llyal \u00e9s a megb\u00edzhat\u00f3, \u00fajrat\u00f6lthet\u0151 650 mAh-s akkumul\u00e1torral hossz\u00fa ideig \u00e9lvezheti a g\u0151z\u00f6lg\u00e9st. Az \u00fatt\u00f6r\u0151 Dual-Flavor-Slide rendszer lehet\u0151v\u00e9 teszi a tr\u00f3pusi Beach Sex \u00e9s a gy\u00fcm\u00f6lcs\u00f6s-friss Raspberry Watermelon \u00edzek k\u00f6z\u00f6tti k\u00f6nny\u0171 \u00e1tmenetet. A be\u00e9p\u00edtett kett\u0151s h\u00e1l\u00f3s tekercs (1,2 \u03a9) intenz\u00edv arom\u00e1t \u00e9s b\u00e1rsonyos g\u0151zt garant\u00e1l. 4 nikotinszintben (0 %, 2 %, 3 %, 5 %) kaphat\u00f3, \u00e9s vill\u00e1mgyors Type-C t\u00f6lt\u00e9ssel rendelkezik.<\/p>\n<h3 class=\"text-lg font-bold text-text-100 mt-1 -mb-1.5\">A Bang Blaze 40000 Beach Sex\/Raspberry Watermelon k\u00fcl\u00f6nleges jellemz\u0151i:<\/h3>\n<p class=\"whitespace-normal break-words\">Ez a rendk\u00edv\u00fcli eszk\u00f6z fenomen\u00e1lis 40 000 sz\u00edv\u00e1st biztos\u00edt, \u00edgy t\u00f6bb h\u00e9tig tart\u00f3, kompromisszumok n\u00e9lk\u00fcli g\u0151z\u00f6l\u00e9si \u00e9lm\u00e9nyt ny\u00fajt. Gy\u00e1rilag 40 ml pr\u00e9mium e-liquiddel t\u00f6ltve, maxim\u00e1lis \u00e9lettartamra lett tervezve, \u00edgy nincs sz\u00fcks\u00e9g gyakori \u00faj v\u00e1s\u00e1rl\u00e1sokra. Az \u00fajrat\u00f6lthet\u0151 650 mAh-s akkumul\u00e1tor folyamatos, megb\u00edzhat\u00f3 energi\u00e1t biztos\u00edt a hosszabb g\u0151z\u00f6l\u00e9si szakaszokhoz, m\u00edg az USB-C gyors t\u00f6lt\u0151rendszer minim\u00e1lisra cs\u00f6kkenti az \u00fczemsz\u00fcneteket.<\/p>\n<p class=\"whitespace-normal break-words\">Az egyik legkiemelked\u0151bb jellemz\u0151je az intelligens kett\u0151s \u00edzv\u00e1lt\u00f3, amelynek seg\u00edts\u00e9g\u00e9vel vill\u00e1mgyorsan v\u00e1lthat k\u00e9t teljesen k\u00fcl\u00f6nb\u00f6z\u0151 \u00edzprofil k\u00f6z\u00f6tt. Mer\u00fclj\u00f6n el az egzotikus Beach Sex vil\u00e1g\u00e1ban, vagy v\u00e1ltson \u00e1t a zamatos Raspberry Watermelonra \u2013 a d\u00f6nt\u00e9s az \u00d6n\u00e9. Ez az innovat\u00edv mechanizmus kik\u00fcsz\u00f6b\u00f6li a t\u00f6bb eszk\u00f6z hordoz\u00e1s\u00e1nak sz\u00fcks\u00e9gess\u00e9g\u00e9t, \u00e9s ide\u00e1lis azoknak a ig\u00e9nyes g\u0151z\u00f6l\u0151knek, akik szeretik a v\u00e1ltozatoss\u00e1got.<\/p>\n<p class=\"whitespace-normal break-words\">A k\u00e9sz\u00fcl\u00e9k fejlett, 1,2 \u03a9 ellen\u00e1ll\u00e1s\u00fa kett\u0151s h\u00e1l\u00f3s tekerccsel rendelkezik, amelyet kifejezetten a l\u00e1gy g\u0151z el\u0151\u00e1ll\u00edt\u00e1s\u00e1ra \u00e9s a gazdag, \u00e1lland\u00f3 \u00edz biztos\u00edt\u00e1s\u00e1ra terveztek minden egyes sz\u00edv\u00e1sn\u00e1l. Ez a modern p\u00e1rologtat\u00f3 technol\u00f3gia optim\u00e1lis teljes\u00edtm\u00e9nyt \u00e9s kiv\u00e1l\u00f3 \u00edzmin\u0151s\u00e9get garant\u00e1l a term\u00e9k teljes \u00e9lettartama alatt.<\/p>\n<p class=\"whitespace-normal break-words\">N\u00e9gy nikotintartalom k\u00f6z\u00fcl v\u00e1laszthat \u2013 0 %, 2 %, 3 % vagy 5 % \u2013, \u00edgy ez az eszk\u00f6z a teljesen nikotinmentes g\u0151z\u00f6l\u00e9st\u0151l az intenz\u00edvebb \u00e9lm\u00e9nyig sz\u00e9les k\u00f6r\u0171 felhaszn\u00e1l\u00f3i preferenci\u00e1kat szolg\u00e1l ki. Ez a rugalmass\u00e1g minden felhaszn\u00e1l\u00f3 sz\u00e1m\u00e1ra lehet\u0151v\u00e9 teszi, hogy szem\u00e9lyes ig\u00e9nyeinek megfelel\u0151en testreszabott g\u0151z\u00f6l\u00e9si \u00e9lm\u00e9nyt \u00e9lvezzen.<\/p>\n<h3 class=\"text-lg font-bold text-text-100 mt-1 -mb-1.5\">M\u0171szaki adatok:<\/h3>\n<p class=\"whitespace-normal break-words\"><strong>Vonatok sz\u00e1ma:<\/strong> Ak\u00e1r 40 000 slukk<br \/>\n<strong>E-folyad\u00e9k t\u00e9rfogata:<\/strong> 40 ml<br \/>\n<strong>Nikotinkoncentr\u00e1ci\u00f3:<\/strong> 0 %, 2 %, 3 %, 5 %<br \/>\n<strong>Az akkumul\u00e1tor teljes\u00edtm\u00e9nye:<\/strong> 650 mAh (\u00fajrat\u00f6lthet\u0151)<br \/>\n<strong>T\u00f6lt\u0151csatlakoz\u00e1s:<\/strong> C-t\u00edpus\u00fa<br \/>\n<strong>P\u00e1rologtat\u00f3:<\/strong> Kett\u0151s h\u00e1l\u00f3s tekercs (1,2 \u03a9)<br \/>\n<strong>\u00cdzrendszer:<\/strong> Kett\u0151s \u00edz\u0171 cs\u00fasz\u00f3kapcsol\u00f3<br \/>\n<strong>S\u00faly:<\/strong> K\u00f6r\u00fclbel\u00fcl 120 g<\/p>\n<h3 class=\"text-lg font-bold text-text-100 mt-1 -mb-1.5\">Fedezzen fel t\u00f6bb BANG VAPE-t a fumotpuff-on<\/h3>\n<p class=\"whitespace-normal break-words\">L\u00e1togasson el a <strong><a class=\"underline\" href=\"https:\/\/fumotpuff.com\/hu\/\">Fumot Puff online bolt<\/a><\/strong> tov\u00e1bbi kiv\u00e1l\u00f3 min\u0151s\u00e9g\u0171 vaping term\u00e9kek\u00e9rt, \u00e9s fedezze fel a teljes <strong><a class=\"underline\" href=\"https:\/\/fumotpuff.com\/hu\/product-category\/bang-vape\/\">BANG VAPE term\u00e9kv\u00e1laszt\u00e9k<\/a><\/strong> j\u00f6v\u0151be mutat\u00f3 rendszerekkel. Az \u00f6sszes \u00edzv\u00e1ltozat a <strong><a class=\"underline\" href=\"https:\/\/fumotpuff.com\/hu\/product-category\/bang-vape\/bang-blaze-40000\/\">Bang Blaze 40000 sorozat<\/a><\/strong> az \u00d6n rendelkez\u00e9s\u00e9re \u00e1llnak.<\/p>","protected":false},"excerpt":{"rendered":"<p class=\"whitespace-normal break-words\">A Bang Blaze 40000 Beach Sex\/Raspberry Watermelon 40 000 slukkot k\u00edn\u00e1l k\u00e9t egzotikus \u00edzvil\u00e1ggal. K\u00f6nnyed\u00e9n v\u00e1lthat a tr\u00f3pusi Beach Sex \u00e9s a gy\u00fcm\u00f6lcs\u00f6s Raspberry Watermelon k\u00f6z\u00f6tt. 40 ml e-liquid, kett\u0151s h\u00e1l\u00f3s tekercs, 650 mAh akkumul\u00e1tor, C t\u00edpus\u00fa t\u00f6lt\u00e9s \u2013 4 nikotinszintben kaphat\u00f3.<\/p>","protected":false},"featured_media":4331,"comment_status":"open","ping_status":"closed","template":"","meta":{"_acf_changed":false},"product_brand":[],"product_cat":[48],"product_tag":[],"class_list":{"0":"post-4329","1":"product","2":"type-product","3":"status-publish","4":"has-post-thumbnail","6":"product_cat-bang-blaze-40000","8":"first","9":"instock","10":"shipping-taxable","11":"purchasable","12":"product-type-variable"},"acf":[],"_links":{"self":[{"href":"https:\/\/fumotpuff.com\/hu\/wp-json\/wp\/v2\/product\/4329","targetHints":{"allow":["GET"]}}],"collection":[{"href":"https:\/\/fumotpuff.com\/hu\/wp-json\/wp\/v2\/product"}],"about":[{"href":"https:\/\/fumotpuff.com\/hu\/wp-json\/wp\/v2\/types\/product"}],"replies":[{"embeddable":true,"href":"https:\/\/fumotpuff.com\/hu\/wp-json\/wp\/v2\/comments?post=4329"}],"wp:featuredmedia":[{"embeddable":true,"href":"https:\/\/fumotpuff.com\/hu\/wp-json\/wp\/v2\/media\/4331"}],"wp:attachment":[{"href":"https:\/\/fumotpuff.com\/hu\/wp-json\/wp\/v2\/media?parent=4329"}],"wp:term":[{"taxonomy":"product_brand","embeddable":true,"href":"https:\/\/fumotpuff.com\/hu\/wp-json\/wp\/v2\/product_brand?post=4329"},{"taxonomy":"product_cat","embeddable":true,"href":"https:\/\/fumotpuff.com\/hu\/wp-json\/wp\/v2\/product_cat?post=4329"},{"taxonomy":"product_tag","embeddable":true,"href":"https:\/\/fumotpuff.com\/hu\/wp-json\/wp\/v2\/product_tag?post=4329"}],"curies":[{"name":"wp","href":"https:\/\/api.w.org\/{rel}","templated":true}]}}