{"id":4046,"date":"2025-10-29T04:22:27","date_gmt":"2025-10-29T03:22:27","guid":{"rendered":"https:\/\/fumotpuff.com\/?post_type=product&#038;p=4046"},"modified":"2025-10-29T04:22:46","modified_gmt":"2025-10-29T03:22:46","slug":"bang-king-30000-pro-watermelon-cherry","status":"publish","type":"product","link":"https:\/\/fumotpuff.com\/hu\/termek\/bang-king-30000-pro-watermelon-cherry\/","title":{"rendered":"Bang King 30000 Pro g\u00f6r\u00f6gdinnye cseresznye"},"content":{"rendered":"<div data-test-render-count=\"2\">\n<div class=\"group relative pb-8\" data-is-streaming=\"false\">\n<div class=\"font-claude-response relative leading-[1.65rem] [&amp;_pre&gt;div]:bg-bg-000\/50 [&amp;_pre&gt;div]:border-0.5 [&amp;_pre&gt;div]:border-border-400 [&amp;_.ignore-pre-bg&gt;div]:bg-transparent [&amp;_.standard-markdown_:is(p,blockquote,h1,h2,h3,h4,h5,h6)]:pl-2 [&amp;_.standard-markdown_:is(p,blockquote,ul,ol,h1,h2,h3,h4,h5,h6)]:pr-8 [&amp;_.progressive-markdown_:is(p,blockquote,h1,h2,h3,h4,h5,h6)]:pl-2 [&amp;_.progressive-markdown_:is(p,blockquote,ul,ol,h1,h2,h3,h4,h5,h6)]:pr-8\">\n<div>\n<div class=\"grid-cols-1 grid gap-2.5 [&amp;_&gt;_*]:min-w-0 standard-markdown\">\n<h2 class=\"text-xl font-bold text-text-100 mt-1 -mb-0.5\">Bang King 30000 Pro Watermelon Cherry Einweg-Vape<\/h2>\n<p class=\"whitespace-normal break-words\">Die Bang King 30000 Pro Watermelon Cherry kombiniert saftige Wassermelone mit s\u00fc\u00dfen Kirschen. Mit bis zu 30.000 Z\u00fcgen und einem 36-ml-E-Liquid-Volumen ist diese Einweg-E-Zigarette f\u00fcr intensive Nutzung ausgelegt. Der 850-mAh-Akku mit Type-C-Schnellladefunktion gew\u00e4hrleistet dauerhafte Verf\u00fcgbarkeit. Die 1,0-\u03a9-Mesh-Coil optimiert die fruchtige Doppel-Kombination und liefert volumin\u00f6sen Dampf. In Nikotinst\u00e4rken von 0 %, 2 %, 3 % und 5 % verf\u00fcgbar \u2013 ideal f\u00fcr Liebhaber fruchtiger Duette.<\/p>\n<h3 class=\"text-lg font-bold text-text-100 mt-1 -mb-1.5\">Warum Watermelon Cherry w\u00e4hlen:<\/h3>\n<p class=\"whitespace-normal break-words\">Watermelon Cherry bietet eine erfrischende Verbindung zweier Sommerfr\u00fcchte. Die w\u00e4ssrige Leichtigkeit der Wassermelone harmoniert perfekt mit der konzentrierten S\u00fc\u00dfe der Kirsche, was zu einem ausgewogenen, nie \u00fcberw\u00e4ltigenden Geschmackserlebnis f\u00fchrt.<\/p>\n<p class=\"whitespace-normal break-words\">Mit beeindruckenden 30.000 Z\u00fcgen setzt dieses Modell Ma\u00dfst\u00e4be in Sachen Ausdauer. Der zuverl\u00e4ssige Akku mit 850 mAh Kapazit\u00e4t minimiert Ladeintervalle, w\u00e4hrend die moderne Type-C-Technologie bei Bedarf f\u00fcr schnelles Nachladen sorgt.<\/p>\n<\/div>\n<\/div>\n<\/div>\n<\/div>\n<\/div>\n<div data-test-render-count=\"1\">\n<div class=\"group relative pb-3\" data-is-streaming=\"false\">\n<div class=\"font-claude-response relative leading-[1.65rem] [&amp;_pre&gt;div]:bg-bg-000\/50 [&amp;_pre&gt;div]:border-0.5 [&amp;_pre&gt;div]:border-border-400 [&amp;_.ignore-pre-bg&gt;div]:bg-transparent [&amp;_.standard-markdown_:is(p,blockquote,h1,h2,h3,h4,h5,h6)]:pl-2 [&amp;_.standard-markdown_:is(p,blockquote,ul,ol,h1,h2,h3,h4,h5,h6)]:pr-8 [&amp;_.progressive-markdown_:is(p,blockquote,h1,h2,h3,h4,h5,h6)]:pl-2 [&amp;_.progressive-markdown_:is(p,blockquote,ul,ol,h1,h2,h3,h4,h5,h6)]:pr-8\">\n<div class=\"grid-cols-1 grid gap-2.5 [&amp;_&gt;_*]:min-w-0 standard-markdown\">\n<p class=\"whitespace-normal break-words\">Das gro\u00dfz\u00fcgige 36-ml-Liquidreservoir eliminiert h\u00e4ufige Nachk\u00e4ufe und bietet wochenlangen kontinuierlichen Genuss. Besonders praktisch f\u00fcr regelm\u00e4\u00dfige Nutzer, die unkomplizierte Langzeitl\u00f6sungen bevorzugen.<\/p>\n<p class=\"whitespace-normal break-words\">Die leistungsstarke Mesh-Coil-Technologie extrahiert beide Fruchtaromen optimal und sorgt f\u00fcr ein ausgewogenes Geschmacksprofil. Jeder Zug liefert die perfekte Balance zwischen wassermeloniger Frische und kirschiger S\u00fc\u00dfe.<\/p>\n<h3 class=\"text-lg font-bold text-text-100 mt-1 -mb-1.5\">Technische Daten:<\/h3>\n<ul class=\"[&amp;:not(:last-child)_ul]:pb-1 [&amp;:not(:last-child)_ol]:pb-1 list-disc space-y-2.5 pl-7\">\n<li class=\"whitespace-normal break-words\">Nikotin: 0 % \/ 2 % \/ 3 % \/ 5 %<\/li>\n<li class=\"whitespace-normal break-words\">Z\u00fcge: 30.000 Z\u00fcge<\/li>\n<li class=\"whitespace-normal break-words\">Akku: 850 mAh<\/li>\n<li class=\"whitespace-normal break-words\">Fassungsverm\u00f6gen: 36 ml<\/li>\n<li class=\"whitespace-normal break-words\">Widerstand: 1,0-\u03a9-Mesh-Coil<\/li>\n<li class=\"whitespace-normal break-words\">Wiederaufladbar: Type-C<\/li>\n<li class=\"whitespace-normal break-words\">Einwegger\u00e4t<\/li>\n<\/ul>\n<h3 class=\"text-lg font-bold text-text-100 mt-1 -mb-1.5\">Mehr BANG VAPE bei fumotpuff entdecken:<\/h3>\n<p class=\"whitespace-normal break-words\">Erkunden Sie weitere hochwertige Vape-Produkte auf unserer <strong><a class=\"underline\" href=\"https:\/\/fumotpuff.com\/\">Homepage<\/a><\/strong> und entdecken Sie die innovative <strong><a class=\"underline\" href=\"https:\/\/fumotpuff.com\/product-category\/bang-vape\/\">BANG VAPE<\/a><\/strong> Produktlinie. Alle Aromavarianten der <strong><a class=\"underline\" href=\"https:\/\/fumotpuff.com\/product-category\/bang-vape\/bang-king-30000-pro\/\">Bang King 30000 Pro<\/a><\/strong> finden Sie in unserem umfangreichen Sortiment.<\/p>\n<\/div>\n<\/div>\n<\/div>\n<\/div>\n","protected":false},"excerpt":{"rendered":"<p class=\"whitespace-normal break-words\">A Bang King 30000 Pro Watermelon Cherry a l\u00e9d\u00fas g\u00f6r\u00f6gdinny\u00e9t \u00e9des csereszny\u00e9vel kombin\u00e1lja, ak\u00e1r 30 000 puffan\u00e1sig. A 36 ml e-folyad\u00e9kkal, 850 mAh-s akkumul\u00e1torral (Type-C) \u00e9s 1,0 \u03a9-os h\u00e1l\u00f3s tekerccsel \u00e9lvezheti a ny\u00e1ri gy\u00fcm\u00f6lcs\u00f6s \u00edzeket. Kaphat\u00f3 0%, 2%, 3% \u00e9s 5% nikotinban - friss\u00edt\u0151 dupla \u00e9lvezet.<\/p>","protected":false},"featured_media":4047,"comment_status":"open","ping_status":"closed","template":"","meta":{"_acf_changed":false},"product_brand":[],"product_cat":[44],"product_tag":[],"class_list":{"0":"post-4046","1":"product","2":"type-product","3":"status-publish","4":"has-post-thumbnail","6":"product_cat-bang-king-30000-pro","8":"first","9":"instock","10":"shipping-taxable","11":"purchasable","12":"product-type-variable"},"acf":[],"_links":{"self":[{"href":"https:\/\/fumotpuff.com\/hu\/wp-json\/wp\/v2\/product\/4046","targetHints":{"allow":["GET"]}}],"collection":[{"href":"https:\/\/fumotpuff.com\/hu\/wp-json\/wp\/v2\/product"}],"about":[{"href":"https:\/\/fumotpuff.com\/hu\/wp-json\/wp\/v2\/types\/product"}],"replies":[{"embeddable":true,"href":"https:\/\/fumotpuff.com\/hu\/wp-json\/wp\/v2\/comments?post=4046"}],"wp:featuredmedia":[{"embeddable":true,"href":"https:\/\/fumotpuff.com\/hu\/wp-json\/wp\/v2\/media\/4047"}],"wp:attachment":[{"href":"https:\/\/fumotpuff.com\/hu\/wp-json\/wp\/v2\/media?parent=4046"}],"wp:term":[{"taxonomy":"product_brand","embeddable":true,"href":"https:\/\/fumotpuff.com\/hu\/wp-json\/wp\/v2\/product_brand?post=4046"},{"taxonomy":"product_cat","embeddable":true,"href":"https:\/\/fumotpuff.com\/hu\/wp-json\/wp\/v2\/product_cat?post=4046"},{"taxonomy":"product_tag","embeddable":true,"href":"https:\/\/fumotpuff.com\/hu\/wp-json\/wp\/v2\/product_tag?post=4046"}],"curies":[{"name":"wp","href":"https:\/\/api.w.org\/{rel}","templated":true}]}}