{"id":3730,"date":"2025-10-25T09:20:13","date_gmt":"2025-10-25T07:20:13","guid":{"rendered":"https:\/\/fumotpuff.com\/?post_type=product&#038;p=3730"},"modified":"2025-10-25T09:20:14","modified_gmt":"2025-10-25T07:20:14","slug":"bang-king-50000-strawberry-watermelon-kiwi-passion-fruit-guava","status":"publish","type":"product","link":"https:\/\/fumotpuff.com\/hu\/termek\/bang-king-50000-strawberry-watermelon-kiwi-passion-fruit-guava\/","title":{"rendered":"Bang King 50000 Eper G\u00f6r\u00f6gdinnye\/Kiwi Golgotavir\u00e1g Guava"},"content":{"rendered":"<h2 class=\"text-xl font-bold text-text-100 mt-1 -mb-0.5\">Bang King 50000 Eper g\u00f6r\u00f6gdinnye\/Kiwi golgotavir\u00e1g guava eldobhat\u00f3 vape<\/h2>\n<p class=\"whitespace-normal break-words\">A <strong>Bang King 50000 eldobhat\u00f3 e-cigaretta<\/strong> az egzotikus \u00edzekkel: Eper g\u00f6r\u00f6gdinnye \u00e9s kiwi golgotavir\u00e1g guava tr\u00f3pusi \u00edzvil\u00e1gokba rep\u00edti \u00d6nt. A leny\u0171g\u00f6z\u0151 50 000 puffan\u00e1ssal \u00e9s a nagyvonal\u00fa 50 ml folyad\u00e9kkapacit\u00e1ssal ez a pr\u00e9mium k\u00e9sz\u00fcl\u00e9k hossz\u00fa ideig tart\u00f3 g\u0151z\u00e9lvezetet k\u00edn\u00e1l a legmagasabb szinten. Az intelligens kett\u0151s \u00edzfunkci\u00f3 lehet\u0151v\u00e9 teszi a k\u00f6nnyed v\u00e1lt\u00e1st a friss\u00edt\u0151 eper- g\u00f6r\u00f6gdinnye kever\u00e9k \u00e9s a kiwi, maracuja \u00e9s guava \u00f6sszetett tri\u00f3ja k\u00f6z\u00f6tt. A kiv\u00e1l\u00f3 min\u0151s\u00e9g\u0171 1,0 \u03a9-os h\u00e1l\u00f3s tekercs maxim\u00e1lis \u00edzkihozatalr\u00f3l gondoskodik, m\u00edg a 850 mAh-s \u00fajrat\u00f6lthet\u0151 akkumul\u00e1tor hossz\u00fa t\u00e1v\u00fa teljes\u00edtm\u00e9nyt biztos\u00edt. A C t\u00edpus\u00fa gyorst\u00f6lt\u00e9si funkci\u00f3val, a v\u00e1ltoztathat\u00f3 l\u00e9g\u00e1raml\u00e1ssal \u00e9s a vil\u00e1gos LCD kijelz\u0151vel a Bang King 50000 t\u00f6k\u00e9letesen felszerelt.<\/p>\n<h3 class=\"text-lg font-bold text-text-100 mt-1 -mb-1.5\">A Bang King 50000 Strawberry Watermelon\/Kiwi Passion Fruit Guava k\u00fcl\u00f6nleges tulajdons\u00e1gai:<\/h3>\n<p class=\"whitespace-normal break-words\">\u00c9lvezze az ak\u00e1r 50 000 slukkot egyetlen k\u00e9sz\u00fcl\u00e9kb\u0151l - ez az egyik leghosszabb \u00e9lettartam az eldobhat\u00f3 vape szegmensben. Az 50 ml-es pr\u00e9mium folyad\u00e9kt\u00f6ltet gy\u00e1rilag be\u00e9p\u00edtett, \u00e9s t\u00f6bb hetes karbantart\u00e1smentes m\u0171k\u00f6d\u00e9st garant\u00e1l. A nagy teljes\u00edtm\u00e9ny\u0171 850 mAh-s akkumul\u00e1tor biztos\u00edtja, hogy az els\u0151 haszn\u00e1latt\u00f3l az utols\u00f3ig egyenletesen j\u00f3 min\u0151s\u00e9g\u0171 g\u0151zt kapjon.<\/p>\n<p class=\"whitespace-normal break-words\">N\u00e9gy k\u00fcl\u00f6nb\u00f6z\u0151 nikotiner\u0151ss\u00e9g - 0%, 2%, 3% \u00e9s 5% - lehet\u0151v\u00e9 teszi az egy\u00e9ni preferenci\u00e1knak megfelel\u0151 testreszab\u00e1st. Legyen az teljesen nikotinmentes, m\u00e9rs\u00e9kelt vagy intenz\u00edv - itt megtal\u00e1lja a t\u00f6k\u00e9letes egyens\u00falyt.<\/p>\n<p class=\"whitespace-normal break-words\">A Bang King 50000 eleg\u00e1ns, kompakt kialak\u00edt\u00e1sa \u00f6tv\u00f6zi az eleganci\u00e1t a hordozhat\u00f3s\u00e1ggal. A k\u00e9t \u00edz - a klasszikus, friss\u00edt\u0151 eper- g\u00f6r\u00f6gdinnye \u00e9s a kivi, maracuja \u00e9s guava egzotikus h\u00e1rmas kombin\u00e1ci\u00f3ja - maxim\u00e1lis v\u00e1ltozatoss\u00e1got k\u00edn\u00e1l, \u00e9s minden p\u00e1rol\u00e1st k\u00fcl\u00f6nleges \u00e9lm\u00e9nny\u00e9 var\u00e1zsol.<\/p>\n<h3 class=\"text-lg font-bold text-text-100 mt-1 -mb-1.5\">M\u0171szaki adatok:<\/h3>\n<p class=\"whitespace-normal break-words\"><strong>Vonatok sz\u00e1ma:<\/strong> Ak\u00e1r 50,000 f\u00faj\u00e1s<br \/>\n<strong>P\u00e1rologtat\u00f3:<\/strong> Mesh tekercs 1.0 Ohm<br \/>\n<strong>Foly\u00e9kony t\u00e9rfogat:<\/strong> 50 ml<br \/>\n<strong>Nikotin er\u0151ss\u00e9g:<\/strong> 0% \/ 2% \/ 3% \/ 5%<br \/>\n<strong>Akkumul\u00e1tor kapacit\u00e1s:<\/strong> 850 mAh<br \/>\n<strong>T\u00f6lt\u00e9si funkci\u00f3:<\/strong> C t\u00edpus\u00fa \u00fajrat\u00f6lthet\u0151<br \/>\n<strong>Megjelen\u00edt\u00e9s:<\/strong> LCD digit\u00e1lis kijelz\u0151<br \/>\n<strong>\u00cdzprofilok:<\/strong> Kett\u0151s \u00edz<\/p>\n<h3 class=\"text-lg font-bold text-text-100 mt-1 -mb-1.5\">Fedezzen fel t\u00f6bb BANG VAPE-t a fumotpuff-on<\/h3>\n<p class=\"whitespace-normal break-words\">M\u00e9g t\u00f6bb pr\u00e9mium g\u0151z\u00f6l\u00e9si \u00e9lm\u00e9nyt szeretne? Fedezze fel <strong><a class=\"underline\" href=\"https:\/\/fumotpuff.com\/hu\/\">Kezd\u0151lap<\/a><\/strong> folyamatosan v\u00e1ltoz\u00f3 aj\u00e1nlatokkal \u00e9s vadonat\u00faj term\u00e9kekkel. A teljes BANG csal\u00e1dot az \u00f6sszes modellv\u00e1ltozattal egy\u00fctt r\u00e9szletesen bemutatjuk a <strong><a class=\"underline\" href=\"https:\/\/fumotpuff.com\/hu\/product-category\/bang-vape\/\">BANG VAPE kateg\u00f3ria<\/a><\/strong> hasznos \u00f6sszehasonl\u00edt\u00e1si lehet\u0151s\u00e9gekkel. A Bang King 50000 teljes \u00edzv\u00e1laszt\u00e9ka mind a 12 egyedi v\u00e1ltozattal megtal\u00e1lhat\u00f3 a k\u00f6vetkez\u0151 weboldalunkon <strong><a class=\"underline\" href=\"https:\/\/fumotpuff.com\/hu\/product-category\/bang-vape\/bang-king-50000\/\">Bang King 50000 kollekci\u00f3<\/a><\/strong>.<\/p>","protected":false},"excerpt":{"rendered":"<p class=\"whitespace-normal break-words\">A Bang King 50000 Strawberry Watermelon\/Kiwi Passion Fruit Guava 50 000 puffot k\u00edn\u00e1l k\u00e9t egzotikus \u00edzben: friss\u00edt\u0151 epres g\u00f6r\u00f6gdinnye \u00e9s tr\u00f3pusi kiwi maracuja guava tri\u00f3. Az 50 ml e-folyad\u00e9kkal, 850mAh akkumul\u00e1torral, 1,0\u03a9-os h\u00e1l\u00f3s tekerccsel, LCD kijelz\u0151vel \u00e9s Type-C t\u00f6lt\u00e9ssel ez az eldobhat\u00f3 e-cigaretta maxim\u00e1lis \u00edzv\u00e1laszt\u00e9kot biztos\u00edt.<\/p>","protected":false},"featured_media":3731,"comment_status":"open","ping_status":"closed","template":"","meta":{"_acf_changed":false},"product_brand":[],"product_cat":[40],"product_tag":[],"class_list":{"0":"post-3730","1":"product","2":"type-product","3":"status-publish","4":"has-post-thumbnail","6":"product_cat-bang-king-50000","8":"first","9":"instock","10":"shipping-taxable","11":"purchasable","12":"product-type-variable"},"acf":[],"_links":{"self":[{"href":"https:\/\/fumotpuff.com\/hu\/wp-json\/wp\/v2\/product\/3730","targetHints":{"allow":["GET"]}}],"collection":[{"href":"https:\/\/fumotpuff.com\/hu\/wp-json\/wp\/v2\/product"}],"about":[{"href":"https:\/\/fumotpuff.com\/hu\/wp-json\/wp\/v2\/types\/product"}],"replies":[{"embeddable":true,"href":"https:\/\/fumotpuff.com\/hu\/wp-json\/wp\/v2\/comments?post=3730"}],"wp:featuredmedia":[{"embeddable":true,"href":"https:\/\/fumotpuff.com\/hu\/wp-json\/wp\/v2\/media\/3731"}],"wp:attachment":[{"href":"https:\/\/fumotpuff.com\/hu\/wp-json\/wp\/v2\/media?parent=3730"}],"wp:term":[{"taxonomy":"product_brand","embeddable":true,"href":"https:\/\/fumotpuff.com\/hu\/wp-json\/wp\/v2\/product_brand?post=3730"},{"taxonomy":"product_cat","embeddable":true,"href":"https:\/\/fumotpuff.com\/hu\/wp-json\/wp\/v2\/product_cat?post=3730"},{"taxonomy":"product_tag","embeddable":true,"href":"https:\/\/fumotpuff.com\/hu\/wp-json\/wp\/v2\/product_tag?post=3730"}],"curies":[{"name":"wp","href":"https:\/\/api.w.org\/{rel}","templated":true}]}}