{"id":3723,"date":"2025-10-25T09:17:49","date_gmt":"2025-10-25T07:17:49","guid":{"rendered":"https:\/\/fumotpuff.com\/?post_type=product&#038;p=3723"},"modified":"2025-10-25T09:17:49","modified_gmt":"2025-10-25T07:17:49","slug":"bang-king-50000-strawberry-watermelon-black-dragon-ice","status":"publish","type":"product","link":"https:\/\/fumotpuff.com\/hu\/termek\/bang-king-50000-strawberry-watermelon-black-dragon-ice\/","title":{"rendered":"Bang King 50000 Eper g\u00f6r\u00f6gdinnye\/fekete s\u00e1rk\u00e1ny j\u00e9g"},"content":{"rendered":"<h2 class=\"text-xl font-bold text-text-100 mt-1 -mb-0.5\">Bang King 50000 Eper g\u00f6r\u00f6gdinnye\/fekete s\u00e1rk\u00e1ny j\u00e9g eldobhat\u00f3 vape<\/h2>\n<p class=\"whitespace-normal break-words\">A <strong>Bang King 50000 eldobhat\u00f3 e-cigaretta<\/strong> a Strawberry Watermelon \u00e9s a Black Dragon Ice \u00edzekkel a gy\u00fcm\u00f6lcs\u00f6s \u00e9dess\u00e9g \u00e9s a misztikus h\u0171s\u00edt\u0151 hat\u00e1s izgalmas kombin\u00e1ci\u00f3j\u00e1t k\u00edn\u00e1lja. Ez a nagy teljes\u00edtm\u00e9ny\u0171 k\u00e9sz\u00fcl\u00e9k fenomen\u00e1lis 50 000 puffot biztos\u00edt, \u00e9s 50 ml pr\u00e9mium folyad\u00e9kkapacit\u00e1ssal rendelkezik. V\u00e1lasszon a ny\u00e1rias eper- g\u00f6r\u00f6gdinnye \u00edz vagy a jellegzetes h\u0171s\u00edt\u0151 hat\u00e1s\u00fa, intenz\u00edv fekete s\u00e1rk\u00e1nyj\u00e9g \u00edz k\u00f6z\u00fcl. A fejlett 1,0 \u03a9-os h\u00e1l\u00f3s tekercs garant\u00e1lja a teljes \u00edz\u00e9lm\u00e9nyt, m\u00edg a 850 mAh-s akkumul\u00e1tor C t\u00edpus\u00fa gyorst\u00f6lt\u00e9ssel biztos\u00edtja a folyamatos rendelkez\u00e9sre \u00e1ll\u00e1st. Az \u00e1ttekinthet\u0151 LCD kijelz\u0151 \u00e9s az \u00e1ll\u00edthat\u00f3 l\u00e9g\u00e1raml\u00e1s pontos kontrollt biztos\u00edt a g\u0151z\u00f6l\u00e9si \u00e9lm\u00e9ny felett.<\/p>\n<h3 class=\"text-lg font-bold text-text-100 mt-1 -mb-1.5\">A Bang King 50000 Strawberry Watermelon\/Black Dragon Ice jellemz\u0151i:<\/h3>\n<p class=\"whitespace-normal break-words\">Tapasztalja meg a kiv\u00e9teles kitart\u00e1st, ak\u00e1r 50 000 slukkot is sz\u00edvhat k\u00e9sz\u00fcl\u00e9kenk\u00e9nt - ez a legjobb teljes\u00edtm\u00e9ny az eldobhat\u00f3 e-cigarett\u00e1k k\u00f6z\u00f6tt. A nagyvonal\u00fa 50 ml folyad\u00e9kkapacit\u00e1s gy\u00e1rilag felt\u00f6lt\u00f6tt, \u00edgy nincs sz\u00fcks\u00e9g \u00fajrat\u00f6lt\u00e9sre. A megb\u00edzhat\u00f3 850 mAh-s akkumul\u00e1tor egyenletes, kiv\u00e1l\u00f3 min\u0151s\u00e9g\u0171 g\u0151zt biztos\u00edt az els\u0151t\u0151l az utols\u00f3 slukkig.<\/p>\n<p class=\"whitespace-normal break-words\">A 0%, 2%, 3% vagy 5% nikotin v\u00e1laszt\u00e9k\u00e1val teljes m\u00e9rt\u00e9kben \u00d6n ir\u00e1ny\u00edthatja a nikotinbevitelt. Ak\u00e1r nikotinmentesen sz\u00edvja, ak\u00e1r fokozatosan cs\u00f6kkenti, vagy ink\u00e1bb az er\u0151teljes slukkot r\u00e9szes\u00edti el\u0151nyben - a Bang King 50000 minden ig\u00e9nyt kiel\u00e9g\u00edt.<\/p>\n<p class=\"whitespace-normal break-words\">Az eleg\u00e1ns, praktikus kialak\u00edt\u00e1s teszi ezt a vape-t t\u00f6k\u00e9letes mindennapi t\u00e1rss\u00e1. A kontrasztos \u00edzprofilok - az \u00e9des eper \u00e9s g\u00f6r\u00f6gdinnye kever\u00e9ke \u00e9s a titokzatos, intenz\u00edv h\u0171s\u00edt\u0151 hat\u00e1s\u00fa fekete s\u00e1rk\u00e1nyj\u00e9g - izgalmas v\u00e1ltozatoss\u00e1got k\u00edn\u00e1lnak a k\u00eds\u00e9rletezni v\u00e1gy\u00f3 vaperek sz\u00e1m\u00e1ra.<\/p>\n<h3 class=\"text-lg font-bold text-text-100 mt-1 -mb-1.5\">M\u0171szaki adatok:<\/h3>\n<p class=\"whitespace-normal break-words\"><strong>Vonatok sz\u00e1ma:<\/strong> Ak\u00e1r 50,000 f\u00faj\u00e1s<br \/>\n<strong>P\u00e1rologtat\u00f3:<\/strong> Mesh tekercs 1.0 Ohm<br \/>\n<strong>Foly\u00e9kony t\u00e9rfogat:<\/strong> 50 ml<br \/>\n<strong>Nikotin er\u0151ss\u00e9g:<\/strong> 0% \/ 2% \/ 3% \/ 5%<br \/>\n<strong>Akkumul\u00e1tor kapacit\u00e1s:<\/strong> 850 mAh<br \/>\n<strong>T\u00f6lt\u00e9si funkci\u00f3:<\/strong> C t\u00edpus\u00fa \u00fajrat\u00f6lthet\u0151<br \/>\n<strong>Megjelen\u00edt\u00e9s:<\/strong> LCD digit\u00e1lis kijelz\u0151<br \/>\n<strong>\u00cdzprofilok:<\/strong> Kett\u0151s \u00edz<\/p>\n<h3 class=\"text-lg font-bold text-text-100 mt-1 -mb-1.5\">Fedezzen fel t\u00f6bb BANG VAPE-t a fumotpuff-on<\/h3>\n<p class=\"whitespace-normal break-words\">Szeretne m\u00e1s kiv\u00e1l\u00f3 min\u0151s\u00e9g\u0171 vaping term\u00e9kekr\u0151l is t\u00e1j\u00e9koz\u00f3dni? Tudjon meg t\u00f6bbet a <strong><a class=\"underline\" href=\"https:\/\/fumotpuff.com\/hu\/\">Kezd\u0151lap<\/a><\/strong> a leg\u00fajabb trendekr\u0151l \u00e9s a vonz\u00f3 megtakar\u00edt\u00e1si aj\u00e1nlatokr\u00f3l. A teljes BANG term\u00e9kk\u00edn\u00e1latot az \u00f6sszes m\u0171szaki specifik\u00e1ci\u00f3val egy\u00fctt megtal\u00e1lja a k\u00f6vetkez\u0151 weboldalunkon <strong><a class=\"underline\" href=\"https:\/\/fumotpuff.com\/hu\/product-category\/bang-vape\/\">BANG VAPE kateg\u00f3ria<\/a><\/strong> j\u00f3l szervezett. A Bang King 50000 mind a 12 \u00edzv\u00e1ltozata v\u00e1rakozik a <strong><a class=\"underline\" href=\"https:\/\/fumotpuff.com\/hu\/product-category\/bang-vape\/bang-king-50000\/\">Bang King 50000 kollekci\u00f3<\/a><\/strong> a felfedez\u00e9sedhez.<\/p>","protected":false},"excerpt":{"rendered":"<p class=\"whitespace-normal break-words\">A Bang King 50000 Strawberry Watermelon\/Black Dragon Ice k\u00e9t ellent\u00e9tes \u00edzvil\u00e1got \u00f6tv\u00f6z: a ny\u00e1ri epres g\u00f6r\u00f6gdinny\u00e9t \u00e9s a misztikus fekete s\u00e1rk\u00e1nyjeget intenz\u00edv h\u0171s\u00edt\u0151 hat\u00e1ssal. Az 50.000 slukk, 50ml e-folyad\u00e9k, 850mAh akkumul\u00e1tor, 1,0\u03a9-os h\u00e1l\u00f3s tekercs, LCD kijelz\u0151 \u00e9s Type-C t\u00f6lt\u00e9s r\u00e9v\u00e9n ez az eldobhat\u00f3 e-cigaretta gy\u00fcm\u00f6lcs\u00f6s \u00e9dess\u00e9get \u00e9s j\u00e9ghideg intenzit\u00e1st k\u00edn\u00e1l.<\/p>","protected":false},"featured_media":3724,"comment_status":"open","ping_status":"closed","template":"","meta":{"_acf_changed":false},"product_brand":[],"product_cat":[40],"product_tag":[],"class_list":{"0":"post-3723","1":"product","2":"type-product","3":"status-publish","4":"has-post-thumbnail","6":"product_cat-bang-king-50000","8":"first","9":"instock","10":"shipping-taxable","11":"purchasable","12":"product-type-variable"},"acf":[],"_links":{"self":[{"href":"https:\/\/fumotpuff.com\/hu\/wp-json\/wp\/v2\/product\/3723","targetHints":{"allow":["GET"]}}],"collection":[{"href":"https:\/\/fumotpuff.com\/hu\/wp-json\/wp\/v2\/product"}],"about":[{"href":"https:\/\/fumotpuff.com\/hu\/wp-json\/wp\/v2\/types\/product"}],"replies":[{"embeddable":true,"href":"https:\/\/fumotpuff.com\/hu\/wp-json\/wp\/v2\/comments?post=3723"}],"wp:featuredmedia":[{"embeddable":true,"href":"https:\/\/fumotpuff.com\/hu\/wp-json\/wp\/v2\/media\/3724"}],"wp:attachment":[{"href":"https:\/\/fumotpuff.com\/hu\/wp-json\/wp\/v2\/media?parent=3723"}],"wp:term":[{"taxonomy":"product_brand","embeddable":true,"href":"https:\/\/fumotpuff.com\/hu\/wp-json\/wp\/v2\/product_brand?post=3723"},{"taxonomy":"product_cat","embeddable":true,"href":"https:\/\/fumotpuff.com\/hu\/wp-json\/wp\/v2\/product_cat?post=3723"},{"taxonomy":"product_tag","embeddable":true,"href":"https:\/\/fumotpuff.com\/hu\/wp-json\/wp\/v2\/product_tag?post=3723"}],"curies":[{"name":"wp","href":"https:\/\/api.w.org\/{rel}","templated":true}]}}