{"id":3716,"date":"2025-10-25T09:15:25","date_gmt":"2025-10-25T07:15:25","guid":{"rendered":"https:\/\/fumotpuff.com\/?post_type=product&#038;p=3716"},"modified":"2025-10-25T09:15:26","modified_gmt":"2025-10-25T07:15:26","slug":"bang-king-50000-strawberry-mango-strawberry-kiwi","status":"publish","type":"product","link":"https:\/\/fumotpuff.com\/hu\/termek\/bang-king-50000-strawberry-mango-strawberry-kiwi\/","title":{"rendered":"Bang King 50000 eper mang\u00f3\/eper kivi"},"content":{"rendered":"<h2 class=\"text-xl font-bold text-text-100 mt-1 -mb-0.5\">Bang King 50000 Strawberry Mango\/Strawberry Kiwi eldobhat\u00f3 vape<\/h2>\n<p class=\"whitespace-normal break-words\">A <strong>Bang King 50000 eldobhat\u00f3 e-cigaretta<\/strong> a Strawberry Mango \u00e9s Strawberry Kiwi gy\u00fcm\u00f6lcs\u00f6s \u00edzekkel t\u00f6k\u00e9letes a tr\u00f3pusi \u00edzek kedvel\u0151inek. Kiemelked\u0151, 50 000 puffol\u00e1sos kapacit\u00e1s\u00e1val \u00e9s 50 ml kiv\u00e1l\u00f3 min\u0151s\u00e9g\u0171 e-folyad\u00e9kkal ez a k\u00e9sz\u00fcl\u00e9k hetekig tart\u00f3 g\u0151z\u00f6l\u00e9si \u00e9lvezetet k\u00edn\u00e1l. A kett\u0151s \u00edztechnol\u00f3gia lehet\u0151v\u00e9 teszi a spont\u00e1n v\u00e1lt\u00e1st az egzotikus eper-mang\u00f3 kever\u00e9k \u00e9s a friss\u00edt\u0151 eper-kiwi kombin\u00e1ci\u00f3 k\u00f6z\u00f6tt. A prec\u00edz 1,0 \u03a9-os h\u00e1l\u00f3s tekerccsel \u00e9s 850 mAh-s \u00fajrat\u00f6lthet\u0151 akkumul\u00e1torral felszerelt k\u00e9sz\u00fcl\u00e9k autentikus gy\u00fcm\u00f6lcs\u00edzeket \u00e9s megb\u00edzhat\u00f3 teljes\u00edtm\u00e9nyt biztos\u00edt. A Type-C t\u00f6lt\u00e9si funkci\u00f3, az \u00e1ll\u00edthat\u00f3 l\u00e9g\u00e1raml\u00e1s \u00e9s az informat\u00edv LCD-k\u00e9perny\u0151 teszi teljess\u00e9 a j\u00f3l \u00e1tgondolt \u00f6sszkoncepci\u00f3t.<\/p>\n<h3 class=\"text-lg font-bold text-text-100 mt-1 -mb-1.5\">A Bang King 50000 Strawberry Mango\/Strawberry Kiwi el\u0151nyei:<\/h3>\n<p class=\"whitespace-normal break-words\">Ak\u00e1r 50.000 puffan\u00e1s - az eldobhat\u00f3 vape szektor egyik legleny\u0171g\u00f6z\u0151bb teljes\u00edtm\u00e9nye. Az 50 ml-es folyad\u00e9kt\u00f6ltet m\u00e1r a kezdetekt\u0151l fogva haszn\u00e1latra k\u00e9sz, \u00e9s a haszn\u00e1lat teljes id\u0151tartama alatt nem ig\u00e9nyel \u00fajrat\u00f6lt\u00e9st. Az er\u0151teljes 850 mAh-s akkumul\u00e1tor stabil, egyenletes g\u0151ztermel\u00e9st biztos\u00edt az utols\u00f3 haszn\u00e1latig.<\/p>\n<p class=\"whitespace-normal break-words\">A nikotinv\u00e1laszt\u00e9k 0%-t\u0151l 2%-ig \u00e9s 3%-t\u0151l 5%-ig terjed, \u00edgy minden t\u00edpus\u00fa doh\u00e1nyos sz\u00e1m\u00e1ra megfelel\u0151 megold\u00e1st k\u00edn\u00e1l. Ak\u00e1r kezd\u0151, ak\u00e1r alkalmi doh\u00e1nyos vagy tapasztalt felhaszn\u00e1l\u00f3 - megtal\u00e1lja az ide\u00e1lis nikotinadagol\u00e1st.<\/p>\n<p class=\"whitespace-normal break-words\">Kompakt, felhaszn\u00e1l\u00f3bar\u00e1t kialak\u00edt\u00e1s\u00e1nak k\u00f6sz\u00f6nhet\u0151en a Bang King 50000 k\u00f6nnyen elf\u00e9r b\u00e1rmelyik zsebben. A k\u00e9t eper alap\u00fa \u00edz - az egyik tr\u00f3pusi mang\u00f3val, a m\u00e1sik fanyar kiwivel kombin\u00e1lva - k\u00f6nnyen v\u00e1ltogathat\u00f3, \u00e9s gy\u00fcm\u00f6lcs\u00f6s v\u00e1ltozatoss\u00e1got k\u00edn\u00e1l minden napra.<\/p>\n<h3 class=\"text-lg font-bold text-text-100 mt-1 -mb-1.5\">M\u0171szaki adatok:<\/h3>\n<p class=\"whitespace-normal break-words\"><strong>Vonatok sz\u00e1ma:<\/strong> Ak\u00e1r 50,000 f\u00faj\u00e1s<br \/>\n<strong>P\u00e1rologtat\u00f3:<\/strong> Mesh tekercs 1.0 Ohm<br \/>\n<strong>Foly\u00e9kony t\u00e9rfogat:<\/strong> 50 ml<br \/>\n<strong>Nikotin er\u0151ss\u00e9g:<\/strong> 0% \/ 2% \/ 3% \/ 5%<br \/>\n<strong>Akkumul\u00e1tor kapacit\u00e1s:<\/strong> 850 mAh<br \/>\n<strong>T\u00f6lt\u00e9si funkci\u00f3:<\/strong> C t\u00edpus\u00fa \u00fajrat\u00f6lthet\u0151<br \/>\n<strong>Megjelen\u00edt\u00e9s:<\/strong> LCD digit\u00e1lis kijelz\u0151<br \/>\n<strong>\u00cdzprofilok:<\/strong> Kett\u0151s \u00edz<\/p>\n<h3 class=\"text-lg font-bold text-text-100 mt-1 -mb-1.5\">Fedezzen fel t\u00f6bb BANG VAPE-t a fumotpuff-on<\/h3>\n<p class=\"whitespace-normal break-words\">Szeretn\u00e9 tov\u00e1bb optimaliz\u00e1lni a g\u0151z\u00f6l\u00e9si \u00e9lm\u00e9ny\u00e9t? L\u00e1togasson el a <strong><a class=\"underline\" href=\"https:\/\/fumotpuff.com\/hu\/\">Kezd\u0151lap<\/a><\/strong> a leg\u00fajabb term\u00e9k\u00fajdons\u00e1gok\u00e9rt \u00e9s exkluz\u00edv kedvezm\u00e9nyes akci\u00f3k\u00e9rt. R\u00e9szletes <strong><a class=\"underline\" href=\"https:\/\/fumotpuff.com\/hu\/product-category\/bang-vape\/\">BANG VAPE kateg\u00f3ria<\/a><\/strong> bemutatjuk az \u00f6sszes el\u00e9rhet\u0151 BANG modellt \u00e1tfog\u00f3 le\u00edr\u00e1ssal. A Bang King 50000 teljes \u00edzv\u00e1laszt\u00e9k\u00e1t k\u00e9nyelmesen felfedezheti a mi <strong><a class=\"underline\" href=\"https:\/\/fumotpuff.com\/hu\/product-category\/bang-vape\/bang-king-50000\/\">Bang King 50000 kollekci\u00f3<\/a><\/strong>.<\/p>","protected":false},"excerpt":{"rendered":"<p class=\"whitespace-normal break-words\">A Bang King 50000 Strawberry Mango\/Strawberry Kiwi 50 000 puffot k\u00edn\u00e1l k\u00e9t gy\u00fcm\u00f6lcs\u00f6s eper \u00edzben: tr\u00f3pusi eper-mang\u00f3 \u00e9s fanyar eper-kiwi. Az 50 ml e-folyad\u00e9kkal, 850mAh akkumul\u00e1torral, 1,0\u03a9-os h\u00e1l\u00f3s tekerccsel, LCD kijelz\u0151vel \u00e9s Type-C t\u00f6lt\u00e9ssel ez az eldobhat\u00f3 e-cigaretta autentikus gy\u00fcm\u00f6lcs\u00edzeket \u00e9s sokoldal\u00fa, egzotikus \u00e9lvezetet ny\u00fajt.<\/p>","protected":false},"featured_media":3717,"comment_status":"open","ping_status":"closed","template":"","meta":{"_acf_changed":false},"product_brand":[],"product_cat":[40],"product_tag":[],"class_list":{"0":"post-3716","1":"product","2":"type-product","3":"status-publish","4":"has-post-thumbnail","6":"product_cat-bang-king-50000","8":"first","9":"instock","10":"shipping-taxable","11":"purchasable","12":"product-type-variable"},"acf":[],"_links":{"self":[{"href":"https:\/\/fumotpuff.com\/hu\/wp-json\/wp\/v2\/product\/3716","targetHints":{"allow":["GET"]}}],"collection":[{"href":"https:\/\/fumotpuff.com\/hu\/wp-json\/wp\/v2\/product"}],"about":[{"href":"https:\/\/fumotpuff.com\/hu\/wp-json\/wp\/v2\/types\/product"}],"replies":[{"embeddable":true,"href":"https:\/\/fumotpuff.com\/hu\/wp-json\/wp\/v2\/comments?post=3716"}],"wp:featuredmedia":[{"embeddable":true,"href":"https:\/\/fumotpuff.com\/hu\/wp-json\/wp\/v2\/media\/3717"}],"wp:attachment":[{"href":"https:\/\/fumotpuff.com\/hu\/wp-json\/wp\/v2\/media?parent=3716"}],"wp:term":[{"taxonomy":"product_brand","embeddable":true,"href":"https:\/\/fumotpuff.com\/hu\/wp-json\/wp\/v2\/product_brand?post=3716"},{"taxonomy":"product_cat","embeddable":true,"href":"https:\/\/fumotpuff.com\/hu\/wp-json\/wp\/v2\/product_cat?post=3716"},{"taxonomy":"product_tag","embeddable":true,"href":"https:\/\/fumotpuff.com\/hu\/wp-json\/wp\/v2\/product_tag?post=3716"}],"curies":[{"name":"wp","href":"https:\/\/api.w.org\/{rel}","templated":true}]}}