{"id":3702,"date":"2025-10-25T09:10:21","date_gmt":"2025-10-25T07:10:21","guid":{"rendered":"https:\/\/fumotpuff.com\/?post_type=product&#038;p=3702"},"modified":"2025-10-25T09:10:22","modified_gmt":"2025-10-25T07:10:22","slug":"bang-king-50000-red-bull-blueberry-watermelon","status":"publish","type":"product","link":"https:\/\/fumotpuff.com\/hu\/termek\/bang-king-50000-red-bull-blueberry-watermelon\/","title":{"rendered":"Bang King 50000 Red Bull\/\u00e1fony\u00e1s g\u00f6r\u00f6gdinnye"},"content":{"rendered":"<h2 class=\"text-xl font-bold text-text-100 mt-1 -mb-0.5\">Bang King 50000 Red Bull\/Blueberry Watermelon eldobhat\u00f3 vape<\/h2>\n<p class=\"whitespace-normal break-words\">A <strong>Bang King 50000 eldobhat\u00f3 e-cigaretta<\/strong> a Red Bull \u00e9s a Blueberry Watermelon v\u00e1ltozatban az energikus ital \u00edz\u00e9t friss\u00edt\u0151 gy\u00fcm\u00f6lcs\u00f6ss\u00e9ggel \u00f6tv\u00f6zi. A kiv\u00e9teles 50 000 puffol\u00e1ssal \u00e9s 50 ml pr\u00e9mium e-folyad\u00e9kkal felszerelt k\u00e9sz\u00fcl\u00e9k hosszan tart\u00f3 g\u0151z\u00e9lvezetet biztos\u00edt. Az innovat\u00edv kett\u0151s \u00edzfunkci\u00f3 lehet\u0151v\u00e9 teszi a k\u00f6nnyed v\u00e1lt\u00e1st a jellegzetes Red Bull-\u00edz \u00e9s a ny\u00e1rias \u00e1fonya-dinnye kombin\u00e1ci\u00f3 k\u00f6z\u00f6tt. A prec\u00edz 1,0 \u03a9-os h\u00e1l\u00f3s tekercs optim\u00e1lis \u00edzvisszaad\u00e1sr\u00f3l gondoskodik, m\u00edg a 850 mAh-s \u00fajrat\u00f6lthet\u0151 akkumul\u00e1tor hossz\u00fa t\u00e1v\u00fa haszn\u00e1latra val\u00f3 k\u00e9szenl\u00e9tet biztos\u00edt. Type-C t\u00f6lt\u00e9si funkci\u00f3val, \u00e1ll\u00edthat\u00f3 l\u00e9g\u00e1raml\u00e1ssal \u00e9s informat\u00edv LCD kijelz\u0151vel a Bang King 50000 a kateg\u00f3ri\u00e1j\u00e1nak cs\u00facsterm\u00e9ke.<\/p>\n<h3 class=\"text-lg font-bold text-text-100 mt-1 -mb-1.5\">A Bang King 50000 Red Bull\/Blueberry Watermelon jellemz\u0151i:<\/h3>\n<p class=\"whitespace-normal break-words\">Tapasztalja meg a kiv\u00e9teles hossz\u00fa \u00e9lettartamot ak\u00e1r 50.000 slukkol\u00e1ssal - ez az egyik legnagyobb kapacit\u00e1s az el\u00e9rhet\u0151 eldobhat\u00f3 vape-ok k\u00f6z\u00fcl. A nagyvonal\u00fa 50 ml-es folyad\u00e9ktart\u00e1ly gy\u00e1rilag felt\u00f6lt\u00f6tt, \u00edgy nincs sz\u00fcks\u00e9g \u00fajrat\u00f6lt\u00e9sre. Az er\u0151teljes 850 mAh-s akkumul\u00e1tor folyamatos, megb\u00edzhat\u00f3 \u00e1ramell\u00e1t\u00e1st biztos\u00edt az els\u0151t\u0151l az utols\u00f3 slukkig.<\/p>\n<p class=\"whitespace-normal break-words\">N\u00e9gy nikotinkoncentr\u00e1ci\u00f3 - 0%, 2%, 3% \u00e9s 5% - lehet\u0151v\u00e9 teszi az egy\u00e9ni ig\u00e9nyekhez val\u00f3 igaz\u00edt\u00e1st. Ak\u00e1r teljesen el akarja ker\u00fclni a nikotint, ak\u00e1r egy er\u0151teljes slukkot szeretne, itt megtal\u00e1lja, amit keres.<\/p>\n<p class=\"whitespace-normal break-words\">A Bang King 50000 hordozhat\u00f3, st\u00edlusos kialak\u00edt\u00e1sa t\u00f6k\u00e9letesen illeszkedik b\u00e1rmilyen \u00e9letst\u00edlushoz. V\u00e1ltson spont\u00e1n az aktiv\u00e1l\u00f3 Red Bull-\u00edz\u0171 italok k\u00f6z\u00f6tt a k\u00e9t \u00e9tkez\u00e9s k\u00f6z\u00f6tti id\u0151szakokban, illetve a friss\u00edt\u0151 \u00e1fonya-vizdinnye \u00edz\u0171 italok k\u00f6z\u00f6tt a nyugodt pillanatokban - maxim\u00e1lis rugalmass\u00e1g egy k\u00e9sz\u00fcl\u00e9kben.<\/p>\n<h3 class=\"text-lg font-bold text-text-100 mt-1 -mb-1.5\">M\u0171szaki adatok:<\/h3>\n<p class=\"whitespace-normal break-words\"><strong>Vonatok sz\u00e1ma:<\/strong> Ak\u00e1r 50,000 f\u00faj\u00e1s<br \/>\n<strong>P\u00e1rologtat\u00f3:<\/strong> Mesh tekercs 1.0 Ohm<br \/>\n<strong>Foly\u00e9kony t\u00e9rfogat:<\/strong> 50 ml<br \/>\n<strong>Nikotin er\u0151ss\u00e9g:<\/strong> 0% \/ 2% \/ 3% \/ 5%<br \/>\n<strong>Akkumul\u00e1tor kapacit\u00e1s:<\/strong> 850 mAh<br \/>\n<strong>T\u00f6lt\u00e9si funkci\u00f3:<\/strong> C t\u00edpus\u00fa \u00fajrat\u00f6lthet\u0151<br \/>\n<strong>Megjelen\u00edt\u00e9s:<\/strong> LCD digit\u00e1lis kijelz\u0151<br \/>\n<strong>\u00cdzprofilok:<\/strong> Kett\u0151s \u00edz<\/p>\n<h3 class=\"text-lg font-bold text-text-100 mt-1 -mb-1.5\">Fedezzen fel t\u00f6bb BANG VAPE-t a fumotpuff-on<\/h3>\n<p class=\"whitespace-normal break-words\">\u00c9rdekel m\u00e9g t\u00f6bb pr\u00e9mium vapes? B\u00f6ng\u00e9sszen a <strong><a class=\"underline\" href=\"https:\/\/fumotpuff.com\/hu\/\">Kezd\u0151lap<\/a><\/strong> \u00e9s ne maradjon le semmilyen \u00faj kiad\u00e1sr\u00f3l vagy k\u00fcl\u00f6nleges aj\u00e1nlatr\u00f3l. Az innovat\u00edv BANG term\u00e9kek teljes v\u00e1laszt\u00e9k\u00e1t megtal\u00e1lja koncentr\u00e1ltan a k\u00f6vetkez\u0151 weboldalunkon <strong><a class=\"underline\" href=\"https:\/\/fumotpuff.com\/hu\/product-category\/bang-vape\/\">BANG VAPE kateg\u00f3ria<\/a><\/strong> az \u00f6sszes technikai r\u00e9szletet. A Bang King 50000 mind a 12 \u00edz\u00e9t k\u00e9nyelmesen felfedezheti a <strong><a class=\"underline\" href=\"https:\/\/fumotpuff.com\/hu\/product-category\/bang-vape\/bang-king-50000\/\">Bang King 50000 kollekci\u00f3<\/a><\/strong>.<\/p>","protected":false},"excerpt":{"rendered":"<p class=\"whitespace-normal break-words\">A Bang King 50000 Red Bull\/Blueberry Watermelon k\u00e9t ellent\u00e9tes \u00edzt \u00f6tv\u00f6z: energikus energiaital \u00edz\u00e9t \u00e9s friss\u00edt\u0151 \u00e1fony\u00e1s g\u00f6r\u00f6gdinny\u00e9t. Az 50 000 slukk, 50 ml e-folyad\u00e9k, 850mAh akkumul\u00e1tor, 1,0\u03a9-os h\u00e1l\u00f3s tekercs, LCD kijelz\u0151 \u00e9s Type-C t\u00f6lt\u00e9s r\u00e9v\u00e9n ez az eldobhat\u00f3 e-cigaretta aktiv\u00e1l\u00f3 frissess\u00e9get \u00e9s ny\u00e1rias gy\u00fcm\u00f6lcs\u00f6ss\u00e9get k\u00edn\u00e1l.<\/p>","protected":false},"featured_media":3703,"comment_status":"open","ping_status":"closed","template":"","meta":{"_acf_changed":false},"product_brand":[],"product_cat":[40],"product_tag":[],"class_list":{"0":"post-3702","1":"product","2":"type-product","3":"status-publish","4":"has-post-thumbnail","6":"product_cat-bang-king-50000","8":"first","9":"instock","10":"shipping-taxable","11":"purchasable","12":"product-type-variable"},"acf":[],"_links":{"self":[{"href":"https:\/\/fumotpuff.com\/hu\/wp-json\/wp\/v2\/product\/3702","targetHints":{"allow":["GET"]}}],"collection":[{"href":"https:\/\/fumotpuff.com\/hu\/wp-json\/wp\/v2\/product"}],"about":[{"href":"https:\/\/fumotpuff.com\/hu\/wp-json\/wp\/v2\/types\/product"}],"replies":[{"embeddable":true,"href":"https:\/\/fumotpuff.com\/hu\/wp-json\/wp\/v2\/comments?post=3702"}],"wp:featuredmedia":[{"embeddable":true,"href":"https:\/\/fumotpuff.com\/hu\/wp-json\/wp\/v2\/media\/3703"}],"wp:attachment":[{"href":"https:\/\/fumotpuff.com\/hu\/wp-json\/wp\/v2\/media?parent=3702"}],"wp:term":[{"taxonomy":"product_brand","embeddable":true,"href":"https:\/\/fumotpuff.com\/hu\/wp-json\/wp\/v2\/product_brand?post=3702"},{"taxonomy":"product_cat","embeddable":true,"href":"https:\/\/fumotpuff.com\/hu\/wp-json\/wp\/v2\/product_cat?post=3702"},{"taxonomy":"product_tag","embeddable":true,"href":"https:\/\/fumotpuff.com\/hu\/wp-json\/wp\/v2\/product_tag?post=3702"}],"curies":[{"name":"wp","href":"https:\/\/api.w.org\/{rel}","templated":true}]}}