{"id":3695,"date":"2025-10-25T09:08:08","date_gmt":"2025-10-25T07:08:08","guid":{"rendered":"https:\/\/fumotpuff.com\/?post_type=product&#038;p=3695"},"modified":"2025-10-25T09:08:08","modified_gmt":"2025-10-25T07:08:08","slug":"bang-king-50000-red-bull-strawberry-banana","status":"publish","type":"product","link":"https:\/\/fumotpuff.com\/hu\/termek\/bang-king-50000-red-bull-strawberry-banana\/","title":{"rendered":"Bang King 50000 Red Bull\/Eper Ban\u00e1n"},"content":{"rendered":"<h2 class=\"text-xl font-bold text-text-100 mt-1 -mb-0.5\">Bang King 50000 Red Bull\/Eper Ban\u00e1n eldobhat\u00f3 vape<\/h2>\n<p class=\"whitespace-normal break-words\">A <strong>Bang King 50000 eldobhat\u00f3 e-cigaretta<\/strong> a Red Bull \u00e9s a Strawberry Banana \u00edzekkel az energiaital arom\u00e1j\u00e1nak \u00e9s a kr\u00e9mes gy\u00fcm\u00f6lcs\u00f6ss\u00e9gnek egyed\u00fcl\u00e1ll\u00f3 kombin\u00e1ci\u00f3j\u00e1t k\u00edn\u00e1lja. Ez a nagy teljes\u00edtm\u00e9ny\u0171 vape szenz\u00e1ci\u00f3s 50 000 puffot biztos\u00edt 50 ml folyad\u00e9kkapacit\u00e1ssal. V\u00e1ltson az \u00e9l\u00e9nk\u00edt\u0151 Red Bull \u00edz \u00e9s az \u00e9des eper-ban\u00e1n kever\u00e9k k\u00f6z\u00f6tt, amikor csak kedve tartja. A kiv\u00e1l\u00f3 min\u0151s\u00e9g\u0171 1,0 \u03a9-os h\u00e1l\u00f3s tekercs intenz\u00edv \u00edzkifejl\u0151d\u00e9st biztos\u00edt, m\u00edg a C-t\u00edpus\u00fa gyorst\u00f6lt\u00e9si funkci\u00f3val ell\u00e1tott 850 mAh-s akkumul\u00e1tor folyamatos rendelkez\u00e9sre \u00e1ll\u00e1st biztos\u00edt. A digit\u00e1lis LCD kijelz\u0151 \u00e9s az \u00e1ll\u00edthat\u00f3 l\u00e9g\u00e1raml\u00e1s teszi teljess\u00e9 a pr\u00e9mium csomagot.<\/p>\n<h3 class=\"text-lg font-bold text-text-100 mt-1 -mb-1.5\">A Bang King 50000 Red Bull\/Eper Ban\u00e1n k\u00fcl\u00f6nleges tulajdons\u00e1gai:<\/h3>\n<p class=\"whitespace-normal break-words\">Az ak\u00e1r 50 000 slukkol\u00e1ssal ez a k\u00e9sz\u00fcl\u00e9k az eldobhat\u00f3 e-cigarett\u00e1k abszol\u00fat cs\u00facskateg\u00f3ri\u00e1j\u00e1ba tartozik. A nagyvonal\u00fa 50 ml-es t\u00f6lt\u00e9s maxim\u00e1lis haszn\u00e1lati id\u0151t jelent \u00fajrat\u00f6lt\u00e9s \u00e9s karbantart\u00e1s n\u00e9lk\u00fcl. A robusztus 850 mAh-s akkumul\u00e1tor megb\u00edzhat\u00f3, egyenletes teljes\u00edtm\u00e9nyt garant\u00e1l a teljes \u00e9lettartam alatt.<\/p>\n<p class=\"whitespace-normal break-words\">A nikotinv\u00e1laszt\u00e9kban 0%, 2%, 3% \u00e9s 5% tal\u00e1lhat\u00f3 - t\u00f6k\u00e9letesen illeszkedik az ig\u00e9nyek sz\u00e9les k\u00f6r\u00e9hez. A nikotinmentes \u00e9lvezeti p\u00e1rologtat\u00e1st\u00f3l az intenz\u00edv nikotinos \u00e9lm\u00e9nyig, itt megtal\u00e1lja az ide\u00e1lis be\u00e1ll\u00edt\u00e1st.<\/p>\n<p class=\"whitespace-normal break-words\">Hatalmas kapacit\u00e1sa ellen\u00e9re a Bang King 50000 kompakt fel\u00e9p\u00edt\u00e9s\u00e9vel \u00e9s eleg\u00e1ns kialak\u00edt\u00e1s\u00e1val ny\u0171g\u00f6z le. A szokatlan \u00edzkombin\u00e1ci\u00f3 - energiz\u00e1l\u00f3 red bull \u00edz vagy l\u00e1gy eper-ban\u00e1nos kr\u00e9mess\u00e9g - izgalmas v\u00e1laszt\u00e1ss\u00e1 teszi ezt a modellt a k\u00eds\u00e9rletez\u0151 kedv\u0171 vaperek sz\u00e1m\u00e1ra.<\/p>\n<h3 class=\"text-lg font-bold text-text-100 mt-1 -mb-1.5\">M\u0171szaki adatok:<\/h3>\n<p class=\"whitespace-normal break-words\"><strong>Vonatok sz\u00e1ma:<\/strong> Ak\u00e1r 50,000 f\u00faj\u00e1s<br \/>\n<strong>P\u00e1rologtat\u00f3:<\/strong> Mesh tekercs 1.0 Ohm<br \/>\n<strong>Foly\u00e9kony t\u00e9rfogat:<\/strong> 50 ml<br \/>\n<strong>Nikotin er\u0151ss\u00e9g:<\/strong> 0% \/ 2% \/ 3% \/ 5%<br \/>\n<strong>Akkumul\u00e1tor kapacit\u00e1s:<\/strong> 850 mAh<br \/>\n<strong>T\u00f6lt\u00e9si funkci\u00f3:<\/strong> C t\u00edpus\u00fa \u00fajrat\u00f6lthet\u0151<br \/>\n<strong>Megjelen\u00edt\u00e9s:<\/strong> LCD digit\u00e1lis kijelz\u0151<br \/>\n<strong>\u00cdzprofilok:<\/strong> Kett\u0151s \u00edz<\/p>\n<h3 class=\"text-lg font-bold text-text-100 mt-1 -mb-1.5\">Fedezzen fel t\u00f6bb BANG VAPE-t a fumotpuff-on<\/h3>\n<p class=\"whitespace-normal break-words\">B\u0151v\u00edtse a p\u00e1rologtat\u00e1si horizontj\u00e1t a fumotpuff-al: A mi <strong><a class=\"underline\" href=\"https:\/\/fumotpuff.com\/hu\/\">Kezd\u0151lap<\/a><\/strong> folyamatosan \u00faj term\u00e9keket \u00e9s vonz\u00f3 aj\u00e1nlatokat tartogat az \u00d6n sz\u00e1m\u00e1ra. Fedezze fel a teljes BANG term\u00e9kcsal\u00e1dot sz\u00e9les term\u00e9kkatal\u00f3gusunkban. <strong><a class=\"underline\" href=\"https:\/\/fumotpuff.com\/hu\/product-category\/bang-vape\/\">BANG VAPE kateg\u00f3ria<\/a><\/strong> r\u00e9szletes term\u00e9kle\u00edr\u00e1sokkal. A Bang King 50000 \u00f6sszes \u00edzv\u00e1ltozata egy\u00e9rtelm\u0171en szerepel a <strong><a class=\"underline\" href=\"https:\/\/fumotpuff.com\/hu\/product-category\/bang-vape\/bang-king-50000\/\">Bang King 50000 kollekci\u00f3<\/a><\/strong> \u00f6ssze\u00e1ll\u00edtotta.<\/p>","protected":false},"excerpt":{"rendered":"<p class=\"whitespace-normal break-words\">A Bang King 50000 Red Bull\/Eper Ban\u00e1n k\u00e9t egyed\u00fcl\u00e1ll\u00f3 \u00edzt \u00f6tv\u00f6z: az \u00e9l\u00e9nk\u00edt\u0151 energiaital \u00edz\u00e9t \u00e9s a kr\u00e9mes epres ban\u00e1nt. Az 50 000 slukk, 50 ml e-folyad\u00e9k, 850mAh akkumul\u00e1tor, 1,0\u03a9-os h\u00e1l\u00f3s tekercs, LCD kijelz\u0151 \u00e9s Type-C t\u00f6lt\u00e9s r\u00e9v\u00e9n ez az eldobhat\u00f3 e-cigaretta energiz\u00e1l\u00f3 frissess\u00e9get \u00e9s \u00e9des gy\u00fcm\u00f6lcs\u00f6ss\u00e9get k\u00edn\u00e1l a k\u00eds\u00e9rletez\u0151 kedv\u0171 vapereknek.<\/p>","protected":false},"featured_media":3696,"comment_status":"open","ping_status":"closed","template":"","meta":{"_acf_changed":false},"product_brand":[],"product_cat":[40],"product_tag":[],"class_list":{"0":"post-3695","1":"product","2":"type-product","3":"status-publish","4":"has-post-thumbnail","6":"product_cat-bang-king-50000","8":"first","9":"instock","10":"shipping-taxable","11":"purchasable","12":"product-type-variable"},"acf":[],"_links":{"self":[{"href":"https:\/\/fumotpuff.com\/hu\/wp-json\/wp\/v2\/product\/3695","targetHints":{"allow":["GET"]}}],"collection":[{"href":"https:\/\/fumotpuff.com\/hu\/wp-json\/wp\/v2\/product"}],"about":[{"href":"https:\/\/fumotpuff.com\/hu\/wp-json\/wp\/v2\/types\/product"}],"replies":[{"embeddable":true,"href":"https:\/\/fumotpuff.com\/hu\/wp-json\/wp\/v2\/comments?post=3695"}],"wp:featuredmedia":[{"embeddable":true,"href":"https:\/\/fumotpuff.com\/hu\/wp-json\/wp\/v2\/media\/3696"}],"wp:attachment":[{"href":"https:\/\/fumotpuff.com\/hu\/wp-json\/wp\/v2\/media?parent=3695"}],"wp:term":[{"taxonomy":"product_brand","embeddable":true,"href":"https:\/\/fumotpuff.com\/hu\/wp-json\/wp\/v2\/product_brand?post=3695"},{"taxonomy":"product_cat","embeddable":true,"href":"https:\/\/fumotpuff.com\/hu\/wp-json\/wp\/v2\/product_cat?post=3695"},{"taxonomy":"product_tag","embeddable":true,"href":"https:\/\/fumotpuff.com\/hu\/wp-json\/wp\/v2\/product_tag?post=3695"}],"curies":[{"name":"wp","href":"https:\/\/api.w.org\/{rel}","templated":true}]}}