{"id":3688,"date":"2025-10-25T09:05:38","date_gmt":"2025-10-25T07:05:38","guid":{"rendered":"https:\/\/fumotpuff.com\/?post_type=product&#038;p=3688"},"modified":"2025-10-25T09:05:38","modified_gmt":"2025-10-25T07:05:38","slug":"bang-king-50000-blueberry-raspberry-grape-ice","status":"publish","type":"product","link":"https:\/\/fumotpuff.com\/hu\/termek\/bang-king-50000-blueberry-raspberry-grape-ice\/","title":{"rendered":"Bang King 50000 \u00e1fonya m\u00e1lna\/sz\u0151l\u0151 j\u00e9g"},"content":{"rendered":"<h2 class=\"text-xl font-bold text-text-100 mt-1 -mb-0.5\">Bang King 50000 \u00e1fonya m\u00e1lna \/ sz\u0151l\u0151 j\u00e9g eldobhat\u00f3 vape<\/h2>\n<p class=\"whitespace-normal break-words\">A <strong>Bang King 50000 eldobhat\u00f3 e-cigaretta<\/strong> a Blueberry Raspberry \u00e9s Grape Ice \u00edzekkel a gy\u00fcm\u00f6lcs\u00f6s bogy\u00f3s gy\u00fcm\u00f6lcs\u00f6k \u00e9dess\u00e9g\u00e9t kombin\u00e1lja a friss\u00edt\u0151 sz\u0151l\u0151mentollal. A leny\u0171g\u00f6z\u0151, 50 000 puffol\u00e1sos kapacit\u00e1ssal \u00e9s 50 ml el\u0151re telep\u00edtett pr\u00e9mium folyad\u00e9kkal ez a vape \u00faj m\u00e9rc\u00e9t \u00e1ll\u00edt fel. A k\u00e9tgombos technol\u00f3gia vill\u00e1mgyors v\u00e1lt\u00e1st tesz lehet\u0151v\u00e9 a meleg bogy\u00f3s gy\u00fcm\u00f6lcs\u00edz \u00e9s a j\u00e9ghideg sz\u0151l\u0151\u00edz k\u00f6z\u00f6tt. A hat\u00e9kony 1,0 \u03a9-os h\u00e1l\u00f3s tekerccsel, a hossz\u00fa \u00e9lettartam\u00fa 850 mAh-s akkumul\u00e1torral \u00e9s a Type-C t\u00f6lt\u00e9si technol\u00f3gi\u00e1val felszerelt k\u00e9sz\u00fcl\u00e9k maxim\u00e1lis megb\u00edzhat\u00f3s\u00e1got ny\u00fajt. A be\u00e9p\u00edtett LCD kijelz\u0151 \u00e1lland\u00f3 \u00e1tl\u00e1that\u00f3s\u00e1got biztos\u00edt az akkumul\u00e1tor \u00e1llapot\u00e1r\u00f3l \u00e9s a t\u00f6lt\u00f6tts\u00e9gi szintr\u0151l, m\u00edg a v\u00e1ltoztathat\u00f3 l\u00e9g\u00e1raml\u00e1s szem\u00e9lyre szabott be\u00e1ll\u00edt\u00e1sokat tesz lehet\u0151v\u00e9.<\/p>\n<h3 class=\"text-lg font-bold text-text-100 mt-1 -mb-1.5\">A Bang King 50000 Blueberry Raspberry Raspberry\/Grape Ice el\u0151nyei:<\/h3>\n<p class=\"whitespace-normal break-words\">Ez a modell az eldobhat\u00f3 vape szegmensben az egyik legmagasabb h\u00faz\u00e1si ar\u00e1nyt k\u00edn\u00e1lja - leny\u0171g\u00f6z\u0151 50.000 puffot egy kompakt eszk\u00f6zb\u0151l. Az 50 ml folyad\u00e9kkapacit\u00e1s gy\u00e1rilag felt\u00f6lt\u00f6tt, \u00e9s t\u00f6bb hetes folyamatos m\u0171k\u00f6d\u00e9st biztos\u00edt karbantart\u00e1s n\u00e9lk\u00fcl. Az er\u0151teljes 850 mAh-s akkumul\u00e1tor az utols\u00f3 cseppig folyamatos g\u0151ztermel\u00e9st biztos\u00edt.<\/p>\n<p class=\"whitespace-normal break-words\">N\u00e9gy nikotinszint k\u00f6z\u00fcl v\u00e1laszthat: 0%, 2%, 3% vagy 5%. Ak\u00e1r nikotinmentesen p\u00e1rologtat, ak\u00e1r fokozatosan cs\u00f6kkenti a nikotinbevitelt, vagy er\u0151teljes torok\u00fct\u00e9st keres - a Bang King 50000 minden preferenci\u00e1nak megfelel\u0151 megold\u00e1st k\u00edn\u00e1l.<\/p>\n<p class=\"whitespace-normal break-words\">Az ergonomikus, k\u00f6nny\u0171 kialak\u00edt\u00e1s maxim\u00e1lis k\u00e9nyelmet biztos\u00edt. V\u00e1ltson a hangulat\u00e1nak megfelel\u0151en az \u00e9des-fanyar \u00e1fonya-m\u00e1lna kever\u00e9k \u00e9s a jeges sz\u0151l\u0151 v\u00e1ltozat k\u00f6z\u00f6tt - k\u00e9t ellent\u00e9tes \u00edz egy praktikus eszk\u00f6zben.<\/p>\n<h3 class=\"text-lg font-bold text-text-100 mt-1 -mb-1.5\">M\u0171szaki adatok:<\/h3>\n<p class=\"whitespace-normal break-words\"><strong>Vonatok sz\u00e1ma:<\/strong> Ak\u00e1r 50,000 f\u00faj\u00e1s<br \/>\n<strong>P\u00e1rologtat\u00f3:<\/strong> Mesh tekercs 1.0 Ohm<br \/>\n<strong>Foly\u00e9kony t\u00e9rfogat:<\/strong> 50 ml<br \/>\n<strong>Nikotin er\u0151ss\u00e9g:<\/strong> 0% \/ 2% \/ 3% \/ 5%<br \/>\n<strong>Akkumul\u00e1tor kapacit\u00e1s:<\/strong> 850 mAh<br \/>\n<strong>T\u00f6lt\u00e9si funkci\u00f3:<\/strong> C t\u00edpus\u00fa \u00fajrat\u00f6lthet\u0151<br \/>\n<strong>Megjelen\u00edt\u00e9s:<\/strong> LCD digit\u00e1lis kijelz\u0151<br \/>\n<strong>\u00cdzprofilok:<\/strong> Kett\u0151s \u00edz<\/p>\n<h3 class=\"text-lg font-bold text-text-100 mt-1 -mb-1.5\">Fedezzen fel t\u00f6bb BANG VAPE-t a fumotpuff-on<\/h3>\n<p class=\"whitespace-normal break-words\">K\u00edv\u00e1ncsi m\u00e1s kiv\u00e1l\u00f3 min\u0151s\u00e9g\u0171 p\u00e1rologtat\u00e1si megold\u00e1sokra? Tudjon meg t\u00f6bbet a <strong><a class=\"underline\" href=\"https:\/\/fumotpuff.com\/hu\/\">Kezd\u0151lap<\/a><\/strong> az aktu\u00e1lis kiemelt esem\u00e9nyekr\u0151l \u00e9s k\u00fcl\u00f6nleges aj\u00e1nlatokr\u00f3l. A mi szakosodott <strong><a class=\"underline\" href=\"https:\/\/fumotpuff.com\/hu\/product-category\/bang-vape\/\">BANG VAPE kateg\u00f3ria<\/a><\/strong> r\u00e9szletesen bemutatjuk az \u00f6sszes BANG-modellt. A Bang King 50000 teljes \u00edzv\u00e1laszt\u00e9ka mind a 12 v\u00e1ltozat\u00e1val megtal\u00e1lhat\u00f3 a <strong><a class=\"underline\" href=\"https:\/\/fumotpuff.com\/hu\/product-category\/bang-vape\/bang-king-50000\/\">Bang King 50000 kollekci\u00f3<\/a><\/strong>.<\/p>","protected":false},"excerpt":{"rendered":"<p class=\"whitespace-normal break-words\">A Bang King 50000 Blueberry Raspberry\/Grape Ice k\u00e9t ellent\u00e9tes \u00edzt \u00f6tv\u00f6z: az \u00e9des-fanyar \u00e1fony\u00e1t\/m\u00e1ln\u00e1t \u00e9s a j\u00e9ghideg sz\u0151l\u0151t. Az 50 000 slukk, 50 ml e-folyad\u00e9k, 850mAh akkumul\u00e1tor, 1,0\u03a9-os h\u00e1l\u00f3s tekercs, LCD kijelz\u0151 \u00e9s Type-C t\u00f6lt\u00e9s r\u00e9v\u00e9n ez az eldobhat\u00f3 e-cigaretta gy\u00fcm\u00f6lcs\u00f6s bogy\u00f3s gy\u00fcm\u00f6lcs\u00f6s \u00e9dess\u00e9get \u00e9s friss\u00edt\u0151 mentolos h\u0171v\u00f6ss\u00e9get k\u00edn\u00e1l egy k\u00e9sz\u00fcl\u00e9kben.<\/p>","protected":false},"featured_media":3689,"comment_status":"open","ping_status":"closed","template":"","meta":{"_acf_changed":false},"product_brand":[],"product_cat":[40],"product_tag":[],"class_list":{"0":"post-3688","1":"product","2":"type-product","3":"status-publish","4":"has-post-thumbnail","6":"product_cat-bang-king-50000","8":"first","9":"instock","10":"shipping-taxable","11":"purchasable","12":"product-type-variable"},"acf":[],"_links":{"self":[{"href":"https:\/\/fumotpuff.com\/hu\/wp-json\/wp\/v2\/product\/3688","targetHints":{"allow":["GET"]}}],"collection":[{"href":"https:\/\/fumotpuff.com\/hu\/wp-json\/wp\/v2\/product"}],"about":[{"href":"https:\/\/fumotpuff.com\/hu\/wp-json\/wp\/v2\/types\/product"}],"replies":[{"embeddable":true,"href":"https:\/\/fumotpuff.com\/hu\/wp-json\/wp\/v2\/comments?post=3688"}],"wp:featuredmedia":[{"embeddable":true,"href":"https:\/\/fumotpuff.com\/hu\/wp-json\/wp\/v2\/media\/3689"}],"wp:attachment":[{"href":"https:\/\/fumotpuff.com\/hu\/wp-json\/wp\/v2\/media?parent=3688"}],"wp:term":[{"taxonomy":"product_brand","embeddable":true,"href":"https:\/\/fumotpuff.com\/hu\/wp-json\/wp\/v2\/product_brand?post=3688"},{"taxonomy":"product_cat","embeddable":true,"href":"https:\/\/fumotpuff.com\/hu\/wp-json\/wp\/v2\/product_cat?post=3688"},{"taxonomy":"product_tag","embeddable":true,"href":"https:\/\/fumotpuff.com\/hu\/wp-json\/wp\/v2\/product_tag?post=3688"}],"curies":[{"name":"wp","href":"https:\/\/api.w.org\/{rel}","templated":true}]}}