{"id":3681,"date":"2025-10-25T09:03:16","date_gmt":"2025-10-25T07:03:16","guid":{"rendered":"https:\/\/fumotpuff.com\/?post_type=product&#038;p=3681"},"modified":"2025-10-25T09:03:16","modified_gmt":"2025-10-25T07:03:16","slug":"bang-king-50000-blueberry-raspberry-mixed-berry","status":"publish","type":"product","link":"https:\/\/fumotpuff.com\/hu\/termek\/bang-king-50000-blueberry-raspberry-mixed-berry\/","title":{"rendered":"Bang King 50000 \u00e1fonya m\u00e1lna\/kevert bogy\u00f3"},"content":{"rendered":"<h2 class=\"text-xl font-bold text-text-100 mt-1 -mb-0.5\">Bang King 50000 \u00e1fonya m\u00e1lna \/ vegyes bogy\u00f3s gy\u00fcm\u00f6lcs\u00f6k eldobhat\u00f3 vape<\/h2>\n<p class=\"whitespace-normal break-words\">A <strong>Bang King 50000 eldobhat\u00f3 e-cigaretta<\/strong> az \u00e1fonya-m\u00e1lna \u00e9s a vegyes bogy\u00f3s gy\u00fcm\u00f6lcs\u00f6k \u00edz\u00e9ben a gy\u00fcm\u00f6lcs\u00f6k szerelmeseinek \u00e1lma. Ez a nagy teljes\u00edtm\u00e9ny\u0171 k\u00e9sz\u00fcl\u00e9k fenomen\u00e1lis 50 000 puffot k\u00edn\u00e1l 50 ml kiv\u00e1l\u00f3 min\u0151s\u00e9g\u0171 e-folyad\u00e9k kapacit\u00e1ssal. V\u00e1ltson k\u00f6nnyed\u00e9n az \u00e1fonya \u00e9s a m\u00e1lna kombin\u00e1ci\u00f3 k\u00f6z\u00f6tt, vagy \u00e9lvezze a t\u00f6bbr\u00e9teg\u0171 vegyes bogy\u00f3s kever\u00e9ket. A fejlett 1,0 \u03a9-os h\u00e1l\u00f3s tekercstechnol\u00f3gia hiteles gy\u00fcm\u00f6lcs\u00edzeket biztos\u00edt, m\u00edg a 850 mAh-s \u00fajrat\u00f6lthet\u0151 akkumul\u00e1tor hossz\u00fa t\u00e1v\u00fa teljes\u00edtm\u00e9nyt garant\u00e1l. Az \u00e1ll\u00edthat\u00f3 l\u00e9g\u00e1raml\u00e1ssal, a Type-C gyorst\u00f6lt\u00e9ssel \u00e9s az \u00e1ttekinthet\u0151 LCD kijelz\u0151vel mindig teljes kontrollt \u00e9lvezhet a p\u00e1rologtat\u00e1s \u00e9lm\u00e9nye felett.<\/p>\n<h3 class=\"text-lg font-bold text-text-100 mt-1 -mb-1.5\">A Bang King 50000 Blueberry Raspberry\/Mixed Berry er\u0151ss\u00e9gei:<\/h3>\n<p class=\"whitespace-normal break-words\">Tapasztalja meg a kiv\u00e9teles kitart\u00e1st, ak\u00e1r 50 000 f\u00faj\u00e1s egys\u00e9genk\u00e9nt. A nagyvonal\u00fa 50 ml folyad\u00e9kkapacit\u00e1s m\u00e1r a kezdetekt\u0151l fogva be\u00e9p\u00edtett, \u00e9s sz\u00fcks\u00e9gtelenn\u00e9 teszi az \u00fajrat\u00f6lt\u00e9st. Az er\u0151teljes 850 mAh-s akkumul\u00e1tor a term\u00e9k teljes \u00e9lettartama alatt egyenletes g\u0151zmin\u0151s\u00e9get biztos\u00edt.<\/p>\n<p class=\"whitespace-normal break-words\">N\u00e9gy nikotin er\u0151ss\u00e9g k\u00f6z\u00fcl v\u00e1laszthat: 0%, 2%, 3% vagy 5%. Ez a v\u00e1laszt\u00e9k lehet\u0151v\u00e9 teszi, hogy pontosan szab\u00e1lyozza nikotinbevitel\u00e9t - ak\u00e1r fokozatosan szeretn\u00e9 cs\u00f6kkenteni, ak\u00e1r fenntartani a megszokott szintet.<\/p>\n<p class=\"whitespace-normal break-words\">A Bang King 50000 v\u00e9kony, felhaszn\u00e1l\u00f3bar\u00e1t kialak\u00edt\u00e1sa t\u00f6k\u00e9letes mindennapi t\u00e1rss\u00e1 teszi. A k\u00e9t bogy\u00f3s \u00edz - a gy\u00fcm\u00f6lcs\u00f6s, fanyar \u00e1fonya-m\u00e1lna vagy az \u00f6sszetett vegyes bogy\u00f3s kompoz\u00edci\u00f3 - menet k\u00f6zben v\u00e1ltogathat\u00f3, \u00e9s sokoldal\u00fa \u00e9lvezetet k\u00edn\u00e1l minden \u00edzl\u00e9snek.<\/p>\n<h3 class=\"text-lg font-bold text-text-100 mt-1 -mb-1.5\">M\u0171szaki adatok:<\/h3>\n<p class=\"whitespace-normal break-words\"><strong>Vonatok sz\u00e1ma:<\/strong> Ak\u00e1r 50,000 f\u00faj\u00e1s<br \/>\n<strong>P\u00e1rologtat\u00f3:<\/strong> Mesh tekercs 1.0 Ohm<br \/>\n<strong>Foly\u00e9kony t\u00e9rfogat:<\/strong> 50 ml<br \/>\n<strong>Nikotin er\u0151ss\u00e9g:<\/strong> 0% \/ 2% \/ 3% \/ 5%<br \/>\n<strong>Akkumul\u00e1tor kapacit\u00e1s:<\/strong> 850 mAh<br \/>\n<strong>T\u00f6lt\u00e9si funkci\u00f3:<\/strong> C t\u00edpus\u00fa \u00fajrat\u00f6lthet\u0151<br \/>\n<strong>Megjelen\u00edt\u00e9s:<\/strong> LCD digit\u00e1lis kijelz\u0151<br \/>\n<strong>\u00cdzprofilok:<\/strong> Kett\u0151s \u00edz<\/p>\n<h3 class=\"text-lg font-bold text-text-100 mt-1 -mb-1.5\">Fedezzen fel t\u00f6bb BANG VAPE-t a fumotpuff-on<\/h3>\n<p class=\"whitespace-normal break-words\">Mer\u00fclj el a fumotpuff vil\u00e1g\u00e1ban: kezdd el a felfedez\u0151 utadat a mi <strong><a class=\"underline\" href=\"https:\/\/fumotpuff.com\/hu\/\">Kezd\u0151lap<\/a><\/strong> exkluz\u00edv aj\u00e1nlatokkal \u00e9s \u00faj term\u00e9kekkel. A BANG term\u00e9kek teljes k\u00edn\u00e1lata v\u00e1rja \u00d6nt a <strong><a class=\"underline\" href=\"https:\/\/fumotpuff.com\/hu\/product-category\/bang-vape\/\">BANG VAPE kateg\u00f3ria<\/a><\/strong> r\u00e9szletes inform\u00e1ci\u00f3kkal az egyes modellekr\u0151l. A Bang King 50000 minden \u00edzv\u00e1ltozata egy\u00e9rtelm\u0171en bemutat\u00e1sra ker\u00fcl a <strong><a class=\"underline\" href=\"https:\/\/fumotpuff.com\/hu\/product-category\/bang-vape\/bang-king-50000\/\">Bang King 50000 kollekci\u00f3<\/a><\/strong>.<\/p>","protected":false},"excerpt":{"rendered":"<p class=\"whitespace-normal break-words\">A Bang King 50000 Blueberry Raspberry\/Mixed Berry 50.000 slukkot k\u00edn\u00e1l k\u00e9t intenz\u00edv bogy\u00f3s \u00edzzel: gy\u00fcm\u00f6lcs\u00f6s-fanyar \u00e1fonya-m\u00e1lna \u00e9s t\u00f6bbr\u00e9teg\u0171 bogy\u00f3s gy\u00fcm\u00f6lcskever\u00e9k. Az 50 ml e-folyad\u00e9kkal, 850mAh akkumul\u00e1torral, 1,0\u03a9-os h\u00e1l\u00f3s tekerccsel, LCD kijelz\u0151vel \u00e9s Type-C t\u00f6lt\u00e9ssel ez az eldobhat\u00f3 e-cigaretta autentikus gy\u00fcm\u00f6lcs\u00edzeket \u00e9s hosszan tart\u00f3 \u00e9lvezetet biztos\u00edt.<\/p>","protected":false},"featured_media":3682,"comment_status":"open","ping_status":"closed","template":"","meta":{"_acf_changed":false},"product_brand":[],"product_cat":[40],"product_tag":[],"class_list":{"0":"post-3681","1":"product","2":"type-product","3":"status-publish","4":"has-post-thumbnail","6":"product_cat-bang-king-50000","8":"first","9":"instock","10":"shipping-taxable","11":"purchasable","12":"product-type-variable"},"acf":[],"_links":{"self":[{"href":"https:\/\/fumotpuff.com\/hu\/wp-json\/wp\/v2\/product\/3681","targetHints":{"allow":["GET"]}}],"collection":[{"href":"https:\/\/fumotpuff.com\/hu\/wp-json\/wp\/v2\/product"}],"about":[{"href":"https:\/\/fumotpuff.com\/hu\/wp-json\/wp\/v2\/types\/product"}],"replies":[{"embeddable":true,"href":"https:\/\/fumotpuff.com\/hu\/wp-json\/wp\/v2\/comments?post=3681"}],"wp:featuredmedia":[{"embeddable":true,"href":"https:\/\/fumotpuff.com\/hu\/wp-json\/wp\/v2\/media\/3682"}],"wp:attachment":[{"href":"https:\/\/fumotpuff.com\/hu\/wp-json\/wp\/v2\/media?parent=3681"}],"wp:term":[{"taxonomy":"product_brand","embeddable":true,"href":"https:\/\/fumotpuff.com\/hu\/wp-json\/wp\/v2\/product_brand?post=3681"},{"taxonomy":"product_cat","embeddable":true,"href":"https:\/\/fumotpuff.com\/hu\/wp-json\/wp\/v2\/product_cat?post=3681"},{"taxonomy":"product_tag","embeddable":true,"href":"https:\/\/fumotpuff.com\/hu\/wp-json\/wp\/v2\/product_tag?post=3681"}],"curies":[{"name":"wp","href":"https:\/\/api.w.org\/{rel}","templated":true}]}}