{"id":3667,"date":"2025-10-25T08:57:08","date_gmt":"2025-10-25T06:57:08","guid":{"rendered":"https:\/\/fumotpuff.com\/?post_type=product&#038;p=3667"},"modified":"2025-10-25T08:57:27","modified_gmt":"2025-10-25T06:57:27","slug":"bang-king-50000-blueberry-ice-peach-mango-watermelon","status":"publish","type":"product","link":"https:\/\/fumotpuff.com\/hu\/termek\/bang-king-50000-blueberry-ice-peach-mango-watermelon\/","title":{"rendered":"Bang King 50000 \u00e1fonya j\u00e9g\/barack mang\u00f3 g\u00f6r\u00f6gdinnye"},"content":{"rendered":"<h2 class=\"text-xl font-bold text-text-100 mt-1 -mb-0.5\">Bang King 50000 \u00e1fonya j\u00e9g\/barack mang\u00f3 g\u00f6r\u00f6gdinnye eldobhat\u00f3 vape<\/h2>\n<p class=\"whitespace-normal break-words\">A <strong>Bang King 50000 eldobhat\u00f3 e-cigaretta<\/strong> a Blueberry Ice \u00e9s a Peach Mango Watermelon \u00edzekkel kombin\u00e1lja a j\u00e9ghideg frissess\u00e9get a tr\u00f3pusi gy\u00fcm\u00f6lcs\u00f6ss\u00e9ggel. A hatalmas, 50.000 puffol\u00e1sos kapacit\u00e1ssal \u00e9s 50 ml pr\u00e9mium e-folyad\u00e9kkal ez a k\u00e9sz\u00fcl\u00e9k hetekig tart\u00f3 p\u00e1rologtat\u00e1si \u00e9lvezetet k\u00edn\u00e1l. A kett\u0151s \u00edz funkci\u00f3 lehet\u0151v\u00e9 teszi, hogy gyorsan v\u00e1ltson a h\u0171v\u00f6s \u00e1fony\u00e1s jegyek \u00e9s az egzotikus gy\u00fcm\u00f6lcskokt\u00e9lok k\u00f6z\u00f6tt. Az \u00e1ll\u00edthat\u00f3 l\u00e9g\u00e1raml\u00e1s, a kiv\u00e1l\u00f3 min\u0151s\u00e9g\u0171 1,0 \u03a9-os h\u00e1l\u00f3s tekercs \u00e9s az \u00fajrat\u00f6lthet\u0151 850 mAh-s akkumul\u00e1tor garant\u00e1lja az \u00e1lland\u00f3 g\u0151zmin\u0151s\u00e9get \u00e9s az intenz\u00edv \u00edz\u00e9lm\u00e9nyeket. A modern LCD kijelz\u0151 folyamatosan t\u00e1j\u00e9koztat a k\u00e9sz\u00fcl\u00e9k \u00e1llapot\u00e1r\u00f3l, a Type-C t\u00f6lt\u00e9si funkci\u00f3 pedig gyors felt\u00f6lt\u00e9st tesz lehet\u0151v\u00e9.<\/p>\n<h3 class=\"text-lg font-bold text-text-100 mt-1 -mb-1.5\">A Bang King 50000 \u00e1fonya j\u00e9g\/barack mang\u00f3 g\u00f6r\u00f6gdinnye el\u0151nyei:<\/h3>\n<p class=\"whitespace-normal break-words\">Ez az eldobhat\u00f3 vape az egyik leghosszabb haszn\u00e1lati id\u0151t k\u00edn\u00e1lja a piacon - ak\u00e1r 50.000 slukkot egyetlen k\u00e9sz\u00fcl\u00e9kb\u0151l. Az 50 ml folyad\u00e9kkapacit\u00e1s el\u0151re telep\u00edtve van \u00e9s haszn\u00e1latra k\u00e9sz, an\u00e9lk\u00fcl, hogy valaha is \u00fajra kellene t\u00f6lteni. Az er\u0151teljes 850 mAh-s akkumul\u00e1tor biztos\u00edtja, hogy az els\u0151t\u0151l az utols\u00f3 slukkig egyenletes g\u0151zmin\u0151s\u00e9get \u00e9lvezhessen.<\/p>\n<p class=\"whitespace-normal break-words\">N\u00e9gy nikotin opci\u00f3val - 0%, 2%, 3% \u00e9s 5% - a Bang King 50000 a preferenci\u00e1k sz\u00e9les sk\u00e1l\u00e1j\u00e1hoz igazodik. Ak\u00e1r teljesen el akarja ker\u00fclni a nikotint, ak\u00e1r az er\u0151sebb slukkot r\u00e9szes\u00edti el\u0151nyben, megtal\u00e1lja az egy\u00e9ni ig\u00e9nyeinek megfelel\u0151 er\u0151ss\u00e9get.<\/p>\n<p class=\"whitespace-normal break-words\">A hordozhat\u00f3 kialak\u00edt\u00e1s \u00e9s a kett\u0151s \u00edzes\u00edt\u00e9s\u0171 funkci\u00f3 k\u00fcl\u00f6n\u00f6sen vonz\u00f3v\u00e1 teszi ezt a k\u00e9sz\u00fcl\u00e9ket. \u00c9lvezze a jeges \u00e1fony\u00e1t a friss\u00edt\u0151 hat\u00e1s\u00e9rt, vagy v\u00e1ltson az \u0151szibarack, mang\u00f3 \u00e9s g\u00f6r\u00f6gdinnye tr\u00f3pusi kever\u00e9k\u00e9re - t\u00f6k\u00e9letes v\u00e1laszt\u00e1s az \u00fatk\u00f6zbeni v\u00e1ltozatoss\u00e1ghoz.<\/p>\n<h3 class=\"text-lg font-bold text-text-100 mt-1 -mb-1.5\">M\u0171szaki adatok:<\/h3>\n<p class=\"whitespace-normal break-words\"><strong>Vonatok sz\u00e1ma:<\/strong> Ak\u00e1r 50,000 f\u00faj\u00e1s<br \/>\n<strong>P\u00e1rologtat\u00f3:<\/strong> Mesh tekercs 1.0 Ohm<br \/>\n<strong>Foly\u00e9kony t\u00e9rfogat:<\/strong> 50 ml<br \/>\n<strong>Nikotin er\u0151ss\u00e9g:<\/strong> 0% \/ 2% \/ 3% \/ 5%<br \/>\n<strong>Akkumul\u00e1tor kapacit\u00e1s:<\/strong> 850 mAh<br \/>\n<strong>T\u00f6lt\u00e9si funkci\u00f3:<\/strong> C t\u00edpus\u00fa \u00fajrat\u00f6lthet\u0151<br \/>\n<strong>Megjelen\u00edt\u00e9s:<\/strong> LCD digit\u00e1lis kijelz\u0151<br \/>\n<strong>\u00cdzprofilok:<\/strong> Kett\u0151s \u00edz<\/p>\n<h3 class=\"text-lg font-bold text-text-100 mt-1 -mb-1.5\">Fedezzen fel t\u00f6bb BANG VAPE-t a fumotpuff-on<\/h3>\n<p class=\"whitespace-normal break-words\">Szeretne t\u00f6bbet megtudni pr\u00e9mium g\u0151z\u00f6lg\u0151 term\u00e9keinkr\u0151l? Kattintson a <strong><a class=\"underline\" href=\"https:\/\/fumotpuff.com\/hu\/\">Kezd\u0151lap<\/a><\/strong> inspir\u00e1ci\u00f3\u00e9rt \u00e9s a legjobb aj\u00e1nlatok\u00e9rt. A BANG k\u00e9sz\u00fcl\u00e9kek teljes v\u00e1laszt\u00e9ka v\u00e1rja \u00d6nt a <strong><a class=\"underline\" href=\"https:\/\/fumotpuff.com\/hu\/product-category\/bang-vape\/\">BANG VAPE kateg\u00f3ria<\/a><\/strong> az \u00d6n sz\u00e1m\u00e1ra. A Bang King 50000 \u00f6sszes \u00edzvari\u00e1ns\u00e1t felfedezheti a k\u00f6vetkez\u0151 oldalunkon <strong><a class=\"underline\" href=\"https:\/\/fumotpuff.com\/hu\/product-category\/bang-vape\/bang-king-50000\/\">Bang King 50000 kollekci\u00f3<\/a><\/strong>.<\/p>","protected":false},"excerpt":{"rendered":"<p class=\"whitespace-normal break-words\">A Bang King 50000 Blueberry Ice\/Peach Mango Watermelon k\u00e9t ellent\u00e9tes \u00edzvil\u00e1got \u00f6tv\u00f6z: a j\u00e9ghideg \u00e1fony\u00e1t \u00e9s a tr\u00f3pusi barack-mang\u00f3-v\u00edzibarackot. Az 50 000 sz\u00edv\u00e1s, 50 ml e-folyad\u00e9k, 850mAh akkumul\u00e1tor, 1,0\u03a9-os h\u00e1l\u00f3s tekercs, LCD kijelz\u0151 \u00e9s Type-C t\u00f6lt\u00e9s r\u00e9v\u00e9n ez az eldobhat\u00f3 e-cigaretta friss\u00edt\u0151 h\u0171v\u00f6ss\u00e9get \u00e9s egzotikus gy\u00fcm\u00f6lcs\u00f6ss\u00e9get k\u00edn\u00e1l.<\/p>","protected":false},"featured_media":3668,"comment_status":"open","ping_status":"closed","template":"","meta":{"_acf_changed":false},"product_brand":[],"product_cat":[40],"product_tag":[],"class_list":{"0":"post-3667","1":"product","2":"type-product","3":"status-publish","4":"has-post-thumbnail","6":"product_cat-bang-king-50000","8":"first","9":"instock","10":"shipping-taxable","11":"purchasable","12":"product-type-variable"},"acf":[],"_links":{"self":[{"href":"https:\/\/fumotpuff.com\/hu\/wp-json\/wp\/v2\/product\/3667","targetHints":{"allow":["GET"]}}],"collection":[{"href":"https:\/\/fumotpuff.com\/hu\/wp-json\/wp\/v2\/product"}],"about":[{"href":"https:\/\/fumotpuff.com\/hu\/wp-json\/wp\/v2\/types\/product"}],"replies":[{"embeddable":true,"href":"https:\/\/fumotpuff.com\/hu\/wp-json\/wp\/v2\/comments?post=3667"}],"wp:featuredmedia":[{"embeddable":true,"href":"https:\/\/fumotpuff.com\/hu\/wp-json\/wp\/v2\/media\/3668"}],"wp:attachment":[{"href":"https:\/\/fumotpuff.com\/hu\/wp-json\/wp\/v2\/media?parent=3667"}],"wp:term":[{"taxonomy":"product_brand","embeddable":true,"href":"https:\/\/fumotpuff.com\/hu\/wp-json\/wp\/v2\/product_brand?post=3667"},{"taxonomy":"product_cat","embeddable":true,"href":"https:\/\/fumotpuff.com\/hu\/wp-json\/wp\/v2\/product_cat?post=3667"},{"taxonomy":"product_tag","embeddable":true,"href":"https:\/\/fumotpuff.com\/hu\/wp-json\/wp\/v2\/product_tag?post=3667"}],"curies":[{"name":"wp","href":"https:\/\/api.w.org\/{rel}","templated":true}]}}