{"id":3660,"date":"2025-10-25T05:50:31","date_gmt":"2025-10-25T03:50:31","guid":{"rendered":"https:\/\/fumotpuff.com\/?post_type=product&#038;p=3660"},"modified":"2025-10-25T05:50:32","modified_gmt":"2025-10-25T03:50:32","slug":"bang-king-50000-watermelon-blueberry-cherry","status":"publish","type":"product","link":"https:\/\/fumotpuff.com\/hu\/termek\/bang-king-50000-watermelon-blueberry-cherry\/","title":{"rendered":"Bang King 50000 g\u00f6r\u00f6gdinnye\/\u00e1fonya cseresznye"},"content":{"rendered":"<h2 class=\"text-xl font-bold text-text-100 mt-1 -mb-0.5\">Bang King 50000 g\u00f6r\u00f6gdinnye\/\u00e1fonya cseresznye eldobhat\u00f3 vape<\/h2>\n<p class=\"whitespace-normal break-words\">Tapasztalat a <strong>Bang King 50000 eldobhat\u00f3 e-cigaretta<\/strong> a g\u00f6r\u00f6gdinnye \u00e9s az \u00e1fonya cseresznye \u00edzekben, a gy\u00fcm\u00f6lcs\u00f6s p\u00e1rologtat\u00e1si \u00e9lm\u00e9ny\u00e9rt, amely a maga nem\u00e9ben egyed\u00fcl\u00e1ll\u00f3. Ez a nagy kapacit\u00e1s\u00fa vape leny\u0171g\u00f6z\u0151 50 000 slukkot biztos\u00edt 50 ml el\u0151re be\u00e9p\u00edtett pr\u00e9mium folyad\u00e9kb\u00f3l. Az innovat\u00edv kett\u0151s \u00edztechnol\u00f3gi\u00e1nak k\u00f6sz\u00f6nhet\u0151en b\u00e1rmikor v\u00e1lthat a k\u00e9t finom gy\u00fcm\u00f6lcs\u00edz k\u00f6z\u00f6tt. A v\u00e1ltoztathat\u00f3 l\u00e9g\u00e1raml\u00e1s lehet\u0151v\u00e9 teszi a g\u0151z intenzit\u00e1s\u00e1nak egy\u00e9ni be\u00e1ll\u00edt\u00e1s\u00e1t, m\u00edg az 1,0 \u03a9-os h\u00e1l\u00f3s tekercs optim\u00e1lis \u00edz\u00e1tvitelt biztos\u00edt. A nagy teljes\u00edtm\u00e9ny\u0171, 850 mAh kapacit\u00e1s\u00fa akkumul\u00e1tor C t\u00edpus\u00fa gyorst\u00f6lt\u00e9si technol\u00f3gi\u00e1val garant\u00e1lja a hosszan tart\u00f3 haszn\u00e1latra val\u00f3 k\u00e9szenl\u00e9tet, az \u00e1ttekinthet\u0151 LCD kijelz\u0151 pedig minden fontos inform\u00e1ci\u00f3t egy pillant\u00e1ssal megjelen\u00edt.<\/p>\n<h3 class=\"text-lg font-bold text-text-100 mt-1 -mb-1.5\">A Bang King 50000 Watermelon\/Blueberry Cherry legfontosabb jellemz\u0151i:<\/h3>\n<p class=\"whitespace-normal break-words\">Az ak\u00e1r 50 000 slukkol\u00e1ssal ez a k\u00e9sz\u00fcl\u00e9k \u00faj m\u00e9rc\u00e9t \u00e1ll\u00edt fel az eldobhat\u00f3 e-cigarett\u00e1k ter\u00fclet\u00e9n. A nagyvonal\u00fa 50 ml folyad\u00e9ktartal\u00e9k teljesen kik\u00fcsz\u00f6b\u00f6li az \u00fajrat\u00f6lt\u00e9s sz\u00fcks\u00e9gess\u00e9g\u00e9t. A robusztus 850 mAh-s akkumul\u00e1tor v\u00e9gig egyenletes teljes\u00edtm\u00e9nyt biztos\u00edt, \u00e9s megb\u00edzhat\u00f3 p\u00e1rologtat\u00e1si \u00e9lm\u00e9nyt ny\u00fajt az elej\u00e9t\u0151l a v\u00e9g\u00e9ig.<\/p>\n<p class=\"whitespace-normal break-words\">N\u00e9gy k\u00fcl\u00f6nb\u00f6z\u0151 nikotinszint k\u00f6z\u00fcl v\u00e1laszthat: 0%, 2%, 3% vagy 5%. Ez a v\u00e1laszt\u00e9k lehet\u0151v\u00e9 teszi a kezd\u0151k \u00e9s a tapasztalt felhaszn\u00e1l\u00f3k sz\u00e1m\u00e1ra egyar\u00e1nt, hogy megtal\u00e1lj\u00e1k az ig\u00e9nyeiknek megfelel\u0151 ide\u00e1lis nikotiner\u0151ss\u00e9get - ak\u00e1r a nikotinr\u00f3l val\u00f3 leszok\u00e1shoz, ak\u00e1r az intenz\u00edvebb \u00e9lvezethez.<\/p>\n<p class=\"whitespace-normal break-words\">A Bang King 50000 leny\u0171g\u00f6z\u0151 kapacit\u00e1sa ellen\u00e9re a Bang King 50000 v\u00e9kony, k\u00e9zre\u00e1ll\u00f3 form\u00e1tum\u00e1val ny\u0171g\u00f6z le. A k\u00e9t \u00edz - l\u00e9d\u00fas g\u00f6r\u00f6gdinnye \u00e9s az \u00e1fonya \u00e9s cseresznye gy\u00fcm\u00f6lcs\u00f6s kombin\u00e1ci\u00f3ja - egy gombnyom\u00e1ssal v\u00e1lthat\u00f3, \u00e9s minden pillanatban v\u00e1ltozatos vaping-\u00e9lvezetet k\u00edn\u00e1l.<\/p>\n<h3 class=\"text-lg font-bold text-text-100 mt-1 -mb-1.5\">M\u0171szaki adatok:<\/h3>\n<p class=\"whitespace-normal break-words\"><strong>Vonatok sz\u00e1ma:<\/strong> Ak\u00e1r 50,000 f\u00faj\u00e1s<br \/>\n<strong>P\u00e1rologtat\u00f3:<\/strong> Mesh tekercs 1.0 Ohm<br \/>\n<strong>Foly\u00e9kony t\u00e9rfogat:<\/strong> 50 ml<br \/>\n<strong>Nikotin er\u0151ss\u00e9g:<\/strong> 0% \/ 2% \/ 3% \/ 5%<br \/>\n<strong>Akkumul\u00e1tor kapacit\u00e1s:<\/strong> 850 mAh<br \/>\n<strong>T\u00f6lt\u00e9si funkci\u00f3:<\/strong> C t\u00edpus\u00fa \u00fajrat\u00f6lthet\u0151<br \/>\n<strong>Megjelen\u00edt\u00e9s:<\/strong> LCD digit\u00e1lis kijelz\u0151<br \/>\n<strong>\u00cdzprofilok:<\/strong> Kett\u0151s \u00edz<\/p>\n<h3 class=\"text-lg font-bold text-text-100 mt-1 -mb-1.5\">Fedezzen fel t\u00f6bb BANG VAPE-t a fumotpuff-on<\/h3>\n<p class=\"whitespace-normal break-words\">Tov\u00e1bbi els\u0151 oszt\u00e1ly\u00fa vape term\u00e9keket keres? Vessen egy pillant\u00e1st a <strong><a class=\"underline\" href=\"https:\/\/fumotpuff.com\/hu\/\">Kezd\u0151lap<\/a><\/strong> \u00e9s fedezze fel leg\u00fajabb term\u00e9keinket. \u00c1tfog\u00f3 <strong><a class=\"underline\" href=\"https:\/\/fumotpuff.com\/hu\/product-category\/bang-vape\/\">BANG VAPE kateg\u00f3ria<\/a><\/strong> a BANG teljes term\u00e9kpalett\u00e1j\u00e1t megtal\u00e1lja. A Bang King 50000 minden \u00edz\u00e9ben v\u00e1rja \u00d6nt a <strong><a class=\"underline\" href=\"https:\/\/fumotpuff.com\/hu\/product-category\/bang-vape\/bang-king-50000\/\">Bang King 50000 kollekci\u00f3<\/a><\/strong>.<\/p>","protected":false},"excerpt":{"rendered":"<p class=\"whitespace-normal break-words\">A Bang King 50000 Watermelon\/Blueberry Cherry 50 000 puffot k\u00edn\u00e1l k\u00e9t gy\u00fcm\u00f6lcs\u00f6s \u00edzben: l\u00e9d\u00fas g\u00f6r\u00f6gdinnye \u00e9s \u00e1fonya meggy. Az 50 ml e-folyad\u00e9kkal, 850mAh akkumul\u00e1torral, 1,0\u03a9-os h\u00e1l\u00f3s tekerccsel, LCD kijelz\u0151vel \u00e9s Type-C t\u00f6lt\u00e9ssel ez az eldobhat\u00f3 e-cigaretta hosszan tart\u00f3 \u00edzt \u00e9s maxim\u00e1lis rugalmass\u00e1got biztos\u00edt az \u00edzek v\u00e1lt\u00e1sakor.<\/p>","protected":false},"featured_media":3661,"comment_status":"open","ping_status":"closed","template":"","meta":{"_acf_changed":false},"product_brand":[],"product_cat":[40],"product_tag":[],"class_list":{"0":"post-3660","1":"product","2":"type-product","3":"status-publish","4":"has-post-thumbnail","6":"product_cat-bang-king-50000","8":"first","9":"instock","10":"shipping-taxable","11":"purchasable","12":"product-type-variable"},"acf":[],"_links":{"self":[{"href":"https:\/\/fumotpuff.com\/hu\/wp-json\/wp\/v2\/product\/3660","targetHints":{"allow":["GET"]}}],"collection":[{"href":"https:\/\/fumotpuff.com\/hu\/wp-json\/wp\/v2\/product"}],"about":[{"href":"https:\/\/fumotpuff.com\/hu\/wp-json\/wp\/v2\/types\/product"}],"replies":[{"embeddable":true,"href":"https:\/\/fumotpuff.com\/hu\/wp-json\/wp\/v2\/comments?post=3660"}],"wp:featuredmedia":[{"embeddable":true,"href":"https:\/\/fumotpuff.com\/hu\/wp-json\/wp\/v2\/media\/3661"}],"wp:attachment":[{"href":"https:\/\/fumotpuff.com\/hu\/wp-json\/wp\/v2\/media?parent=3660"}],"wp:term":[{"taxonomy":"product_brand","embeddable":true,"href":"https:\/\/fumotpuff.com\/hu\/wp-json\/wp\/v2\/product_brand?post=3660"},{"taxonomy":"product_cat","embeddable":true,"href":"https:\/\/fumotpuff.com\/hu\/wp-json\/wp\/v2\/product_cat?post=3660"},{"taxonomy":"product_tag","embeddable":true,"href":"https:\/\/fumotpuff.com\/hu\/wp-json\/wp\/v2\/product_tag?post=3660"}],"curies":[{"name":"wp","href":"https:\/\/api.w.org\/{rel}","templated":true}]}}