{"id":3427,"date":"2025-10-21T05:45:44","date_gmt":"2025-10-21T03:45:44","guid":{"rendered":"https:\/\/fumotpuff.com\/?post_type=product&#038;p=3427"},"modified":"2025-10-21T05:45:58","modified_gmt":"2025-10-21T03:45:58","slug":"bang-legend-110k-peach-mango-watermelon-cherry-cola-passionfruit-kiwi-lime","status":"publish","type":"product","link":"https:\/\/fumotpuff.com\/hu\/termek\/bang-legend-110k-peach-mango-watermelon-cherry-cola-passionfruit-kiwi-lime\/","title":{"rendered":"Bang Legenda 110K Barack Mang\u00f3 G\u00f6r\u00f6gdinnye\/Cseresznye Cola\/Passi\u00f3 Kiwi Lime"},"content":{"rendered":"<h2 class=\"text-xl font-bold text-text-100 mt-1 -mb-0.5\">Bang Legenda 110K Barack Mang\u00f3 g\u00f6r\u00f6gdinnye\/Cseresznye Cola\/Passi\u00f3 gy\u00fcm\u00f6lcs Kiwi Lime eldobhat\u00f3 Vape<\/h2>\n<p class=\"whitespace-normal break-words\">A Bang Legend 110K a Peach Mango Watermelon, a Cherry Cola \u00e9s a Passionfruit Kiwi Lime h\u00e1rom rendk\u00edv\u00fcli \u00edzt k\u00edn\u00e1l egyetlen kompakt vape rendszerben. \u00c9lvezze az ak\u00e1r 110 000 slukkot, \u00e9s v\u00e1ltson a tr\u00f3pusi h\u00e1rmas gy\u00fcm\u00f6lcskombin\u00e1ci\u00f3, a nosztalgikus cseresznye k\u00f3la \u00edz \u00e9s az egzotikus maracuja \u00e9s citrusf\u00e9l\u00e9k kever\u00e9ke k\u00f6z\u00f6tt.<\/p>\n<p class=\"whitespace-normal break-words\"><strong>A tr\u00f3pusokt\u00f3l a nosztalgikusig<\/strong><\/p>\n<p class=\"whitespace-normal break-words\">Ez a Bang Legend 110000 puffs e-cigaretta az \u00edzek sz\u00e9les v\u00e1laszt\u00e9k\u00e1t k\u00edn\u00e1lja. A Peach Mango Watermelon h\u00e1rom ny\u00e1ri gy\u00fcm\u00f6lcs\u00f6t egyes\u00edt, a Cherry Cola a klasszikus \u00fcd\u00edt\u0151italok eml\u00e9k\u00e9t id\u00e9zi, m\u00edg a Passionfruit Kiwi Lime egzotikus komplexit\u00e1ssal lep meg. Mindh\u00e1rom \u00edz k\u00fcl\u00f6n-k\u00fcl\u00f6n is aktiv\u00e1lhat\u00f3, \u00e9s egyedi g\u0151z\u00f6l\u00e9si \u00e9lm\u00e9nyt ny\u00fajt.<\/p>\n<p class=\"whitespace-normal break-words\">A nagy teljes\u00edtm\u00e9ny\u0171, 600 mAh kapacit\u00e1s\u00fa akkumul\u00e1tor C-t\u00edpus\u00fa gyorst\u00f6lt\u00e9ssel folyamatosan gondoskodik a k\u00e9sz\u00fcl\u00e9k ell\u00e1t\u00e1s\u00e1r\u00f3l. A modern 1,0\u03a9-os h\u00e1l\u00f3s tekercstechnol\u00f3gia terjedelmes, arom\u00e1s g\u0151zt termel kiv\u00e1l\u00f3 \u00edzh\u0171s\u00e9ggel.<\/p>\n<p class=\"whitespace-normal break-words\">A 20 ml-es e-folyad\u00e9k kapacit\u00e1s a testreszabhat\u00f3 nikotiner\u0151ss\u00e9ggel (0%, 2%, 3%, 5%) kombin\u00e1lva garant\u00e1lja a hosszan tart\u00f3, szem\u00e9lyre szabott \u00e9lvezetet.<\/p>\n<p class=\"whitespace-normal break-words\"><strong>M\u0171szaki jellemz\u0151k:<\/strong><\/p>\n<p class=\"whitespace-normal break-words\"><strong>\u00d6sszes vonat:<\/strong> 110.000<br \/>\n<strong>Akkumul\u00e1tor kapacit\u00e1s:<\/strong> 600mAh \u00fajrat\u00f6lthet\u0151 C-t\u00edpus\u00fa<br \/>\n<strong>Tart\u00e1ly t\u00e9rfogata:<\/strong> 20ml<br \/>\n<strong>Tekercs t\u00edpusa:<\/strong> 1.0\u03a9 Mesh tekercs<br \/>\n<strong>Nikotinopci\u00f3k:<\/strong> 0%, 2%, 3%, 5%<br \/>\n<strong>\u00cdzv\u00e1lt\u00e1s:<\/strong> 3 az 1-ben rendszer<br \/>\n<strong>Aktiv\u00e1l\u00e1s:<\/strong> Vonat-alap\u00fa automatikus rendszer<br \/>\n<strong>Bet\u00f6lt\u00e9si id\u0151:<\/strong> 40 perc<\/p>\n<h3 class=\"text-lg font-bold text-text-100 mt-1 -mb-1.5\">Fedezzen fel t\u00f6bb BANG VAPE-t a fumotpuff-on<\/h3>\n<p class=\"whitespace-normal break-words\">V\u00e1s\u00e1roljon a <strong><a class=\"underline\" href=\"https:\/\/fumotpuff.com\/hu\/\">Fumot Puff<\/a><\/strong> \u00e9s \u00e9lvezze a bizony\u00edtott min\u0151s\u00e9g \u00e9s az \u00fcgyfelek el\u00e9gedetts\u00e9g\u00e9nek el\u0151nyeit. Fedezze fel a teljes <strong><a class=\"underline\" href=\"https:\/\/fumotpuff.com\/hu\/product-category\/bang-vape\/\">BANG VAPE sorozat<\/a><\/strong> forradalmi funkci\u00f3kkal. Az \u00f6sszes \u00edzben a <strong><a class=\"underline\" href=\"https:\/\/fumotpuff.com\/hu\/product-category\/bang-vape\/bang-legend-110k\/\">Bang Legenda 110k vonal<\/a><\/strong> megtal\u00e1lhat\u00f3 \u00fczlet\u00fcnkben.<\/p>","protected":false},"excerpt":{"rendered":"<p class=\"whitespace-normal break-words\">A Bang Legend 110K Peach Mango Watermelon\/Cherry Cola\/Passionfruit Kiwi Lime 110 000 slukkot k\u00edn\u00e1l h\u00e1rom rendk\u00edv\u00fcli \u00edzben. 20ml e-folyad\u00e9kkal, 600mAh \u00fajrat\u00f6lthet\u0151 akkumul\u00e1torral \u00e9s 1,0\u03a9-os h\u00e1l\u00f3s tekerccsel. Rugalmasan v\u00e1laszthat\u00f3 0-5% nikotinban. C t\u00edpus\u00fa gyorst\u00f6lt\u00e9s 40 perc alatt.<\/p>","protected":false},"featured_media":3429,"comment_status":"open","ping_status":"closed","template":"","meta":{"_acf_changed":false},"product_brand":[],"product_cat":[37],"product_tag":[],"class_list":{"0":"post-3427","1":"product","2":"type-product","3":"status-publish","4":"has-post-thumbnail","6":"product_cat-bang-legend-110k","8":"first","9":"instock","10":"shipping-taxable","11":"purchasable","12":"product-type-variable"},"acf":[],"_links":{"self":[{"href":"https:\/\/fumotpuff.com\/hu\/wp-json\/wp\/v2\/product\/3427","targetHints":{"allow":["GET"]}}],"collection":[{"href":"https:\/\/fumotpuff.com\/hu\/wp-json\/wp\/v2\/product"}],"about":[{"href":"https:\/\/fumotpuff.com\/hu\/wp-json\/wp\/v2\/types\/product"}],"replies":[{"embeddable":true,"href":"https:\/\/fumotpuff.com\/hu\/wp-json\/wp\/v2\/comments?post=3427"}],"wp:featuredmedia":[{"embeddable":true,"href":"https:\/\/fumotpuff.com\/hu\/wp-json\/wp\/v2\/media\/3429"}],"wp:attachment":[{"href":"https:\/\/fumotpuff.com\/hu\/wp-json\/wp\/v2\/media?parent=3427"}],"wp:term":[{"taxonomy":"product_brand","embeddable":true,"href":"https:\/\/fumotpuff.com\/hu\/wp-json\/wp\/v2\/product_brand?post=3427"},{"taxonomy":"product_cat","embeddable":true,"href":"https:\/\/fumotpuff.com\/hu\/wp-json\/wp\/v2\/product_cat?post=3427"},{"taxonomy":"product_tag","embeddable":true,"href":"https:\/\/fumotpuff.com\/hu\/wp-json\/wp\/v2\/product_tag?post=3427"}],"curies":[{"name":"wp","href":"https:\/\/api.w.org\/{rel}","templated":true}]}}