{"id":3399,"date":"2025-10-21T05:35:11","date_gmt":"2025-10-21T03:35:11","guid":{"rendered":"https:\/\/fumotpuff.com\/?post_type=product&#038;p=3399"},"modified":"2025-10-21T05:35:12","modified_gmt":"2025-10-21T03:35:12","slug":"bang-legend-110k-strawberry-kiwi-black-dragon-ice-lemon-lime","status":"publish","type":"product","link":"https:\/\/fumotpuff.com\/hu\/termek\/bang-legend-110k-strawberry-kiwi-black-dragon-ice-lemon-lime\/","title":{"rendered":"Bang Legenda 110K Eper Kiwi\/Fekete S\u00e1rk\u00e1ny J\u00e9g\/Zitrom Lime"},"content":{"rendered":"<h2 class=\"text-xl font-bold text-text-100 mt-1 -mb-0.5\">Bang Legenda 110K Eper Kiwi\/Fekete S\u00e1rk\u00e1ny J\u00e9g\/Lemon Lime eldobhat\u00f3 vape<\/h2>\n<p class=\"whitespace-normal break-words\">A Bang Legend 110K Strawberry Kiwi, Black Dragon Ice \u00e9s Lemon Lime h\u00e1rom ellent\u00e9tes \u00edzvil\u00e1got egyes\u00edt egy k\u00e9sz\u00fcl\u00e9kben. \u00c9lvezze az ak\u00e1r 110 000 slukkot a tr\u00f3pusi-gy\u00fcm\u00f6lcs\u00f6s eper-kiwi kombin\u00e1ci\u00f3val, a misztikus-f\u0171szeres Black Dragon Ice \u00edzzel \u00e9s a fanyar citromos-lime-os frissess\u00e9ggel - k\u00edv\u00e1ns\u00e1gai szerint b\u00e1rmikor v\u00e1lthat -.<\/p>\n<p class=\"whitespace-normal break-words\"><strong>Kontrasztok, amelyek inspir\u00e1lnak<\/strong><\/p>\n<p class=\"whitespace-normal break-words\">Ez a Bang Legend 110000 puffs vape a legk\u00fcl\u00f6nb\u00f6z\u0151bb hangulatokat \u00e9s pillanatokat szolg\u00e1lja ki. A Strawberry Kiwi harmonikus gy\u00fcm\u00f6lcs\u00f6ss\u00e9g\u00e9vel ny\u0171g\u00f6z le, a Black Dragon Ice leny\u0171g\u00f6z intenz\u00edv h\u0171v\u00f6ss\u00e9g\u00e9vel \u00e9s titokzatos m\u00e9lys\u00e9g\u00e9vel, m\u00edg a Lemon Lime tiszta citrusos frissess\u00e9get k\u00edn\u00e1l. A 3 az 1-ben technol\u00f3gia lehet\u0151v\u00e9 teszi a spont\u00e1n v\u00e1lt\u00e1st e h\u00e1rom er\u0151s \u00edz k\u00f6z\u00f6tt.<\/p>\n<p class=\"whitespace-normal break-words\">A hossz\u00fa \u00e9lettartam\u00fa 600mAh-s akkumul\u00e1tor C-t\u00edpus\u00fa t\u00f6lt\u00e9si szabv\u00e1ny biztos\u00edtja a gyors energiaell\u00e1t\u00e1st. A prec\u00edz 1,0\u03a9-os h\u00e1l\u00f3s tekercsszerkezet k\u00f6vetkezetesen kiv\u00e1l\u00f3 min\u0151s\u00e9g\u0171 g\u0151zt termel optim\u00e1lis \u00edzkifejl\u0151d\u00e9ssel.<\/p>\n<p class=\"whitespace-normal break-words\">A 20 ml-es e-folyad\u00e9k tart\u00e1ly \u00e9s a rugalmas nikotinkoncentr\u00e1ci\u00f3k (0%, 2%, 3%, 5%) r\u00e9v\u00e9n hossz\u00fa id\u0151n kereszt\u00fcl \u00e9lvezheti a szem\u00e9lyre szabott p\u00e1rologtat\u00e1s \u00f6r\u00f6m\u00e9t.<\/p>\n<p class=\"whitespace-normal break-words\"><strong>Felszerelts\u00e9gi jellemz\u0151k:<\/strong><\/p>\n<p class=\"whitespace-normal break-words\"><strong>\u00d6sszes vonat:<\/strong> 110.000<br \/>\n<strong>Akkumul\u00e1tor t\u00edpusa:<\/strong> 600mAh \u00fajrat\u00f6lthet\u0151 C-t\u00edpus\u00fa<br \/>\n<strong>T\u00f6lt\u00e9si mennyis\u00e9g:<\/strong> 20ml<br \/>\n<strong>Tekercsrendszer:<\/strong> 1.0\u03a9 Mesh tekercs<br \/>\n<strong>Nikotin er\u0151ss\u00e9g:<\/strong> 0%, 2%, 3%, 5%<br \/>\n<strong>\u00cdzjegyek:<\/strong> 3 az 1-ben cser\u00e9lhet\u0151<br \/>\n<strong>Aktiv\u00e1l\u00e1si m\u00f3d:<\/strong> Rajz-aktiv\u00e1lt<br \/>\n<strong>Gyors t\u00f6lt\u00e9s:<\/strong> 40 perc<\/p>\n<h3 class=\"text-lg font-bold text-text-100 mt-1 -mb-1.5\">Fedezzen fel t\u00f6bb BANG VAPE-t a fumotpuff-on<\/h3>\n<p class=\"whitespace-normal break-words\">A  c\u00edmen <strong><a class=\"underline\" href=\"https:\/\/fumotpuff.com\/hu\/\">Fumot Puff<\/a><\/strong> pr\u00e9mium min\u0151s\u00e9get tal\u00e1lsz tisztess\u00e9ges \u00e1ron. Fedezze fel a v\u00e1ltozatos <strong><a class=\"underline\" href=\"https:\/\/fumotpuff.com\/hu\/product-category\/bang-vape\/\">BANG VAPE term\u00e9kcsal\u00e1d<\/a><\/strong> innovat\u00edv funkci\u00f3kkal. A teljes <strong><a class=\"underline\" href=\"https:\/\/fumotpuff.com\/hu\/product-category\/bang-vape\/bang-legend-110k\/\">Bang Legenda 110k \u00edzvil\u00e1g<\/a><\/strong> arra v\u00e1r, hogy felfedezd.<\/p>","protected":false},"excerpt":{"rendered":"<p class=\"whitespace-normal break-words\">A Bang Legend 110K Strawberry Kiwi\/Black Dragon Ice\/Lemon Lime 110 000 slukkot k\u00edn\u00e1l h\u00e1rom kontrasztos \u00edzben. 20 ml e-folyad\u00e9kkal, 600mAh-s \u00fajrat\u00f6lthet\u0151 akkumul\u00e1torral \u00e9s 1,0\u03a9-os h\u00e1l\u00f3s tekerccsel az intenz\u00edv \u00edz\u00e9lm\u00e9nyek\u00e9rt. Rugalmasan v\u00e1laszthat\u00f3 0-5% nikotin. C t\u00edpus\u00fa gyorst\u00f6lt\u00e9s 40 perc alatt.<\/p>","protected":false},"featured_media":3401,"comment_status":"open","ping_status":"closed","template":"","meta":{"_acf_changed":false},"product_brand":[],"product_cat":[37],"product_tag":[],"class_list":{"0":"post-3399","1":"product","2":"type-product","3":"status-publish","4":"has-post-thumbnail","6":"product_cat-bang-legend-110k","8":"first","9":"instock","10":"shipping-taxable","11":"purchasable","12":"product-type-variable"},"acf":[],"_links":{"self":[{"href":"https:\/\/fumotpuff.com\/hu\/wp-json\/wp\/v2\/product\/3399","targetHints":{"allow":["GET"]}}],"collection":[{"href":"https:\/\/fumotpuff.com\/hu\/wp-json\/wp\/v2\/product"}],"about":[{"href":"https:\/\/fumotpuff.com\/hu\/wp-json\/wp\/v2\/types\/product"}],"replies":[{"embeddable":true,"href":"https:\/\/fumotpuff.com\/hu\/wp-json\/wp\/v2\/comments?post=3399"}],"wp:featuredmedia":[{"embeddable":true,"href":"https:\/\/fumotpuff.com\/hu\/wp-json\/wp\/v2\/media\/3401"}],"wp:attachment":[{"href":"https:\/\/fumotpuff.com\/hu\/wp-json\/wp\/v2\/media?parent=3399"}],"wp:term":[{"taxonomy":"product_brand","embeddable":true,"href":"https:\/\/fumotpuff.com\/hu\/wp-json\/wp\/v2\/product_brand?post=3399"},{"taxonomy":"product_cat","embeddable":true,"href":"https:\/\/fumotpuff.com\/hu\/wp-json\/wp\/v2\/product_cat?post=3399"},{"taxonomy":"product_tag","embeddable":true,"href":"https:\/\/fumotpuff.com\/hu\/wp-json\/wp\/v2\/product_tag?post=3399"}],"curies":[{"name":"wp","href":"https:\/\/api.w.org\/{rel}","templated":true}]}}