{"id":3392,"date":"2025-10-21T05:31:59","date_gmt":"2025-10-21T03:31:59","guid":{"rendered":"https:\/\/fumotpuff.com\/?post_type=product&#038;p=3392"},"modified":"2025-10-21T05:32:14","modified_gmt":"2025-10-21T03:32:14","slug":"bang-legend-110k-blueberry-raspberry-gummy-bear-watermelon-pitaya","status":"publish","type":"product","link":"https:\/\/fumotpuff.com\/hu\/termek\/bang-legend-110k-blueberry-raspberry-gummy-bear-watermelon-pitaya\/","title":{"rendered":"Bang Legenda 110K \u00c1fonya-m\u00e1lna\/Gumimaci\/ g\u00f6r\u00f6gdinnye-pitaya"},"content":{"rendered":"<h2 class=\"text-xl font-bold text-text-100 mt-1 -mb-0.5\">Bang Legenda 110K \u00c1fonya m\u00e1lna \/ gumimack\u00f3 \/ g\u00f6r\u00f6gdinnye \/ pitaya eldobhat\u00f3 vape<\/h2>\n<p class=\"whitespace-normal break-words\">Tapasztald meg az \u00e1fonya-m\u00e1lna, a gumimacik \u00e9s a g\u00f6r\u00f6gdinnye-pitaya rendk\u00edv\u00fcli kombin\u00e1ci\u00f3j\u00e1t a Bang Legend 110K-val. Ez a t\u00f6bb \u00edz\u0171 k\u00e9sz\u00fcl\u00e9k ak\u00e1r 110 000 slukkot \u00e9s h\u00e1rom f\u00fcggetlen \u00edzprofilt k\u00edn\u00e1l: intenz\u00edv bogy\u00f3s gy\u00fcm\u00f6lcs harm\u00f3nia, \u00e9des gumimacis nosztalgia \u00e9s egzotikus s\u00e1rk\u00e1nygy\u00fcm\u00f6lcs-dinnye f\u00fazi\u00f3.<\/p>\n<p class=\"whitespace-normal break-words\"><strong>A klasszikus \u00e9dest\u0151l az egzotikus gy\u00fcm\u00f6lcs\u00f6sig<\/strong><\/p>\n<p class=\"whitespace-normal break-words\">A Bang Legend 110000 Puffs Eldobhat\u00f3 Vape ezzel a h\u00e1rom \u00edzzel az \u00edzek sz\u00e9les sk\u00e1l\u00e1j\u00e1t lefedi. Az \u00e1fony\u00e1s m\u00e1lna autentikus bogy\u00f3s gy\u00fcm\u00f6lcs\u00f6k erej\u00e9t ny\u00fajtja, a Gummy Bear \u00e9des gyermekkori eml\u00e9keket id\u00e9z, m\u00edg a Watermelon Pitaya egzotikus \u00edz\u00e9vel lep meg. Az intelligens \u00edzv\u00e1lt\u00e1snak k\u00f6sz\u00f6nhet\u0151en minden helyzetben eld\u00f6ntheted, hogy melyik \u00edz k\u00eds\u00e9rjen el.<\/p>\n<p class=\"whitespace-normal break-words\">A megb\u00edzhat\u00f3 600mAh-s akkumul\u00e1torral \u00e9s a C t\u00edpus\u00fa gyorst\u00f6lt\u0151 porttal rugalmasan mobil maradhatsz. A rendk\u00edv\u00fcl hat\u00e9kony 1,0\u03a9-os h\u00e1l\u00f3s tekercs garant\u00e1lja az egyenletesen s\u0171r\u0171 g\u0151zk\u00e9pz\u0151d\u00e9st \u00e1rnyalt \u00edzvisszaad\u00e1ssal.<\/p>\n<p class=\"whitespace-normal break-words\">A 20 ml-es tart\u00e1ly kapacit\u00e1sa \u00e9s a testreszabhat\u00f3 nikotinszintek (0%, 2%, 3%, 5%) kombin\u00e1ci\u00f3ja hosszan tart\u00f3 el\u00e9gedetts\u00e9get biztos\u00edt mindenf\u00e9le g\u0151z\u00f6l\u00e9si st\u00edlushoz.<\/p>\n<p class=\"whitespace-normal break-words\"><strong>Term\u00e9kle\u00edr\u00e1sok:<\/strong><\/p>\n<p class=\"whitespace-normal break-words\"><strong>Maxim\u00e1lis mozg\u00e1sok:<\/strong> 110.000<br \/>\n<strong>Akkumul\u00e1torteljes\u00edtm\u00e9ny:<\/strong> 600mAh \u00fajrat\u00f6lthet\u0151 C-t\u00edpus\u00fa<br \/>\n<strong>Tart\u00e1lym\u00e9ret:<\/strong> 20ml<br \/>\n<strong>P\u00e1rologtat\u00f3 fej:<\/strong> 1.0\u03a9 Mesh tekercs<br \/>\n<strong>Nikotinopci\u00f3k:<\/strong> 0%, 2%, 3%, 5%<br \/>\n<strong>\u00cdzv\u00e1lt\u00e1s:<\/strong> 3 az 1-ben rendszer<br \/>\n<strong>M\u0171k\u00f6d\u00e9si m\u00f3d:<\/strong> Automatikus vonataktiv\u00e1l\u00e1s<br \/>\n<strong>T\u00f6lt\u00e9si id\u0151:<\/strong> 40 perc<\/p>\n<h3 class=\"text-lg font-bold text-text-100 mt-1 -mb-1.5\">Fedezzen fel t\u00f6bb BANG VAPE-t a fumotpuff-on<\/h3>\n<p class=\"whitespace-normal break-words\">B\u00edzzon a <strong><a class=\"underline\" href=\"https:\/\/fumotpuff.com\/hu\/\">Fumot Puff<\/a><\/strong> mint a pr\u00e9mium vapes megb\u00edzhat\u00f3 online boltja. B\u00f6ng\u00e9sszen a teljes <strong><a class=\"underline\" href=\"https:\/\/fumotpuff.com\/hu\/product-category\/bang-vape\/\">BANG VAPE v\u00e1laszt\u00e9k<\/a><\/strong> \u00fatt\u00f6r\u0151 term\u00e9kekkel. Minden \u00edzben a <strong><a class=\"underline\" href=\"https:\/\/fumotpuff.com\/hu\/product-category\/bang-vape\/bang-legend-110k\/\">Bang Legenda 110k sorozat<\/a><\/strong> k\u00f6z\u00fcl v\u00e1laszthat.<\/p>","protected":false},"excerpt":{"rendered":"<p class=\"whitespace-normal break-words\">A Bang Legend 110K Blueberry Raspberry\/Gummy Bear\/Watermelon Pitaya 110 000 slukkot k\u00edn\u00e1l h\u00e1rom sokoldal\u00fa \u00edzben. 20 ml e-folyad\u00e9kkal, 600mAh-s \u00fajrat\u00f6lthet\u0151 akkumul\u00e1torral \u00e9s 1,0\u03a9-os h\u00e1l\u00f3s tekerccsel az intenz\u00edv \u00edz\u00e9lm\u00e9nyek\u00e9rt. Rugalmasan v\u00e1laszthat\u00f3 0-5% nikotin. C t\u00edpus\u00fa gyorst\u00f6lt\u00e9s 40 perc alatt.<\/p>","protected":false},"featured_media":3394,"comment_status":"open","ping_status":"closed","template":"","meta":{"_acf_changed":false},"product_brand":[],"product_cat":[37],"product_tag":[],"class_list":{"0":"post-3392","1":"product","2":"type-product","3":"status-publish","4":"has-post-thumbnail","6":"product_cat-bang-legend-110k","8":"first","9":"instock","10":"shipping-taxable","11":"purchasable","12":"product-type-variable"},"acf":[],"_links":{"self":[{"href":"https:\/\/fumotpuff.com\/hu\/wp-json\/wp\/v2\/product\/3392","targetHints":{"allow":["GET"]}}],"collection":[{"href":"https:\/\/fumotpuff.com\/hu\/wp-json\/wp\/v2\/product"}],"about":[{"href":"https:\/\/fumotpuff.com\/hu\/wp-json\/wp\/v2\/types\/product"}],"replies":[{"embeddable":true,"href":"https:\/\/fumotpuff.com\/hu\/wp-json\/wp\/v2\/comments?post=3392"}],"wp:featuredmedia":[{"embeddable":true,"href":"https:\/\/fumotpuff.com\/hu\/wp-json\/wp\/v2\/media\/3394"}],"wp:attachment":[{"href":"https:\/\/fumotpuff.com\/hu\/wp-json\/wp\/v2\/media?parent=3392"}],"wp:term":[{"taxonomy":"product_brand","embeddable":true,"href":"https:\/\/fumotpuff.com\/hu\/wp-json\/wp\/v2\/product_brand?post=3392"},{"taxonomy":"product_cat","embeddable":true,"href":"https:\/\/fumotpuff.com\/hu\/wp-json\/wp\/v2\/product_cat?post=3392"},{"taxonomy":"product_tag","embeddable":true,"href":"https:\/\/fumotpuff.com\/hu\/wp-json\/wp\/v2\/product_tag?post=3392"}],"curies":[{"name":"wp","href":"https:\/\/api.w.org\/{rel}","templated":true}]}}