{"id":3265,"date":"2025-10-18T05:56:36","date_gmt":"2025-10-18T03:56:36","guid":{"rendered":"https:\/\/fumotpuff.com\/?post_type=product&#038;p=3265"},"modified":"2025-10-18T05:56:36","modified_gmt":"2025-10-18T03:56:36","slug":"bang-leader-80000-avocado-ice-lemon-lime-watermelon-raspberry","status":"publish","type":"product","link":"https:\/\/fumotpuff.com\/hu\/termek\/bang-leader-80000-avocado-ice-lemon-lime-watermelon-raspberry\/","title":{"rendered":"Bang Leader 80000 Avok\u00e1d\u00f3 j\u00e9g\/ Citrom lime\/ g\u00f6r\u00f6gdinnye m\u00e1lna"},"content":{"rendered":"<h2 class=\"text-xl font-bold text-text-100 mt-1 -mb-0.5\">Bang Leader 80000 Avocado Ice\/Lemon Lime\/Watermelon Raspberry eldobhat\u00f3 vape<\/h2>\n<p class=\"whitespace-normal break-words\">A Bang Leader 80000 egy nagy teljes\u00edtm\u00e9ny\u0171, eldobhat\u00f3 k\u00e9sz\u00fcl\u00e9ket testes\u00edt meg, hatalmas kapacit\u00e1ssal, amelyet olyan felhaszn\u00e1l\u00f3k sz\u00e1m\u00e1ra fejlesztettek ki, akik a rugalmass\u00e1got \u00e9s a kitart\u00e1st r\u00e9szes\u00edtik el\u0151nyben a p\u00e1rol\u00e1s sor\u00e1n. A fejlett 3 az 1-ben \u00edzrendszer h\u00e1rom f\u00fcggetlen 26 ml-es tart\u00e1lyt tartalmaz, amelyekben \u00f6sszesen 78 ml e-folyad\u00e9k tal\u00e1lhat\u00f3, \u00e9s lehet\u0151v\u00e9 teszi a k\u00f6nny\u0171 v\u00e1lt\u00e1st h\u00e1rom k\u00fcl\u00f6nb\u00f6z\u0151 \u00edz k\u00f6z\u00f6tt: friss\u00edt\u0151 avok\u00e1d\u00f3 j\u00e9ggel, fanyar citrom-lime kombin\u00e1ci\u00f3 \u00e9s gy\u00fcm\u00f6lcs\u00f6s g\u00f6r\u00f6gdinnye-m\u00e1lna kever\u00e9k.<\/p>\n<p class=\"whitespace-normal break-words\">Az alkalmazott 1.0 \u03a9 h\u00e1l\u00f3s p\u00e1rologtat\u00f3 technol\u00f3gia sima g\u0151zt termel er\u0151s \u00edzzel. Az \u00fajrat\u00f6lthet\u0151 850 mAh energiat\u00e1rol\u00f3 egys\u00e9g hosszabb \u00fczemid\u0151t biztos\u00edt, a Type-C gyorst\u00f6lt\u00e9si technol\u00f3gia pedig minimaliz\u00e1lja a v\u00e1rakoz\u00e1si id\u0151t.<\/p>\n<p class=\"whitespace-normal break-words\">A Bang Leader 80K 0 %, 2 %, 3 % \u00e9s 5 % nikotintartalommal kaphat\u00f3 - a Bang Leader 80K k\u00fcl\u00f6nb\u00f6z\u0151 felhaszn\u00e1l\u00f3i csoportokat sz\u00f3l\u00edt meg.<\/p>\n<h3 class=\"text-lg font-bold text-text-100 mt-1 -mb-1.5\">A Bang Leader 80000 teljes\u00edtm\u00e9nyjellemz\u0151i:<\/h3>\n<p class=\"whitespace-normal break-words\">Ez a p\u00e1rologtat\u00f3 term\u00e9k forradalmas\u00edtja a szabv\u00e1nyokat a hatalmas, ak\u00e1r 80.000 puffol\u00e1sra k\u00e9pes kapacit\u00e1s\u00e1val, \u00e9s kiv\u00e9teles konzisztenci\u00e1val \u00e9s \u00edzintenzit\u00e1ssal pontoz. Az els\u0151 v\u00e1laszt\u00e1s azoknak a neh\u00e9z felhaszn\u00e1l\u00f3knak, akik nagy mennyis\u00e9get \u00e9s els\u0151 oszt\u00e1ly\u00fa min\u0151s\u00e9get szeretn\u00e9nek egy st\u00edlusos, modern form\u00e1tumban.<\/p>\n<p class=\"whitespace-normal break-words\">A speci\u00e1lis 3 az 1-ben kamrarendszer lehet\u0151v\u00e9 teszi, hogy h\u00e1rom k\u00fcl\u00f6n\u00e1ll\u00f3 \u00edzt \u00e9lvezhessen egyetlen kompakt k\u00e9sz\u00fcl\u00e9kben. V\u00e1ltogassa az \u00edzeket tetsz\u00e9s szerint, vagy kombin\u00e1lja \u0151ket k\u00fcl\u00f6n-k\u00fcl\u00f6n - minden egyes slukkol\u00e1ssal \u00faj \u00edz\u00e1rnyalatokat \u00e9s maxim\u00e1lis \u00e9lvezetet tapasztalhat.<\/p>\n<p class=\"whitespace-normal break-words\">A 78 ml pr\u00e9mium e-folyad\u00e9kkal felszerelt k\u00e9sz\u00fcl\u00e9k garant\u00e1lja a hossz\u00fa t\u00e1v\u00fa haszn\u00e1latot \u00fajrat\u00f6lt\u00e9s n\u00e9lk\u00fcl. T\u00f6k\u00e9letes mobil haszn\u00e1latra \u00e9s folyamatos haszn\u00e1latra.<\/p>\n<p class=\"whitespace-normal break-words\">A nagy teljes\u00edtm\u00e9ny\u0171, 850 mAh-s akkumul\u00e1tor t\u00f6lt\u00e9si funkci\u00f3val t\u00f6bb \u00f3r\u00e1s \u00fczemid\u0151t \u00e9s gyors t\u00f6lt\u00e9st k\u00edn\u00e1l a Type-C porton kereszt\u00fcl, \u00edgy a k\u00e9sz\u00fcl\u00e9k mindig k\u00e9szen \u00e1ll a haszn\u00e1latra.<\/p>\n<p class=\"whitespace-normal break-words\">Az 1,0 \u03a9 ellen\u00e1ll\u00e1s\u00fa, be\u00e9p\u00edtett kett\u0151s tekercses technol\u00f3gia terjedelmes, arom\u00e1s g\u0151zt hoz l\u00e9tre, \u00e9s egyenletes, sima g\u0151z\u00e9lm\u00e9nyt ny\u00fajt az els\u0151t\u0151l az utols\u00f3 slukkig.<\/p>\n<p class=\"whitespace-normal break-words\">A Bang Leader 80000 0 %, 2 %, 3 % \u00e9s 5 % nikotinnal kaphat\u00f3 - a Bang Leader 80000 alkalmi \u00e9s gyakori vapereknek egyar\u00e1nt sz\u00f3l.<\/p>\n<h3 class=\"text-lg font-bold text-text-100 mt-1 -mb-1.5\">Term\u00e9kle\u00edr\u00e1sok:<\/h3>\n<p class=\"whitespace-normal break-words\"><strong>Vonatok sz\u00e1ma:<\/strong> Ak\u00e1r 80 000 vonat<br \/>\n<strong>Nikotin tartalom:<\/strong> 0 % \/ 2 % \/ 3 % \/ 5 %<br \/>\n<strong>\u00cdzek:<\/strong> Avok\u00e1d\u00f3 j\u00e9g, citromos lime, g\u00f6r\u00f6gdinny\u00e9s m\u00e1lna<br \/>\n<strong>E-folyad\u00e9k t\u00e9rfogata:<\/strong> 78 ml el\u0151ret\u00f6lt\u00f6tt (3 kapszula, egyenk\u00e9nt 26 ml)<br \/>\n<strong>Akkumul\u00e1tor:<\/strong> 850 mAh \u00fajrat\u00f6lthet\u0151<br \/>\n<strong>P\u00e1rologtat\u00f3:<\/strong> 1.0 \u03a9 H\u00e1l\u00f3s tekercs<br \/>\n<strong>T\u00f6lt\u00e9si interf\u00e9sz:<\/strong> C-t\u00edpus\u00fa<\/p>\n<h3 class=\"text-lg font-bold text-text-100 mt-1 -mb-1.5\">Fedezzen fel t\u00f6bb BANG VAPE-t a fumotpuff-on<\/h3>\n<p class=\"whitespace-normal break-words\">Fedezze fel a pr\u00e9mium g\u0151z \u00e9lvezet\u00e9t a <strong><a class=\"underline\" href=\"https:\/\/fumotpuff.com\/hu\/\">fumotpuff.com<\/a><\/strong> - A kiv\u00e1l\u00f3 min\u0151s\u00e9g\u0171 e-cigarett\u00e1k online boltja. A <strong><a class=\"underline\" href=\"https:\/\/fumotpuff.com\/hu\/product-category\/bang-vape\/\">BANG VAPE kollekci\u00f3<\/a><\/strong> innovat\u00edv megold\u00e1sokat k\u00edn\u00e1l minden ig\u00e9nyre. A Bang Leader 80000 minden \u00edz\u00e9t megtal\u00e1lja a k\u00f6vetkez\u0151 weboldalunkon <strong><a class=\"underline\" href=\"https:\/\/fumotpuff.com\/hu\/product-category\/bang-vape\/bang-leader-80000\/\">exkluz\u00edv \u00edzv\u00e1laszt\u00e9k<\/a><\/strong>.<\/p>","protected":false},"excerpt":{"rendered":"<div>\n<div class=\"grid-cols-1 grid gap-2.5 [&amp;_&gt;_*]:min-w-0\">\n<p class=\"whitespace-normal break-words\">Der Bang Leader 80000 Avocado Ice\/Lemon Lime\/Watermelon Raspberry vereint drei erfrischende Aromen: cremige Avocado mit Eisnote, spritzige Zitronen-Limetten-Kombination und fruchtige Wassermelonen-Himbeer-Mischung. Mit 78 ML E-Liquid, 80.000 Z\u00fcgen, 1,0\u03a9 Mesh-Coil und 850mAh-Akku \u2013 grenzenlose Frische!<\/p>\n<\/div>\n<\/div>\n<div>\n<div class=\"grid-cols-1 grid gap-2.5 [&amp;_&gt;_*]:min-w-0\"><\/div>\n<\/div>\n","protected":false},"featured_media":3266,"comment_status":"open","ping_status":"closed","template":"","meta":{"_acf_changed":false},"product_brand":[],"product_cat":[35],"product_tag":[],"class_list":{"0":"post-3265","1":"product","2":"type-product","3":"status-publish","4":"has-post-thumbnail","6":"product_cat-bang-leader-80000","8":"first","9":"instock","10":"shipping-taxable","11":"purchasable","12":"product-type-variable"},"acf":[],"_links":{"self":[{"href":"https:\/\/fumotpuff.com\/hu\/wp-json\/wp\/v2\/product\/3265","targetHints":{"allow":["GET"]}}],"collection":[{"href":"https:\/\/fumotpuff.com\/hu\/wp-json\/wp\/v2\/product"}],"about":[{"href":"https:\/\/fumotpuff.com\/hu\/wp-json\/wp\/v2\/types\/product"}],"replies":[{"embeddable":true,"href":"https:\/\/fumotpuff.com\/hu\/wp-json\/wp\/v2\/comments?post=3265"}],"wp:featuredmedia":[{"embeddable":true,"href":"https:\/\/fumotpuff.com\/hu\/wp-json\/wp\/v2\/media\/3266"}],"wp:attachment":[{"href":"https:\/\/fumotpuff.com\/hu\/wp-json\/wp\/v2\/media?parent=3265"}],"wp:term":[{"taxonomy":"product_brand","embeddable":true,"href":"https:\/\/fumotpuff.com\/hu\/wp-json\/wp\/v2\/product_brand?post=3265"},{"taxonomy":"product_cat","embeddable":true,"href":"https:\/\/fumotpuff.com\/hu\/wp-json\/wp\/v2\/product_cat?post=3265"},{"taxonomy":"product_tag","embeddable":true,"href":"https:\/\/fumotpuff.com\/hu\/wp-json\/wp\/v2\/product_tag?post=3265"}],"curies":[{"name":"wp","href":"https:\/\/api.w.org\/{rel}","templated":true}]}}