{"id":3230,"date":"2025-10-18T05:06:24","date_gmt":"2025-10-18T03:06:24","guid":{"rendered":"https:\/\/fumotpuff.com\/?post_type=product&#038;p=3230"},"modified":"2025-10-18T05:06:24","modified_gmt":"2025-10-18T03:06:24","slug":"bang-leader-80000-blueberry-ice-strawberry-and-banana-mixed-berries","status":"publish","type":"product","link":"https:\/\/fumotpuff.com\/hu\/termek\/bang-leader-80000-blueberry-ice-strawberry-and-banana-mixed-berries\/","title":{"rendered":"Bang Leader 80000 \u00c1fony\u00e1s j\u00e9g\/Eper \u00e9s ban\u00e1n\/Bogy\u00f3s gy\u00fcm\u00f6lcs\u00f6k kever\u00e9ke"},"content":{"rendered":"<h2 class=\"text-xl font-bold text-text-100 mt-1 -mb-0.5\">Bang Leader 80000 Blueberry Ice\/Eper \u00e9s Ban\u00e1n\/Bogy\u00f3s gy\u00fcm\u00f6lcs\u00f6k kever\u00e9ke eldobhat\u00f3 vape<\/h2>\n<p class=\"whitespace-normal break-words\">A Bang Leader 80000 egy nagy teljes\u00edtm\u00e9ny\u0171 eldobhat\u00f3 p\u00e1rologtat\u00f3 k\u00e9sz\u00fcl\u00e9k leny\u0171g\u00f6z\u0151 kapacit\u00e1ssal, amelyet olyan p\u00e1rol\u00f3knak terveztek, akiknek fontos a v\u00e1ltozatoss\u00e1g \u00e9s a tart\u00f3ss\u00e1g. Az innovat\u00edv 3 az 1-ben \u00edzrendszer h\u00e1rom k\u00fcl\u00f6n\u00e1ll\u00f3 26 ml-es podot integr\u00e1l \u00f6sszesen 78 ml e-folyad\u00e9kkal, \u00e9s lehet\u0151v\u00e9 teszi a k\u00f6nny\u0171 v\u00e1lt\u00e1st h\u00e1rom k\u00fcl\u00f6nb\u00f6z\u0151 \u00edz k\u00f6z\u00f6tt: jeges \u00e1fonya, gy\u00fcm\u00f6lcs\u00f6s eper-ban\u00e1n kombin\u00e1ci\u00f3 \u00e9s v\u00e1ltozatos bogy\u00f3s gy\u00fcm\u00f6lcskever\u00e9k.<\/p>\n<p class=\"whitespace-normal break-words\">A be\u00e9p\u00edtett 1,0 \u03a9-os h\u00e1l\u00f3s tekercs sima g\u0151zt \u00e9s intenz\u00edv arom\u00e1t termel. Az \u00fajrat\u00f6lthet\u0151 850 mAh-s akkumul\u00e1tor hosszabb haszn\u00e1latot biztos\u00edt, \u00e9s a Type-C gyorst\u00f6lt\u00e9snek k\u00f6sz\u00f6nhet\u0151en az \u00e1ll\u00e1sid\u0151k minim\u00e1lisra cs\u00f6kkennek.<\/p>\n<p class=\"whitespace-normal break-words\">A Bang Leader 80K 0 %, 2 %, 3 % \u00e9s 5 % nikotin koncentr\u00e1ci\u00f3ban kaphat\u00f3 - a Bang Leader 80K a preferenci\u00e1k sz\u00e9les sk\u00e1l\u00e1j\u00e1t lefedi.<\/p>\n<h3 class=\"text-lg font-bold text-text-100 mt-1 -mb-1.5\">Bang Leader 80000 teljes\u00edtm\u00e9nyjellemz\u0151k:<\/h3>\n<p class=\"whitespace-normal break-words\">A Bang Leader 80000 e-cigaretta leny\u0171g\u00f6z\u0151, ak\u00e1r 80.000 slukkot is el\u00e9r\u0151 kiv\u00e9teles kapacit\u00e1s\u00e1val, \u00e9s kiv\u00e1l\u00f3 \u00edzprofillal kombin\u00e1lt, kiemelked\u0151 \u00e9lettartamot k\u00edn\u00e1l. T\u00f6k\u00e9letes a hozz\u00e1\u00e9rt\u0151 felhaszn\u00e1l\u00f3k sz\u00e1m\u00e1ra, akik a t\u00f6meget \u00e9s az el\u0151kel\u0151s\u00e9get st\u00edlusos, modern diz\u00e1jnban szeretn\u00e9k l\u00e1tni.<\/p>\n<p class=\"whitespace-normal break-words\">A be\u00e9p\u00edtett 3 az 1-ben aromakamr\u00e1s rendszer lehet\u0151v\u00e9 teszi, hogy h\u00e1rom k\u00fcl\u00f6nb\u00f6z\u0151 \u00edzt \u00e9lvezhessen egyetlen praktikus eszk\u00f6zben. V\u00e1ltogasson rugalmasan a h\u00e1rom \u00edz k\u00f6z\u00f6tt, vagy fejlessze ki saj\u00e1t \u00edzkombin\u00e1ci\u00f3it - minden egyes slukk az \u00e9lvezet \u00faj pillanatait \u00e9s az \u00edzek sokf\u00e9les\u00e9g\u00e9t nyitja meg.<\/p>\n<p class=\"whitespace-normal break-words\">A 78 ml kiv\u00e1l\u00f3 min\u0151s\u00e9g\u0171 e-folyad\u00e9k hossz\u00fa haszn\u00e1latot biztos\u00edt \u00fajrat\u00f6lt\u00e9s n\u00e9lk\u00fcl. Ide\u00e1lisan alkalmas utaz\u00e1shoz \u00e9s hosszan tart\u00f3 haszn\u00e1lathoz.<\/p>\n<p class=\"whitespace-normal break-words\">A hat\u00e9kony, 850 mAh-s akkumul\u00e1tor \u00fajrat\u00f6lt\u00e9si lehet\u0151s\u00e9ggel \u00f3r\u00e1kon \u00e1t tart\u00f3 m\u0171k\u00f6d\u00e9st \u00e9s r\u00f6vid t\u00f6lt\u00e9si id\u0151t biztos\u00edt a Type-C-n kereszt\u00fcl, garant\u00e1lva, hogy a k\u00e9sz\u00fcl\u00e9k mindig k\u00e9szen \u00e1lljon a haszn\u00e1latra.<\/p>\n<p class=\"whitespace-normal break-words\">Az 1,0 \u03a9 ellen\u00e1ll\u00e1s\u00fa kett\u0151s tekercs fel\u00e9p\u00edt\u00e9se gazdag, \u00edzgazdag g\u0151zt gener\u00e1l, \u00e9s homog\u00e9n, kellemes g\u0151z\u00f6l\u00e9si \u00e9lm\u00e9nyt biztos\u00edt az elej\u00e9t\u0151l a v\u00e9g\u00e9ig.<\/p>\n<p class=\"whitespace-normal break-words\">A 0 %, 2 %, 3 % \u00e9s 5 % nikotinszinten kaphat\u00f3 Bang Leader 80000 a szabadid\u0151s vapereket \u00e9s a szenved\u00e9lyes felhaszn\u00e1l\u00f3kat egyar\u00e1nt kiszolg\u00e1lja.<\/p>\n<h3 class=\"text-lg font-bold text-text-100 mt-1 -mb-1.5\">Term\u00e9kle\u00edr\u00e1sok:<\/h3>\n<p class=\"whitespace-normal break-words\"><strong>Vonatok sz\u00e1ma:<\/strong> Ak\u00e1r 80 000 vonat<br \/>\n<strong>Nikotin tartalom:<\/strong> 0 % \/ 2 % \/ 3 % \/ 5 %<br \/>\n<strong>\u00cdzek:<\/strong> \u00c1fony\u00e1s j\u00e9g, eper \u00e9s ban\u00e1n, vegyes bogy\u00f3s gy\u00fcm\u00f6lcs\u00f6k<br \/>\n<strong>E-folyad\u00e9k t\u00e9rfogata:<\/strong> 78 ml el\u0151ret\u00f6lt\u00f6tt (3 kapszula, egyenk\u00e9nt 26 ml)<br \/>\n<strong>Akkumul\u00e1tor:<\/strong> 850 mAh \u00fajrat\u00f6lthet\u0151<br \/>\n<strong>P\u00e1rologtat\u00f3:<\/strong> 1.0 \u03a9 H\u00e1l\u00f3s tekercs<br \/>\n<strong>T\u00f6lt\u00e9si interf\u00e9sz:<\/strong> C-t\u00edpus\u00fa<\/p>\n<h3 class=\"text-lg font-bold text-text-100 mt-1 -mb-1.5\">Fedezzen fel t\u00f6bb BANG VAPE-t a fumotpuff-on<\/h3>\n<p class=\"whitespace-normal break-words\">L\u00e1togasson el a  oldalra. <strong><a class=\"underline\" href=\"https:\/\/fumotpuff.com\/hu\/\">fumotpuff.com<\/a><\/strong> \u00e9s mer\u00fclj\u00f6n el az innovat\u00edv g\u0151ztechnol\u00f3gia vil\u00e1g\u00e1ban. A <strong><a class=\"underline\" href=\"https:\/\/fumotpuff.com\/hu\/product-category\/bang-vape\/\">BANG VAPE term\u00e9kv\u00e1laszt\u00e9k<\/a><\/strong> leny\u0171g\u00f6z els\u0151 oszt\u00e1ly\u00fa kivitelez\u00e9s\u00e9vel. Fedezze fel a teljes <strong><a class=\"underline\" href=\"https:\/\/fumotpuff.com\/hu\/product-category\/bang-vape\/bang-leader-80000\/\">Bang Leader 80000 \u00edzv\u00e1laszt\u00e9k<\/a><\/strong> online boltunkban.<\/p>","protected":false},"excerpt":{"rendered":"<p class=\"whitespace-normal break-words\">A Bang Leader 80000 Blueberry Ice\/Eper \u00e9s ban\u00e1n\/Bogy\u00f3s gy\u00fcm\u00f6lcs\u00f6k kever\u00e9ke h\u00e1rom gy\u00fcm\u00f6lcs\u00f6s \u00edzt k\u00edn\u00e1l: j\u00e9ghideg \u00e1fonya, \u00e9des eper-ban\u00e1n kombin\u00e1ci\u00f3 \u00e9s v\u00e1ltozatos bogy\u00f3s gy\u00fcm\u00f6lcs\u00f6k kever\u00e9ke. 78 ML e-folyad\u00e9kkal, 80.000 slukk, 1,0\u03a9-os h\u00e1l\u00f3s tekercs \u00e9s 850mAh-s akkumul\u00e1tor - maxim\u00e1lis \u00e9lvezet \u00e9s v\u00e1ltozatoss\u00e1g egy k\u00e9sz\u00fcl\u00e9kben!<\/p>","protected":false},"featured_media":3231,"comment_status":"open","ping_status":"closed","template":"","meta":{"_acf_changed":false},"product_brand":[],"product_cat":[35],"product_tag":[],"class_list":{"0":"post-3230","1":"product","2":"type-product","3":"status-publish","4":"has-post-thumbnail","6":"product_cat-bang-leader-80000","8":"first","9":"instock","10":"shipping-taxable","11":"purchasable","12":"product-type-variable"},"acf":[],"_links":{"self":[{"href":"https:\/\/fumotpuff.com\/hu\/wp-json\/wp\/v2\/product\/3230","targetHints":{"allow":["GET"]}}],"collection":[{"href":"https:\/\/fumotpuff.com\/hu\/wp-json\/wp\/v2\/product"}],"about":[{"href":"https:\/\/fumotpuff.com\/hu\/wp-json\/wp\/v2\/types\/product"}],"replies":[{"embeddable":true,"href":"https:\/\/fumotpuff.com\/hu\/wp-json\/wp\/v2\/comments?post=3230"}],"wp:featuredmedia":[{"embeddable":true,"href":"https:\/\/fumotpuff.com\/hu\/wp-json\/wp\/v2\/media\/3231"}],"wp:attachment":[{"href":"https:\/\/fumotpuff.com\/hu\/wp-json\/wp\/v2\/media?parent=3230"}],"wp:term":[{"taxonomy":"product_brand","embeddable":true,"href":"https:\/\/fumotpuff.com\/hu\/wp-json\/wp\/v2\/product_brand?post=3230"},{"taxonomy":"product_cat","embeddable":true,"href":"https:\/\/fumotpuff.com\/hu\/wp-json\/wp\/v2\/product_cat?post=3230"},{"taxonomy":"product_tag","embeddable":true,"href":"https:\/\/fumotpuff.com\/hu\/wp-json\/wp\/v2\/product_tag?post=3230"}],"curies":[{"name":"wp","href":"https:\/\/api.w.org\/{rel}","templated":true}]}}