{"id":3223,"date":"2025-10-18T05:02:09","date_gmt":"2025-10-18T03:02:09","guid":{"rendered":"https:\/\/fumotpuff.com\/?post_type=product&#038;p=3223"},"modified":"2025-10-18T05:02:09","modified_gmt":"2025-10-18T03:02:09","slug":"bang-leader-80000-blueberry-ice-black-dragon-ice-mango-peach","status":"publish","type":"product","link":"https:\/\/fumotpuff.com\/hu\/termek\/bang-leader-80000-blueberry-ice-black-dragon-ice-mango-peach\/","title":{"rendered":"Bang Leader 80000 \u00c1fonya Ice\/Fekete S\u00e1rk\u00e1ny Ice\/Mango Barack"},"content":{"rendered":"<h2 class=\"text-xl font-bold text-text-100 mt-1 -mb-0.5\">Bang Leader 80000 Blueberry Ice\/Black Dragon Ice\/Mango Peach eldobhat\u00f3 vape<\/h2>\n<p class=\"whitespace-normal break-words\">A Bang Leader 80000 egy nagy kapacit\u00e1s\u00fa, eldobhat\u00f3 g\u0151zrendszer, amelyet az \u00edzv\u00e1laszt\u00e9k \u00e9s az \u00e9lettartam tekintet\u00e9ben magas elv\u00e1r\u00e1sokat t\u00e1maszt\u00f3 felhaszn\u00e1l\u00f3k sz\u00e1m\u00e1ra terveztek. Az egyed\u00fcl\u00e1ll\u00f3 3 az 1-ben rendszer h\u00e1rom f\u00fcggetlen 26 ml-es patront tartalmaz \u00f6sszesen 78 ml e-folyad\u00e9kkal, \u00e9s lehet\u0151v\u00e9 teszi a k\u00f6nny\u0171 v\u00e1lt\u00e1st h\u00e1rom jellegzetes \u00edz k\u00f6z\u00f6tt: jeges \u00e1fonya, friss\u00edt\u0151 fekete s\u00e1rk\u00e1nyj\u00e9g \u00e9s tr\u00f3pusi mang\u00f3-barack kombin\u00e1ci\u00f3.<\/p>\n<p class=\"whitespace-normal break-words\">Az 1.0 \u03a9 h\u00e1l\u00f3s p\u00e1rologtat\u00f3 egys\u00e9g b\u00e1rsonyosan sima g\u0151zt termel, autentikus \u00edzzel. A 850 mAh-s akkumul\u00e1tor t\u00f6lt\u00e9si funkci\u00f3val garant\u00e1lja a hossz\u00fa t\u00e1v\u00fa m\u0171k\u00f6d\u00e9st, a Type-C gyorst\u00f6lt\u00e9s pedig minimaliz\u00e1lja a megszak\u00edt\u00e1sokat.<\/p>\n<p class=\"whitespace-normal break-words\">A Bang Leader 80K 0 %, 2 %, 3 % \u00e9s 5 % nikotintartalommal kaphat\u00f3 - a Bang Leader 80K az ig\u00e9nyek sz\u00e9les sk\u00e1l\u00e1j\u00e1nak megfelel.<\/p>\n<h3 class=\"text-lg font-bold text-text-100 mt-1 -mb-1.5\">A Bang Leader 80000 Puff k\u00fcl\u00f6nleges jellemz\u0151i:<\/h3>\n<p class=\"whitespace-normal break-words\">Ez a term\u00e9k \u00fajradefini\u00e1lja a teljes\u00edtm\u00e9nyt a l\u00e1tv\u00e1nyos, ak\u00e1r 80 000 slukkot is tartalmaz\u00f3 kapacit\u00e1s\u00e1val, \u00e9s p\u00e1ratlan kitart\u00e1st biztos\u00edt intenz\u00edv \u00edzprofillal kombin\u00e1lva. T\u00f6k\u00e9letes megold\u00e1s az ig\u00e9nyes vaperek sz\u00e1m\u00e1ra, akik hanger\u0151t \u00e9s kiv\u00e1l\u00f3s\u00e1got v\u00e1rnak el egy v\u00e9kony, modern testben.<\/p>\n<p class=\"whitespace-normal break-words\">Mindegyik k\u00e9sz\u00fcl\u00e9k 3 az 1-ben \u00edzkamr\u00e1s rendszerrel rendelkezik, amely h\u00e1rom k\u00fcl\u00f6nb\u00f6z\u0151 \u00edzt kombin\u00e1l egyetlen kompakt e-cigarett\u00e1ban. V\u00e1ltson tetsz\u00e9s szerint az \u00edzek k\u00f6z\u00f6tt, vagy keverje \u0151ket tetsz\u00e9se szerint - minden egyes slukkol\u00e1ssal \u00faj \u00edzeket \u00e9s tiszta \u00e9lvezetet tapasztalhat meg.<\/p>\n<p class=\"whitespace-normal break-words\">A 78 ml pr\u00e9mium e-folyad\u00e9k t\u00f6lt\u00e9si mennyis\u00e9g\u00e9vel garant\u00e1lt a hossz\u00fa t\u00e1v\u00fa haszn\u00e1lat \u00fajrat\u00f6lt\u00e9s n\u00e9lk\u00fcl. Ide\u00e1lis mobil haszn\u00e1latra \u00e9s hosszabb p\u00e1rologtat\u00e1sra.<\/p>\n<p class=\"whitespace-normal break-words\">Az \u00fajrat\u00f6lt\u00e9si funkci\u00f3val ell\u00e1tott, nagy teljes\u00edtm\u00e9ny\u0171, 850 mAh-s \u00fajrat\u00f6lthet\u0151 akkumul\u00e1tor t\u00f6bb \u00f3r\u00e1s m\u0171k\u00f6d\u00e9st \u00e9s gyors t\u00f6lt\u00e9st tesz lehet\u0151v\u00e9 a C-t\u00edpuson kereszt\u00fcl, \u00edgy az e-cigaretta mindig k\u00e9szen \u00e1ll a haszn\u00e1latra.<\/p>\n<p class=\"whitespace-normal break-words\">Az 1,0 \u03a9 ellen\u00e1ll\u00e1s\u00fa, be\u00e9p\u00edtett kett\u0151s tekercses rendszer terjedelmes, arom\u00e1s g\u0151zt termel, \u00e9s egyenletes, egyenletes g\u0151z\u00f6l\u00e9si \u00e9lm\u00e9nyt biztos\u00edt az els\u0151t\u0151l az utols\u00f3 slukkig.<\/p>\n<p class=\"whitespace-normal break-words\">A Bang Leader 80000 0 %, 2 %, 3 % \u00e9s 5 % nikotinnal kaphat\u00f3 - a Bang Leader 80000 alkalmi \u00e9s intenz\u00edv g\u0151z\u00f6l\u0151k sz\u00e1m\u00e1ra egyar\u00e1nt alkalmas.<\/p>\n<h3 class=\"text-lg font-bold text-text-100 mt-1 -mb-1.5\">Term\u00e9kle\u00edr\u00e1sok:<\/h3>\n<p class=\"whitespace-normal break-words\"><strong>Vonatok sz\u00e1ma:<\/strong> Ak\u00e1r 80 000 vonat<br \/>\n<strong>Nikotin tartalom:<\/strong> 0 % \/ 2 % \/ 3 % \/ 5 %<br \/>\n<strong>\u00cdzek:<\/strong> \u00c1fonya j\u00e9g, Fekete s\u00e1rk\u00e1ny j\u00e9g, Mang\u00f3 barack<br \/>\n<strong>E-folyad\u00e9k t\u00e9rfogata:<\/strong> 78 ml el\u0151ret\u00f6lt\u00f6tt (3 kapszula, egyenk\u00e9nt 26 ml)<br \/>\n<strong>Akkumul\u00e1tor:<\/strong> 850 mAh \u00fajrat\u00f6lthet\u0151<br \/>\n<strong>P\u00e1rologtat\u00f3:<\/strong> 1.0 \u03a9 H\u00e1l\u00f3s tekercs<br \/>\n<strong>T\u00f6lt\u00e9si interf\u00e9sz:<\/strong> C-t\u00edpus\u00fa<\/p>\n<h3 class=\"text-lg font-bold text-text-100 mt-1 -mb-1.5\">Fedezzen fel t\u00f6bb BANG VAPE-t a fumotpuff-on<\/h3>\n<p class=\"whitespace-normal break-words\">Vessen egy pillant\u00e1st <strong><a class=\"underline\" href=\"https:\/\/fumotpuff.com\/hu\/\">fumotpuff.com<\/a><\/strong> \u00e9s ismerje meg pr\u00e9mium kateg\u00f3ri\u00e1s g\u0151zk\u00e9sz\u00fcl\u00e9keink sz\u00e9les v\u00e1laszt\u00e9k\u00e1t. A <strong><a class=\"underline\" href=\"https:\/\/fumotpuff.com\/hu\/product-category\/bang-vape\/\">BANG VAPE sorozat<\/a><\/strong> az innov\u00e1ci\u00f3t \u00e9s a min\u0151s\u00e9get jelk\u00e9pezi. A teljes <strong><a class=\"underline\" href=\"https:\/\/fumotpuff.com\/hu\/product-category\/bang-vape\/bang-leader-80000\/\">Bang Leader 80000 \u00edzvari\u00e1ci\u00f3<\/a><\/strong> arra v\u00e1r, hogy felfedezd.<\/p>","protected":false},"excerpt":{"rendered":"<p class=\"whitespace-normal break-words\">A Bang Leader 80000 Blueberry Ice\/Black Dragon Ice\/Mango Peach h\u00e1rom intenz\u00edv \u00edzt k\u00edn\u00e1l: j\u00e9ghideg \u00e1fonya, friss\u00edt\u0151 Black Dragon Ice \u00e9s tr\u00f3pusi mang\u00f3\/barack kombin\u00e1ci\u00f3. 78 ML e-folyad\u00e9kkal, 80.000 puffol\u00e1ssal, 1,0\u03a9-os h\u00e1l\u00f3s tekerccsel \u00e9s 850mAh-s akkumul\u00e1torral - maxim\u00e1lis \u00edz \u00e9s rugalmass\u00e1g egy k\u00e9sz\u00fcl\u00e9kben!<\/p>","protected":false},"featured_media":3224,"comment_status":"open","ping_status":"closed","template":"","meta":{"_acf_changed":false},"product_brand":[],"product_cat":[35],"product_tag":[],"class_list":{"0":"post-3223","1":"product","2":"type-product","3":"status-publish","4":"has-post-thumbnail","6":"product_cat-bang-leader-80000","8":"first","9":"instock","10":"shipping-taxable","11":"purchasable","12":"product-type-variable"},"acf":[],"_links":{"self":[{"href":"https:\/\/fumotpuff.com\/hu\/wp-json\/wp\/v2\/product\/3223","targetHints":{"allow":["GET"]}}],"collection":[{"href":"https:\/\/fumotpuff.com\/hu\/wp-json\/wp\/v2\/product"}],"about":[{"href":"https:\/\/fumotpuff.com\/hu\/wp-json\/wp\/v2\/types\/product"}],"replies":[{"embeddable":true,"href":"https:\/\/fumotpuff.com\/hu\/wp-json\/wp\/v2\/comments?post=3223"}],"wp:featuredmedia":[{"embeddable":true,"href":"https:\/\/fumotpuff.com\/hu\/wp-json\/wp\/v2\/media\/3224"}],"wp:attachment":[{"href":"https:\/\/fumotpuff.com\/hu\/wp-json\/wp\/v2\/media?parent=3223"}],"wp:term":[{"taxonomy":"product_brand","embeddable":true,"href":"https:\/\/fumotpuff.com\/hu\/wp-json\/wp\/v2\/product_brand?post=3223"},{"taxonomy":"product_cat","embeddable":true,"href":"https:\/\/fumotpuff.com\/hu\/wp-json\/wp\/v2\/product_cat?post=3223"},{"taxonomy":"product_tag","embeddable":true,"href":"https:\/\/fumotpuff.com\/hu\/wp-json\/wp\/v2\/product_tag?post=3223"}],"curies":[{"name":"wp","href":"https:\/\/api.w.org\/{rel}","templated":true}]}}