{"id":3216,"date":"2025-10-18T04:59:46","date_gmt":"2025-10-18T02:59:46","guid":{"rendered":"https:\/\/fumotpuff.com\/?post_type=product&#038;p=3216"},"modified":"2025-10-18T04:59:46","modified_gmt":"2025-10-18T02:59:46","slug":"bang-leader-80000-blueberry-watermelon-strawberry-mango-blackcurrant","status":"publish","type":"product","link":"https:\/\/fumotpuff.com\/hu\/termek\/bang-leader-80000-blueberry-watermelon-strawberry-mango-blackcurrant\/","title":{"rendered":"Bang Leader 80000 \u00c1fonya G\u00f6r\u00f6gdinnye\/Eper Mang\u00f3\/Fekete ribizli"},"content":{"rendered":"<h2 class=\"text-xl font-bold text-text-100 mt-1 -mb-0.5\">Bang Leader 80000 \u00e1fonya g\u00f6r\u00f6gdinnye\/eper mang\u00f3\/fekete ribizli eldobhat\u00f3 vape<\/h2>\n<p class=\"whitespace-normal break-words\">A Bang Leader 80000 egy nagy kapacit\u00e1s\u00fa eldobhat\u00f3 p\u00e1rologtat\u00f3 k\u00e9sz\u00fcl\u00e9k, amelyet a v\u00e1ltozatoss\u00e1got \u00e9s k\u00f6vetkezetess\u00e9get keres\u0151 felhaszn\u00e1l\u00f3k sz\u00e1m\u00e1ra terveztek. A forradalmi 3 az 1-ben koncepci\u00f3 h\u00e1rom k\u00fcl\u00f6n\u00e1ll\u00f3 26 ml-es podot tartalmaz, \u00f6sszesen 78 ml e-folyad\u00e9kkal, \u00e9s lehet\u0151v\u00e9 teszi a k\u00f6nnyed v\u00e1lt\u00e1st h\u00e1rom k\u00fcl\u00f6nb\u00f6z\u0151 \u00edz k\u00f6z\u00f6tt: gy\u00fcm\u00f6lcs\u00f6s \u00e1fonya-b\u00f6rgonya kever\u00e9k, \u00e9des eper-mang\u00f3 kombin\u00e1ci\u00f3 \u00e9s intenz\u00edv fekete ribizli.<\/p>\n<p class=\"whitespace-normal break-words\">A be\u00e9p\u00edtett 1,0 \u03a9-os h\u00e1l\u00f3s tekercs sima g\u0151zt gener\u00e1l, teljes \u00edzprofillal. Az \u00fajrat\u00f6lthet\u0151 850 mAh-s akkumul\u00e1tor lehet\u0151v\u00e9 teszi a hosszabb p\u00e1rologtat\u00e1sokat, m\u00edg a Type-C gyorst\u00f6lt\u00e9s minimaliz\u00e1lja az \u00e1ll\u00e1sid\u0151t.<\/p>\n<p class=\"whitespace-normal break-words\">A Bang Leader 80K 0 %, 2 %, 3 % \u00e9s 5 % nikotiner\u0151ss\u00e9gben kaphat\u00f3 - a Bang Leader 80K a k\u00f6vetelm\u00e9nyek sz\u00e9les sk\u00e1l\u00e1j\u00e1nak megfelel.<\/p>\n<h3 class=\"text-lg font-bold text-text-100 mt-1 -mb-1.5\">A Bang Leader 80000 el\u0151nyei:<\/h3>\n<p class=\"whitespace-normal break-words\">Ez az e-cigaretta monument\u00e1lis, ak\u00e1r 80.000 slukkot is tartalmaz\u00f3 kapacit\u00e1s\u00e1val m\u00e9rc\u00e9t \u00e1ll\u00edt, \u00e9s fel\u00fclm\u00falhatatlan \u00e9lettartam\u00e1val \u00e9s \u00edzmin\u0151s\u00e9g\u00e9vel ny\u0171g\u00f6z le. Ide\u00e1lis azoknak az er\u0151s felhaszn\u00e1l\u00f3knak, akik a mennyis\u00e9get \u00e9s a pr\u00e9mium min\u0151s\u00e9get eleg\u00e1ns, modern diz\u00e1jnban szeretn\u00e9k l\u00e1tni.<\/p>\n<p class=\"whitespace-normal break-words\">Az innovat\u00edv 3 az 1-ben \u00edzkamr\u00e1s rendszer h\u00e1rom k\u00fcl\u00f6nb\u00f6z\u0151 \u00edzt k\u00edn\u00e1l egyetlen praktikus eszk\u00f6zben. V\u00e1ltson rugalmasan az \u00edzek k\u00f6z\u00f6tt, vagy hozzon l\u00e9tre egyedi kever\u00e9keket - fedezze fel az \u00faj \u00edzhorizontokat \u00e9s a maxim\u00e1lis \u00e9lvezetet minden egyes slukkol\u00e1ssal.<\/p>\n<p class=\"whitespace-normal break-words\">A nagyvonal\u00fa 78 ml-es e-folyad\u00e9k-ell\u00e1t\u00e1s garant\u00e1lja a hosszan tart\u00f3 haszn\u00e1latot \u00fajrat\u00f6lt\u00e9s n\u00e9lk\u00fcl. Ide\u00e1lisan alkalmas utaz\u00e1shoz \u00e9s hossz\u00fa t\u00e1v\u00fa haszn\u00e1latra.<\/p>\n<p class=\"whitespace-normal break-words\">A nagy hat\u00e9konys\u00e1g\u00fa, 850 mAh-s \u00fajrat\u00f6lthet\u0151 akkumul\u00e1tor \u00fajrat\u00f6lt\u00e9si funkci\u00f3val \u00f3r\u00e1kon \u00e1t tart\u00f3 m\u0171k\u00f6d\u00e9st \u00e9s gyors t\u00f6lt\u00e9st biztos\u00edt a Type-C csatlakoz\u00f3n kereszt\u00fcl, \u00edgy a p\u00e1rologtat\u00f3 k\u00e9sz\u00fcl\u00e9k mindig k\u00e9szen \u00e1ll a haszn\u00e1latra.<\/p>\n<p class=\"whitespace-normal break-words\">A be\u00e9p\u00edtett, 1,0 \u03a9 ellen\u00e1ll\u00e1s\u00fa kett\u0151s tekercs fel\u00e9p\u00edt\u00e9se s\u0171r\u0171, \u00edzgazdag g\u0151zt termel, \u00e9s biztos\u00edtja a sima, egyenletes g\u0151z\u00f6l\u00e9si \u00e9lm\u00e9nyt az elej\u00e9t\u0151l a v\u00e9g\u00e9ig.<\/p>\n<p class=\"whitespace-normal break-words\">0 %, 2 %, 3 % \u00e9s 5 % nikotin koncentr\u00e1ci\u00f3val - a Bang Leader 80000 az alkalmi vaperek \u00e9s a rajong\u00f3k sz\u00e1m\u00e1ra egyar\u00e1nt vonz\u00f3.<\/p>\n<h3 class=\"text-lg font-bold text-text-100 mt-1 -mb-1.5\">Term\u00e9kle\u00edr\u00e1sok:<\/h3>\n<p class=\"whitespace-normal break-words\"><strong>Vonatok sz\u00e1ma:<\/strong> Ak\u00e1r 80 000 vonat<br \/>\n<strong>Nikotin tartalom:<\/strong> 0 % \/ 2 % \/ 3 % \/ 5 %<br \/>\n<strong>\u00cdzek:<\/strong> \u00c1fonya G\u00f6r\u00f6gdinnye, Eper Mang\u00f3, Fekete ribizli<br \/>\n<strong>E-folyad\u00e9k t\u00e9rfogata:<\/strong> 78 ml el\u0151ret\u00f6lt\u00f6tt (3 kapszula, egyenk\u00e9nt 26 ml)<br \/>\n<strong>Akkumul\u00e1tor:<\/strong> 850 mAh \u00fajrat\u00f6lthet\u0151<br \/>\n<strong>P\u00e1rologtat\u00f3:<\/strong> 1.0 \u03a9 H\u00e1l\u00f3s tekercs<br \/>\n<strong>T\u00f6lt\u00e9si interf\u00e9sz:<\/strong> C-t\u00edpus\u00fa<\/p>\n<h3 class=\"text-lg font-bold text-text-100 mt-1 -mb-1.5\">Fedezzen fel t\u00f6bb BANG VAPE-t a fumotpuff-on<\/h3>\n<p class=\"whitespace-normal break-words\">Fedezze fel a pr\u00e9mium min\u0151s\u00e9get \u00e9s innov\u00e1ci\u00f3t a <strong><a class=\"underline\" href=\"https:\/\/fumotpuff.com\/hu\/\">fumotpuff.com<\/a><\/strong> - A kiv\u00e1l\u00f3 min\u0151s\u00e9g\u0171 g\u0151z\u00f6lg\u0151 term\u00e9kek specialist\u00e1ja. A <strong><a class=\"underline\" href=\"https:\/\/fumotpuff.com\/hu\/product-category\/bang-vape\/\">BANG VAPE term\u00e9kcsal\u00e1d<\/a><\/strong> els\u0151 oszt\u00e1ly\u00fa eldobhat\u00f3 e-cigarett\u00e1kat k\u00edn\u00e1l. A Bang Leader 80000 \u00f6sszes \u00edzvari\u00e1ns\u00e1t bemutatjuk az al\u00e1bbi weboldalunkon <strong><a class=\"underline\" href=\"https:\/\/fumotpuff.com\/hu\/product-category\/bang-vape\/bang-leader-80000\/\">\u00cdzek gy\u0171jtem\u00e9nye<\/a><\/strong>.<\/p>","protected":false},"excerpt":{"rendered":"<p class=\"whitespace-normal break-words\">A Bang Leader 80000 Blueberry Watermelon\/Strawberry Mango\/Blackcurrant h\u00e1rom finom \u00edzt egyes\u00edt: gy\u00fcm\u00f6lcs\u00f6s \u00e1fony\u00e1s g\u00f6r\u00f6gdinnye, \u00e9des epres mang\u00f3 \u00e9s intenz\u00edv fekete ribizli. 78 ML e-folyad\u00e9kkal, 80.000 slukk, 1,0\u03a9-os h\u00e1l\u00f3s tekercs \u00e9s 850mAh-s akkumul\u00e1tor - tiszta \u00e9lvezet \u00e9s maxim\u00e1lis v\u00e1ltozatoss\u00e1g egy k\u00e9sz\u00fcl\u00e9kben!<\/p>","protected":false},"featured_media":3217,"comment_status":"open","ping_status":"closed","template":"","meta":{"_acf_changed":false},"product_brand":[],"product_cat":[35],"product_tag":[],"class_list":{"0":"post-3216","1":"product","2":"type-product","3":"status-publish","4":"has-post-thumbnail","6":"product_cat-bang-leader-80000","8":"first","9":"instock","10":"shipping-taxable","11":"purchasable","12":"product-type-variable"},"acf":[],"_links":{"self":[{"href":"https:\/\/fumotpuff.com\/hu\/wp-json\/wp\/v2\/product\/3216","targetHints":{"allow":["GET"]}}],"collection":[{"href":"https:\/\/fumotpuff.com\/hu\/wp-json\/wp\/v2\/product"}],"about":[{"href":"https:\/\/fumotpuff.com\/hu\/wp-json\/wp\/v2\/types\/product"}],"replies":[{"embeddable":true,"href":"https:\/\/fumotpuff.com\/hu\/wp-json\/wp\/v2\/comments?post=3216"}],"wp:featuredmedia":[{"embeddable":true,"href":"https:\/\/fumotpuff.com\/hu\/wp-json\/wp\/v2\/media\/3217"}],"wp:attachment":[{"href":"https:\/\/fumotpuff.com\/hu\/wp-json\/wp\/v2\/media?parent=3216"}],"wp:term":[{"taxonomy":"product_brand","embeddable":true,"href":"https:\/\/fumotpuff.com\/hu\/wp-json\/wp\/v2\/product_brand?post=3216"},{"taxonomy":"product_cat","embeddable":true,"href":"https:\/\/fumotpuff.com\/hu\/wp-json\/wp\/v2\/product_cat?post=3216"},{"taxonomy":"product_tag","embeddable":true,"href":"https:\/\/fumotpuff.com\/hu\/wp-json\/wp\/v2\/product_tag?post=3216"}],"curies":[{"name":"wp","href":"https:\/\/api.w.org\/{rel}","templated":true}]}}