{"id":3209,"date":"2025-10-18T04:53:16","date_gmt":"2025-10-18T02:53:16","guid":{"rendered":"https:\/\/fumotpuff.com\/?post_type=product&#038;p=3209"},"modified":"2025-10-18T04:53:16","modified_gmt":"2025-10-18T02:53:16","slug":"bang-leader-80000-cola-ice-blueberry-raspberry-peach-mango-watermelon","status":"publish","type":"product","link":"https:\/\/fumotpuff.com\/hu\/termek\/bang-leader-80000-cola-ice-blueberry-raspberry-peach-mango-watermelon\/","title":{"rendered":"Bang Leader 80000 Cola Ice\/\u00c1fonya M\u00e1lna\/M\u00e1lna\/barack Mang\u00f3 G\u00f6r\u00f6gdinnye"},"content":{"rendered":"<h2 class=\"text-xl font-bold text-text-100 mt-1 -mb-0.5\">Bang Leader 80000 Cola Ice\/Blueberry Raspberry Raspberry\/Peach Mango Watermelon Eldobhat\u00f3 Vape<\/h2>\n<p class=\"whitespace-normal break-words\">A Bang Leader 80000 egy nagy teljes\u00edtm\u00e9ny\u0171, eldobhat\u00f3 k\u00e9sz\u00fcl\u00e9ket testes\u00edt meg, hatalmas kapacit\u00e1ssal, amelyet olyan felhaszn\u00e1l\u00f3k sz\u00e1m\u00e1ra terveztek, akik a rugalmass\u00e1got \u00e9s a kitart\u00e1st r\u00e9szes\u00edtik el\u0151nyben a p\u00e1rol\u00e1s sor\u00e1n. A fejlett 3 az 1-ben \u00edzrendszer h\u00e1rom f\u00fcggetlen 26 ml-es tart\u00e1lyt integr\u00e1l, amelyekben \u00f6sszesen 78 ml e-folyad\u00e9k van, \u00e9s lehet\u0151v\u00e9 teszi a k\u00f6nny\u0171 v\u00e1lt\u00e1st h\u00e1rom k\u00fcl\u00f6nb\u00f6z\u0151 \u00edz k\u00f6z\u00f6tt: jeges k\u00f3la, gy\u00fcm\u00f6lcs\u00f6s \u00e1fonya-m\u00e1lna kever\u00e9k \u00e9s tr\u00f3pusi barack-mang\u00f3- g\u00f6r\u00f6gdinnye kombin\u00e1ci\u00f3.<\/p>\n<p class=\"whitespace-normal break-words\">Az alkalmazott 1.0 \u03a9 h\u00e1l\u00f3s p\u00e1rologtat\u00f3 technol\u00f3gia sima g\u0151zt termel er\u0151s \u00edzzel. Az \u00fajrat\u00f6lthet\u0151 850 mAh energiat\u00e1rol\u00f3 egys\u00e9g hosszabb \u00fczemid\u0151t biztos\u00edt, a Type-C gyorst\u00f6lt\u00e9si technol\u00f3gia pedig minimaliz\u00e1lja a v\u00e1rakoz\u00e1si id\u0151t.<\/p>\n<p class=\"whitespace-normal break-words\">A Bang Leader 80K 0 %, 2 %, 3 % \u00e9s 5 % nikotintartalommal kaphat\u00f3 - a Bang Leader 80K k\u00fcl\u00f6nb\u00f6z\u0151 felhaszn\u00e1l\u00f3i csoportokat sz\u00f3l\u00edt meg.<\/p>\n<h3 class=\"text-lg font-bold text-text-100 mt-1 -mb-1.5\">A Bang Leader 80000 jellemz\u0151i:<\/h3>\n<p class=\"whitespace-normal break-words\">Ez a g\u0151zterm\u00e9k forradalmas\u00edtja az ipar\u00e1gat a hatalmas, ak\u00e1r 80 000 puffot is el\u00e9r\u0151 kapacit\u00e1s\u00e1val, \u00e9s kiv\u00e9teles konzisztenci\u00e1val \u00e9s \u00edzintenzit\u00e1ssal rendelkezik. Az els\u0151 v\u00e1laszt\u00e1s azoknak a neh\u00e9z felhaszn\u00e1l\u00f3knak, akik nagy mennyis\u00e9get \u00e9s els\u0151 oszt\u00e1ly\u00fa min\u0151s\u00e9get szeretn\u00e9nek egy st\u00edlusos, modern form\u00e1tumban.<\/p>\n<p class=\"whitespace-normal break-words\">A speci\u00e1lis 3 az 1-ben kamrarendszer lehet\u0151v\u00e9 teszi, hogy h\u00e1rom k\u00fcl\u00f6n\u00e1ll\u00f3 \u00edzt \u00e9lvezhessen egyetlen kompakt k\u00e9sz\u00fcl\u00e9kben. V\u00e1ltogassa az \u00edzeket tetsz\u00e9s szerint, vagy kombin\u00e1lja \u0151ket k\u00fcl\u00f6n-k\u00fcl\u00f6n - minden egyes slukkol\u00e1ssal \u00faj \u00edz\u00e1rnyalatokat \u00e9s maxim\u00e1lis \u00e9lvezetet tapasztalhat.<\/p>\n<p class=\"whitespace-normal break-words\">A 78 ml pr\u00e9mium e-folyad\u00e9kkal felszerelt k\u00e9sz\u00fcl\u00e9k garant\u00e1lja a hossz\u00fa t\u00e1v\u00fa haszn\u00e1latot \u00fajrat\u00f6lt\u00e9s n\u00e9lk\u00fcl. T\u00f6k\u00e9letes mobil haszn\u00e1latra \u00e9s folyamatos haszn\u00e1latra.<\/p>\n<p class=\"whitespace-normal break-words\">A nagy teljes\u00edtm\u00e9ny\u0171, 850 mAh-s akkumul\u00e1tor t\u00f6lt\u00e9si funkci\u00f3val t\u00f6bb \u00f3r\u00e1s \u00fczemid\u0151t \u00e9s gyors t\u00f6lt\u00e9st k\u00edn\u00e1l a Type-C porton kereszt\u00fcl, \u00edgy a k\u00e9sz\u00fcl\u00e9k mindig k\u00e9szen \u00e1ll a haszn\u00e1latra.<\/p>\n<p class=\"whitespace-normal break-words\">Az 1,0 \u03a9 ellen\u00e1ll\u00e1s\u00fa, be\u00e9p\u00edtett kett\u0151s tekercses technol\u00f3gia terjedelmes, arom\u00e1s g\u0151zt hoz l\u00e9tre, \u00e9s egyenletes, sima g\u0151z\u00e9lm\u00e9nyt ny\u00fajt az els\u0151t\u0151l az utols\u00f3 slukkig.<\/p>\n<p class=\"whitespace-normal break-words\">A Bang Leader 80000 0 %, 2 %, 3 % \u00e9s 5 % nikotinnal kaphat\u00f3 - a Bang Leader 80000 alkalmi \u00e9s gyakori vapereknek egyar\u00e1nt sz\u00f3l.<\/p>\n<h3 class=\"text-lg font-bold text-text-100 mt-1 -mb-1.5\">Term\u00e9kle\u00edr\u00e1sok:<\/h3>\n<p class=\"whitespace-normal break-words\"><strong>Vonatok sz\u00e1ma:<\/strong> Ak\u00e1r 80 000 vonat<br \/>\n<strong>Nikotin tartalom:<\/strong> 0 % \/ 2 % \/ 3 % \/ 5 %<br \/>\n<strong>\u00cdzek:<\/strong> Cola Ice, \u00c1fonya M\u00e1lna, Barack Mang\u00f3 G\u00f6r\u00f6gdinnye<br \/>\n<strong>E-folyad\u00e9k t\u00e9rfogata:<\/strong> 78 ml el\u0151ret\u00f6lt\u00f6tt (3 kapszula, egyenk\u00e9nt 26 ml)<br \/>\n<strong>Akkumul\u00e1tor:<\/strong> 850 mAh \u00fajrat\u00f6lthet\u0151<br \/>\n<strong>P\u00e1rologtat\u00f3:<\/strong> 1.0 \u03a9 H\u00e1l\u00f3s tekercs<br \/>\n<strong>T\u00f6lt\u00e9si interf\u00e9sz:<\/strong> C-t\u00edpus\u00fa<\/p>\n<h3 class=\"text-lg font-bold text-text-100 mt-1 -mb-1.5\">Fedezzen fel t\u00f6bb BANG VAPE-t a fumotpuff-on<\/h3>\n<p class=\"whitespace-normal break-words\">Mer\u00fclj\u00f6n el a pr\u00e9mium kateg\u00f3ri\u00e1s g\u0151z\u00f6k vil\u00e1g\u00e1ban <strong><a class=\"underline\" href=\"https:\/\/fumotpuff.com\/hu\/\">fumotpuff.com<\/a><\/strong> \u00e9s fedezze fel a legmagasabb min\u0151s\u00e9g\u0171 innovat\u00edv term\u00e9keket. A <strong><a class=\"underline\" href=\"https:\/\/fumotpuff.com\/hu\/product-category\/bang-vape\/\">BANG VAPE kateg\u00f3ria<\/a><\/strong> nagy teljes\u00edtm\u00e9ny\u0171 eldobhat\u00f3 p\u00e1rologtat\u00f3kra sz\u00e1m\u00edthat. A Bang Leader 80000 \u00f6sszes \u00edz\u00e9t megtal\u00e1lja a k\u00f6vetkez\u0151 weboldalunkon <strong><a class=\"underline\" href=\"https:\/\/fumotpuff.com\/hu\/product-category\/bang-vape\/bang-leader-80000\/\">\u00cdzek v\u00e1laszt\u00e9ka<\/a><\/strong>.<\/p>","protected":false},"excerpt":{"rendered":"<p class=\"whitespace-normal break-words\">A Bang Leader 80000 Cola Ice\/\u00e1fonya-m\u00e1lna\/barack-mang\u00f3- g\u00f6r\u00f6gdinnye h\u00e1rom izgalmas \u00edzt egyes\u00edt: jeges k\u00f3la, gy\u00fcm\u00f6lcs\u00f6s \u00e1fonya-m\u00e1lna kever\u00e9k \u00e9s tr\u00f3pusi barack-mang\u00f3- g\u00f6r\u00f6gdinnye. 78 ML e-folyad\u00e9kkal, 80 000 slukk, 1,0\u03a9-os h\u00e1l\u00f3s tekercs \u00e9s 850mAh-s akkumul\u00e1tor - korl\u00e1tlan \u00edzv\u00e1laszt\u00e9k egy k\u00e9sz\u00fcl\u00e9kben!<\/p>","protected":false},"featured_media":3210,"comment_status":"open","ping_status":"closed","template":"","meta":{"_acf_changed":false},"product_brand":[],"product_cat":[35],"product_tag":[],"class_list":{"0":"post-3209","1":"product","2":"type-product","3":"status-publish","4":"has-post-thumbnail","6":"product_cat-bang-leader-80000","8":"first","9":"instock","10":"shipping-taxable","11":"purchasable","12":"product-type-variable"},"acf":[],"_links":{"self":[{"href":"https:\/\/fumotpuff.com\/hu\/wp-json\/wp\/v2\/product\/3209","targetHints":{"allow":["GET"]}}],"collection":[{"href":"https:\/\/fumotpuff.com\/hu\/wp-json\/wp\/v2\/product"}],"about":[{"href":"https:\/\/fumotpuff.com\/hu\/wp-json\/wp\/v2\/types\/product"}],"replies":[{"embeddable":true,"href":"https:\/\/fumotpuff.com\/hu\/wp-json\/wp\/v2\/comments?post=3209"}],"wp:featuredmedia":[{"embeddable":true,"href":"https:\/\/fumotpuff.com\/hu\/wp-json\/wp\/v2\/media\/3210"}],"wp:attachment":[{"href":"https:\/\/fumotpuff.com\/hu\/wp-json\/wp\/v2\/media?parent=3209"}],"wp:term":[{"taxonomy":"product_brand","embeddable":true,"href":"https:\/\/fumotpuff.com\/hu\/wp-json\/wp\/v2\/product_brand?post=3209"},{"taxonomy":"product_cat","embeddable":true,"href":"https:\/\/fumotpuff.com\/hu\/wp-json\/wp\/v2\/product_cat?post=3209"},{"taxonomy":"product_tag","embeddable":true,"href":"https:\/\/fumotpuff.com\/hu\/wp-json\/wp\/v2\/product_tag?post=3209"}],"curies":[{"name":"wp","href":"https:\/\/api.w.org\/{rel}","templated":true}]}}