{"id":3202,"date":"2025-10-18T04:50:57","date_gmt":"2025-10-18T02:50:57","guid":{"rendered":"https:\/\/fumotpuff.com\/?post_type=product&#038;p=3202"},"modified":"2025-10-18T04:50:57","modified_gmt":"2025-10-18T02:50:57","slug":"bang-leader-80000-strawberry-and-watermelon-grape-ice-rainbow-candy","status":"publish","type":"product","link":"https:\/\/fumotpuff.com\/hu\/termek\/bang-leader-80000-strawberry-and-watermelon-grape-ice-rainbow-candy\/","title":{"rendered":"Bang Leader 80000 Eper \u00e9s g\u00f6r\u00f6gdinnye\/sz\u0151l\u0151 j\u00e9g\/sziv\u00e1rv\u00e1ny cukorka"},"content":{"rendered":"<h2 class=\"text-xl font-bold text-text-100 mt-1 -mb-0.5\">Bang Leader 80000 Eper \u00e9s g\u00f6r\u00f6gdinnye \/ sz\u0151l\u0151j\u00e9g \/ sziv\u00e1rv\u00e1nycukorka eldobhat\u00f3 vape<\/h2>\n<p class=\"whitespace-normal break-words\">A Bang Leader 80000 egy nagy teljes\u00edtm\u00e9ny\u0171 eldobhat\u00f3 p\u00e1rologtat\u00f3 k\u00e9sz\u00fcl\u00e9k leny\u0171g\u00f6z\u0151 kapacit\u00e1ssal, amelyet a v\u00e1ltozatoss\u00e1got \u00e9s a hossz\u00fa \u00e9lettartamot \u00e9rt\u00e9kel\u0151 p\u00e1rol\u00f3k sz\u00e1m\u00e1ra hoztak l\u00e9tre. Az innovat\u00edv 3 az 1-ben \u00edzrendszer h\u00e1rom k\u00fcl\u00f6n\u00e1ll\u00f3 26 ml-es poddal rendelkezik \u00f6sszesen 78 ml e-folyad\u00e9kkal, \u00e9s lehet\u0151v\u00e9 teszi a k\u00f6nny\u0171 v\u00e1lt\u00e1st h\u00e1rom k\u00fcl\u00f6nb\u00f6z\u0151 \u00edz k\u00f6z\u00f6tt: \u00e9des eper- g\u00f6r\u00f6gdinnye kombin\u00e1ci\u00f3, friss\u00edt\u0151 sz\u0151l\u0151 egy csipetnyi j\u00e9ggel \u00e9s sz\u00ednes sziv\u00e1rv\u00e1nyos cukorka.<\/p>\n<p class=\"whitespace-normal break-words\">A be\u00e9p\u00edtett 1,0 \u03a9-os h\u00e1l\u00f3s tekercs sima g\u0151zt biztos\u00edt intenz\u00edv arom\u00e1val. Az \u00fajrat\u00f6lthet\u0151 850 mAh-s akkumul\u00e1tor hosszabb haszn\u00e1latot biztos\u00edt, \u00e9s a Type-C gyorst\u00f6lt\u00e9snek k\u00f6sz\u00f6nhet\u0151en az \u00e1ll\u00e1sid\u0151 minim\u00e1lisra cs\u00f6kken.<\/p>\n<p class=\"whitespace-normal break-words\">A Bang Leader 80K 0 %, 2 %, 3 % \u00e9s 5 % nikotin koncentr\u00e1ci\u00f3ban kaphat\u00f3 - a Bang Leader 80K a preferenci\u00e1k sz\u00e9les sk\u00e1l\u00e1j\u00e1t lefedi.<\/p>\n<h3 class=\"text-lg font-bold text-text-100 mt-1 -mb-1.5\">Bang Leader 80000 Puffs El\u0151ny\u00f6k:<\/h3>\n<p class=\"whitespace-normal break-words\">A Bang Leader 80000 Puffs e-cigaretta leny\u0171g\u00f6z\u0151, ak\u00e1r 80 000 slukkot is tartalmaz\u00f3 kapacit\u00e1s\u00e1val \u00e9s kiv\u00e1l\u00f3 \u00edzprofillal kombin\u00e1lt, kiemelked\u0151 \u00e9lettartam\u00e1val ny\u0171g\u00f6z le. T\u00f6k\u00e9letes a hozz\u00e1\u00e9rt\u0151 vaperek sz\u00e1m\u00e1ra, akik a t\u00f6meget \u00e9s az el\u0151kel\u0151s\u00e9get st\u00edlusos, modern diz\u00e1jnnal kombin\u00e1lva szeretn\u00e9k l\u00e1tni.<\/p>\n<p class=\"whitespace-normal break-words\">A be\u00e9p\u00edtett 3 az 1-ben aromakamr\u00e1s rendszernek k\u00f6sz\u00f6nhet\u0151en a felhaszn\u00e1l\u00f3k h\u00e1rom k\u00fcl\u00f6nb\u00f6z\u0151 \u00edz\u00e9lm\u00e9nyt \u00e9lvezhetnek egy k\u00e9sz\u00fcl\u00e9kben. V\u00e1ltogasson rugalmasan a h\u00e1rom \u00edz k\u00f6z\u00f6tt, vagy hozzon l\u00e9tre saj\u00e1t \u00edzkombin\u00e1ci\u00f3kat - minden egyes slukk az \u00e9lvezet \u00faj pillanatait \u00e9s az \u00edzek sokf\u00e9les\u00e9g\u00e9t nyitja meg.<\/p>\n<p class=\"whitespace-normal break-words\">A 78 ml kiv\u00e1l\u00f3 min\u0151s\u00e9g\u0171 e-folyad\u00e9k hossz\u00fa \u00e9lettartamot biztos\u00edt \u00fajrat\u00f6lt\u00e9s n\u00e9lk\u00fcl. Ide\u00e1lisan alkalmas utaz\u00e1shoz \u00e9s hosszan tart\u00f3 haszn\u00e1lathoz.<\/p>\n<p class=\"whitespace-normal break-words\">A hat\u00e9kony, 850 mAh-s \u00fajrat\u00f6lthet\u0151 akkumul\u00e1tor \u00fajrat\u00f6lt\u00e9si lehet\u0151s\u00e9ggel \u00f3r\u00e1kig tart\u00f3 m\u0171k\u00f6d\u00e9st \u00e9s r\u00f6vid t\u00f6lt\u00e9si id\u0151t biztos\u00edt a C-t\u00edpuson kereszt\u00fcl, ami garant\u00e1lja, hogy a g\u0151zk\u00e9sz\u00fcl\u00e9k mindig haszn\u00e1latra k\u00e9sz.<\/p>\n<p class=\"whitespace-normal break-words\">Az 1,0 \u03a9 ellen\u00e1ll\u00e1s\u00fa kett\u0151s tekercs fel\u00e9p\u00edt\u00e9se gazdag, \u00edzgazdag g\u0151zt eredm\u00e9nyez, \u00e9s homog\u00e9n, kellemes g\u0151z\u00f6l\u00e9si \u00e9lm\u00e9nyt biztos\u00edt az elej\u00e9t\u0151l a v\u00e9g\u00e9ig.<\/p>\n<p class=\"whitespace-normal break-words\">A 0 %, 2 %, 3 % \u00e9s 5 % nikotinszinten kaphat\u00f3 Bang Leader 80000 a szabadid\u0151s vapereket \u00e9s a rajong\u00f3kat egyar\u00e1nt kiszolg\u00e1lja.<\/p>\n<h3 class=\"text-lg font-bold text-text-100 mt-1 -mb-1.5\">Term\u00e9kle\u00edr\u00e1sok:<\/h3>\n<p class=\"whitespace-normal break-words\"><strong>Vonatok sz\u00e1ma:<\/strong> Ak\u00e1r 80 000 vonat<br \/>\n<strong>Nikotin tartalom:<\/strong> 0 % \/ 2 % \/ 3 % \/ 5 %<br \/>\n<strong>\u00cdzek:<\/strong> Eper \u00e9s g\u00f6r\u00f6gdinnye, sz\u0151l\u0151 j\u00e9g, sziv\u00e1rv\u00e1ny cukorka<br \/>\n<strong>E-folyad\u00e9k t\u00e9rfogata:<\/strong> 78 ml el\u0151ret\u00f6lt\u00f6tt (3 kapszula, egyenk\u00e9nt 26 ml)<br \/>\n<strong>Akkumul\u00e1tor:<\/strong> 850 mAh \u00fajrat\u00f6lthet\u0151<br \/>\n<strong>P\u00e1rologtat\u00f3:<\/strong> 1.0 \u03a9 H\u00e1l\u00f3s tekercs<br \/>\n<strong>T\u00f6lt\u00e9si interf\u00e9sz:<\/strong> C-t\u00edpus\u00fa<\/p>\n<h3 class=\"text-lg font-bold text-text-100 mt-1 -mb-1.5\">Fedezzen fel t\u00f6bb BANG VAPE-t a fumotpuff-on<\/h3>\n<p class=\"whitespace-normal break-words\">Fedezze fel a pr\u00e9mium vaping vil\u00e1g\u00e1t a <strong><a class=\"underline\" href=\"https:\/\/fumotpuff.com\/hu\/\">fumotpuff.com<\/a><\/strong> sz\u00e9lesk\u00f6r\u0171 term\u00e9kportf\u00f3li\u00f3nkkal. A <strong><a class=\"underline\" href=\"https:\/\/fumotpuff.com\/hu\/product-category\/bang-vape\/\">BANG VAPE v\u00e1laszt\u00e9k<\/a><\/strong> cs\u00facsk\u00e9sz\u00fcl\u00e9keket mutat be az ig\u00e9nyes felhaszn\u00e1l\u00f3k sz\u00e1m\u00e1ra. A teljes <strong><a class=\"underline\" href=\"https:\/\/fumotpuff.com\/hu\/product-category\/bang-vape\/bang-leader-80000\/\">Bang Leader 80000 \u00edzpaletta<\/a><\/strong> k\u00f6z\u00fcl v\u00e1laszthat.<\/p>","protected":false},"excerpt":{"rendered":"<p class=\"whitespace-normal break-words\">A Bang Leader 80000 Strawberry And Watermelon\/Grape Ice\/Rainbow Candy h\u00e1rom cs\u00e1b\u00edt\u00f3 \u00edzt k\u00edn\u00e1l: \u00e9des eper \u00e9s g\u00f6r\u00f6gdinnye, friss\u00edt\u0151 sz\u0151l\u0151 j\u00e9ggel \u00e9s sz\u00ednes sziv\u00e1rv\u00e1nyos cukorka. 78 ML e-folyad\u00e9kkal, 80.000 puffol\u00e1ssal, 1,0\u03a9-os h\u00e1l\u00f3s tekerccsel \u00e9s 850mAh-s akkumul\u00e1torral - maxim\u00e1lis \u00edz \u00e9s v\u00e1ltozatoss\u00e1g egy k\u00e9sz\u00fcl\u00e9kben!<\/p>","protected":false},"featured_media":3203,"comment_status":"open","ping_status":"closed","template":"","meta":{"_acf_changed":false},"product_brand":[],"product_cat":[35],"product_tag":[],"class_list":{"0":"post-3202","1":"product","2":"type-product","3":"status-publish","4":"has-post-thumbnail","6":"product_cat-bang-leader-80000","8":"first","9":"instock","10":"shipping-taxable","11":"purchasable","12":"product-type-variable"},"acf":[],"_links":{"self":[{"href":"https:\/\/fumotpuff.com\/hu\/wp-json\/wp\/v2\/product\/3202","targetHints":{"allow":["GET"]}}],"collection":[{"href":"https:\/\/fumotpuff.com\/hu\/wp-json\/wp\/v2\/product"}],"about":[{"href":"https:\/\/fumotpuff.com\/hu\/wp-json\/wp\/v2\/types\/product"}],"replies":[{"embeddable":true,"href":"https:\/\/fumotpuff.com\/hu\/wp-json\/wp\/v2\/comments?post=3202"}],"wp:featuredmedia":[{"embeddable":true,"href":"https:\/\/fumotpuff.com\/hu\/wp-json\/wp\/v2\/media\/3203"}],"wp:attachment":[{"href":"https:\/\/fumotpuff.com\/hu\/wp-json\/wp\/v2\/media?parent=3202"}],"wp:term":[{"taxonomy":"product_brand","embeddable":true,"href":"https:\/\/fumotpuff.com\/hu\/wp-json\/wp\/v2\/product_brand?post=3202"},{"taxonomy":"product_cat","embeddable":true,"href":"https:\/\/fumotpuff.com\/hu\/wp-json\/wp\/v2\/product_cat?post=3202"},{"taxonomy":"product_tag","embeddable":true,"href":"https:\/\/fumotpuff.com\/hu\/wp-json\/wp\/v2\/product_tag?post=3202"}],"curies":[{"name":"wp","href":"https:\/\/api.w.org\/{rel}","templated":true}]}}