{"id":3195,"date":"2025-10-18T04:48:10","date_gmt":"2025-10-18T02:48:10","guid":{"rendered":"https:\/\/fumotpuff.com\/?post_type=product&#038;p=3195"},"modified":"2025-10-18T04:48:10","modified_gmt":"2025-10-18T02:48:10","slug":"bang-leader-80000-raspberry-mojito-peach-ice-strawberry-and-watermelon-kiwi-passion-fruit-guava","status":"publish","type":"product","link":"https:\/\/fumotpuff.com\/hu\/termek\/bang-leader-80000-raspberry-mojito-peach-ice-strawberry-and-watermelon-kiwi-passion-fruit-guava\/","title":{"rendered":"Bang Leader 80000 M\u00e1lna Mojito \u0150szibarack j\u00e9g\/Eper \u00e9s g\u00f6r\u00f6gdinnye\/Kiwi Maracuja Guava"},"content":{"rendered":"<h2 class=\"text-xl font-bold text-text-100 mt-1 -mb-0.5\">Bang Leader 80000 M\u00e1lna Mojito Barack j\u00e9g\/Eper \u00e9s g\u00f6r\u00f6gdinnye\/Kiwi Passion Fruit Guava eldobhat\u00f3 Vape<\/h2>\n<p class=\"whitespace-normal break-words\">A Bang Leader 80000 egy nagy kapacit\u00e1s\u00fa, eldobhat\u00f3 e-cigaretta, amelyet olyan felhaszn\u00e1l\u00f3k sz\u00e1m\u00e1ra fejlesztettek ki, akik ig\u00e9nylik az \u00edzek v\u00e1ltozatoss\u00e1g\u00e1t \u00e9s k\u00f6vetkezetess\u00e9g\u00e9t. Az egyed\u00fcl\u00e1ll\u00f3 3 az 1-ben koncepci\u00f3 h\u00e1rom k\u00fcl\u00f6n\u00e1ll\u00f3 26 ml-es patront kombin\u00e1l \u00f6sszesen 78 ml e-folyad\u00e9kkal, \u00e9s lehet\u0151v\u00e9 teszi a k\u00f6nnyed v\u00e1lt\u00e1st h\u00e1rom jellegzetes \u00edz k\u00f6z\u00f6tt: pezsg\u0151 m\u00e1lna-mojito barackj\u00e9ggel, \u00e9des eper- g\u00f6r\u00f6gdinnye kombin\u00e1ci\u00f3 \u00e9s tr\u00f3pusi kiwi-mogyor\u00f3-gy\u00fcm\u00f6lcs-guava kever\u00e9k.<\/p>\n<p class=\"whitespace-normal break-words\">Az 1,0 \u03a9 h\u00e1l\u00f3s tekercs b\u00e1rsonyosan sima g\u0151zt termel, autentikus \u00edzzel. A be\u00e9p\u00edtett 850 mAh-s akkumul\u00e1tor t\u00f6lt\u00e9si funkci\u00f3val garant\u00e1lja a hossz\u00fa t\u00e1v\u00fa m\u0171k\u00f6d\u00e9st, a Type-C gyorst\u00f6lt\u00e9s pedig minimaliz\u00e1lja a megszak\u00edt\u00e1sokat.<\/p>\n<p class=\"whitespace-normal break-words\">A Bang Leader 80K 0 %, 2 %, 3 % \u00e9s 5 % nikotiner\u0151ss\u00e9gben kaphat\u00f3 - a Bang Leader 80K a k\u00f6vetelm\u00e9nyek sz\u00e9les sk\u00e1l\u00e1j\u00e1nak megfelel.<\/p>\n<h3 class=\"text-lg font-bold text-text-100 mt-1 -mb-1.5\">A Bang Leader 80000 Puff el\u0151nyei:<\/h3>\n<p class=\"whitespace-normal break-words\">Ez a p\u00e1rologtat\u00f3 k\u00e9sz\u00fcl\u00e9k \u00faj m\u00e9rc\u00e9t \u00e1ll\u00edt fel a leny\u0171g\u00f6z\u0151, ak\u00e1r 80.000 puffol\u00e1sos teljes\u00edtm\u00e9ny\u00e9vel, \u00e9s leny\u0171g\u00f6z p\u00e1ratlan tart\u00f3ss\u00e1g\u00e1val \u00e9s \u00edzmin\u0151s\u00e9g\u00e9vel. Ide\u00e1lis az ig\u00e9nyes vaperek sz\u00e1m\u00e1ra, akik egyszerre keresik a mennyis\u00e9get \u00e9s a pr\u00e9mium min\u0151s\u00e9get egy eleg\u00e1ns, modern h\u00e1zban.<\/p>\n<p class=\"whitespace-normal break-words\">Mindegyik k\u00e9sz\u00fcl\u00e9k 3 az 1-ben \u00edzkamr\u00e1s rendszert k\u00edn\u00e1l, amely h\u00e1rom k\u00fcl\u00f6nb\u00f6z\u0151 \u00edzt kombin\u00e1l egyetlen e-cigarett\u00e1ban. V\u00e1ltson szabadon az \u00edzek k\u00f6z\u00f6tt, vagy keverje \u0151ket \u00edzl\u00e9se szerint - fedezzen fel \u00faj \u00edz\u00e9lm\u00e9nyeket \u00e9s tiszta \u00e9lvezetet minden egyes slukkol\u00e1ssal.<\/p>\n<p class=\"whitespace-normal break-words\">A 78 ml pr\u00e9mium e-folyad\u00e9k kapacit\u00e1ssal garant\u00e1lt a hossz\u00fa t\u00e1v\u00fa haszn\u00e1lat \u00fajrat\u00f6lt\u00e9s n\u00e9lk\u00fcl. Ide\u00e1lis utaz\u00e1shoz \u00e9s hosszabb haszn\u00e1latra.<\/p>\n<p class=\"whitespace-normal break-words\">A nagy teljes\u00edtm\u00e9ny\u0171, 850 mAh kapacit\u00e1s\u00fa, \u00fajrat\u00f6lt\u00e9si funkci\u00f3val ell\u00e1tott akkumul\u00e1tor t\u00f6bb \u00f3r\u00e1s \u00fczemid\u0151t \u00e9s gyors t\u00f6lt\u00e9st biztos\u00edt a C-t\u00edpuson kereszt\u00fcl, \u00edgy az e-cigaretta mindig k\u00e9szen \u00e1ll a haszn\u00e1latra.<\/p>\n<p class=\"whitespace-normal break-words\">A be\u00e9p\u00edtett, 1,0 \u03a9 ellen\u00e1ll\u00e1s\u00fa kett\u0151s tekercsrendszer s\u0171r\u0171, arom\u00e1s g\u0151zt termel, \u00e9s egyenletes, egyenletes g\u0151z\u00f6l\u00e9si \u00e9lm\u00e9nyt biztos\u00edt az els\u0151t\u0151l az utols\u00f3 slukkig.<\/p>\n<p class=\"whitespace-normal break-words\">A Bang Leader 80000 0 %, 2 %, 3 % \u00e9s 5 % nikotinnal kaphat\u00f3 - a Bang Leader 80000 alkalmi \u00e9s intenz\u00edv g\u0151z\u00f6l\u0151k sz\u00e1m\u00e1ra egyar\u00e1nt alkalmas.<\/p>\n<h3 class=\"text-lg font-bold text-text-100 mt-1 -mb-1.5\">Term\u00e9kle\u00edr\u00e1sok:<\/h3>\n<p class=\"whitespace-normal break-words\"><strong>Vonatok sz\u00e1ma:<\/strong> Ak\u00e1r 80 000 vonat<br \/>\n<strong>Nikotin tartalom:<\/strong> 0 % \/ 2 % \/ 3 % \/ 5 %<br \/>\n<strong>\u00cdzek:<\/strong> M\u00e1lna Mojito Barack j\u00e9g, Eper \u00e9s g\u00f6r\u00f6gdinnye, Kiwi Passi\u00f3gy\u00fcm\u00f6lcs Guava<br \/>\n<strong>E-folyad\u00e9k t\u00e9rfogata:<\/strong> 78 ml el\u0151ret\u00f6lt\u00f6tt (3 kapszula, egyenk\u00e9nt 26 ml)<br \/>\n<strong>Akkumul\u00e1tor:<\/strong> 850 mAh \u00fajrat\u00f6lthet\u0151<br \/>\n<strong>P\u00e1rologtat\u00f3:<\/strong> 1.0 \u03a9 H\u00e1l\u00f3s tekercs<br \/>\n<strong>T\u00f6lt\u00e9si interf\u00e9sz:<\/strong> C-t\u00edpus\u00fa<\/p>\n<h3 class=\"text-lg font-bold text-text-100 mt-1 -mb-1.5\">Fedezzen fel t\u00f6bb BANG VAPE-t a fumotpuff-on<\/h3>\n<p class=\"whitespace-normal break-words\">B\u00f6ng\u00e9sszen sz\u00e9les v\u00e1laszt\u00e9kunkban a <strong><a class=\"underline\" href=\"https:\/\/fumotpuff.com\/hu\/\">fumotpuff.com<\/a><\/strong> \u00e9s tapasztalja meg az els\u0151 oszt\u00e1ly\u00fa g\u0151ztechnol\u00f3gi\u00e1t. A <strong><a class=\"underline\" href=\"https:\/\/fumotpuff.com\/hu\/product-category\/bang-vape\/\">BANG VAPE term\u00e9kcsal\u00e1d<\/a><\/strong> innovat\u00edv megold\u00e1sokat k\u00edn\u00e1l minden ig\u00e9nyre. A Bang Leader 80000 minden \u00edz\u00e9ben kaphat\u00f3 a k\u00f6vetkez\u0151 k\u00edn\u00e1latunkban <strong><a class=\"underline\" href=\"https:\/\/fumotpuff.com\/hu\/product-category\/bang-vape\/bang-leader-80000\/\">k\u00fcl\u00f6nleges \u00edzv\u00e1laszt\u00e9k<\/a><\/strong> az \u00d6n sz\u00e1m\u00e1ra.<\/p>","protected":false},"excerpt":{"rendered":"<p class=\"whitespace-normal break-words\">A Bang Leader 80000 Raspberry Mojito Peach Ice\/Strawberry And Watermelon\/Kiwi Passion Fruit Guava h\u00e1rom egzotikus \u00edzt egyes\u00edt: pezsg\u0151 m\u00e1lna mojito barack j\u00e9ggel, \u00e9des eper g\u00f6r\u00f6gdinnye \u00e9s tr\u00f3pusi kiwi maracuja guava. 78 ML e-folyad\u00e9k, 80.000 slukk, 1.0\u03a9 h\u00e1l\u00f3s tekercs, 850mAh akkumul\u00e1tor - korl\u00e1tlan \u00e9lvezet!<\/p>","protected":false},"featured_media":3196,"comment_status":"open","ping_status":"closed","template":"","meta":{"_acf_changed":false},"product_brand":[],"product_cat":[35],"product_tag":[],"class_list":{"0":"post-3195","1":"product","2":"type-product","3":"status-publish","4":"has-post-thumbnail","6":"product_cat-bang-leader-80000","8":"first","9":"instock","10":"shipping-taxable","11":"purchasable","12":"product-type-variable"},"acf":[],"_links":{"self":[{"href":"https:\/\/fumotpuff.com\/hu\/wp-json\/wp\/v2\/product\/3195","targetHints":{"allow":["GET"]}}],"collection":[{"href":"https:\/\/fumotpuff.com\/hu\/wp-json\/wp\/v2\/product"}],"about":[{"href":"https:\/\/fumotpuff.com\/hu\/wp-json\/wp\/v2\/types\/product"}],"replies":[{"embeddable":true,"href":"https:\/\/fumotpuff.com\/hu\/wp-json\/wp\/v2\/comments?post=3195"}],"wp:featuredmedia":[{"embeddable":true,"href":"https:\/\/fumotpuff.com\/hu\/wp-json\/wp\/v2\/media\/3196"}],"wp:attachment":[{"href":"https:\/\/fumotpuff.com\/hu\/wp-json\/wp\/v2\/media?parent=3195"}],"wp:term":[{"taxonomy":"product_brand","embeddable":true,"href":"https:\/\/fumotpuff.com\/hu\/wp-json\/wp\/v2\/product_brand?post=3195"},{"taxonomy":"product_cat","embeddable":true,"href":"https:\/\/fumotpuff.com\/hu\/wp-json\/wp\/v2\/product_cat?post=3195"},{"taxonomy":"product_tag","embeddable":true,"href":"https:\/\/fumotpuff.com\/hu\/wp-json\/wp\/v2\/product_tag?post=3195"}],"curies":[{"name":"wp","href":"https:\/\/api.w.org\/{rel}","templated":true}]}}