{"id":3188,"date":"2025-10-18T04:45:06","date_gmt":"2025-10-18T02:45:06","guid":{"rendered":"https:\/\/fumotpuff.com\/?post_type=product&#038;p=3188"},"modified":"2025-10-18T04:45:28","modified_gmt":"2025-10-18T02:45:28","slug":"bang-leader-80000-watermelon-ice-strawberry-and-mango-banana","status":"publish","type":"product","link":"https:\/\/fumotpuff.com\/hu\/termek\/bang-leader-80000-watermelon-ice-strawberry-and-mango-banana\/","title":{"rendered":"Bang Leader 80000 G\u00f6r\u00f6gdinnye j\u00e9g\/Eper \u00e9s mang\u00f3\/ban\u00e1n"},"content":{"rendered":"<h2 class=\"text-xl font-bold text-text-100 mt-1 -mb-0.5\">Bang Leader 80000 g\u00f6r\u00f6gdinnye j\u00e9g \/ eper \u00e9s mang\u00f3 \/ ban\u00e1n eldobhat\u00f3 Vape<\/h2>\n<p class=\"whitespace-normal break-words\">A Bang Leader 80000 egy innovat\u00edv, kiv\u00e9teles kapacit\u00e1s\u00fa, eldobhat\u00f3 p\u00e1rologtat\u00f3 k\u00e9sz\u00fcl\u00e9k, amelyet olyan felhaszn\u00e1l\u00f3k sz\u00e1m\u00e1ra terveztek, akik maxim\u00e1lis v\u00e1ltozatoss\u00e1got \u00e9s kitart\u00e1st v\u00e1rnak el a p\u00e1rolg\u00e1s sor\u00e1n. A forradalmi 3 az 1-ben \u00edzrendszer h\u00e1rom k\u00fcl\u00f6n\u00e1ll\u00f3 26 ml-es tart\u00e1lyt tartalmaz \u00f6sszesen 78 ml e-folyad\u00e9kkal, \u00e9s lehet\u0151v\u00e9 teszi a z\u00f6kken\u0151mentes v\u00e1lt\u00e1st h\u00e1rom k\u00fcl\u00f6nb\u00f6z\u0151 \u00edz k\u00f6z\u00f6tt: friss\u00edt\u0151 g\u00f6r\u00f6gdinnye egy csipetnyi fagylalttal, gy\u00fcm\u00f6lcs\u00f6s eper-mang\u00f3 kombin\u00e1ci\u00f3 \u00e9s kr\u00e9mes ban\u00e1n.<\/p>\n<p class=\"whitespace-normal break-words\">A be\u00e9p\u00edtett 1,0 \u03a9 h\u00e1l\u00f3s p\u00e1rologtat\u00f3 egys\u00e9g sima g\u0151zt termel teljes \u00edzzel. A nagy teljes\u00edtm\u00e9ny\u0171, 850 mAh-s akkumul\u00e1tor \u00fajrat\u00f6lt\u00e9si funkci\u00f3val biztos\u00edtja a hosszabb p\u00e1rologtat\u00e1sokat, m\u00edg a Type-C gyorst\u00f6lt\u00e9si technol\u00f3gia minim\u00e1lisra cs\u00f6kkenti a v\u00e1rakoz\u00e1si id\u0151t.<\/p>\n<p class=\"whitespace-normal break-words\">A 0 %, 2 %, 3 % \u00e9s 5 % nikotin koncentr\u00e1ci\u00f3ban kaphat\u00f3 - a Bang Leader 80K minden \u00edzl\u00e9st kiel\u00e9g\u00edt.<\/p>\n<h3 class=\"text-lg font-bold text-text-100 mt-1 -mb-1.5\">A Bang Leader 80000 k\u00fcl\u00f6nleges jellemz\u0151i:<\/h3>\n<p class=\"whitespace-normal break-words\">Ez az e-cigaretta \u00fajradefini\u00e1lja a teljes\u00edtm\u00e9nyt a l\u00e1tv\u00e1nyos, ak\u00e1r 80 000 slukkot is el\u00e9r\u0151 kapacit\u00e1s\u00e1val, \u00e9s p\u00e1ratlan kitart\u00e1st biztos\u00edt intenz\u00edv \u00edz\u00e9lm\u00e9nnyel kombin\u00e1lva. Ide\u00e1lis v\u00e1laszt\u00e1s azoknak a power vapereknek, akik \u00e9rt\u00e9kelik a mennyis\u00e9get \u00e9s a min\u0151s\u00e9get egy modern, eleg\u00e1ns diz\u00e1jnban.<\/p>\n<p class=\"whitespace-normal break-words\">Az egyed\u00fcl\u00e1ll\u00f3 3 az 1-ben kamrarendszer h\u00e1rom k\u00fcl\u00f6nb\u00f6z\u0151 \u00edzt k\u00edn\u00e1l egyetlen kompakt k\u00e9sz\u00fcl\u00e9kben. V\u00e1ltson az egyes \u00edzek k\u00f6z\u00f6tt tetsz\u00e9s szerint, vagy kombin\u00e1lja \u0151ket saj\u00e1t szem\u00e9lyes kre\u00e1ci\u00f3j\u00e1hoz - tapasztalja meg az \u00faj \u00edzdimenzi\u00f3kat \u00e9s a maxim\u00e1lis \u00e9lvezetet minden egyes sz\u00edv\u00e1sn\u00e1l.<\/p>\n<p class=\"whitespace-normal break-words\">A b\u0151s\u00e9ges 78 ml-es e-folyad\u00e9k t\u00f6ltet garant\u00e1lja a hosszan tart\u00f3 haszn\u00e1latot \u00fajrat\u00f6lt\u00e9s n\u00e9lk\u00fcl. T\u00f6k\u00e9letes mobil haszn\u00e1latra \u00e9s hossz\u00fa t\u00e1v\u00fa haszn\u00e1latra.<\/p>\n<p class=\"whitespace-normal break-words\">A nagy hat\u00e9konys\u00e1g\u00fa, 850 mAh-s \u00fajrat\u00f6lthet\u0151 akkumul\u00e1tor \u00fajrat\u00f6lt\u00e9si funkci\u00f3val t\u00f6bb \u00f3r\u00e1s m\u0171k\u00f6d\u00e9st \u00e9s gyors t\u00f6lt\u00e9st tesz lehet\u0151v\u00e9 a Type-C csatlakoz\u00f3n kereszt\u00fcl, \u00edgy a p\u00e1rologtat\u00f3 k\u00e9sz\u00fcl\u00e9k mindig k\u00e9szen \u00e1ll a haszn\u00e1latra.<\/p>\n<p class=\"whitespace-normal break-words\">A be\u00e9p\u00edtett kett\u0151s tekercses technol\u00f3gia 1,0 \u03a9 ellen\u00e1ll\u00e1ssal terjedelmes, \u00edzgazdag g\u0151zt gener\u00e1l, \u00e9s garant\u00e1lja az egyenletes, egyenletes g\u0151z\u00f6l\u00e9si \u00e9lm\u00e9nyt az elej\u00e9t\u0151l a v\u00e9g\u00e9ig.<\/p>\n<p class=\"whitespace-normal break-words\">A 0 %, 2 %, 3 % \u00e9s 5 % nikotiner\u0151ss\u00e9ggel - a Bang Leader 80000 mind az alkalmi p\u00e1rol\u00f3k, mind a gyakori felhaszn\u00e1l\u00f3k sz\u00e1m\u00e1ra vonz\u00f3.<\/p>\n<h3 class=\"text-lg font-bold text-text-100 mt-1 -mb-1.5\">Term\u00e9kle\u00edr\u00e1sok:<\/h3>\n<p class=\"whitespace-normal break-words\"><strong>Vonatok sz\u00e1ma:<\/strong> Ak\u00e1r 80 000 vonat<br \/>\n<strong>Nikotin tartalom:<\/strong> 0 % \/ 2 % \/ 3 % \/ 5 %<br \/>\n<strong>\u00cdzek:<\/strong> G\u00f6r\u00f6gdinnye j\u00e9g, eper \u00e9s mang\u00f3, ban\u00e1n<br \/>\n<strong>E-folyad\u00e9k t\u00e9rfogata:<\/strong> 78 ml el\u0151ret\u00f6lt\u00f6tt (3 kapszula, egyenk\u00e9nt 26 ml)<br \/>\n<strong>Akkumul\u00e1tor:<\/strong> 850 mAh \u00fajrat\u00f6lthet\u0151<br \/>\n<strong>P\u00e1rologtat\u00f3:<\/strong> 1.0 \u03a9 H\u00e1l\u00f3s tekercs<br \/>\n<strong>T\u00f6lt\u00e9si interf\u00e9sz:<\/strong> C-t\u00edpus\u00fa<\/p>\n<h3 class=\"text-lg font-bold text-text-100 mt-1 -mb-1.5\">Fedezzen fel t\u00f6bb BANG VAPE-t a fumotpuff-on<\/h3>\n<p class=\"whitespace-normal break-words\">L\u00e1togasson el a  oldalra. <strong><a class=\"underline\" href=\"https:\/\/fumotpuff.com\/hu\/\">fumotpuff.com<\/a><\/strong> a pr\u00e9mium kateg\u00f3ri\u00e1s g\u0151zterm\u00e9kek teljes v\u00e1laszt\u00e9k\u00e1hoz. A mi <strong><a class=\"underline\" href=\"https:\/\/fumotpuff.com\/hu\/product-category\/bang-vape\/\">BANG VAPE kateg\u00f3ria<\/a><\/strong> t\u00f6bb kiv\u00e1l\u00f3 min\u0151s\u00e9g\u0171 eldobhat\u00f3 e-cigarett\u00e1t tal\u00e1l. Fedezze fel az \u00f6sszes \u00edzt a <strong><a class=\"underline\" href=\"https:\/\/fumotpuff.com\/hu\/product-category\/bang-vape\/bang-leader-80000\/\">Bang Leader 80000 kollekci\u00f3<\/a><\/strong> \u00e9s tal\u00e1lja meg a kedvenc\u00e9t.<\/p>","protected":false},"excerpt":{"rendered":"<p class=\"whitespace-normal break-words\">A Bang Leader 80000 Watermelon Ice\/Strawberry \u00e9s Mango\/Banana h\u00e1rom \u00edzt k\u00edn\u00e1l egy k\u00e9sz\u00fcl\u00e9kben: friss\u00edt\u0151 g\u00f6r\u00f6gdinnye j\u00e9ggel, gy\u00fcm\u00f6lcs\u00f6s eper-mang\u00f3 \u00e9s kr\u00e9mes ban\u00e1n. 78 ML e-folyad\u00e9kkal, 80.000 puffol\u00e1ssal, 1,0\u03a9-os kett\u0151s tekerccsel \u00e9s 850mAh-s akkumul\u00e1torral - egyszer\u0171en cser\u00e9lje vagy keverje a maxim\u00e1lis \u00e9lvezet \u00e9rdek\u00e9ben!<\/p>","protected":false},"featured_media":3189,"comment_status":"open","ping_status":"closed","template":"","meta":{"_acf_changed":false},"product_brand":[],"product_cat":[35],"product_tag":[],"class_list":{"0":"post-3188","1":"product","2":"type-product","3":"status-publish","4":"has-post-thumbnail","6":"product_cat-bang-leader-80000","8":"first","9":"instock","10":"shipping-taxable","11":"purchasable","12":"product-type-variable"},"acf":[],"_links":{"self":[{"href":"https:\/\/fumotpuff.com\/hu\/wp-json\/wp\/v2\/product\/3188","targetHints":{"allow":["GET"]}}],"collection":[{"href":"https:\/\/fumotpuff.com\/hu\/wp-json\/wp\/v2\/product"}],"about":[{"href":"https:\/\/fumotpuff.com\/hu\/wp-json\/wp\/v2\/types\/product"}],"replies":[{"embeddable":true,"href":"https:\/\/fumotpuff.com\/hu\/wp-json\/wp\/v2\/comments?post=3188"}],"wp:featuredmedia":[{"embeddable":true,"href":"https:\/\/fumotpuff.com\/hu\/wp-json\/wp\/v2\/media\/3189"}],"wp:attachment":[{"href":"https:\/\/fumotpuff.com\/hu\/wp-json\/wp\/v2\/media?parent=3188"}],"wp:term":[{"taxonomy":"product_brand","embeddable":true,"href":"https:\/\/fumotpuff.com\/hu\/wp-json\/wp\/v2\/product_brand?post=3188"},{"taxonomy":"product_cat","embeddable":true,"href":"https:\/\/fumotpuff.com\/hu\/wp-json\/wp\/v2\/product_cat?post=3188"},{"taxonomy":"product_tag","embeddable":true,"href":"https:\/\/fumotpuff.com\/hu\/wp-json\/wp\/v2\/product_tag?post=3188"}],"curies":[{"name":"wp","href":"https:\/\/api.w.org\/{rel}","templated":true}]}}