{"id":306,"date":"2025-09-11T12:33:07","date_gmt":"2025-09-11T10:33:07","guid":{"rendered":"https:\/\/fumotpuff.com\/?post_type=product&#038;p=306"},"modified":"2026-01-29T11:54:10","modified_gmt":"2026-01-29T10:54:10","slug":"fumot-leopard-40k-mixed-berries","status":"publish","type":"product","link":"https:\/\/fumotpuff.com\/hu\/termek\/fumot-leopard-40k-mixed-berries\/","title":{"rendered":"Fumot Leop\u00e1rd 40K vegyes bogy\u00f3s gy\u00fcm\u00f6lcs\u00f6k"},"content":{"rendered":"<h2 class=\"text-xl font-bold text-text-100 mt-1 -mb-0.5\">Fumot Leopard 40K Mixed Berries eldobhat\u00f3 e-cigaretta - 40.000 slukk<\/h2>\n<p class=\"whitespace-normal break-words\">A Fumot Leopard 40K Mixed Berries egy nagy kapacit\u00e1s\u00fa eldobhat\u00f3 e-cigaretta, amely ak\u00e1r 40.000 slukkot is tartalmaz a gy\u00fcm\u00f6lcs\u00f6s bogy\u00f3s gy\u00fcm\u00f6lcskever\u00e9kb\u0151l. A k\u00e9sz\u00fcl\u00e9k felt\u0171n\u0151 leop\u00e1rd illusztr\u00e1ci\u00f3val ell\u00e1tott \u00e1tl\u00e1tsz\u00f3 k\u00fcls\u0151 h\u00e1z\u00e1val ny\u0171g\u00f6z le, \u00e9s minden egyes g\u0151z\u00f6l\u00e9si pillanatnak rendk\u00edv\u00fcli vizu\u00e1lis jelenl\u00e9tet biztos\u00edt. A be\u00e9p\u00edtett LED kijelz\u0151 nemcsak az e-folyad\u00e9k \u00e9s az akkumul\u00e1tor szintj\u00e9t teszi l\u00e1that\u00f3v\u00e1, hanem leny\u0171g\u00f6z\u0151 f\u00e9nyhat\u00e1sokat is l\u00e9trehoz.<\/p>\n<h3 class=\"text-lg font-bold text-text-100 mt-1 -mb-1.5\">Fumot Leopard 40K Vegyes bogy\u00f3s gy\u00fcm\u00f6lcs\u00f6k F\u0151bb jellemz\u0151k<\/h3>\n<p class=\"whitespace-normal break-words\">A Fumot Leopard 40K Mixed Berries ak\u00e1r 40 000 \u00edzes\u00edtett puffan\u00e1st is biztos\u00edt, \u00e9s optim\u00e1lis teljes\u00edtm\u00e9nyre lett tervezve. A kett\u0151s h\u00e1l\u00f3s tekercsrendszer gazdag bogy\u00f3s gy\u00fcm\u00f6lcs\u00f6s \u00edzeket \u00e9s egyenletes g\u0151zfejl\u0151d\u00e9st garant\u00e1l az els\u0151t\u0151l az utols\u00f3 bel\u00e9gz\u00e9sig.<\/p>\n<p class=\"whitespace-normal break-words\">A 0%, 2%, 3% \u00e9s 5% nikotinopci\u00f3kkal a k\u00e9sz\u00fcl\u00e9k a g\u0151zpreferenci\u00e1k sz\u00e9les sk\u00e1l\u00e1j\u00e1t kiel\u00e9g\u00edti. A 700mAh-s \u00fajrat\u00f6lthet\u0151 akkumul\u00e1tor hossz\u00fa \u00fczemid\u0151t biztos\u00edt, a hat\u00e9kony Type-C t\u00f6lt\u00e9s pedig minimaliz\u00e1lja a v\u00e1rakoz\u00e1si id\u0151t.<\/p>\n<p class=\"whitespace-normal break-words\">Az RGB Dynamic Rotating Light vibr\u00e1l\u00f3 sz\u00ednj\u00e1t\u00e9kot hoz l\u00e9tre minden egyes sz\u00edv\u00e1sn\u00e1l, \u00e9s a p\u00e1rologtat\u00e1st multiszenzoros \u00e9lm\u00e9nny\u00e9 alak\u00edtja \u00e1t. A digit\u00e1lis cs\u0151kijelz\u0151 pontos, val\u00f3s idej\u0171 inform\u00e1ci\u00f3t ny\u00fajt a folyad\u00e9k \u00e9s az akkumul\u00e1tor kapacit\u00e1s\u00e1r\u00f3l az optim\u00e1lis ellen\u0151rz\u00e9s \u00e9rdek\u00e9ben.<\/p>\n<h3 class=\"text-lg font-bold text-text-100 mt-1 -mb-1.5\">M\u0171szaki specifik\u00e1ci\u00f3k<\/h3>\n<p class=\"whitespace-normal break-words\"><strong>Vonatok:<\/strong> Ak\u00e1r 40,000<br \/>\n<strong>Nikotin:<\/strong> 0% \/ 2% \/ 3% \/ 5%<br \/>\n<strong>Akkumul\u00e1tor:<\/strong> 700mAh \u00fajrat\u00f6lthet\u0151<br \/>\n<strong>Tekercs:<\/strong> Kett\u0151s h\u00e1l\u00f3s tekercs<br \/>\n<strong>T\u00f6lt\u00e9s:<\/strong> C-t\u00edpus\u00fa<br \/>\n<strong>Vil\u00e1g\u00edt\u00e1s:<\/strong> RGB dinamikus forg\u00f3 f\u00e9ny<br \/>\n<strong>Megjelen\u00edt\u00e9s:<\/strong> Digit\u00e1lis cs\u0151kijelz\u0151 a folyad\u00e9k \u00e9s az akkumul\u00e1tor \u00e1llapot\u00e1r\u00f3l<br \/>\n<strong>Csomagol\u00e1s:<\/strong> 10 darab csomagonk\u00e9nt<\/p>\n<h3 class=\"text-lg font-bold text-text-100 mt-1 -mb-1.5\">Fedezzen fel t\u00f6bb FUMOT VAPE-t a fumotpuff-on<\/h3>\n<p class=\"whitespace-normal break-words\">Fedezzen fel t\u00f6bb pr\u00e9mium g\u0151z\u00f6lg\u0151 term\u00e9ket a <strong><a class=\"underline\" href=\"https:\/\/fumotpuff.com\/hu\/\">Honlap<\/a><\/strong>, fedezze fel a teljes <strong><a class=\"underline\" href=\"https:\/\/fumotpuff.com\/hu\/product-category\/fumot-vape\/\">FUMOT VAPE kateg\u00f3ria<\/a><\/strong> vagy b\u00f6ng\u00e9szhet a teljes <strong><a class=\"underline\" href=\"https:\/\/fumotpuff.com\/hu\/product-category\/fumot-vape\/fumot-leopard-40k\/\">Fumot Leopard 40K \u00edzek gy\u0171jtem\u00e9nye<\/a><\/strong>.<\/p>","protected":false},"excerpt":{"rendered":"<div>\n<div class=\"grid-cols-1 grid gap-2.5 [&amp;_&gt;_*]:min-w-0 !gap-3.5\">\n<p class=\"whitespace-normal break-words\">Die Fumot Leopard 40K Mixed Berries Einweg-Vape vereint Premium-Beerengeschmack mit spektakul\u00e4rem Design. 40.000 Z\u00fcge, transparentes Leoparden-Geh\u00e4use, RGB-Lichteffekte und digitales Display sorgen f\u00fcr ein au\u00dfergew\u00f6hnliches Dampferlebnis. Dual-Mesh-Technologie und 700mAh Akku garantieren Performance.<\/p>\n<\/div>\n<\/div>\n<div class=\"h-8\"><\/div>\n","protected":false},"featured_media":307,"comment_status":"open","ping_status":"closed","template":"","meta":{"_acf_changed":false},"product_brand":[],"product_cat":[19],"product_tag":[],"class_list":{"0":"post-306","1":"product","2":"type-product","3":"status-publish","4":"has-post-thumbnail","6":"product_cat-fumot-leopard-40k","8":"first","9":"instock","10":"shipping-taxable","11":"purchasable","12":"product-type-variable"},"acf":[],"_links":{"self":[{"href":"https:\/\/fumotpuff.com\/hu\/wp-json\/wp\/v2\/product\/306","targetHints":{"allow":["GET"]}}],"collection":[{"href":"https:\/\/fumotpuff.com\/hu\/wp-json\/wp\/v2\/product"}],"about":[{"href":"https:\/\/fumotpuff.com\/hu\/wp-json\/wp\/v2\/types\/product"}],"replies":[{"embeddable":true,"href":"https:\/\/fumotpuff.com\/hu\/wp-json\/wp\/v2\/comments?post=306"}],"wp:featuredmedia":[{"embeddable":true,"href":"https:\/\/fumotpuff.com\/hu\/wp-json\/wp\/v2\/media\/307"}],"wp:attachment":[{"href":"https:\/\/fumotpuff.com\/hu\/wp-json\/wp\/v2\/media?parent=306"}],"wp:term":[{"taxonomy":"product_brand","embeddable":true,"href":"https:\/\/fumotpuff.com\/hu\/wp-json\/wp\/v2\/product_brand?post=306"},{"taxonomy":"product_cat","embeddable":true,"href":"https:\/\/fumotpuff.com\/hu\/wp-json\/wp\/v2\/product_cat?post=306"},{"taxonomy":"product_tag","embeddable":true,"href":"https:\/\/fumotpuff.com\/hu\/wp-json\/wp\/v2\/product_tag?post=306"}],"curies":[{"name":"wp","href":"https:\/\/api.w.org\/{rel}","templated":true}]}}