{"id":2044,"date":"2025-10-05T06:01:14","date_gmt":"2025-10-05T04:01:14","guid":{"rendered":"https:\/\/fumotpuff.com\/?post_type=product&#038;p=2044"},"modified":"2025-10-05T06:01:14","modified_gmt":"2025-10-05T04:01:14","slug":"randm-tornado-9000-ice-pop","status":"publish","type":"product","link":"https:\/\/fumotpuff.com\/hu\/termek\/randm-tornado-9000-ice-pop\/","title":{"rendered":"RandM Tornado 9000 Ice Pop"},"content":{"rendered":"<h2 class=\"text-xl font-bold text-text-100 mt-1 -mb-0.5\">RandM Tornado 9000 Ice Pop eldobhat\u00f3 vape<\/h2>\n<p class=\"whitespace-normal break-words\">A RandM Tornado 9000 Ice Pop t\u00f6k\u00e9letesen visszaadja a n\u00e9pszer\u0171 j\u00e9gkr\u00e9mek nosztalgikus \u00edz\u00e9t. Ez a friss\u00edt\u0151 v\u00e1ltozat k\u00fcl\u00f6nb\u00f6z\u0151 gy\u00fcm\u00f6lcs\u00f6s jegyeket kombin\u00e1l a ny\u00e1ri fagylalt \u00edzekre eml\u00e9keztet\u0151 intenz\u00edv h\u0171s\u00edt\u0151 hat\u00e1ssal. 9000 puff kapacit\u00e1s\u00e1val \u00e9s 18ml e-folyad\u00e9k t\u00e9rfogat\u00e1val ez az eldobhat\u00f3 vape k\u00e9sz\u00fcl\u00e9k hosszan tart\u00f3 felfriss\u00fcl\u00e9st k\u00edn\u00e1l. A kiv\u00e1l\u00f3 min\u0151s\u00e9g\u0171 h\u00e1l\u00f3s tekercs biztos\u00edtja a sz\u00ednes gy\u00fcm\u00f6lcs\u00edzek hiteles reproduk\u00e1l\u00e1s\u00e1t, er\u0151teljes h\u0171s\u00edt\u0151 v\u00e9geredm\u00e9nnyel p\u00e1ros\u00edtva, amely minden egyes slukkot friss\u00edt\u0151 cs\u00facspontt\u00e1 var\u00e1zsol.<\/p>\n<h3 class=\"text-lg font-bold text-text-100 mt-1 -mb-1.5\">A term\u00e9k f\u00e9nypontjai Ice Pop:<\/h3>\n<p class=\"whitespace-normal break-words\">Testre szabhatja a p\u00e1rologtat\u00e1s \u00e9lm\u00e9ny\u00e9t a 0%, 2%, 3% vagy 5% nikotins\u00f3-koncentr\u00e1ci\u00f3val, hogy megfeleljen az \u00d6n preferenci\u00e1inak.<\/p>\n<p class=\"whitespace-normal break-words\">Az optimaliz\u00e1lt 0,8 ohm-os h\u00e1l\u00f3s tekercsszerkezet t\u00f6k\u00e9letesen kihozza a k\u00fcl\u00f6nb\u00f6z\u0151 gy\u00fcm\u00f6lcs\u00f6s jegyeket \u00e9s a h\u0171t\u0151hat\u00e1st.<\/p>\n<p class=\"whitespace-normal break-words\">A be\u00e9p\u00edtett LED-kijelz\u0151n mindig l\u00e1that\u00f3 az akkumul\u00e1tor aktu\u00e1lis \u00e1llapota \u00e9s a k\u00e9sz\u00fcl\u00e9k fontos inform\u00e1ci\u00f3i.<\/p>\n<p class=\"whitespace-normal break-words\">A robusztus 850mAh-s akkumul\u00e1tor C t\u00edpus\u00fa gyorst\u00f6lt\u0151 porttal garant\u00e1lja a hossz\u00fa t\u00e1v\u00fa, megszak\u00edt\u00e1s n\u00e9lk\u00fcli haszn\u00e1latot.<\/p>\n<p class=\"whitespace-normal break-words\">Az egyszer\u0171 automatikus h\u00faz\u00e1s k\u00fcl\u00f6n\u00f6sen felhaszn\u00e1l\u00f3bar\u00e1tt\u00e1 teszi a k\u00e9sz\u00fcl\u00e9ket, \u00e9s ide\u00e1lis az utaz\u00e1shoz.<\/p>\n<h3 class=\"text-lg font-bold text-text-100 mt-1 -mb-1.5\">M\u0171szaki adatok:<\/h3>\n<p class=\"whitespace-normal break-words\"><strong>Vonatok:<\/strong> 9000<br \/>\n<strong>Nikotin tartalom:<\/strong> 0%\/2%\/3%\/5%<br \/>\n<strong>Nikotin t\u00edpusa:<\/strong> Nikotin s\u00f3<br \/>\n<strong>Tart\u00e1ly t\u00e9rfogata:<\/strong> 18ml<br \/>\n<strong>Ellen\u00e1ll\u00e1s:<\/strong> 0,8 Ohm h\u00e1l\u00f3s tekercs<br \/>\n<strong>Akkumul\u00e1tor:<\/strong> 850mAh \u00fajrat\u00f6lthet\u0151<br \/>\n<strong>T\u00f6lt\u0151csatlakoz\u00e1s:<\/strong> USB Type-C<br \/>\n<strong>Aktiv\u00e1l\u00e1s:<\/strong> Automatikus vonatvez\u00e9rl\u00e9s<\/p>\n<h3 class=\"text-lg font-bold text-text-100 mt-1 -mb-1.5\">Fedezzen fel t\u00f6bb FUMOT VAPE-t a fumotpuff-on<\/h3>\n<p class=\"whitespace-normal break-words\">Fedezzen fel t\u00f6bb kiemelked\u0151 esem\u00e9nyt a <strong><a class=\"underline\" href=\"https:\/\/fumotpuff.com\/hu\/\">Webshop<\/a><\/strong> vagy hagyja, hogy a <strong><a class=\"underline\" href=\"https:\/\/fumotpuff.com\/hu\/product-category\/fumot-vape\/\">FUMOT VAPE term\u00e9kcsal\u00e1d<\/a><\/strong> inspir\u00e1lni t\u00e9ged. Az \u00edzek teljes v\u00e1laszt\u00e9ka v\u00e1rja a <strong><a class=\"underline\" href=\"https:\/\/fumotpuff.com\/hu\/product-category\/fumot-vape\/randm-tornado-9000\/\">RandM Tornado 9000 \u00e1ttekint\u00e9s<\/a><\/strong> az \u00d6n sz\u00e1m\u00e1ra.<\/p>","protected":false},"excerpt":{"rendered":"<p class=\"whitespace-normal break-words\">A RandM Tornado 9000 Ice Pop eldobhat\u00f3 vape ak\u00e1r 9000 slukkot is k\u00edn\u00e1l sz\u00ednes gy\u00fcm\u00f6lcs\u00edzek nosztalgikus j\u00e9gkr\u00e9m \u00edz\u00e9vel \u00e9s er\u0151teljes h\u0171t\u0151hat\u00e1ssal. Felszerelve 18ml nikotinos s\u00f3 folyad\u00e9kkal, 0,8\u03a9-os h\u00e1l\u00f3s tekerccsel, 850mAh-s \u00fajrat\u00f6lthet\u0151 akkumul\u00e1torral, \u00e1ll\u00edthat\u00f3 l\u00e9g\u00e1raml\u00e1ssal \u00e9s LED kijelz\u0151vel a friss\u00edt\u0151 ny\u00e1ri p\u00e1rologtat\u00e1si \u00e9lvezet\u00e9rt.<\/p>","protected":false},"featured_media":2046,"comment_status":"open","ping_status":"closed","template":"","meta":{"_acf_changed":false},"product_brand":[],"product_cat":[25],"product_tag":[],"class_list":{"0":"post-2044","1":"product","2":"type-product","3":"status-publish","4":"has-post-thumbnail","6":"product_cat-randm-tornado-9000","8":"first","9":"instock","10":"shipping-taxable","11":"purchasable","12":"product-type-variable"},"acf":[],"_links":{"self":[{"href":"https:\/\/fumotpuff.com\/hu\/wp-json\/wp\/v2\/product\/2044","targetHints":{"allow":["GET"]}}],"collection":[{"href":"https:\/\/fumotpuff.com\/hu\/wp-json\/wp\/v2\/product"}],"about":[{"href":"https:\/\/fumotpuff.com\/hu\/wp-json\/wp\/v2\/types\/product"}],"replies":[{"embeddable":true,"href":"https:\/\/fumotpuff.com\/hu\/wp-json\/wp\/v2\/comments?post=2044"}],"wp:featuredmedia":[{"embeddable":true,"href":"https:\/\/fumotpuff.com\/hu\/wp-json\/wp\/v2\/media\/2046"}],"wp:attachment":[{"href":"https:\/\/fumotpuff.com\/hu\/wp-json\/wp\/v2\/media?parent=2044"}],"wp:term":[{"taxonomy":"product_brand","embeddable":true,"href":"https:\/\/fumotpuff.com\/hu\/wp-json\/wp\/v2\/product_brand?post=2044"},{"taxonomy":"product_cat","embeddable":true,"href":"https:\/\/fumotpuff.com\/hu\/wp-json\/wp\/v2\/product_cat?post=2044"},{"taxonomy":"product_tag","embeddable":true,"href":"https:\/\/fumotpuff.com\/hu\/wp-json\/wp\/v2\/product_tag?post=2044"}],"curies":[{"name":"wp","href":"https:\/\/api.w.org\/{rel}","templated":true}]}}