{"id":2030,"date":"2025-10-05T05:48:34","date_gmt":"2025-10-05T03:48:34","guid":{"rendered":"https:\/\/fumotpuff.com\/?post_type=product&#038;p=2030"},"modified":"2025-10-05T05:48:35","modified_gmt":"2025-10-05T03:48:35","slug":"randm-tornado-9000-strawberry-ice","status":"publish","type":"product","link":"https:\/\/fumotpuff.com\/hu\/termek\/randm-tornado-9000-strawberry-ice\/","title":{"rendered":"RandM Tornado 9000 eper j\u00e9g"},"content":{"rendered":"<h2 class=\"text-xl font-bold text-text-100 mt-1 -mb-0.5\">RandM Tornado 9000 Strawberry Ice eldobhat\u00f3 vape<\/h2>\n<p class=\"whitespace-normal break-words\">A RandM Tornado 9000 Strawberry Ice a napon \u00e9rlelt eper klasszikus \u00edz\u00e9t \u00f6tv\u00f6zi a friss\u00edt\u0151 h\u0171s\u00edt\u0151 hat\u00e1ssal. Ez a n\u00e9pszer\u0171 kombin\u00e1ci\u00f3 a gy\u00fcm\u00f6lcs\u00f6s \u00e9dess\u00e9g \u00e9s az \u00e9l\u00e9nk\u00edt\u0151 frissess\u00e9g harmonikus \u00f6sszj\u00e1t\u00e9k\u00e1t ny\u00fajtja minden egyes slukkban. 9000 puffol\u00e1s \u00e9s 18 ml el\u0151re felt\u00f6lt\u00f6tt e-folyad\u00e9k kapacit\u00e1s\u00e1val ez az eldobhat\u00f3 vape k\u00e9sz\u00fcl\u00e9k kiv\u00e9teles \u00e9lettartamot biztos\u00edt. A fejlett h\u00e1l\u00f3s tekercstechnol\u00f3gia biztos\u00edtja, hogy mind az autentikus eper \u00edz, mind a h\u0171s\u00edt\u0151 hat\u00e1s t\u00f6k\u00e9letesen kiegyens\u00falyozott \u00e9s intenz\u00edven megtapasztalhat\u00f3 legyen.<\/p>\n<h3 class=\"text-lg font-bold text-text-100 mt-1 -mb-1.5\">A term\u00e9k f\u00e9nypontjai Strawberry Ice:<\/h3>\n<p class=\"whitespace-normal break-words\">V\u00e1lasszon n\u00e9gy nikotins\u00f3 v\u00e1ltozat k\u00f6z\u00fcl (0%, 2%, 3%, 5%) a szem\u00e9lyre szabott p\u00e1rologtat\u00e1si \u00e9lm\u00e9nyhez.<\/p>\n<p class=\"whitespace-normal break-words\">A prec\u00edz 0,8 ohm-os h\u00e1l\u00f3s tekercs optim\u00e1lisan kivonja az eper esszenci\u00e1t, \u00e9s terjedelmes, intenz\u00edv \u00edz\u0171 g\u0151zfelh\u0151ket biztos\u00edt.<\/p>\n<p class=\"whitespace-normal break-words\">A be\u00e9p\u00edtett LED-kijelz\u0151 megb\u00edzhat\u00f3an t\u00e1j\u00e9koztatja \u00d6nt a t\u00f6lt\u00f6tts\u00e9gi \u00e1llapotr\u00f3l \u00e9s minden fontos m\u0171k\u00f6d\u00e9si param\u00e9terr\u0151l.<\/p>\n<p class=\"whitespace-normal break-words\">A nagy teljes\u00edtm\u00e9ny\u0171 850mAh-s akkumul\u00e1tor modern Type-C t\u00f6lt\u00e9si technol\u00f3gi\u00e1val garant\u00e1lja az \u00e1lland\u00f3 rendelkez\u00e9sre \u00e1ll\u00e1st.<\/p>\n<p class=\"whitespace-normal break-words\">\u00c9lvezze az egyszer\u0171 p\u00e1rologtat\u00e1st a gomb n\u00e9lk\u00fcli, h\u00faz\u00e1svez\u00e9rl\u00e9s\u0171 rendszernek k\u00f6sz\u00f6nhet\u0151en.<\/p>\n<h3 class=\"text-lg font-bold text-text-100 mt-1 -mb-1.5\">M\u0171szaki adatok:<\/h3>\n<p class=\"whitespace-normal break-words\"><strong>Vonatok:<\/strong> 9000<br \/>\n<strong>Nikotin tartalom:<\/strong> 0%\/2%\/3%\/5%<br \/>\n<strong>Nikotin t\u00edpusa:<\/strong> Nikotin s\u00f3<br \/>\n<strong>Tart\u00e1ly t\u00e9rfogata:<\/strong> 18ml<br \/>\n<strong>Ellen\u00e1ll\u00e1s:<\/strong> 0,8 Ohm h\u00e1l\u00f3s tekercs<br \/>\n<strong>Akkumul\u00e1tor:<\/strong> 850mAh \u00fajrat\u00f6lthet\u0151<br \/>\n<strong>T\u00f6lt\u0151csatlakoz\u00e1s:<\/strong> USB Type-C<br \/>\n<strong>Aktiv\u00e1l\u00e1s:<\/strong> Automatikus vonatvez\u00e9rl\u00e9s<\/p>\n<h3 class=\"text-lg font-bold text-text-100 mt-1 -mb-1.5\">Fedezzen fel t\u00f6bb FUMOT VAPE-t a fumotpuff-on<\/h3>\n<p class=\"whitespace-normal break-words\">Fedezzen fel t\u00f6bb pr\u00e9mium term\u00e9ket a <strong><a class=\"underline\" href=\"https:\/\/fumotpuff.com\/hu\/\">Kezd\u0151lap<\/a><\/strong> vagy mer\u00fclj\u00f6n el a <strong><a class=\"underline\" href=\"https:\/\/fumotpuff.com\/hu\/product-category\/fumot-vape\/\">FUMOT VAPE term\u00e9kvil\u00e1g<\/a><\/strong>. Fedezzen fel m\u00e9g t\u00f6bb izgalmas \u00edzvari\u00e1ci\u00f3t a <strong><a class=\"underline\" href=\"https:\/\/fumotpuff.com\/hu\/product-category\/fumot-vape\/randm-tornado-9000\/\">RandM Tornado 9000 kollekci\u00f3<\/a><\/strong>.<\/p>","protected":false},"excerpt":{"rendered":"<p class=\"whitespace-normal break-words\">A RandM Tornado 9000 Strawberry Ice eldobhat\u00f3 vape ak\u00e1r 9000 slukkot is k\u00edn\u00e1l \u00e9des eper \u00edzzel \u00e9s friss\u00edt\u0151 h\u0171s\u00edt\u0151 hat\u00e1ssal. Felszerelve 18ml nikotinos\u00f3 folyad\u00e9kkal, 0,8\u03a9-os h\u00e1l\u00f3s tekerccsel, 850mAh-s \u00fajrat\u00f6lthet\u0151 akkumul\u00e1torral, \u00e1ll\u00edthat\u00f3 l\u00e9g\u00e1raml\u00e1ssal \u00e9s LED kijelz\u0151vel a gy\u00fcm\u00f6lcs\u00f6s j\u00e9gp\u00e1ra \u00e9lvezet\u00e9\u00e9rt.<\/p>","protected":false},"featured_media":2032,"comment_status":"open","ping_status":"closed","template":"","meta":{"_acf_changed":false},"product_brand":[],"product_cat":[25],"product_tag":[],"class_list":{"0":"post-2030","1":"product","2":"type-product","3":"status-publish","4":"has-post-thumbnail","6":"product_cat-randm-tornado-9000","8":"first","9":"instock","10":"shipping-taxable","11":"purchasable","12":"product-type-variable"},"acf":[],"_links":{"self":[{"href":"https:\/\/fumotpuff.com\/hu\/wp-json\/wp\/v2\/product\/2030","targetHints":{"allow":["GET"]}}],"collection":[{"href":"https:\/\/fumotpuff.com\/hu\/wp-json\/wp\/v2\/product"}],"about":[{"href":"https:\/\/fumotpuff.com\/hu\/wp-json\/wp\/v2\/types\/product"}],"replies":[{"embeddable":true,"href":"https:\/\/fumotpuff.com\/hu\/wp-json\/wp\/v2\/comments?post=2030"}],"wp:featuredmedia":[{"embeddable":true,"href":"https:\/\/fumotpuff.com\/hu\/wp-json\/wp\/v2\/media\/2032"}],"wp:attachment":[{"href":"https:\/\/fumotpuff.com\/hu\/wp-json\/wp\/v2\/media?parent=2030"}],"wp:term":[{"taxonomy":"product_brand","embeddable":true,"href":"https:\/\/fumotpuff.com\/hu\/wp-json\/wp\/v2\/product_brand?post=2030"},{"taxonomy":"product_cat","embeddable":true,"href":"https:\/\/fumotpuff.com\/hu\/wp-json\/wp\/v2\/product_cat?post=2030"},{"taxonomy":"product_tag","embeddable":true,"href":"https:\/\/fumotpuff.com\/hu\/wp-json\/wp\/v2\/product_tag?post=2030"}],"curies":[{"name":"wp","href":"https:\/\/api.w.org\/{rel}","templated":true}]}}