{"id":2009,"date":"2025-10-05T05:36:53","date_gmt":"2025-10-05T03:36:53","guid":{"rendered":"https:\/\/fumotpuff.com\/?post_type=product&#038;p=2009"},"modified":"2025-10-05T05:36:54","modified_gmt":"2025-10-05T03:36:54","slug":"randm-tornado-9000-black-ice","status":"publish","type":"product","link":"https:\/\/fumotpuff.com\/hu\/termek\/randm-tornado-9000-black-ice\/","title":{"rendered":"RandM Tornado 9000 Black Ice"},"content":{"rendered":"<h2 class=\"text-xl font-bold text-text-100 mt-1 -mb-0.5\">RandM Tornado 9000 Black Ice eldobhat\u00f3 vape<\/h2>\n<p class=\"whitespace-normal break-words\">A RandM Tornado 9000 Black Ice a s\u00f6t\u00e9t bogy\u00f3s gy\u00fcm\u00f6lcs\u00f6k intenz\u00edv kombin\u00e1ci\u00f3j\u00e1val \u00e9s friss\u00edt\u0151 h\u0171s\u00edt\u0151 hat\u00e1s\u00e1val ny\u0171g\u00f6z le. Ez a n\u00e9pszer\u0171 \u00edz az \u00e9rett bogy\u00f3s gy\u00fcm\u00f6lcs\u00f6k \u00e9dess\u00e9g\u00e9t \u00f6tv\u00f6zi az \u00e9l\u00e9nk\u00edt\u0151 h\u0171v\u00f6s befejez\u00e9ssel, amely minden slukkot friss\u00edt\u0151 \u00e9lm\u00e9nny\u00e9 tesz. 9000 puffol\u00e1ssal \u00e9s 18 ml e-folyad\u00e9k kapacit\u00e1ssal ez az eldobhat\u00f3 vape k\u00e9sz\u00fcl\u00e9k kiv\u00e9teles \u00e9lettartamot biztos\u00edt. A h\u00e1l\u00f3s tekercs technol\u00f3gia biztos\u00edtja a pontos \u00edzkihord\u00e1st, a gy\u00fcm\u00f6lcs\u00f6s jegyek \u00e9s a h\u0171s\u00edt\u0151 hat\u00e1s t\u00f6k\u00e9letes egyens\u00falyban van.<\/p>\n<h3 class=\"text-lg font-bold text-text-100 mt-1 -mb-1.5\">A term\u00e9k f\u00e9nypontjai Fekete j\u00e9g:<\/h3>\n<p class=\"whitespace-normal break-words\">A 0%-t\u0151l 5% nikotins\u00f3ig terjed\u0151 rugalmas nikotiner\u0151ss\u00e9g lehet\u0151v\u00e9 teszi a pontos alkalmazkod\u00e1st a p\u00e1rol\u00e1si szok\u00e1saihoz.<\/p>\n<p class=\"whitespace-normal break-words\">A fejlett 0,8 ohmos h\u00e1l\u00f3s tekercs t\u00f6k\u00e9letesen kiemeli a komplex bogy\u00f3s gy\u00fcm\u00f6lcs\u00f6s jegyeket \u00e9s a h\u0171t\u0151hat\u00e1st.<\/p>\n<p class=\"whitespace-normal break-words\">Az \u00e1ttekinthet\u0151 LED-kijelz\u0151 lehet\u0151v\u00e9 teszi, hogy mindig szemmel tarthassa az akkumul\u00e1tor t\u00f6lt\u00f6tts\u00e9g\u00e9t \u00e9s a k\u00e9sz\u00fcl\u00e9k \u00e1llapot\u00e1t.<\/p>\n<p class=\"whitespace-normal break-words\">Az er\u0151teljes 850mAh-s akkumul\u00e1tor praktikus Type-C t\u00f6lt\u00e9si funkci\u00f3val megb\u00edzhat\u00f3 tart\u00f3ss\u00e1got biztos\u00edt.<\/p>\n<p class=\"whitespace-normal break-words\">Az automatikus h\u00faz\u00e1saktiv\u00e1l\u00e1s z\u00f6kken\u0151mentes \u00e9s egyszer\u0171 p\u00e1rologtat\u00e1si \u00e9lm\u00e9nyt biztos\u00edt.<\/p>\n<h3 class=\"text-lg font-bold text-text-100 mt-1 -mb-1.5\">M\u0171szaki adatok:<\/h3>\n<p class=\"whitespace-normal break-words\"><strong>Vonatok:<\/strong> 9000<br \/>\n<strong>Nikotin tartalom:<\/strong> 0%\/2%\/3%\/5%<br \/>\n<strong>Nikotin t\u00edpusa:<\/strong> Nikotin s\u00f3<br \/>\n<strong>Tart\u00e1ly t\u00e9rfogata:<\/strong> 18ml<br \/>\n<strong>Ellen\u00e1ll\u00e1s:<\/strong> 0,8 Ohm h\u00e1l\u00f3s tekercs<br \/>\n<strong>Akkumul\u00e1tor:<\/strong> 850mAh \u00fajrat\u00f6lthet\u0151<br \/>\n<strong>T\u00f6lt\u0151csatlakoz\u00e1s:<\/strong> USB Type-C<br \/>\n<strong>Aktiv\u00e1l\u00e1s:<\/strong> Automatikus vonatvez\u00e9rl\u00e9s<\/p>\n<h3 class=\"text-lg font-bold text-text-100 mt-1 -mb-1.5\">Fedezzen fel t\u00f6bb FUMOT VAPE-t a fumotpuff-on<\/h3>\n<p class=\"whitespace-normal break-words\">L\u00e1togasson el a <strong><a class=\"underline\" href=\"https:\/\/fumotpuff.com\/hu\/\">Online bolt<\/a><\/strong> tov\u00e1bbi pr\u00e9mium term\u00e9kek\u00e9rt, vagy fedezze fel a sz\u00e9les k\u00f6r\u0171 <strong><a class=\"underline\" href=\"https:\/\/fumotpuff.com\/hu\/product-category\/fumot-vape\/\">FUMOT VAPE kollekci\u00f3<\/a><\/strong>. Fedezze fel az \u00edzek teljes v\u00e1laszt\u00e9k\u00e1t a <strong><a class=\"underline\" href=\"https:\/\/fumotpuff.com\/hu\/product-category\/fumot-vape\/randm-tornado-9000\/\">RandM Tornado 9000 \u00e1ttekint\u00e9s<\/a><\/strong>.<\/p>","protected":false},"excerpt":{"rendered":"<p class=\"whitespace-normal break-words\">A RandM Tornado 9000 Black Ice eldobhat\u00f3 vape ak\u00e1r 9000 slukkot is k\u00edn\u00e1l intenz\u00edv s\u00f6t\u00e9t bogy\u00f3s gy\u00fcm\u00f6lcs \u00edzekkel \u00e9s friss\u00edt\u0151 h\u0171s\u00edt\u0151 hat\u00e1ssal. Felszerelve 18ml nikotinos\u00f3 folyad\u00e9kkal, 0,8\u03a9-os h\u00e1l\u00f3s tekerccsel, 850mAh-s \u00fajrat\u00f6lthet\u0151 akkumul\u00e1torral, \u00e1ll\u00edthat\u00f3 l\u00e9g\u00e1raml\u00e1ssal \u00e9s LED kijelz\u0151vel az \u00e9l\u00e9nk\u00edt\u0151 bogy\u00f3s j\u00e9gp\u00e1rna \u00e9lvezet\u00e9\u00e9rt.<\/p>","protected":false},"featured_media":2011,"comment_status":"open","ping_status":"closed","template":"","meta":{"_acf_changed":false},"product_brand":[],"product_cat":[25],"product_tag":[],"class_list":{"0":"post-2009","1":"product","2":"type-product","3":"status-publish","4":"has-post-thumbnail","6":"product_cat-randm-tornado-9000","8":"first","9":"instock","10":"shipping-taxable","11":"purchasable","12":"product-type-variable"},"acf":[],"_links":{"self":[{"href":"https:\/\/fumotpuff.com\/hu\/wp-json\/wp\/v2\/product\/2009","targetHints":{"allow":["GET"]}}],"collection":[{"href":"https:\/\/fumotpuff.com\/hu\/wp-json\/wp\/v2\/product"}],"about":[{"href":"https:\/\/fumotpuff.com\/hu\/wp-json\/wp\/v2\/types\/product"}],"replies":[{"embeddable":true,"href":"https:\/\/fumotpuff.com\/hu\/wp-json\/wp\/v2\/comments?post=2009"}],"wp:featuredmedia":[{"embeddable":true,"href":"https:\/\/fumotpuff.com\/hu\/wp-json\/wp\/v2\/media\/2011"}],"wp:attachment":[{"href":"https:\/\/fumotpuff.com\/hu\/wp-json\/wp\/v2\/media?parent=2009"}],"wp:term":[{"taxonomy":"product_brand","embeddable":true,"href":"https:\/\/fumotpuff.com\/hu\/wp-json\/wp\/v2\/product_brand?post=2009"},{"taxonomy":"product_cat","embeddable":true,"href":"https:\/\/fumotpuff.com\/hu\/wp-json\/wp\/v2\/product_cat?post=2009"},{"taxonomy":"product_tag","embeddable":true,"href":"https:\/\/fumotpuff.com\/hu\/wp-json\/wp\/v2\/product_tag?post=2009"}],"curies":[{"name":"wp","href":"https:\/\/api.w.org\/{rel}","templated":true}]}}