{"id":2000,"date":"2025-10-05T05:34:28","date_gmt":"2025-10-05T03:34:28","guid":{"rendered":"https:\/\/fumotpuff.com\/?post_type=product&#038;p=2000"},"modified":"2025-10-05T05:34:29","modified_gmt":"2025-10-05T03:34:29","slug":"randm-tornado-9000-skittles","status":"publish","type":"product","link":"https:\/\/fumotpuff.com\/hu\/termek\/randm-tornado-9000-skittles\/","title":{"rendered":"RandM Tornado 9000 Skittles"},"content":{"rendered":"<h2 class=\"text-xl font-bold text-text-100 mt-1 -mb-0.5\">RandM Tornado 9000 Skittles eldobhat\u00f3 vape<\/h2>\n<p class=\"whitespace-normal break-words\">A RandM Tornado 9000 Skittles az ikonikus \u00e9dess\u00e9g sz\u00ednes \u00edz\u00e9t hozza el k\u00f6zvetlen\u00fcl a p\u00e1rologtat\u00e1s \u00e9lm\u00e9ny\u00e9be. Ez a v\u00e1ltozat a k\u00fcl\u00f6nb\u00f6z\u0151 gy\u00fcm\u00f6lcs\u00edzek vibr\u00e1l\u00f3 kever\u00e9k\u00e9t k\u00edn\u00e1lja, amely az \u00f6sszet\u00e9veszthetetlen cukorka \u00edz\u00e9re eml\u00e9keztet. 9000 puff kapacit\u00e1s\u00e1val \u00e9s nagyvonal\u00fa 18 ml-es tart\u00e1ly\u00e1val ez az eldobhat\u00f3 vape k\u00e9sz\u00fcl\u00e9k hosszan tart\u00f3 \u00edzv\u00e1laszt\u00e9kot biztos\u00edt. A kiv\u00e1l\u00f3 min\u0151s\u00e9g\u0171 h\u00e1l\u00f3s tekercs biztos\u00edtja, hogy a k\u00fcl\u00f6nb\u00f6z\u0151 gy\u00fcm\u00f6lcs\u00edzek tiszt\u00e1n \u00e9s egyenletesen jelenjenek meg - igazi lakoma az \u00edzlel\u0151bimb\u00f3knak.<\/p>\n<h3 class=\"text-lg font-bold text-text-100 mt-1 -mb-1.5\">A term\u00e9k f\u00e9nypontjai Skittles:<\/h3>\n<p class=\"whitespace-normal break-words\">V\u00e1lassza ki az \u00d6nnek megfelel\u0151 intenzit\u00e1st a n\u00e9gy nikotins\u00f3 k\u00f6z\u00fcl (0%, 2%, 3%, 5%).<\/p>\n<p class=\"whitespace-normal break-words\">Az optimaliz\u00e1lt 0,8 ohm-os h\u00e1l\u00f3s tekercs t\u00f6k\u00e9letesen kibontja a v\u00e1ltozatos gy\u00fcm\u00f6lcs\u00edzeket, \u00e9s leny\u0171g\u00f6z\u0151 mennyis\u00e9g\u0171 g\u0151zt termel.<\/p>\n<p class=\"whitespace-normal break-words\">A be\u00e9p\u00edtett LED-kijelz\u0151 mindig \u00e1tl\u00e1that\u00f3 t\u00e1j\u00e9koztat\u00e1st ny\u00fajt az akkumul\u00e1tor t\u00f6lt\u00f6tts\u00e9g\u00e9r\u0151l \u00e9s a rendszer \u00e1llapot\u00e1r\u00f3l.<\/p>\n<p class=\"whitespace-normal break-words\">A robusztus 850mAh-s akkumul\u00e1tor C t\u00edpus\u00fa gyorst\u00f6lt\u0151 porttal garant\u00e1lja a maxim\u00e1lis rendelkez\u00e9sre \u00e1ll\u00e1st.<\/p>\n<p class=\"whitespace-normal break-words\">\u00c9lvezze a k\u00f6nnyed p\u00e1rologtat\u00e1st a gombok n\u00e9lk\u00fcli, intelligens huzat-aktiv\u00e1lt rendszernek k\u00f6sz\u00f6nhet\u0151en.<\/p>\n<h3 class=\"text-lg font-bold text-text-100 mt-1 -mb-1.5\">M\u0171szaki adatok:<\/h3>\n<p class=\"whitespace-normal break-words\"><strong>Vonatok:<\/strong> 9000<br \/>\n<strong>Nikotin tartalom:<\/strong> 0%\/2%\/3%\/5%<br \/>\n<strong>Nikotin t\u00edpusa:<\/strong> Nikotin s\u00f3<br \/>\n<strong>Tart\u00e1ly t\u00e9rfogata:<\/strong> 18ml<br \/>\n<strong>Ellen\u00e1ll\u00e1s:<\/strong> 0,8 Ohm h\u00e1l\u00f3s tekercs<br \/>\n<strong>Akkumul\u00e1tor:<\/strong> 850mAh \u00fajrat\u00f6lthet\u0151<br \/>\n<strong>T\u00f6lt\u0151csatlakoz\u00e1s:<\/strong> USB Type-C<br \/>\n<strong>Aktiv\u00e1l\u00e1s:<\/strong> Automatikus vonatvez\u00e9rl\u00e9s<\/p>\n<h3 class=\"text-lg font-bold text-text-100 mt-1 -mb-1.5\">Fedezzen fel t\u00f6bb FUMOT VAPE-t a fumotpuff-on<\/h3>\n<p class=\"whitespace-normal break-words\">B\u00f6ng\u00e9sszen sz\u00e9les v\u00e1laszt\u00e9kunkban a <strong><a class=\"underline\" href=\"https:\/\/fumotpuff.com\/hu\/\">fumotpuff.com<\/a><\/strong> vagy fedezze fel a teljes <strong><a class=\"underline\" href=\"https:\/\/fumotpuff.com\/hu\/product-category\/fumot-vape\/\">FUMOT VAPE tartom\u00e1ny<\/a><\/strong>. Tov\u00e1bbi finom vari\u00e1ci\u00f3k v\u00e1rj\u00e1k \u00d6nt a <strong><a class=\"underline\" href=\"https:\/\/fumotpuff.com\/hu\/product-category\/fumot-vape\/randm-tornado-9000\/\">RandM Tornado 9000 az \u00edzek vil\u00e1g\u00e1ban<\/a><\/strong>.<\/p>","protected":false},"excerpt":{"rendered":"<p class=\"whitespace-normal break-words\">A RandM Tornado 9000 Skittles eldobhat\u00f3 vape ak\u00e1r 9000 slukkot is biztos\u00edt a kultikus m\u00e1rka \u00e1ltal inspir\u00e1lt v\u00e1ltozatos gy\u00fcm\u00f6lcskever\u00e9kkel. Felszerelve 18ml nikotinos\u00f3 folyad\u00e9kkal, 0,8\u03a9-os h\u00e1l\u00f3s tekerccsel, 850mAh-s \u00fajrat\u00f6lthet\u0151 akkumul\u00e1torral, \u00e1ll\u00edthat\u00f3 l\u00e9g\u00e1raml\u00e1ssal \u00e9s LED kijelz\u0151vel a sz\u00ednes, v\u00e1ltozatos \u00e9dess\u00e9gp\u00e1rol\u00e1s \u00e9lvezet\u00e9\u00e9rt.<\/p>","protected":false},"featured_media":2004,"comment_status":"open","ping_status":"closed","template":"","meta":{"_acf_changed":false},"product_brand":[],"product_cat":[25],"product_tag":[],"class_list":{"0":"post-2000","1":"product","2":"type-product","3":"status-publish","4":"has-post-thumbnail","6":"product_cat-randm-tornado-9000","8":"first","9":"instock","10":"shipping-taxable","11":"purchasable","12":"product-type-variable"},"acf":[],"_links":{"self":[{"href":"https:\/\/fumotpuff.com\/hu\/wp-json\/wp\/v2\/product\/2000","targetHints":{"allow":["GET"]}}],"collection":[{"href":"https:\/\/fumotpuff.com\/hu\/wp-json\/wp\/v2\/product"}],"about":[{"href":"https:\/\/fumotpuff.com\/hu\/wp-json\/wp\/v2\/types\/product"}],"replies":[{"embeddable":true,"href":"https:\/\/fumotpuff.com\/hu\/wp-json\/wp\/v2\/comments?post=2000"}],"wp:featuredmedia":[{"embeddable":true,"href":"https:\/\/fumotpuff.com\/hu\/wp-json\/wp\/v2\/media\/2004"}],"wp:attachment":[{"href":"https:\/\/fumotpuff.com\/hu\/wp-json\/wp\/v2\/media?parent=2000"}],"wp:term":[{"taxonomy":"product_brand","embeddable":true,"href":"https:\/\/fumotpuff.com\/hu\/wp-json\/wp\/v2\/product_brand?post=2000"},{"taxonomy":"product_cat","embeddable":true,"href":"https:\/\/fumotpuff.com\/hu\/wp-json\/wp\/v2\/product_cat?post=2000"},{"taxonomy":"product_tag","embeddable":true,"href":"https:\/\/fumotpuff.com\/hu\/wp-json\/wp\/v2\/product_tag?post=2000"}],"curies":[{"name":"wp","href":"https:\/\/api.w.org\/{rel}","templated":true}]}}