{"id":1993,"date":"2025-10-05T05:31:48","date_gmt":"2025-10-05T03:31:48","guid":{"rendered":"https:\/\/fumotpuff.com\/?post_type=product&#038;p=1993"},"modified":"2025-10-05T05:31:48","modified_gmt":"2025-10-05T03:31:48","slug":"randm-tornado-9000-vimto","status":"publish","type":"product","link":"https:\/\/fumotpuff.com\/hu\/termek\/randm-tornado-9000-vimto\/","title":{"rendered":"RandM Tornado 9000 Vimto"},"content":{"rendered":"<h2 class=\"text-xl font-bold text-text-100 mt-1 -mb-0.5\">RandM Tornado 9000 Vimto eldobhat\u00f3 vape<\/h2>\n<p class=\"whitespace-normal break-words\">A RandM Tornado 9000 Vimto t\u00f6k\u00e9letesen visszaadja a n\u00e9pszer\u0171 brit ital jellegzetes \u00edz\u00e9t. Ez a k\u00fcl\u00f6nleges \u00edz a sz\u0151l\u0151t, a m\u00e1ln\u00e1t \u00e9s a feketeribizlit \u00f6tv\u00f6zi, hogy egy jellegzetes gy\u00fcm\u00f6lcskokt\u00e9lt hozzon l\u00e9tre. A leny\u0171g\u00f6z\u0151 9000 puffan\u00e1ssal \u00e9s 18 ml e-folyad\u00e9k kapacit\u00e1ssal ez az eldobhat\u00f3 k\u00e9sz\u00fcl\u00e9k hosszan tart\u00f3 \u00e9lvezetet ny\u00fajt. Az \u00f6sszetett gy\u00fcm\u00f6lcskever\u00e9ket a fejlett h\u00e1l\u00f3s tekercstechnol\u00f3gia hitelesen reproduk\u00e1lja, \u00e9s kiegyens\u00falyozott \u00e9dess\u00e9g\u00e9vel \u00e9s enyhe savass\u00e1g\u00e1val gy\u00f6ny\u00f6rk\u00f6dteti.<\/p>\n<h3 class=\"text-lg font-bold text-text-100 mt-1 -mb-1.5\">A term\u00e9k f\u00e9nypontjai Vimto:<\/h3>\n<p class=\"whitespace-normal break-words\">A nikotinbevitelt az \u00d6n ig\u00e9nyeihez igaz\u00edthatja a rendelkez\u00e9sre \u00e1ll\u00f3 0%, 2%, 3% vagy 5% nikotins\u00f3 er\u0151ss\u00e9gekkel.<\/p>\n<p class=\"whitespace-normal break-words\">A kiv\u00e1l\u00f3 min\u0151s\u00e9g\u0171 0,8 Ohm-os h\u00e1l\u00f3s tekercsszerkezet intenz\u00edv \u00edz\u00e1tvitelt \u00e9s s\u0171r\u0171 g\u0151ztermel\u00e9st garant\u00e1l.<\/p>\n<p class=\"whitespace-normal break-words\">A modern LED-kijelz\u0151 megb\u00edzhat\u00f3 t\u00e1j\u00e9koztat\u00e1st ny\u00fajt az akkumul\u00e1tor aktu\u00e1lis \u00e1llapot\u00e1r\u00f3l \u00e9s a m\u0171k\u00f6d\u00e9si k\u00e9szenl\u00e9tr\u0151l.<\/p>\n<p class=\"whitespace-normal break-words\">Az er\u0151teljes 850mAh-s akkumul\u00e1torral \u00e9s a gyors C-t\u00edpus\u00fa t\u00f6lt\u00e9ssel megszak\u00edt\u00e1s n\u00e9lk\u00fcl \u00e9lvezheti a p\u00e1rolg\u00e1s \u00f6r\u00f6m\u00e9t.<\/p>\n<p class=\"whitespace-normal break-words\">A gomb n\u00e9lk\u00fcli automatikus h\u00faz\u00e1si mechanizmusnak k\u00f6sz\u00f6nhet\u0151en a m\u0171k\u00f6dtet\u00e9s gyerekj\u00e1t\u00e9k \u00e9s felhaszn\u00e1l\u00f3bar\u00e1t.<\/p>\n<h3 class=\"text-lg font-bold text-text-100 mt-1 -mb-1.5\">M\u0171szaki adatok:<\/h3>\n<p class=\"whitespace-normal break-words\"><strong>Vonatok:<\/strong> 9000<br \/>\n<strong>Nikotin tartalom:<\/strong> 0%\/2%\/3%\/5%<br \/>\n<strong>Nikotin t\u00edpusa:<\/strong> Nikotin s\u00f3<br \/>\n<strong>Tart\u00e1ly t\u00e9rfogata:<\/strong> 18ml<br \/>\n<strong>Ellen\u00e1ll\u00e1s:<\/strong> 0,8 Ohm h\u00e1l\u00f3s tekercs<br \/>\n<strong>Akkumul\u00e1tor:<\/strong> 850mAh \u00fajrat\u00f6lthet\u0151<br \/>\n<strong>T\u00f6lt\u0151csatlakoz\u00e1s:<\/strong> USB Type-C<br \/>\n<strong>Aktiv\u00e1l\u00e1s:<\/strong> Automatikus vonatvez\u00e9rl\u00e9s<\/p>\n<h3 class=\"text-lg font-bold text-text-100 mt-1 -mb-1.5\">Fedezzen fel t\u00f6bb FUMOT VAPE-t a fumotpuff-on<\/h3>\n<p class=\"whitespace-normal break-words\">Fedezzen fel t\u00f6bb kiemelked\u0151 esem\u00e9nyt a <strong><a class=\"underline\" href=\"https:\/\/fumotpuff.com\/hu\/\">Webshop<\/a><\/strong> vagy hagyja, hogy a <strong><a class=\"underline\" href=\"https:\/\/fumotpuff.com\/hu\/product-category\/fumot-vape\/\">FUMOT VAPE kateg\u00f3ria<\/a><\/strong> inspir\u00e1lni t\u00e9ged. Az \u00edzek teljes v\u00e1laszt\u00e9ka v\u00e1rja a <strong><a class=\"underline\" href=\"https:\/\/fumotpuff.com\/hu\/product-category\/fumot-vape\/randm-tornado-9000\/\">RandM Tornado 9000 kollekci\u00f3<\/a><\/strong> az \u00d6n sz\u00e1m\u00e1ra.<\/p>","protected":false},"excerpt":{"rendered":"<p class=\"whitespace-normal break-words\">A RandM Tornado 9000 Vimto eldobhat\u00f3 vape ak\u00e1r 9000 slukkot is k\u00edn\u00e1l a sz\u0151l\u0151b\u0151l, m\u00e1ln\u00e1b\u00f3l \u00e9s ribizlib\u0151l \u00e1ll\u00f3 autentikus Vimto gy\u00fcm\u00f6lcskokt\u00e9llal. Felszerelve 18ml nikotinos\u00f3 folyad\u00e9kkal, 0,8\u03a9-os h\u00e1l\u00f3s tekerccsel, 850mAh-s \u00fajrat\u00f6lthet\u0151 akkumul\u00e1torral, \u00e1ll\u00edthat\u00f3 l\u00e9g\u00e1raml\u00e1ssal \u00e9s LED kijelz\u0151vel a komplex gy\u00fcm\u00f6lcs\u00edzek\u00e9rt.<\/p>","protected":false},"featured_media":1995,"comment_status":"open","ping_status":"closed","template":"","meta":{"_acf_changed":false},"product_brand":[],"product_cat":[25],"product_tag":[],"class_list":{"0":"post-1993","1":"product","2":"type-product","3":"status-publish","4":"has-post-thumbnail","6":"product_cat-randm-tornado-9000","8":"first","9":"instock","10":"shipping-taxable","11":"purchasable","12":"product-type-variable"},"acf":[],"_links":{"self":[{"href":"https:\/\/fumotpuff.com\/hu\/wp-json\/wp\/v2\/product\/1993","targetHints":{"allow":["GET"]}}],"collection":[{"href":"https:\/\/fumotpuff.com\/hu\/wp-json\/wp\/v2\/product"}],"about":[{"href":"https:\/\/fumotpuff.com\/hu\/wp-json\/wp\/v2\/types\/product"}],"replies":[{"embeddable":true,"href":"https:\/\/fumotpuff.com\/hu\/wp-json\/wp\/v2\/comments?post=1993"}],"wp:featuredmedia":[{"embeddable":true,"href":"https:\/\/fumotpuff.com\/hu\/wp-json\/wp\/v2\/media\/1995"}],"wp:attachment":[{"href":"https:\/\/fumotpuff.com\/hu\/wp-json\/wp\/v2\/media?parent=1993"}],"wp:term":[{"taxonomy":"product_brand","embeddable":true,"href":"https:\/\/fumotpuff.com\/hu\/wp-json\/wp\/v2\/product_brand?post=1993"},{"taxonomy":"product_cat","embeddable":true,"href":"https:\/\/fumotpuff.com\/hu\/wp-json\/wp\/v2\/product_cat?post=1993"},{"taxonomy":"product_tag","embeddable":true,"href":"https:\/\/fumotpuff.com\/hu\/wp-json\/wp\/v2\/product_tag?post=1993"}],"curies":[{"name":"wp","href":"https:\/\/api.w.org\/{rel}","templated":true}]}}