{"id":1979,"date":"2025-10-05T05:27:00","date_gmt":"2025-10-05T03:27:00","guid":{"rendered":"https:\/\/fumotpuff.com\/?post_type=product&#038;p=1979"},"modified":"2025-10-05T05:27:01","modified_gmt":"2025-10-05T03:27:01","slug":"randm-tornado-9000-fizzy-cherry","status":"publish","type":"product","link":"https:\/\/fumotpuff.com\/hu\/termek\/randm-tornado-9000-fizzy-cherry\/","title":{"rendered":"RandM Tornado 9000 Fizzy Cherry"},"content":{"rendered":"<h2 class=\"text-xl font-bold text-text-100 mt-1 -mb-0.5\">RandM Tornado 9000 Fizzy Cherry eldobhat\u00f3 vape<\/h2>\n<p class=\"whitespace-normal break-words\">A RandM Tornado 9000 Fizzy Cherry bizserget\u0151 frissess\u00e9get hoz az eldobhat\u00f3 p\u00e1rologtat\u00f3k vil\u00e1g\u00e1ba. Ez a k\u00fcl\u00f6nleges v\u00e1ltozat a klasszikus cseresznye \u00edzt kombin\u00e1lja a csereszny\u00e9s limon\u00e1d\u00e9ra eml\u00e9keztet\u0151 friss\u00edt\u0151 sz\u00e9nsavas jegyekkel. A leny\u0171g\u00f6z\u0151, 9000 puffan\u00e1snyi kapacit\u00e1ssal \u00e9s 18 ml el\u0151re t\u00f6lt\u00f6tt e-folyad\u00e9kkal ez a k\u00e9sz\u00fcl\u00e9k hosszan tart\u00f3 p\u00e1rologtat\u00e1si \u00e9lvezetet k\u00edn\u00e1l. A pezsg\u0151 cseresznye kompoz\u00edci\u00f3t t\u00f6k\u00e9letesen kiemeli a kiv\u00e1l\u00f3 min\u0151s\u00e9g\u0171 h\u00e1l\u00f3s tekercs technol\u00f3gia, \u00e9s minden egyes slukkol\u00e1ssal bizserget\u0151 \u00edz\u00e9lm\u00e9nyt ny\u00fajt.<\/p>\n<h3 class=\"text-lg font-bold text-text-100 mt-1 -mb-1.5\">A term\u00e9k f\u00e9nypontjai Fizzy Cherry:<\/h3>\n<p class=\"whitespace-normal break-words\">A 0%-t\u0151l az 5% nikotins\u00f3ig terjed\u0151 rugalmas nikotinv\u00e1laszt\u00e9kkal a kezd\u0151k \u00e9s a tapasztalt vaperek egyar\u00e1nt megtal\u00e1lj\u00e1k a megfelel\u0151 er\u0151ss\u00e9get.<\/p>\n<p class=\"whitespace-normal break-words\">Az innovat\u00edv, 0,8 ohm ellen\u00e1ll\u00e1s\u00fa h\u00e1l\u00f3s tekercs egyenletes p\u00e1rologtat\u00e1st biztos\u00edt, \u00e9s optim\u00e1lisan kiemeli az \u00e9l\u00e9nk pezsg\u0151s jegyeket.<\/p>\n<p class=\"whitespace-normal break-words\">Az egy\u00e9rtelm\u0171 LED-kijelz\u0151 folyamatosan t\u00e1j\u00e9koztatja \u00d6nt a t\u00f6lt\u00f6tts\u00e9gi \u00e1llapotr\u00f3l \u00e9s a m\u0171k\u00f6d\u00e9si k\u00e9szenl\u00e9tr\u0151l.<\/p>\n<p class=\"whitespace-normal break-words\">A nagy teljes\u00edtm\u00e9ny\u0171 850mAh-s akkumul\u00e1tornak \u00e9s a Type-C gyorst\u00f6lt\u00e9si funkci\u00f3nak k\u00f6sz\u00f6nhet\u0151en mindig k\u00e9szen \u00e1ll az akci\u00f3ra.<\/p>\n<p class=\"whitespace-normal break-words\">Az automatikus h\u00faz\u00e1s lehet\u0151v\u00e9 teszi a komplik\u00e1ci\u00f3mentes p\u00e1rologtat\u00e1s \u00e9lm\u00e9ny\u00e9t bonyolult m\u0171k\u00f6d\u00e9s n\u00e9lk\u00fcl.<\/p>\n<h3 class=\"text-lg font-bold text-text-100 mt-1 -mb-1.5\">M\u0171szaki adatok:<\/h3>\n<p class=\"whitespace-normal break-words\"><strong>Vonatok:<\/strong> 9000<br \/>\n<strong>Nikotin tartalom:<\/strong> 0%\/2%\/3%\/5%<br \/>\n<strong>Nikotin t\u00edpusa:<\/strong> Nikotin s\u00f3<br \/>\n<strong>Tart\u00e1ly t\u00e9rfogata:<\/strong> 18ml<br \/>\n<strong>Ellen\u00e1ll\u00e1s:<\/strong> 0,8 Ohm h\u00e1l\u00f3s tekercs<br \/>\n<strong>Akkumul\u00e1tor:<\/strong> 850mAh \u00fajrat\u00f6lthet\u0151<br \/>\n<strong>T\u00f6lt\u0151csatlakoz\u00e1s:<\/strong> USB Type-C<br \/>\n<strong>Aktiv\u00e1l\u00e1s:<\/strong> Automatikus vonatvez\u00e9rl\u00e9s<\/p>\n<h3 class=\"text-lg font-bold text-text-100 mt-1 -mb-1.5\">Fedezzen fel t\u00f6bb FUMOT VAPE-t a fumotpuff-on<\/h3>\n<p class=\"whitespace-normal break-words\">N\u00e9zze meg a <strong><a class=\"underline\" href=\"https:\/\/fumotpuff.com\/hu\/\">Kezd\u0151lap<\/a><\/strong> vagy b\u00f6ng\u00e9sszen a sz\u00e9les k\u00f6r\u0171 <strong><a class=\"underline\" href=\"https:\/\/fumotpuff.com\/hu\/product-category\/fumot-vape\/\">FUMOT VAPE kiv\u00e1laszt\u00e1sa<\/a><\/strong>. Fedezze fel az \u00edzek teljes v\u00e1laszt\u00e9k\u00e1t a <strong><a class=\"underline\" href=\"https:\/\/fumotpuff.com\/hu\/product-category\/fumot-vape\/randm-tornado-9000\/\">RandM Tornado 9000 kollekci\u00f3<\/a><\/strong>.<\/p>","protected":false},"excerpt":{"rendered":"<p class=\"whitespace-normal break-words\">A RandM Tornado 9000 Fizzy Cherry eldobhat\u00f3 vape ak\u00e1r 9000 slukkot k\u00edn\u00e1l sz\u00e9nsavas cseresznye limon\u00e1d\u00e9 \u00edz\u0171 sz\u00e9nsavas cseresznye \u00edzzel. Felszerelve 18ml nikotinos\u00f3 folyad\u00e9kkal, 0,8\u03a9-os h\u00e1l\u00f3s tekerccsel, 850mAh-s \u00fajrat\u00f6lthet\u0151 akkumul\u00e1torral, \u00e1ll\u00edthat\u00f3 l\u00e9g\u00e1raml\u00e1ssal \u00e9s LED kijelz\u0151vel a bizserget\u0151, friss\u00edt\u0151 g\u0151z \u00e9lvezet\u00e9\u00e9rt.<\/p>","protected":false},"featured_media":1981,"comment_status":"open","ping_status":"closed","template":"","meta":{"_acf_changed":false},"product_brand":[],"product_cat":[25],"product_tag":[],"class_list":{"0":"post-1979","1":"product","2":"type-product","3":"status-publish","4":"has-post-thumbnail","6":"product_cat-randm-tornado-9000","8":"first","9":"instock","10":"shipping-taxable","11":"purchasable","12":"product-type-variable"},"acf":[],"_links":{"self":[{"href":"https:\/\/fumotpuff.com\/hu\/wp-json\/wp\/v2\/product\/1979","targetHints":{"allow":["GET"]}}],"collection":[{"href":"https:\/\/fumotpuff.com\/hu\/wp-json\/wp\/v2\/product"}],"about":[{"href":"https:\/\/fumotpuff.com\/hu\/wp-json\/wp\/v2\/types\/product"}],"replies":[{"embeddable":true,"href":"https:\/\/fumotpuff.com\/hu\/wp-json\/wp\/v2\/comments?post=1979"}],"wp:featuredmedia":[{"embeddable":true,"href":"https:\/\/fumotpuff.com\/hu\/wp-json\/wp\/v2\/media\/1981"}],"wp:attachment":[{"href":"https:\/\/fumotpuff.com\/hu\/wp-json\/wp\/v2\/media?parent=1979"}],"wp:term":[{"taxonomy":"product_brand","embeddable":true,"href":"https:\/\/fumotpuff.com\/hu\/wp-json\/wp\/v2\/product_brand?post=1979"},{"taxonomy":"product_cat","embeddable":true,"href":"https:\/\/fumotpuff.com\/hu\/wp-json\/wp\/v2\/product_cat?post=1979"},{"taxonomy":"product_tag","embeddable":true,"href":"https:\/\/fumotpuff.com\/hu\/wp-json\/wp\/v2\/product_tag?post=1979"}],"curies":[{"name":"wp","href":"https:\/\/api.w.org\/{rel}","templated":true}]}}