{"id":1972,"date":"2025-10-05T05:24:22","date_gmt":"2025-10-05T03:24:22","guid":{"rendered":"https:\/\/fumotpuff.com\/?post_type=product&#038;p=1972"},"modified":"2025-10-05T05:24:22","modified_gmt":"2025-10-05T03:24:22","slug":"randm-tornado-9000-cherry","status":"publish","type":"product","link":"https:\/\/fumotpuff.com\/hu\/termek\/randm-tornado-9000-cherry\/","title":{"rendered":"RandM Tornado 9000 Cherry"},"content":{"rendered":"<h2 class=\"text-xl font-bold text-text-100 mt-1 -mb-0.5\">RandM Tornado 9000 Cherry eldobhat\u00f3 vape<\/h2>\n<p class=\"whitespace-normal break-words\">A RandM Tornado 9000 Cherry a teljesen \u00e9rett, \u00e9des cseresznye autentikus \u00edz\u00e9vel ny\u0171g\u00f6z le. Ez az eldobhat\u00f3 e-cigaretta ak\u00e1r 9000 arom\u00e1s sz\u00edv\u00e1st biztos\u00edt, \u00e9s a felhaszn\u00e1l\u00f3bar\u00e1ts\u00e1got els\u0151 oszt\u00e1ly\u00fa g\u0151zmin\u0151s\u00e9ggel \u00f6tv\u00f6zi. Az intenz\u00edv cseresznye \u00edzt a fejlett h\u00e1l\u00f3s tekercstechnol\u00f3gia optim\u00e1lisan bontja ki, \u00e9s b\u00e1rsonyos, gy\u00fcm\u00f6lcs\u00f6s g\u0151z\u00e9lm\u00e9nyt biztos\u00edt. Kompakt kialak\u00edt\u00e1s\u00e1nak \u00e9s \u00fajrat\u00f6lthet\u0151 850mAh-s akkumul\u00e1tor\u00e1nak k\u00f6sz\u00f6nhet\u0151en ez a k\u00e9sz\u00fcl\u00e9k ide\u00e1lis t\u00e1rs az utaz\u00e1shoz.<\/p>\n<h3 class=\"text-lg font-bold text-text-100 mt-1 -mb-1.5\">A term\u00e9k f\u00e9nypontjai Cherry:<\/h3>\n<p class=\"whitespace-normal break-words\">V\u00e1lasszon n\u00e9gy k\u00fcl\u00f6nb\u00f6z\u0151 nikotins\u00f3 er\u0151ss\u00e9g k\u00f6z\u00fcl (0%, 2%, 3%, 5%), hogy szem\u00e9lyre szabhassa szem\u00e9lyes p\u00e1rologtat\u00e1si \u00e9lm\u00e9ny\u00e9t.<\/p>\n<p class=\"whitespace-normal break-words\">A nagyvonal\u00fa 18 ml-es e-folyad\u00e9k tart\u00e1ly a 0,8 ohm-os h\u00e1l\u00f3s tekerccsel kombin\u00e1lva garant\u00e1lja a hosszan tart\u00f3 \u00e9lvezetet intenz\u00edv cseresznye \u00edzzel.<\/p>\n<p class=\"whitespace-normal break-words\">A be\u00e9p\u00edtett LED-kijelz\u0151nek k\u00f6sz\u00f6nhet\u0151en mindig nyomon k\u00f6vetheti az akkumul\u00e1tor t\u00f6lt\u00f6tts\u00e9gi szintj\u00e9t \u00e9s a k\u00e9sz\u00fcl\u00e9k \u00e1llapot\u00e1t.<\/p>\n<p class=\"whitespace-normal break-words\">A praktikus USB Type-C t\u00f6lt\u00e9si funkci\u00f3 lehet\u0151v\u00e9 teszi a 850mAh kapacit\u00e1s\u00fa akkumul\u00e1tor gyors \u00e9s egyszer\u0171 t\u00f6lt\u00e9s\u00e9t.<\/p>\n<p class=\"whitespace-normal break-words\">Nincsenek gombok, nincsenek be\u00e1ll\u00edt\u00e1sok - egyszer\u0171en csak sz\u00edvjon az intuit\u00edv automatikus h\u00faz\u00e1ssal.<\/p>\n<h3 class=\"text-lg font-bold text-text-100 mt-1 -mb-1.5\">M\u0171szaki adatok:<\/h3>\n<p class=\"whitespace-normal break-words\"><strong>Vonatok:<\/strong> 9000<br \/>\n<strong>Nikotin tartalom:<\/strong> 0%\/2%\/3%\/5%<br \/>\n<strong>Nikotin t\u00edpusa:<\/strong> Nikotin s\u00f3<br \/>\n<strong>Tart\u00e1ly t\u00e9rfogata:<\/strong> 18ml<br \/>\n<strong>Ellen\u00e1ll\u00e1s:<\/strong> 0,8 Ohm h\u00e1l\u00f3s tekercs<br \/>\n<strong>Akkumul\u00e1tor:<\/strong> 850mAh \u00fajrat\u00f6lthet\u0151<br \/>\n<strong>T\u00f6lt\u0151csatlakoz\u00e1s:<\/strong> USB Type-C<br \/>\n<strong>Aktiv\u00e1l\u00e1s:<\/strong> Automatikus vonatvez\u00e9rl\u00e9s<\/p>\n<h3 class=\"text-lg font-bold text-text-100 mt-1 -mb-1.5\">Fedezzen fel t\u00f6bb FUMOT VAPE-t a fumotpuff-on<\/h3>\n<p class=\"whitespace-normal break-words\">L\u00e1togasson el a <strong><a class=\"underline\" href=\"https:\/\/fumotpuff.com\/hu\/\">F\u0151 \u00fczlet<\/a><\/strong> a term\u00e9kek \u00e1tfog\u00f3 v\u00e1laszt\u00e9k\u00e1hoz, vagy fedezze fel a teljes <strong><a class=\"underline\" href=\"https:\/\/fumotpuff.com\/hu\/product-category\/fumot-vape\/\">FUMOT VAPE term\u00e9kcsal\u00e1d<\/a><\/strong>. Tov\u00e1bbi izgalmas \u00edzek v\u00e1rnak a <strong><a class=\"underline\" href=\"https:\/\/fumotpuff.com\/hu\/product-category\/fumot-vape\/randm-tornado-9000\/\">RandM Tornado 9000 \u00edzv\u00e1laszt\u00e9k<\/a><\/strong>.<\/p>","protected":false},"excerpt":{"rendered":"<p class=\"whitespace-normal break-words\">A RandM Tornado 9000 Cherry eldobhat\u00f3 vape ak\u00e1r 9000 slukk \u00e9des, teljesen \u00e9rett cseresznye \u00edzt biztos\u00edt. Felszerelve 18ml nikotinos\u00f3 folyad\u00e9kkal, 0,8\u03a9-os h\u00e1l\u00f3s tekerccsel, 850mAh-s \u00fajrat\u00f6lthet\u0151 akkumul\u00e1torral, \u00e1ll\u00edthat\u00f3 l\u00e9g\u00e1raml\u00e1ssal \u00e9s LED kijelz\u0151vel a b\u00e1rsonyos, gy\u00fcm\u00f6lcs\u00f6s g\u0151z \u00e9lvezet\u00e9\u00e9rt.<\/p>","protected":false},"featured_media":1974,"comment_status":"open","ping_status":"closed","template":"","meta":{"_acf_changed":false},"product_brand":[],"product_cat":[25],"product_tag":[],"class_list":{"0":"post-1972","1":"product","2":"type-product","3":"status-publish","4":"has-post-thumbnail","6":"product_cat-randm-tornado-9000","8":"first","9":"instock","10":"shipping-taxable","11":"purchasable","12":"product-type-variable"},"acf":[],"_links":{"self":[{"href":"https:\/\/fumotpuff.com\/hu\/wp-json\/wp\/v2\/product\/1972","targetHints":{"allow":["GET"]}}],"collection":[{"href":"https:\/\/fumotpuff.com\/hu\/wp-json\/wp\/v2\/product"}],"about":[{"href":"https:\/\/fumotpuff.com\/hu\/wp-json\/wp\/v2\/types\/product"}],"replies":[{"embeddable":true,"href":"https:\/\/fumotpuff.com\/hu\/wp-json\/wp\/v2\/comments?post=1972"}],"wp:featuredmedia":[{"embeddable":true,"href":"https:\/\/fumotpuff.com\/hu\/wp-json\/wp\/v2\/media\/1974"}],"wp:attachment":[{"href":"https:\/\/fumotpuff.com\/hu\/wp-json\/wp\/v2\/media?parent=1972"}],"wp:term":[{"taxonomy":"product_brand","embeddable":true,"href":"https:\/\/fumotpuff.com\/hu\/wp-json\/wp\/v2\/product_brand?post=1972"},{"taxonomy":"product_cat","embeddable":true,"href":"https:\/\/fumotpuff.com\/hu\/wp-json\/wp\/v2\/product_cat?post=1972"},{"taxonomy":"product_tag","embeddable":true,"href":"https:\/\/fumotpuff.com\/hu\/wp-json\/wp\/v2\/product_tag?post=1972"}],"curies":[{"name":"wp","href":"https:\/\/api.w.org\/{rel}","templated":true}]}}