{"id":1965,"date":"2025-10-05T05:21:48","date_gmt":"2025-10-05T03:21:48","guid":{"rendered":"https:\/\/fumotpuff.com\/?post_type=product&#038;p=1965"},"modified":"2025-10-05T05:21:48","modified_gmt":"2025-10-05T03:21:48","slug":"randm-tornado-9000-lemon-lime","status":"publish","type":"product","link":"https:\/\/fumotpuff.com\/hu\/termek\/randm-tornado-9000-lemon-lime\/","title":{"rendered":"RandM Tornado 9000 citrom \u00e9s lime"},"content":{"rendered":"<h2 class=\"text-xl font-bold text-text-100 mt-1 -mb-0.5\">RandM Tornado 9000 Lemon &amp; Lime eldobhat\u00f3 vape<\/h2>\n<p class=\"whitespace-normal break-words\">A RandM Tornado 9000 Lemon &amp; Lime \u00edzben a fanyar citromot \u00e9s a fanyar lime-ot \u00f6tv\u00f6zi, hogy \u00e9l\u00e9nk\u00edt\u0151 g\u0151z\u00f6l\u00e9si \u00e9lm\u00e9nyt ny\u00fajtson. Ez az el\u0151re felt\u00f6lt\u00f6tt eldobhat\u00f3 vape k\u00e9sz\u00fcl\u00e9k leny\u0171g\u00f6z\u0151 9000 puffol\u00e1ssal \u00e9s nagyvonal\u00fa 18ml e-folyad\u00e9k kapacit\u00e1ssal rendelkezik. Az \u00e9des citrom \u00e9s a fanyar lime t\u00f6k\u00e9letes egyens\u00falya biztos\u00edtja a friss\u00edt\u0151 \u00edzt, amely eg\u00e9sz napra elegend\u0151 energi\u00e1t biztos\u00edt. A be\u00e9p\u00edtett h\u00e1l\u00f3s tekercsnek k\u00f6sz\u00f6nhet\u0151en minden slukk intenz\u00edv \u00edz\u00e9lm\u00e9nyt ny\u00fajt, optim\u00e1lis g\u0151zfejl\u0151d\u00e9ssel.<\/p>\n<h3 class=\"text-lg font-bold text-text-100 mt-1 -mb-1.5\">A term\u00e9k f\u00e9nypontjai Lemon &amp; Lime:<\/h3>\n<p class=\"whitespace-normal break-words\">A 0%, 2%, 3% \u00e9s 5% nikotin s\u00f3k\u00e9nt el\u00e9rhet\u0151 nikotin er\u0151ss\u00e9gek lehet\u0151v\u00e9 teszik, hogy az intenzit\u00e1st szem\u00e9lyes preferenci\u00e1inak megfelel\u0151en v\u00e1lassza ki.<\/p>\n<p class=\"whitespace-normal break-words\">A kiv\u00e1l\u00f3 min\u0151s\u00e9g\u0171 0,8 ohmos h\u00e1l\u00f3s tekercs seg\u00edts\u00e9g\u00e9vel rendk\u00edv\u00fcli \u00edzfejl\u0151d\u00e9st tapasztalhat, amely t\u00f6k\u00e9letesen kiemeli a friss citrusos jegyeket.<\/p>\n<p class=\"whitespace-normal break-words\">A praktikus LED-kijelz\u0151 mindig mutatja az akkumul\u00e1tor aktu\u00e1lis \u00e1llapot\u00e1t \u00e9s a k\u00e9sz\u00fcl\u00e9k fontos inform\u00e1ci\u00f3it.<\/p>\n<p class=\"whitespace-normal break-words\">A nagy teljes\u00edtm\u00e9ny\u0171 850mAh-s akkumul\u00e1tor USB Type-C-n kereszt\u00fcl t\u00f6lthet\u0151, \u00e9s garant\u00e1lja a folyamatos p\u00e1rologtat\u00e1st hossz\u00fa v\u00e1rakoz\u00e1si id\u0151 n\u00e9lk\u00fcl.<\/p>\n<p class=\"whitespace-normal break-words\">A h\u00faz\u00e1ssal aktiv\u00e1lhat\u00f3 m\u0171k\u00f6d\u00e9si m\u00f3d k\u00fcl\u00f6n\u00f6sen k\u00f6nnyen kezelhet\u0151v\u00e9 \u00e9s k\u00e9nyelmess\u00e9 teszi a k\u00e9sz\u00fcl\u00e9ket a kezd\u0151k sz\u00e1m\u00e1ra.<\/p>\n<h3 class=\"text-lg font-bold text-text-100 mt-1 -mb-1.5\">M\u0171szaki adatok:<\/h3>\n<p class=\"whitespace-normal break-words\"><strong>Vonatok:<\/strong> 9000<br \/>\n<strong>Nikotin tartalom:<\/strong> 0%\/2%\/3%\/5%<br \/>\n<strong>Nikotin t\u00edpusa:<\/strong> Nikotin s\u00f3<br \/>\n<strong>Tart\u00e1ly t\u00e9rfogata:<\/strong> 18ml<br \/>\n<strong>Ellen\u00e1ll\u00e1s:<\/strong> 0,8 Ohm h\u00e1l\u00f3s tekercs<br \/>\n<strong>Akkumul\u00e1tor:<\/strong> 850mAh \u00fajrat\u00f6lthet\u0151<br \/>\n<strong>T\u00f6lt\u0151csatlakoz\u00e1s:<\/strong> USB Type-C<br \/>\n<strong>Aktiv\u00e1l\u00e1s:<\/strong> Automatikus vonatvez\u00e9rl\u00e9s<\/p>\n<h3 class=\"text-lg font-bold text-text-100 mt-1 -mb-1.5\">Fedezzen fel t\u00f6bb FUMOT VAPE-t a fumotpuff-on<\/h3>\n<p class=\"whitespace-normal break-words\">Fedezzen fel t\u00f6bb pr\u00e9mium term\u00e9ket a <strong><a class=\"underline\" href=\"https:\/\/fumotpuff.com\/hu\/\">Online bolt<\/a><\/strong> vagy b\u00f6ng\u00e9sszen exkluz\u00edv <strong><a class=\"underline\" href=\"https:\/\/fumotpuff.com\/hu\/product-category\/fumot-vape\/\">FUMOT VAPE kollekci\u00f3<\/a><\/strong>. Az \u00f6sszes kaphat\u00f3 \u00edzt megtal\u00e1lja a <strong><a class=\"underline\" href=\"https:\/\/fumotpuff.com\/hu\/product-category\/fumot-vape\/randm-tornado-9000\/\">RandM Tornado 9000 \u00e1ttekint\u00e9s<\/a><\/strong>.<\/p>","protected":false},"excerpt":{"rendered":"<p class=\"whitespace-normal break-words\">A RandM Tornado 9000 Lemon &amp; Lime eldobhat\u00f3 vape ak\u00e1r 9000 slukkot is k\u00edn\u00e1l friss\u00edt\u0151 citrom-lime kombin\u00e1ci\u00f3val. Felszerelve 18ml nikotinos\u00f3 folyad\u00e9kkal, 0,8\u03a9-os h\u00e1l\u00f3s tekerccsel, 850mAh-s \u00fajrat\u00f6lthet\u0151 akkumul\u00e1torral, \u00e1ll\u00edthat\u00f3 l\u00e9g\u00e1raml\u00e1ssal \u00e9s LED kijelz\u0151vel az \u00e9l\u00e9nk\u00edt\u0151 citrusos g\u0151z \u00e9lvezet\u00e9\u00e9rt.<\/p>","protected":false},"featured_media":1967,"comment_status":"open","ping_status":"closed","template":"","meta":{"_acf_changed":false},"product_brand":[],"product_cat":[25],"product_tag":[],"class_list":{"0":"post-1965","1":"product","2":"type-product","3":"status-publish","4":"has-post-thumbnail","6":"product_cat-randm-tornado-9000","8":"first","9":"instock","10":"shipping-taxable","11":"purchasable","12":"product-type-variable"},"acf":[],"_links":{"self":[{"href":"https:\/\/fumotpuff.com\/hu\/wp-json\/wp\/v2\/product\/1965","targetHints":{"allow":["GET"]}}],"collection":[{"href":"https:\/\/fumotpuff.com\/hu\/wp-json\/wp\/v2\/product"}],"about":[{"href":"https:\/\/fumotpuff.com\/hu\/wp-json\/wp\/v2\/types\/product"}],"replies":[{"embeddable":true,"href":"https:\/\/fumotpuff.com\/hu\/wp-json\/wp\/v2\/comments?post=1965"}],"wp:featuredmedia":[{"embeddable":true,"href":"https:\/\/fumotpuff.com\/hu\/wp-json\/wp\/v2\/media\/1967"}],"wp:attachment":[{"href":"https:\/\/fumotpuff.com\/hu\/wp-json\/wp\/v2\/media?parent=1965"}],"wp:term":[{"taxonomy":"product_brand","embeddable":true,"href":"https:\/\/fumotpuff.com\/hu\/wp-json\/wp\/v2\/product_brand?post=1965"},{"taxonomy":"product_cat","embeddable":true,"href":"https:\/\/fumotpuff.com\/hu\/wp-json\/wp\/v2\/product_cat?post=1965"},{"taxonomy":"product_tag","embeddable":true,"href":"https:\/\/fumotpuff.com\/hu\/wp-json\/wp\/v2\/product_tag?post=1965"}],"curies":[{"name":"wp","href":"https:\/\/api.w.org\/{rel}","templated":true}]}}