{"id":1677,"date":"2025-09-29T05:43:59","date_gmt":"2025-09-29T03:43:59","guid":{"rendered":"https:\/\/fumotpuff.com\/?post_type=product&#038;p=1677"},"modified":"2025-09-29T05:43:59","modified_gmt":"2025-09-29T03:43:59","slug":"randm-digital-box-12000-bingo-crush","status":"publish","type":"product","link":"https:\/\/fumotpuff.com\/hu\/termek\/randm-digital-box-12000-bingo-crush\/","title":{"rendered":"RandM Digit\u00e1lis doboz 12000 Bingo Crush"},"content":{"rendered":"<h2 class=\"text-xl font-bold text-text-100 mt-1 -mb-0.5\">RandM Digital Box 12000 Bingo Crush eldobhat\u00f3 e-cigaretta<\/h2>\n<p class=\"whitespace-normal break-words\">A <strong>RandM Digit\u00e1lis doboz 12000 Bingo Crush<\/strong> tapasztalja meg az egzotikus gy\u00fcm\u00f6lcs\u00f6k \u00e9s a friss\u00edt\u0151 jeges jegyek egyed\u00fcl\u00e1ll\u00f3 f\u00fazi\u00f3j\u00e1t a rendk\u00edv\u00fcli g\u0151z\u00f6l\u00e9si \u00e9lm\u00e9ny\u00e9rt. Ez az \u00fajrat\u00f6lthet\u0151 g\u0151zrendszer digit\u00e1lis kijelz\u0151vel rendelkezik az akkumul\u00e1tor t\u00f6lt\u00f6tts\u00e9g\u00e9nek \u00e9s az e-folyad\u00e9k szintj\u00e9nek \u00e9l\u0151 nyomon k\u00f6vet\u00e9s\u00e9re. A 20 ml-es tart\u00e1lykapacit\u00e1ssal \u00e9s a 0\/2\/3\/5 % rugalmas nikotins\u00f3-er\u0151ss\u00e9ggel ak\u00e1r 12 000 l\u00e1tv\u00e1nyos sz\u00edv\u00e1st is \u00e9lvezhet. A digit\u00e1lis kijelz\u0151 folyamatosan t\u00e1j\u00e9koztatja \u00d6nt a fennmarad\u00f3 akkumul\u00e1tor- \u00e9s folyad\u00e9kszintr\u0151l, ami megakad\u00e1lyozza a m\u0171k\u00f6d\u00e9s megszak\u00edt\u00e1s\u00e1t. A Type-C t\u00f6lt\u0151csatlakoz\u00e1s biztos\u00edtja, hogy az \u00f6sszes e-folyad\u00e9kot az utols\u00f3 cseppig felhaszn\u00e1lhassa.<\/p>\n<h3 class=\"text-lg font-bold text-text-100 mt-1 -mb-1.5\">A RandM Digital Box 12000 Bingo Crush el\u0151nyei:<\/h3>\n<p class=\"whitespace-normal break-words\"><strong>Leny\u0171g\u00f6z\u0151 sz\u00e1m\u00fa vonat:<\/strong> Ak\u00e1r 12.000 slukk garant\u00e1lja a t\u00f6bb hetes zavartalan g\u0151z\u00f6lg\u00e9st.<\/p>\n<p class=\"whitespace-normal break-words\"><strong>Nagy folyad\u00e9kell\u00e1t\u00e1s:<\/strong> A 20 ml-es kapacit\u00e1s maximaliz\u00e1lja a haszn\u00e1lati id\u0151k\u00f6z\u00f6ket \u00e9s minimaliz\u00e1lja a karbantart\u00e1st.<\/p>\n<p class=\"whitespace-normal break-words\"><strong>Megb\u00edzhat\u00f3 \u00e1ramell\u00e1t\u00e1s:<\/strong> 850mAh \u00fajrat\u00f6lthet\u0151 akkumul\u00e1tor C-t\u00edpus\u00fa csatlakoz\u00f3val a gyors \u00e1ramell\u00e1t\u00e1s \u00e9rdek\u00e9ben.<\/p>\n<p class=\"whitespace-normal break-words\"><strong>Stabil g\u0151ztermel\u00e9s:<\/strong> Az 1\u03a9-os h\u00e1l\u00f3s tekercs egyenletesen er\u0151s \u00e9s hiteles \u00edzt biztos\u00edt.<\/p>\n<p class=\"whitespace-normal break-words\"><strong>A legmodernebb LCD-technol\u00f3gia:<\/strong> Be\u00e9p\u00edtett monitor az akkumul\u00e1tor \u00e1llapot\u00e1nak \u00e9s a puffsz\u00e1mnak a val\u00f3s idej\u0171 nyomon k\u00f6vet\u00e9s\u00e9hez.<\/p>\n<h3 class=\"text-lg font-bold text-text-100 mt-1 -mb-1.5\">M\u0171szaki adatok:<\/h3>\n<p class=\"whitespace-normal break-words\"><strong>Nikotins\u00f3:<\/strong> 0% \/ 2% \/ 3% \/ 5%<\/p>\n<p class=\"whitespace-normal break-words\"><strong>E-folyad\u00e9k t\u00e9rfogata:<\/strong> 20 ml<\/p>\n<p class=\"whitespace-normal break-words\"><strong>Vonatok egys\u00e9genk\u00e9nt:<\/strong> 12.000<\/p>\n<p class=\"whitespace-normal break-words\"><strong>Felszerel\u00e9s:<\/strong> Digit\u00e1lis akkumul\u00e1tor- \u00e9s folyad\u00e9kszintjelz\u0151<\/p>\n<p class=\"whitespace-normal break-words\"><strong>Akkumul\u00e1tor:<\/strong> \u00dajrat\u00f6lthet\u0151, integr\u00e1lt 850mAh<\/p>\n<p class=\"whitespace-normal break-words\"><strong>Csomagol\u00e1si egys\u00e9g:<\/strong> 10 darab bemutat\u00f3 dobozban<\/p>\n<h3 class=\"text-lg font-bold text-text-100 mt-1 -mb-1.5\">Fedezzen fel t\u00f6bb FUMOT VAPE-t a fumotpuff-on<\/h3>\n<p class=\"whitespace-normal break-words\">L\u00e1togasson el a <strong><a class=\"underline\" href=\"https:\/\/fumotpuff.com\/hu\/\">Kezd\u0151lap<\/a><\/strong> a pr\u00e9mium kateg\u00f3ri\u00e1s g\u0151z\u00f6lg\u0151 term\u00e9kek \u00e1tfog\u00f3 v\u00e1laszt\u00e9k\u00e1\u00e9rt, vagy fedezze fel a sokr\u00e9t\u0171 <strong><a class=\"underline\" href=\"https:\/\/fumotpuff.com\/hu\/product-category\/fumot-vape\/\">FUMOT VAPE kiv\u00e1laszt\u00e1sa<\/a><\/strong> a legmodernebb vape megold\u00e1sokkal. Az \u00f6sszes \u00edzv\u00e1ltozatot megtal\u00e1lja a teljes <strong><a class=\"underline\" href=\"https:\/\/fumotpuff.com\/hu\/product-category\/fumot-vape\/randm-digital-box-12000\/\">RandM Digital Box 12000 \u00edzgy\u0171jtem\u00e9ny<\/a><\/strong>.<\/p>","protected":false},"excerpt":{"rendered":"<p class=\"whitespace-normal break-words\">A RandM Digital Box 12000 Bingo Crush egzotikus gy\u00fcm\u00f6lcs\u00f6k \u00e9s friss\u00edt\u0151 j\u00e9g \u00edzek egyed\u00fcl\u00e1ll\u00f3 f\u00fazi\u00f3j\u00e1t k\u00edn\u00e1lja a rendk\u00edv\u00fcli p\u00e1rologtat\u00e1si \u00e9lm\u00e9ny \u00e9rdek\u00e9ben. \u00dajrat\u00f6lthet\u0151 vape 20ml e-folyad\u00e9kkal, ak\u00e1r 12 000 puffol\u00e1ssal, LCD kijelz\u0151 az akkumul\u00e1tor \u00e9s a folyad\u00e9k szintj\u00e9hez. 850mAh, C-t\u00edpus\u00fa.<\/p>","protected":false},"featured_media":1680,"comment_status":"open","ping_status":"closed","template":"","meta":{"_acf_changed":false},"product_brand":[],"product_cat":[24],"product_tag":[],"class_list":{"0":"post-1677","1":"product","2":"type-product","3":"status-publish","4":"has-post-thumbnail","6":"product_cat-randm-digital-box-12000","8":"first","9":"instock","10":"shipping-taxable","11":"purchasable","12":"product-type-variable"},"acf":[],"_links":{"self":[{"href":"https:\/\/fumotpuff.com\/hu\/wp-json\/wp\/v2\/product\/1677","targetHints":{"allow":["GET"]}}],"collection":[{"href":"https:\/\/fumotpuff.com\/hu\/wp-json\/wp\/v2\/product"}],"about":[{"href":"https:\/\/fumotpuff.com\/hu\/wp-json\/wp\/v2\/types\/product"}],"replies":[{"embeddable":true,"href":"https:\/\/fumotpuff.com\/hu\/wp-json\/wp\/v2\/comments?post=1677"}],"wp:featuredmedia":[{"embeddable":true,"href":"https:\/\/fumotpuff.com\/hu\/wp-json\/wp\/v2\/media\/1680"}],"wp:attachment":[{"href":"https:\/\/fumotpuff.com\/hu\/wp-json\/wp\/v2\/media?parent=1677"}],"wp:term":[{"taxonomy":"product_brand","embeddable":true,"href":"https:\/\/fumotpuff.com\/hu\/wp-json\/wp\/v2\/product_brand?post=1677"},{"taxonomy":"product_cat","embeddable":true,"href":"https:\/\/fumotpuff.com\/hu\/wp-json\/wp\/v2\/product_cat?post=1677"},{"taxonomy":"product_tag","embeddable":true,"href":"https:\/\/fumotpuff.com\/hu\/wp-json\/wp\/v2\/product_tag?post=1677"}],"curies":[{"name":"wp","href":"https:\/\/api.w.org\/{rel}","templated":true}]}}