{"id":1669,"date":"2025-09-29T05:41:07","date_gmt":"2025-09-29T03:41:07","guid":{"rendered":"https:\/\/fumotpuff.com\/?post_type=product&#038;p=1669"},"modified":"2025-09-29T05:41:07","modified_gmt":"2025-09-29T03:41:07","slug":"randm-digital-box-12000-lemon-lime","status":"publish","type":"product","link":"https:\/\/fumotpuff.com\/hu\/termek\/randm-digital-box-12000-lemon-lime\/","title":{"rendered":"RandM Digital Box 12000 citrom \u00e9s lime"},"content":{"rendered":"<h2 class=\"text-xl font-bold text-text-100 mt-1 -mb-0.5\">RandM Digital Box 12000 Lemon &amp; Lime eldobhat\u00f3 e-cigaretta<\/h2>\n<p class=\"whitespace-normal break-words\">A <strong>RandM Digital Box 12000 citrom \u00e9s lime<\/strong> t\u00f6k\u00e9letes egyens\u00falyt k\u00edn\u00e1l a fanyar citrom \u00e9s a friss\u00edt\u0151 lime k\u00f6z\u00f6tt, ami \u00e9l\u00e9nk\u00edt\u0151 citrusos \u00edzt biztos\u00edt. Ez az \u00fajrat\u00f6lthet\u0151 vape k\u00e9sz\u00fcl\u00e9k digit\u00e1lis kijelz\u0151vel van felszerelve, amely val\u00f3s id\u0151ben figyeli az akkumul\u00e1tor t\u00f6lt\u00f6tts\u00e9gi szintj\u00e9t \u00e9s a folyad\u00e9k mennyis\u00e9g\u00e9t. A 20 ml-es t\u00e9rfogat \u00e9s a 0\/2\/3\/5 % nikotins\u00f3koncentr\u00e1ci\u00f3val ak\u00e1r 12 000 friss\u00edt\u0151 sz\u00edv\u00e1s is el\u00e9rhet\u0151. Az LCD kijelz\u0151 folyamatosan mutatja a fennmarad\u00f3 akkumul\u00e1torkapacit\u00e1st \u00e9s az e-folyad\u00e9k k\u00e9szletet, \u00edgy nincsenek nem k\u00edv\u00e1nt megszak\u00edt\u00e1sok. A Type-C t\u00f6lt\u0151csatlakoz\u00e1s lehet\u0151v\u00e9 teszi, hogy teljesen<\/p>\n<h3 class=\"text-lg font-bold text-text-100 mt-1 -mb-1.5\">A RandM Digital Box 12000 Lemon &amp; Lime el\u0151nyei:<\/h3>\n<p class=\"whitespace-normal break-words\"><strong>Kiv\u00e1l\u00f3 \u00e9lettartam:<\/strong> Ak\u00e1r 12.000 slukk, ami hetekig tart\u00f3 g\u0151z\u00e9lvezetet biztos\u00edt \u00fajrat\u00f6lt\u00e9s n\u00e9lk\u00fcl.<\/p>\n<p class=\"whitespace-normal break-words\"><strong>Nagy kapacit\u00e1s\u00fa tart\u00e1ly:<\/strong> A 20 ml-es tartalom minim\u00e1lisra cs\u00f6kkenti az \u00fajrat\u00f6lt\u00e9s sz\u00fcks\u00e9gess\u00e9g\u00e9t.<\/p>\n<p class=\"whitespace-normal break-words\"><strong>Nagy teljes\u00edtm\u00e9ny\u0171 akkumul\u00e1tor:<\/strong> 850mAh \u00fajrat\u00f6lthet\u0151 akkumul\u00e1tor Type-C interf\u00e9sszel a hat\u00e9kony t\u00f6lt\u00e9si ciklusok \u00e9rdek\u00e9ben.<\/p>\n<p class=\"whitespace-normal break-words\"><strong>Egyenletes \u00edzmin\u0151s\u00e9g:<\/strong> Az 1\u03a9-os h\u00e1l\u00f3s tekercs intenz\u00edv citrusos \u00edzeket biztos\u00edt minden slukkban.<\/p>\n<p class=\"whitespace-normal break-words\"><strong>Intelligens digit\u00e1lis kijelz\u0151:<\/strong> Be\u00e9p\u00edtett LCD kijelz\u0151 az akkumul\u00e1tor \u00e1llapot\u00e1nak \u00e9s a vonatok sz\u00e1m\u00e1nak \u00e1lland\u00f3 ellen\u0151rz\u00e9s\u00e9re.<\/p>\n<h3 class=\"text-lg font-bold text-text-100 mt-1 -mb-1.5\">M\u0171szaki adatok:<\/h3>\n<p class=\"whitespace-normal break-words\"><strong>Nikotins\u00f3:<\/strong> 0% \/ 2% \/ 3% \/ 5%<\/p>\n<p class=\"whitespace-normal break-words\"><strong>E-folyad\u00e9k t\u00e9rfogata:<\/strong> 20 ml<\/p>\n<p class=\"whitespace-normal break-words\"><strong>Vonatok egys\u00e9genk\u00e9nt:<\/strong> 12.000<\/p>\n<p class=\"whitespace-normal break-words\"><strong>Felszerel\u00e9s:<\/strong> Digit\u00e1lis akkumul\u00e1tor- \u00e9s folyad\u00e9kszintjelz\u0151<\/p>\n<p class=\"whitespace-normal break-words\"><strong>Akkumul\u00e1tor:<\/strong> \u00dajrat\u00f6lthet\u0151, integr\u00e1lt 850mAh<\/p>\n<p class=\"whitespace-normal break-words\"><strong>Csomagol\u00e1si egys\u00e9g:<\/strong> 10 darab bemutat\u00f3 dobozban<\/p>\n<h3 class=\"text-lg font-bold text-text-100 mt-1 -mb-1.5\">Fedezzen fel t\u00f6bb FUMOT VAPE-t a fumotpuff-on<\/h3>\n<p class=\"whitespace-normal break-words\">Fedezzen fel t\u00f6bb kiv\u00e1l\u00f3 vape term\u00e9ket a mi <strong><a class=\"underline\" href=\"https:\/\/fumotpuff.com\/hu\/\">Kezd\u0151lap<\/a><\/strong> vagy l\u00e1togasson el a sokoldal\u00fa <strong><a class=\"underline\" href=\"https:\/\/fumotpuff.com\/hu\/product-category\/fumot-vape\/\">FUMOT VAPE term\u00e9kcsal\u00e1d<\/a><\/strong> fejlett g\u0151z\u00f6lg\u0151 eszk\u00f6z\u00f6kkel. Fedezze fel az \u00edzek teljes v\u00e1laszt\u00e9k\u00e1t a <strong><a class=\"underline\" href=\"https:\/\/fumotpuff.com\/hu\/product-category\/fumot-vape\/randm-digital-box-12000\/\">A RandM Digital Box 12000 term\u00e9kcsal\u00e1d \u00e1ttekint\u00e9se<\/a><\/strong>.<\/p>","protected":false},"excerpt":{"rendered":"<p class=\"whitespace-normal break-words\">A RandM Digital Box 12000 Lemon &amp; Lime a fanyar citrom \u00e9s a friss\u00edt\u0151 lime t\u00f6k\u00e9letes egyens\u00faly\u00e1t k\u00edn\u00e1lja a citrusf\u00e9l\u00e9k \u00e9l\u00e9nk\u00edt\u0151 \u00edz\u00e9nek. \u00dajrat\u00f6lthet\u0151 vape 20ml e-folyad\u00e9kkal, ak\u00e1r 12.000 slukk, LCD kijelz\u0151 az akkumul\u00e1tor \u00e9s a folyad\u00e9k szintj\u00e9hez. 850mAh akkumul\u00e1tor, C-t\u00edpus\u00fa.<\/p>","protected":false},"featured_media":1672,"comment_status":"open","ping_status":"closed","template":"","meta":{"_acf_changed":false},"product_brand":[],"product_cat":[24],"product_tag":[],"class_list":{"0":"post-1669","1":"product","2":"type-product","3":"status-publish","4":"has-post-thumbnail","6":"product_cat-randm-digital-box-12000","8":"first","9":"instock","10":"shipping-taxable","11":"purchasable","12":"product-type-variable"},"acf":[],"_links":{"self":[{"href":"https:\/\/fumotpuff.com\/hu\/wp-json\/wp\/v2\/product\/1669","targetHints":{"allow":["GET"]}}],"collection":[{"href":"https:\/\/fumotpuff.com\/hu\/wp-json\/wp\/v2\/product"}],"about":[{"href":"https:\/\/fumotpuff.com\/hu\/wp-json\/wp\/v2\/types\/product"}],"replies":[{"embeddable":true,"href":"https:\/\/fumotpuff.com\/hu\/wp-json\/wp\/v2\/comments?post=1669"}],"wp:featuredmedia":[{"embeddable":true,"href":"https:\/\/fumotpuff.com\/hu\/wp-json\/wp\/v2\/media\/1672"}],"wp:attachment":[{"href":"https:\/\/fumotpuff.com\/hu\/wp-json\/wp\/v2\/media?parent=1669"}],"wp:term":[{"taxonomy":"product_brand","embeddable":true,"href":"https:\/\/fumotpuff.com\/hu\/wp-json\/wp\/v2\/product_brand?post=1669"},{"taxonomy":"product_cat","embeddable":true,"href":"https:\/\/fumotpuff.com\/hu\/wp-json\/wp\/v2\/product_cat?post=1669"},{"taxonomy":"product_tag","embeddable":true,"href":"https:\/\/fumotpuff.com\/hu\/wp-json\/wp\/v2\/product_tag?post=1669"}],"curies":[{"name":"wp","href":"https:\/\/api.w.org\/{rel}","templated":true}]}}