{"id":1645,"date":"2025-09-29T05:27:59","date_gmt":"2025-09-29T03:27:59","guid":{"rendered":"https:\/\/fumotpuff.com\/?post_type=product&#038;p=1645"},"modified":"2025-09-29T05:28:00","modified_gmt":"2025-09-29T03:28:00","slug":"randm-digital-box-12000-strawberry-pomp","status":"publish","type":"product","link":"https:\/\/fumotpuff.com\/hu\/termek\/randm-digital-box-12000-strawberry-pomp\/","title":{"rendered":"RandM Digital Box 12000 Eper Pompa"},"content":{"rendered":"<h2 class=\"text-xl font-bold text-text-100 mt-1 -mb-0.5\">RandM Digital Box 12000 Strawberry Pomp eldobhat\u00f3 e-cigaretta<\/h2>\n<p class=\"whitespace-normal break-words\">A <strong>RandM Digital Box 12000 Eper Pompa<\/strong> \u00e9lvezze az \u00e9rett eper \u00e9s az arom\u00e1s gr\u00e1n\u00e1talma egzotikus kombin\u00e1ci\u00f3j\u00e1t. Ez az \u00fajrat\u00f6lthet\u0151 p\u00e1rologtat\u00f3 k\u00e9sz\u00fcl\u00e9k digit\u00e1lis kijelz\u0151vel rendelkezik, amely \u00e9l\u0151ben nyomon k\u00f6vetheti az akkumul\u00e1tor t\u00f6lt\u00f6tts\u00e9g\u00e9t \u00e9s az e-folyad\u00e9k szintj\u00e9t. A 20 ml-es tart\u00e1ly t\u00e9rfogat\u00e1val \u00e9s a 0\/2\/3\/5 % nikotins\u00f3koncentr\u00e1ci\u00f3ban v\u00e1laszthat\u00f3 0\/2\/3\/5 nikotins\u00f3koncentr\u00e1ci\u00f3val ak\u00e1r 12 000 \u00e9lvezetes sz\u00edv\u00e1st is \u00e9lvezhet. A digit\u00e1lis kijelz\u0151 folyamatosan t\u00e1j\u00e9koztatja \u00d6nt a fennmarad\u00f3 akkumul\u00e1tor kapacit\u00e1sr\u00f3l \u00e9s a folyad\u00e9kszintr\u0151l, ami megakad\u00e1lyozza a m\u0171k\u00f6d\u00e9s megszak\u00edt\u00e1s\u00e1t. A Type-C t\u00f6lt\u0151csatlakoz\u00e1s biztos\u00edtja, hogy minden milliliter e-folyad\u00e9kb\u00f3l a lehet\u0151 legt\u00f6bbet hozza ki.<\/p>\n<h3 class=\"text-lg font-bold text-text-100 mt-1 -mb-1.5\">A RandM Digital Box 12000 Strawberry Pomp el\u0151nyei:<\/h3>\n<p class=\"whitespace-normal break-words\"><strong>Hossz\u00fa t\u00e1v\u00fa hasznos \u00e9lettartam:<\/strong> Ak\u00e1r 12 000 f\u00faj\u00e1s a megszak\u00edt\u00e1s n\u00e9lk\u00fcli, hosszan tart\u00f3 g\u0151z\u00f6l\u00e9s\u00e9rt.<\/p>\n<p class=\"whitespace-normal break-words\"><strong>B\u0151s\u00e9ges tart\u00e1lykapacit\u00e1s:<\/strong> A 20 ml tartalom jelent\u0151sen cs\u00f6kkenti a karbantart\u00e1si er\u0151fesz\u00edt\u00e9seket \u00e9s n\u00f6veli a felhaszn\u00e1l\u00f3bar\u00e1ts\u00e1got.<\/p>\n<p class=\"whitespace-normal break-words\"><strong>Er\u0151teljes akkumul\u00e1tortechnol\u00f3gia:<\/strong> 850mAh \u00fajrat\u00f6lthet\u0151 akkumul\u00e1tor Type-C interf\u00e9sszel a hat\u00e9kony t\u00f6lt\u00e9si id\u0151 \u00e9rdek\u00e9ben.<\/p>\n<p class=\"whitespace-normal break-words\"><strong>Egyenletes g\u0151zmin\u0151s\u00e9g:<\/strong> 1\u03a9 Mesh tekercs biztos\u00edtja a hiteles \u00edz\u00e1rnyalatokat.<\/p>\n<p class=\"whitespace-normal break-words\"><strong>Fejlett digit\u00e1lis kijelz\u0151:<\/strong> Be\u00e9p\u00edtett LCD kijelz\u0151 az akkumul\u00e1tor \u00e1llapot\u00e1nak \u00e9s a sz\u00edv\u00e1sok sz\u00e1m\u00e1nak \u00e1lland\u00f3 ellen\u0151rz\u00e9s\u00e9re.<\/p>\n<h3 class=\"text-lg font-bold text-text-100 mt-1 -mb-1.5\">M\u0171szaki adatok:<\/h3>\n<p class=\"whitespace-normal break-words\"><strong>Nikotins\u00f3:<\/strong> 0% \/ 2% \/ 3% \/ 5%<\/p>\n<p class=\"whitespace-normal break-words\"><strong>E-folyad\u00e9k t\u00e9rfogata:<\/strong> 20 ml<\/p>\n<p class=\"whitespace-normal break-words\"><strong>Vonatok egys\u00e9genk\u00e9nt:<\/strong> 12.000<\/p>\n<p class=\"whitespace-normal break-words\"><strong>Felszerel\u00e9s:<\/strong> Digit\u00e1lis akkumul\u00e1tor- \u00e9s folyad\u00e9kszintjelz\u0151<\/p>\n<p class=\"whitespace-normal break-words\"><strong>Akkumul\u00e1tor:<\/strong> \u00dajrat\u00f6lthet\u0151, integr\u00e1lt 850mAh<\/p>\n<p class=\"whitespace-normal break-words\"><strong>Csomagol\u00e1si egys\u00e9g:<\/strong> 10 darab bemutat\u00f3 dobozban<\/p>\n<h3 class=\"text-lg font-bold text-text-100 mt-1 -mb-1.5\">Fedezzen fel t\u00f6bb FUMOT VAPE-t a fumotpuff-on<\/h3>\n<p class=\"whitespace-normal break-words\">Fedezzen fel t\u00f6bb kiv\u00e1l\u00f3 min\u0151s\u00e9g\u0171 g\u0151z\u00f6lg\u0151 term\u00e9ket a <strong><a class=\"underline\" href=\"https:\/\/fumotpuff.com\/hu\/\">Kezd\u0151lap<\/a><\/strong> vagy b\u00f6ng\u00e9sszen az \u00e1tfog\u00f3 <strong><a class=\"underline\" href=\"https:\/\/fumotpuff.com\/hu\/product-category\/fumot-vape\/\">FUMOT VAPE term\u00e9kvil\u00e1g<\/a><\/strong> j\u00f6v\u0151orient\u00e1lt k\u00e9sz\u00fcl\u00e9kekkel. Az \u00f6sszes \u00edzv\u00e1ltozatot megtal\u00e1lja a teljes <strong><a class=\"underline\" href=\"https:\/\/fumotpuff.com\/hu\/product-category\/fumot-vape\/randm-digital-box-12000\/\">RandM Digital Box 12000 \u00edzv\u00e1laszt\u00e9k<\/a><\/strong>.<\/p>","protected":false},"excerpt":{"rendered":"<p class=\"whitespace-normal break-words\">A RandM Digital Box 12000 Strawberry Pomp az \u00e9rett epret \u00e9s az \u00edzes\u00edtett gr\u00e1n\u00e1talm\u00e1t egzotikus kever\u00e9kk\u00e9nt \u00f6tv\u00f6zi. \u00dajrat\u00f6lthet\u0151 vape 20ml e-folyad\u00e9kkal, ak\u00e1r 12.000 slukk, LCD kijelz\u0151 az akkumul\u00e1tor \u00e9s a folyad\u00e9k szintj\u00e9hez. 850mAh akkumul\u00e1tor, h\u00e1l\u00f3s tekercs, Type-C. Nikotins\u00f3 0-5%.<\/p>","protected":false},"featured_media":1648,"comment_status":"open","ping_status":"closed","template":"","meta":{"_acf_changed":false},"product_brand":[],"product_cat":[24],"product_tag":[],"class_list":{"0":"post-1645","1":"product","2":"type-product","3":"status-publish","4":"has-post-thumbnail","6":"product_cat-randm-digital-box-12000","8":"first","9":"instock","10":"shipping-taxable","11":"purchasable","12":"product-type-variable"},"acf":[],"_links":{"self":[{"href":"https:\/\/fumotpuff.com\/hu\/wp-json\/wp\/v2\/product\/1645","targetHints":{"allow":["GET"]}}],"collection":[{"href":"https:\/\/fumotpuff.com\/hu\/wp-json\/wp\/v2\/product"}],"about":[{"href":"https:\/\/fumotpuff.com\/hu\/wp-json\/wp\/v2\/types\/product"}],"replies":[{"embeddable":true,"href":"https:\/\/fumotpuff.com\/hu\/wp-json\/wp\/v2\/comments?post=1645"}],"wp:featuredmedia":[{"embeddable":true,"href":"https:\/\/fumotpuff.com\/hu\/wp-json\/wp\/v2\/media\/1648"}],"wp:attachment":[{"href":"https:\/\/fumotpuff.com\/hu\/wp-json\/wp\/v2\/media?parent=1645"}],"wp:term":[{"taxonomy":"product_brand","embeddable":true,"href":"https:\/\/fumotpuff.com\/hu\/wp-json\/wp\/v2\/product_brand?post=1645"},{"taxonomy":"product_cat","embeddable":true,"href":"https:\/\/fumotpuff.com\/hu\/wp-json\/wp\/v2\/product_cat?post=1645"},{"taxonomy":"product_tag","embeddable":true,"href":"https:\/\/fumotpuff.com\/hu\/wp-json\/wp\/v2\/product_tag?post=1645"}],"curies":[{"name":"wp","href":"https:\/\/api.w.org\/{rel}","templated":true}]}}