{"id":1604,"date":"2025-09-29T04:33:27","date_gmt":"2025-09-29T02:33:27","guid":{"rendered":"https:\/\/fumotpuff.com\/?post_type=product&#038;p=1604"},"modified":"2025-09-29T04:33:27","modified_gmt":"2025-09-29T02:33:27","slug":"randm-digital-box-12000-apple-berry-blast","status":"publish","type":"product","link":"https:\/\/fumotpuff.com\/hu\/termek\/randm-digital-box-12000-apple-berry-blast\/","title":{"rendered":"RandM Digital Box 12000 Apple Berry Blast alm\u00e1s bogy\u00f3s gy\u00fcm\u00f6lcs\u00f6k"},"content":{"rendered":"<h2 class=\"text-xl font-bold text-text-100 mt-1 -mb-0.5\">RandM Digital Box 12000 Apple Berry Blast eldobhat\u00f3 e-cigaretta<\/h2>\n<p class=\"whitespace-normal break-words\">A <strong>RandM Digital Box 12000 Apple Berry Blast alm\u00e1s bogy\u00f3s gy\u00fcm\u00f6lcs\u00f6k<\/strong> a l\u00e9d\u00fas alm\u00e1t robban\u00e1svesz\u00e9lyes bogy\u00f3s gy\u00fcm\u00f6lcs\u00f6k kever\u00e9k\u00e9vel \u00f6tv\u00f6zi a gy\u00fcm\u00f6lcs\u00f6s \u00edz\u00e9lm\u00e9ny\u00e9rt. Ez az \u00fajrat\u00f6lthet\u0151 vape rendszer digit\u00e1lis kijelz\u0151t k\u00edn\u00e1l az akkumul\u00e1tor \u00e1llapot\u00e1nak \u00e9s az e-folyad\u00e9k szintj\u00e9nek \u00e9l\u0151 nyomon k\u00f6vet\u00e9s\u00e9re. A 20 ml-es kapacit\u00e1ssal \u00e9s a 0\/2\/3\/5 % nikotins\u00f3-koncentr\u00e1ci\u00f3k v\u00e1laszthat\u00f3s\u00e1g\u00e1val ak\u00e1r 12 000 friss\u00edt\u0151 sz\u00edv\u00e1st is \u00e9lvezhet. Az LCD kijelz\u0151 folyamatosan mutatja a fennmarad\u00f3 akkumul\u00e1torkapacit\u00e1st \u00e9s a folyad\u00e9k mennyis\u00e9g\u00e9t, ami megakad\u00e1lyozza a nem k\u00edv\u00e1nt megszak\u00edt\u00e1sokat. A Type-C t\u00f6lt\u0151csatlakoz\u00e1s garant\u00e1lja az e-folyad\u00e9k teljes kihaszn\u00e1l\u00e1s\u00e1t.<\/p>\n<h3 class=\"text-lg font-bold text-text-100 mt-1 -mb-1.5\">A RandM Digital Box 12000 Apple Berry Blast el\u0151nyei:<\/h3>\n<p class=\"whitespace-normal break-words\"><strong>A pufferek maxim\u00e1lis sz\u00e1ma:<\/strong> Ak\u00e1r 12 000 f\u00faj\u00e1s a hosszan tart\u00f3 g\u0151z\u00f6l\u00e9si \u00e9lvezet\u00e9rt.<\/p>\n<p class=\"whitespace-normal break-words\"><strong>Nagy folyad\u00e9ktart\u00e1ly:<\/strong> A 20 ml-es kapacit\u00e1s biztos\u00edtja a ritka \u00fajrat\u00f6lt\u00e9si id\u0151k\u00f6z\u00f6ket \u00e9s a maxim\u00e1lis k\u00e9nyelmet.<\/p>\n<p class=\"whitespace-normal break-words\"><strong>Er\u0151teljes energiat\u00e1rol\u00e1s:<\/strong> 850mAh \u00fajrat\u00f6lthet\u0151 akkumul\u00e1tor Type-C porttal a gyors t\u00f6lt\u00e9shez.<\/p>\n<p class=\"whitespace-normal break-words\"><strong>Egyenletes g\u0151z\u00e1raml\u00e1s:<\/strong> Az 1\u03a9-os h\u00e1l\u00f3s tekercs biztos\u00edtja az egyenletes \u00edzmin\u0151s\u00e9get minden egyes sz\u00edv\u00e1sn\u00e1l.<\/p>\n<p class=\"whitespace-normal break-words\"><strong>Modern LCD kijelz\u0151:<\/strong> Be\u00e9p\u00edtett k\u00e9perny\u0151 az akkumul\u00e1tor \u00e9lettartam\u00e1nak \u00e9s a vonatok sz\u00e1m\u00e1nak val\u00f3s idej\u0171 ellen\u0151rz\u00e9s\u00e9hez.<\/p>\n<h3 class=\"text-lg font-bold text-text-100 mt-1 -mb-1.5\">M\u0171szaki adatok:<\/h3>\n<p class=\"whitespace-normal break-words\"><strong>Nikotins\u00f3:<\/strong> 0% \/ 2% \/ 3% \/ 5%<\/p>\n<p class=\"whitespace-normal break-words\"><strong>E-folyad\u00e9k t\u00e9rfogata:<\/strong> 20 ml<\/p>\n<p class=\"whitespace-normal break-words\"><strong>Vonatok egys\u00e9genk\u00e9nt:<\/strong> 12.000<\/p>\n<p class=\"whitespace-normal break-words\"><strong>Felszerel\u00e9s:<\/strong> Digit\u00e1lis akkumul\u00e1tor- \u00e9s folyad\u00e9kszintjelz\u0151<\/p>\n<p class=\"whitespace-normal break-words\"><strong>Akkumul\u00e1tor:<\/strong> \u00dajrat\u00f6lthet\u0151, integr\u00e1lt 850mAh<\/p>\n<p class=\"whitespace-normal break-words\"><strong>Csomagol\u00e1si egys\u00e9g:<\/strong> 10 darab bemutat\u00f3 dobozban<\/p>\n<h3 class=\"text-lg font-bold text-text-100 mt-1 -mb-1.5\">Fedezzen fel t\u00f6bb FUMOT VAPE-t a fumotpuff-on<\/h3>\n<p class=\"whitespace-normal break-words\">Fedezze fel a mi <strong><a class=\"underline\" href=\"https:\/\/fumotpuff.com\/hu\/\">Kezd\u0151lap<\/a><\/strong> pr\u00e9mium vape term\u00e9kek sz\u00e9les v\u00e1laszt\u00e9k\u00e1t, vagy fedezze fel az innovat\u00edv <strong><a class=\"underline\" href=\"https:\/\/fumotpuff.com\/hu\/product-category\/fumot-vape\/\">FUMOT VAPE kollekci\u00f3<\/a><\/strong> trendteremt\u0151 k\u00e9sz\u00fcl\u00e9kekkel. Az \u00f6sszes \u00edzes\u00edt\u00e9s teljes v\u00e1laszt\u00e9k\u00e1t megtal\u00e1lja a <strong><a class=\"underline\" href=\"https:\/\/fumotpuff.com\/hu\/product-category\/fumot-vape\/randm-digital-box-12000\/\">RandM Digital Box 12000 \u00edzgy\u0171jtem\u00e9ny<\/a><\/strong>.<\/p>","protected":false},"excerpt":{"rendered":"<p class=\"whitespace-normal break-words\">A RandM Digital Box 12000 Apple Berry Blast a l\u00e9d\u00fas alm\u00e1t robban\u00e1sszer\u0171 bogy\u00f3s gy\u00fcm\u00f6lcs\u00edzzel kombin\u00e1lja. \u00dajrat\u00f6lthet\u0151 vape 20 ml e-folyad\u00e9kkal, ak\u00e1r 12 000 slukk, LCD kijelz\u0151 az akkumul\u00e1tor \u00e9s a folyad\u00e9kszint kijelz\u00e9s\u00e9hez. 850mAh akkumul\u00e1tor, h\u00e1l\u00f3s tekercs, Type-C t\u00f6lt\u00e9s. Nikotins\u00f3 0-5%.<\/p>","protected":false},"featured_media":1607,"comment_status":"open","ping_status":"closed","template":"","meta":{"_acf_changed":false},"product_brand":[],"product_cat":[24],"product_tag":[],"class_list":{"0":"post-1604","1":"product","2":"type-product","3":"status-publish","4":"has-post-thumbnail","6":"product_cat-randm-digital-box-12000","8":"first","9":"instock","10":"shipping-taxable","11":"purchasable","12":"product-type-variable"},"acf":[],"_links":{"self":[{"href":"https:\/\/fumotpuff.com\/hu\/wp-json\/wp\/v2\/product\/1604","targetHints":{"allow":["GET"]}}],"collection":[{"href":"https:\/\/fumotpuff.com\/hu\/wp-json\/wp\/v2\/product"}],"about":[{"href":"https:\/\/fumotpuff.com\/hu\/wp-json\/wp\/v2\/types\/product"}],"replies":[{"embeddable":true,"href":"https:\/\/fumotpuff.com\/hu\/wp-json\/wp\/v2\/comments?post=1604"}],"wp:featuredmedia":[{"embeddable":true,"href":"https:\/\/fumotpuff.com\/hu\/wp-json\/wp\/v2\/media\/1607"}],"wp:attachment":[{"href":"https:\/\/fumotpuff.com\/hu\/wp-json\/wp\/v2\/media?parent=1604"}],"wp:term":[{"taxonomy":"product_brand","embeddable":true,"href":"https:\/\/fumotpuff.com\/hu\/wp-json\/wp\/v2\/product_brand?post=1604"},{"taxonomy":"product_cat","embeddable":true,"href":"https:\/\/fumotpuff.com\/hu\/wp-json\/wp\/v2\/product_cat?post=1604"},{"taxonomy":"product_tag","embeddable":true,"href":"https:\/\/fumotpuff.com\/hu\/wp-json\/wp\/v2\/product_tag?post=1604"}],"curies":[{"name":"wp","href":"https:\/\/api.w.org\/{rel}","templated":true}]}}