{"id":1588,"date":"2025-09-29T04:27:11","date_gmt":"2025-09-29T02:27:11","guid":{"rendered":"https:\/\/fumotpuff.com\/?post_type=product&#038;p=1588"},"modified":"2025-09-29T04:27:11","modified_gmt":"2025-09-29T02:27:11","slug":"randm-digital-box-12000-bluesour-raspberry","status":"publish","type":"product","link":"https:\/\/fumotpuff.com\/hu\/termek\/randm-digital-box-12000-bluesour-raspberry\/","title":{"rendered":"RandM Digital Box 12000 Bluesour m\u00e1lna"},"content":{"rendered":"<h2 class=\"text-xl font-bold text-text-100 mt-1 -mb-0.5\">RandM Digital Box 12000 Bluesour M\u00e1lna eldobhat\u00f3 e-cigaretta<\/h2>\n<p class=\"whitespace-normal break-words\">A <strong>RandM Digital Box 12000 Bluesour m\u00e1lna<\/strong> egyes\u00edti az \u00e1fonya \u00e9des frissess\u00e9g\u00e9t a m\u00e1lna fanyar savass\u00e1g\u00e1val. Ez az \u00fajrat\u00f6lthet\u0151 vape k\u00e9sz\u00fcl\u00e9k digit\u00e1lis kijelz\u0151vel rendelkezik az akkumul\u00e1tor \u00e9s az e-folyad\u00e9k szintj\u00e9nek val\u00f3s idej\u0171 nyomon k\u00f6vet\u00e9s\u00e9hez. A 20 ml-es kapacit\u00e1ssal \u00e9s a 0\/2\/3\/5 % nikotins\u00f3koncentr\u00e1ci\u00f3val ak\u00e1r 12 000 \u00e9lvezetes sz\u00edv\u00e1st is megtapasztalhat. Az LCD kijelz\u0151 mindig t\u00e1j\u00e9koztatja \u00d6nt a h\u00e1tral\u00e9v\u0151 akkumul\u00e1tor szintr\u0151l \u00e9s az e-folyad\u00e9k k\u00e9szletr\u0151l, \u00edgy nincsenek v\u00e1ratlan megszak\u00edt\u00e1sok. A Type-C t\u00f6lt\u0151csatlakoz\u00e1s lehet\u0151v\u00e9 teszi az \u00f6sszes e-folyad\u00e9k teljes felhaszn\u00e1l\u00e1s\u00e1t.<\/p>\n<h3 class=\"text-lg font-bold text-text-100 mt-1 -mb-1.5\">A RandM Digital Box 12000 Bluesour m\u00e1lna el\u0151nyei:<\/h3>\n<p class=\"whitespace-normal break-words\"><strong>Kiv\u00e9telesen sok vonat:<\/strong> \u00c9lvezze az ak\u00e1r 12 000 slukkot a hosszan tart\u00f3 p\u00e1rologtat\u00e1s \u00f6r\u00f6m\u00e9\u00e9rt.<\/p>\n<p class=\"whitespace-normal break-words\"><strong>Nagyvonal\u00fa folyad\u00e9ktart\u00e1ly:<\/strong> A 20 ml-es t\u00e9rfogat minimaliz\u00e1lja az ut\u00e1nt\u00f6lt\u00e9st \u00e9s maximaliz\u00e1lja a k\u00e9nyelmet.<\/p>\n<p class=\"whitespace-normal break-words\"><strong>Megb\u00edzhat\u00f3 energiaell\u00e1t\u00e1s:<\/strong> 850mAh \u00fajrat\u00f6lthet\u0151 akkumul\u00e1tor Type-C porttal a gyors \u00fajrat\u00f6lt\u00e9shez.<\/p>\n<p class=\"whitespace-normal break-words\"><strong>K\u00f6vetkezetes \u00edzfejleszt\u00e9s:<\/strong> 1\u03a9 Mesh tekercs biztos\u00edtja a k\u00f6vetkezetesen intenz\u00edv \u00edzeket minden egyes slukkn\u00e1l.<\/p>\n<p class=\"whitespace-normal break-words\"><strong>Intelligens LCD kijelz\u0151:<\/strong> Az akkumul\u00e1tor kapacit\u00e1s\u00e1nak \u00e9s a vonatsz\u00e1ml\u00e1l\u00f3nak a val\u00f3s idej\u0171 nyomon k\u00f6vet\u00e9se.<\/p>\n<h3 class=\"text-lg font-bold text-text-100 mt-1 -mb-1.5\">M\u0171szaki adatok:<\/h3>\n<p class=\"whitespace-normal break-words\"><strong>Nikotins\u00f3:<\/strong> 0% \/ 2% \/ 3% \/ 5%<\/p>\n<p class=\"whitespace-normal break-words\"><strong>E-folyad\u00e9k t\u00e9rfogata:<\/strong> 20 ml<\/p>\n<p class=\"whitespace-normal break-words\"><strong>Vonatok egys\u00e9genk\u00e9nt:<\/strong> 12.000<\/p>\n<p class=\"whitespace-normal break-words\"><strong>Felszerel\u00e9s:<\/strong> Digit\u00e1lis akkumul\u00e1tor- \u00e9s folyad\u00e9kszintjelz\u0151<\/p>\n<p class=\"whitespace-normal break-words\"><strong>Akkumul\u00e1tor:<\/strong> \u00dajrat\u00f6lthet\u0151, integr\u00e1lt 850mAh<\/p>\n<p class=\"whitespace-normal break-words\"><strong>Csomagol\u00e1si egys\u00e9g:<\/strong> 10 darab bemutat\u00f3 dobozban<\/p>\n<h3 class=\"text-lg font-bold text-text-100 mt-1 -mb-1.5\">Fedezzen fel t\u00f6bb FUMOT VAPE-t a fumotpuff-on<\/h3>\n<p class=\"whitespace-normal break-words\">Fedezzen fel t\u00f6bb pr\u00e9mium g\u0151z\u00f6lg\u0151 term\u00e9ket a <strong><a class=\"underline\" href=\"https:\/\/fumotpuff.com\/hu\/\">Kezd\u0151lap<\/a><\/strong> vagy fedezze fel a v\u00e1ltozatos <strong><a class=\"underline\" href=\"https:\/\/fumotpuff.com\/hu\/product-category\/fumot-vape\/\">FUMOT VAPE kollekci\u00f3<\/a><\/strong> innovat\u00edv k\u00e9sz\u00fcl\u00e9kekkel. Az \u00f6sszes el\u00e9rhet\u0151 \u00edzes\u00edt\u00e9s\u00e9rt l\u00e1togasson el a teljes <strong><a class=\"underline\" href=\"https:\/\/fumotpuff.com\/hu\/product-category\/fumot-vape\/randm-digital-box-12000\/\">RandM Digital Box 12000 \u00cdzv\u00e1laszt\u00e9k<\/a><\/strong>.<\/p>","protected":false},"excerpt":{"rendered":"<p class=\"whitespace-normal break-words\">A RandM Digital Box 12000 Bluesour Raspberry az \u00e9des \u00e1fony\u00e1t \u00e9s a fanyar m\u00e1ln\u00e1t \u00f6tv\u00f6zi. \u00dajrat\u00f6lthet\u0151 vape 20ml e-folyad\u00e9kkal, ak\u00e1r 12.000 slukk, LCD kijelz\u0151 az akkumul\u00e1tor \u00e9s a folyad\u00e9k szintj\u00e9hez. 850mAh akkumul\u00e1tor, h\u00e1l\u00f3s tekercs, Type-C t\u00f6lt\u00e9s. Nikotins\u00f3 0-5%.<\/p>","protected":false},"featured_media":1591,"comment_status":"open","ping_status":"closed","template":"","meta":{"_acf_changed":false},"product_brand":[],"product_cat":[24],"product_tag":[],"class_list":{"0":"post-1588","1":"product","2":"type-product","3":"status-publish","4":"has-post-thumbnail","6":"product_cat-randm-digital-box-12000","8":"first","9":"instock","10":"shipping-taxable","11":"purchasable","12":"product-type-variable"},"acf":[],"_links":{"self":[{"href":"https:\/\/fumotpuff.com\/hu\/wp-json\/wp\/v2\/product\/1588","targetHints":{"allow":["GET"]}}],"collection":[{"href":"https:\/\/fumotpuff.com\/hu\/wp-json\/wp\/v2\/product"}],"about":[{"href":"https:\/\/fumotpuff.com\/hu\/wp-json\/wp\/v2\/types\/product"}],"replies":[{"embeddable":true,"href":"https:\/\/fumotpuff.com\/hu\/wp-json\/wp\/v2\/comments?post=1588"}],"wp:featuredmedia":[{"embeddable":true,"href":"https:\/\/fumotpuff.com\/hu\/wp-json\/wp\/v2\/media\/1591"}],"wp:attachment":[{"href":"https:\/\/fumotpuff.com\/hu\/wp-json\/wp\/v2\/media?parent=1588"}],"wp:term":[{"taxonomy":"product_brand","embeddable":true,"href":"https:\/\/fumotpuff.com\/hu\/wp-json\/wp\/v2\/product_brand?post=1588"},{"taxonomy":"product_cat","embeddable":true,"href":"https:\/\/fumotpuff.com\/hu\/wp-json\/wp\/v2\/product_cat?post=1588"},{"taxonomy":"product_tag","embeddable":true,"href":"https:\/\/fumotpuff.com\/hu\/wp-json\/wp\/v2\/product_tag?post=1588"}],"curies":[{"name":"wp","href":"https:\/\/api.w.org\/{rel}","templated":true}]}}