{"id":247,"date":"2025-09-10T04:13:48","date_gmt":"2025-09-10T02:13:48","guid":{"rendered":"https:\/\/fumotpuff.com\/?page_id=247"},"modified":"2025-09-10T04:13:49","modified_gmt":"2025-09-10T02:13:49","slug":"versand-und-lieferung","status":"publish","type":"page","link":"https:\/\/fumotpuff.com\/hu\/versand-und-lieferung\/","title":{"rendered":"Sz\u00e1ll\u00edt\u00e1s \u00e9s k\u00e9zbes\u00edt\u00e9s"},"content":{"rendered":"<h2 class=\"wp-block-heading\">Megrendel\u00e9s feldolgoz\u00e1si \u00e9s felad\u00e1si id\u0151k<\/h2>\n\n\n\n<p>Megrendel\u00e9s\u00e9t gondosan feldolgozzuk, \u00e9s 1-5 munkanapon bel\u00fcl el\u0151k\u00e9sz\u00edtj\u00fck a kisz\u00e1ll\u00edt\u00e1sra. A szok\u00e1sos sz\u00e1ll\u00edt\u00e1si id\u0151 a felad\u00e1st\u00f3l sz\u00e1m\u00edtott 10-15 munkanap.<\/p>\n\n\n\n<p><strong>Fontos megjegyz\u00e9s:<\/strong> H\u00e9tv\u00e9g\u00e9n \u00e9s \u00fcnnepnapokon nincs kik\u00fcldet\u00e9s.<\/p>\n\n\n\n<h2 class=\"wp-block-heading\">A sz\u00e1ll\u00edtm\u00e1nyok nyomon k\u00f6vet\u00e9se<\/h2>\n\n\n\n<p>Amint a megrendel\u00e9s\u00e9t elk\u00fcldt\u00fck, azonnal kap egy e-mailt a nyomon k\u00f6vet\u00e9si sz\u00e1mmal. A k\u00fcldem\u00e9ny aktu\u00e1lis \u00e1llapot\u00e1t b\u00e1rmikor nyomon k\u00f6vetheti online.<\/p>\n\n\n\n<p><strong>K\u00e9rj\u00fck, vegye figyelembe:<\/strong> A nyomonk\u00f6vet\u00e9si inform\u00e1ci\u00f3k a felad\u00e1st k\u00f6vet\u0151 3-7 napig nem friss\u00fclnek a nyomonk\u00f6vet\u00e9si weboldalon. K\u00e9rj\u00fck, legyen t\u00fcrelmes, am\u00edg az adatok teljes m\u00e9rt\u00e9kben rendelkez\u00e9sre \u00e1llnak.<\/p>\n\n\n\n<h2 class=\"wp-block-heading\">Rendel\u00e9sm\u00f3dos\u00edt\u00e1sok \u00e9s lemond\u00e1sok<\/h2>\n\n\n\n<h3 class=\"wp-block-heading\">Felad\u00e1s el\u0151tt<\/h3>\n\n\n\n<ul class=\"wp-block-list\">\n<li><strong>Lemond\u00e1s:<\/strong> B\u00e1rmikor lehets\u00e9ges tov\u00e1bbi k\u00f6lts\u00e9gek n\u00e9lk\u00fcl<\/li>\n\n\n\n<li><strong>C\u00edmv\u00e1ltoz\u00e1s:<\/strong> K\u00f6nnyen testre szabhat\u00f3<\/li>\n\n\n\n<li><strong>Term\u00e9kv\u00e1lt\u00e1s:<\/strong> Lehets\u00e9ges a rendelkez\u00e9sre \u00e1ll\u00e1s f\u00fcggv\u00e9ny\u00e9ben<\/li>\n<\/ul>\n\n\n\n<h3 class=\"wp-block-heading\">Felad\u00e1s ut\u00e1n<\/h3>\n\n\n\n<p>Miut\u00e1n a megrendel\u00e9se elhagyta a rakt\u00e1runkat, sajnos nem \u00e1ll m\u00f3dunkban visszat\u00e9r\u00edt\u00e9seket feldolgozni vagy sz\u00e1ll\u00edt\u00e1si c\u00edmeket m\u00f3dos\u00edtani. K\u00e9rj\u00fck, a megrendel\u00e9s meger\u0151s\u00edt\u00e9se el\u0151tt gondosan ellen\u0151rizze az \u00f6sszes adatot.<\/p>\n\n\n\n<h2 class=\"wp-block-heading\">V\u00e1m \u00e9s nemzetk\u00f6zi sz\u00e1ll\u00edt\u00e1s<\/h2>\n\n\n\n<h3 class=\"wp-block-heading\">DDP szolg\u00e1ltat\u00e1s (Delivery Duty Paid)<\/h3>\n\n\n\n<p>DDP-szolg\u00e1ltat\u00e1sunkat kiv\u00e1lasztott orsz\u00e1gokban k\u00edn\u00e1ljuk. Ez azt jelenti az \u00d6n sz\u00e1m\u00e1ra:<\/p>\n\n\n\n<ul class=\"wp-block-list\">\n<li><strong>Nincs sz\u00fcks\u00e9g v\u00e1mkezel\u00e9sre<\/strong><\/li>\n\n\n\n<li><strong>Nincsenek tov\u00e1bbi v\u00e1mok<\/strong><\/li>\n\n\n\n<li><strong>Stresszmentes sz\u00e1ll\u00edt\u00e1s k\u00f6zvetlen\u00fcl \u00d6nnek<\/strong><\/li>\n<\/ul>\n\n\n\n<h3 class=\"wp-block-heading\">El\u00e9rhet\u0151 DDP-orsz\u00e1gok<\/h3>\n\n\n\n<p><strong>\ud83c\uddfa\ud83c\uddf8 USA<\/strong><\/p>\n\n\n\n<ul class=\"wp-block-list\">\n<li>Sz\u00e1ll\u00edt\u00e1si partner: UPS<\/li>\n\n\n\n<li>Kiv\u00e9tel: Alaszka \u00e9s Hawaii (nem el\u00e9rhet\u0151)<\/li>\n<\/ul>\n\n\n\n<p><strong>\ud83c\udde6\ud83c\uddfa Ausztr\u00e1lia<\/strong><\/p>\n\n\n\n<ul class=\"wp-block-list\">\n<li>Sz\u00e1ll\u00edt\u00e1si partner: Australia Post<\/li>\n\n\n\n<li>Megjegyz\u00e9s: A szigor\u00fa v\u00e1mszab\u00e1lyok miatt korl\u00e1tozottan \u00e1ll rendelkez\u00e9sre<\/li>\n<\/ul>\n\n\n\n<p><strong>\ud83c\uddec\ud83c\udde7 Egyes\u00fclt Kir\u00e1lys\u00e1g<\/strong><\/p>\n\n\n\n<ul class=\"wp-block-list\">\n<li>Sz\u00e1ll\u00edt\u00e1si partner: DPD Express (helyi szolg\u00e1ltat\u00e1s)<\/li>\n<\/ul>\n\n\n\n<p><strong>\ud83c\uddea\ud83c\uddfa Eur\u00f3pa<\/strong><\/p>\n\n\n\n<ul class=\"wp-block-list\">\n<li>Sz\u00e1ll\u00edt\u00e1si partner: DHL Express \/ DPD Express<\/li>\n\n\n\n<li>Az eur\u00f3pai orsz\u00e1gok \u00e1tfog\u00f3 lefedetts\u00e9ge<\/li>\n<\/ul>\n\n\n\n<h3 class=\"wp-block-heading\">Korl\u00e1tozott el\u00e9rhet\u0151s\u00e9g<\/h3>\n\n\n\n<p><strong>Fontos megjegyz\u00e9s:<\/strong> DDP szolg\u00e1ltat\u00e1sunk a k\u00f6vetkez\u0151 orsz\u00e1gokban a szigor\u00fa v\u00e1mszab\u00e1lyok miatt nem \u00e9rhet\u0151 el:<\/p>\n\n\n\n<ul class=\"wp-block-list\">\n<li>\ud83c\udde9\ud83c\uddf0 D\u00e1nia<\/li>\n\n\n\n<li>\ud83c\udde6\ud83c\uddfa Ausztr\u00e1lia (r\u00e9szleges)<\/li>\n\n\n\n<li>\ud83c\uddf3\ud83c\uddf4 Norv\u00e9gia<\/li>\n\n\n\n<li>\ud83c\udde8\ud83c\udded Sv\u00e1jc<\/li>\n<\/ul>\n\n\n\n<p><em>K\u00e9rj\u00fck, vegye figyelembe a mindenkori aktu\u00e1lis felt\u00e9teleket, mivel a szab\u00e1lyok v\u00e1ltozhatnak.<\/em><\/p>\n\n\n\n<h2 class=\"wp-block-heading\">Tov\u00e1bbi inform\u00e1ci\u00f3k<\/h2>\n\n\n\n<h3 class=\"wp-block-heading\">T\u00e1voli ter\u00fcletek<\/h3>\n\n\n\n<p>A t\u00e1voli vagy nehezen megk\u00f6zel\u00edthet\u0151 r\u00e9gi\u00f3kba t\u00f6rt\u00e9n\u0151 sz\u00e1ll\u00edt\u00e1s eset\u00e9n a k\u00f6vetkez\u0151 k\u00fcl\u00f6nleges jellemz\u0151k lehetnek \u00e9rv\u00e9nyesek:<\/p>\n\n\n\n<ul class=\"wp-block-list\">\n<li>Tov\u00e1bbi sz\u00e1ll\u00edt\u00e1si d\u00edjak<\/li>\n\n\n\n<li>Meghosszabb\u00edtott sz\u00e1ll\u00edt\u00e1si id\u0151k<\/li>\n\n\n\n<li>K\u00fcl\u00f6nleges sz\u00e1ll\u00edt\u00e1si m\u00f3dok<\/li>\n<\/ul>\n\n\n\n<p><strong>\u00cdg\u00e9ret\u00fcnk:<\/strong> Mindent megtesz\u00fcnk annak \u00e9rdek\u00e9ben, hogy megrendel\u00e9se id\u0151ben meg\u00e9rkezzen, \u00e9s proakt\u00edvan t\u00e1j\u00e9koztatjuk \u00d6nt az esetleges k\u00e9s\u00e9sekr\u0151l.<\/p>\n\n\n\n<h2 class=\"wp-block-heading\">\u00dcgyf\u00e9lszolg\u00e1lat<\/h2>\n\n\n\n<p>K\u00e9rd\u00e9se van a sz\u00e1ll\u00edtm\u00e1nnyal vagy k\u00fcl\u00f6nleges k\u00f6vetelm\u00e9nyekkel kapcsolatban? \u00dcgyf\u00e9lszolg\u00e1lati csapatunk mindig az \u00d6n rendelkez\u00e9s\u00e9re \u00e1ll.<\/p>\n\n\n\n<p>\ud83d\udce7 <strong>e-mail:<\/strong> chbzyluryberel@gmail.com<\/p>\n\n\n\n<p>Arra t\u00f6reksz\u00fcnk, hogy a lehet\u0151 legjobb szolg\u00e1ltat\u00e1st ny\u00fajtsuk \u00d6nnek, \u00e9s minden sz\u00e1ll\u00edt\u00e1si \u00e9s sz\u00e1ll\u00edt\u00e1si probl\u00e9m\u00e1val kapcsolatban rendelkez\u00e9sre \u00e1llunk.<\/p>\n\n\n\n<hr class=\"wp-block-separator has-alpha-channel-opacity\"\/>\n\n\n\n<p><em>Az \u00d6n bizalma fontos sz\u00e1munkra - ez\u00e9rt ny\u00fajtunk megb\u00edzhat\u00f3 \u00e9s \u00e1tl\u00e1that\u00f3 sz\u00e1ll\u00edt\u00e1si szolg\u00e1ltat\u00e1st.<\/em><\/p>","protected":false},"excerpt":{"rendered":"<p>Bestellabwicklung und Versandzeiten Ihre Bestellung wird sorgf\u00e4ltig innerhalb von 1-5 Werktagen bearbeitet und f\u00fcr den Versand vorbereitet. Die regul\u00e4re Lieferzeit betr\u00e4gt 10-15 Werktage ab Versand. Wichtiger Hinweis: An Wochenenden und gesetzlichen Feiertagen erfolgt kein Versand. Sendungsverfolgung Nach dem Versand Ihrer Bestellung erhalten Sie umgehend eine E-Mail mit der Tracking-Nummer. Den aktuellen Status Ihrer Lieferung k\u00f6nnen [&#8230;]\n","protected":false},"author":1,"featured_media":0,"parent":0,"menu_order":0,"comment_status":"closed","ping_status":"closed","template":"","meta":{"_acf_changed":false,"footnotes":""},"class_list":["post-247","page","type-page","status-publish","hentry"],"acf":[],"_links":{"self":[{"href":"https:\/\/fumotpuff.com\/hu\/wp-json\/wp\/v2\/pages\/247","targetHints":{"allow":["GET"]}}],"collection":[{"href":"https:\/\/fumotpuff.com\/hu\/wp-json\/wp\/v2\/pages"}],"about":[{"href":"https:\/\/fumotpuff.com\/hu\/wp-json\/wp\/v2\/types\/page"}],"author":[{"embeddable":true,"href":"https:\/\/fumotpuff.com\/hu\/wp-json\/wp\/v2\/users\/1"}],"replies":[{"embeddable":true,"href":"https:\/\/fumotpuff.com\/hu\/wp-json\/wp\/v2\/comments?post=247"}],"version-history":[{"count":1,"href":"https:\/\/fumotpuff.com\/hu\/wp-json\/wp\/v2\/pages\/247\/revisions"}],"predecessor-version":[{"id":249,"href":"https:\/\/fumotpuff.com\/hu\/wp-json\/wp\/v2\/pages\/247\/revisions\/249"}],"wp:attachment":[{"href":"https:\/\/fumotpuff.com\/hu\/wp-json\/wp\/v2\/media?parent=247"}],"curies":[{"name":"wp","href":"https:\/\/api.w.org\/{rel}","templated":true}]}}