{"id":5443,"date":"2025-12-08T04:28:00","date_gmt":"2025-12-08T03:28:00","guid":{"rendered":"https:\/\/fumotpuff.com\/?post_type=product&#038;p=5443"},"modified":"2025-12-08T04:28:00","modified_gmt":"2025-12-08T03:28:00","slug":"uwin-crystal-twins-40000-kiwi-passion-fruit-guava-two-apple","status":"publish","type":"product","link":"https:\/\/fumotpuff.com\/fr\/produit\/uwin-crystal-twins-40000-kiwi-passion-fruit-guava-two-apple\/","title":{"rendered":"Uwin Crystal Twins 40000 Kiwi Fruit de la passion Goyave\/Deux pommes"},"content":{"rendered":"<h2 class=\"font-claude-response-heading text-text-100 mt-1 -mb-0.5\">Uwin Crystal Twins 40000 Kiwi Passion Fruit Guava\/Two Apple Vape jetable<\/h2>\n<p class=\"font-claude-response-body break-words whitespace-normal\">D\u00e9couvrez la diversit\u00e9 tropicale associ\u00e9e au plaisir classique de la pomme avec la cigarette \u00e9lectronique jetable Uwin Crystal Twins 40000 Kiwi Passion Fruit Guava\/Two Apple. Le syst\u00e8me rotatif innovant de l'embout buccal permet de passer en toute simplicit\u00e9 du go\u00fbt exotique Kiwi Passion Fruit Guava \u00e0 la double saveur de pomme Two Apple. Chaque c\u00f4t\u00e9 offre une exp\u00e9rience gustative totalement unique avec une qualit\u00e9 constante. Avec une capacit\u00e9 impressionnante de 40 000 bouff\u00e9es et 32 ml d'e-liquide, cet appareil est con\u00e7u pour une dur\u00e9e d'utilisation maximale. La r\u00e9sistance mesh efficace de 0,6 ohm produit une vapeur dense et savoureuse. La batterie rechargeable de 850 mAh avec port de charge rapide de type C garantit une alimentation fiable. Disponible dans les concentrations de nicotine 0 %, 2 %, 3 % et 5 %.<\/p>\n<h3 class=\"font-claude-response-subheading text-text-100 mt-1 -mb-1.5\">Points forts du produit :<\/h3>\n<p class=\"font-claude-response-body break-words whitespace-normal\">L'Uwin Crystal Twins 40000 Kiwi Passion Fruit Guava\/Two Apple vous offre une dualit\u00e9 de saveurs fascinante. Il suffit de tourner l'embout buccal pour activer soit le c\u00f4t\u00e9 tropical avec Kiwi Passion Fruit Guava \u2013 un m\u00e9lange s\u00e9duisant de kiwi acidul\u00e9, de fruit de la passion exotique et de goyave cr\u00e9meuse \u2013 soit Two Apple, qui offre un plaisir fruit\u00e9 classique gr\u00e2ce \u00e0 une combinaison harmonieuse de pommes rouges et vertes.<\/p>\n<p class=\"font-claude-response-body break-words whitespace-normal\">Avec une capacit\u00e9 exceptionnelle de 40 000 bouff\u00e9es, cette cigarette \u00e9lectronique jetable \u00e9tablit de nouvelles normes en mati\u00e8re d'endurance. Le r\u00e9servoir de liquide de grande capacit\u00e9 de 32 ml vous garantit de profiter longtemps des deux saveurs sans compromis sur la qualit\u00e9. La double r\u00e9sistance mesh de 0,6 ohm, fabriqu\u00e9e avec pr\u00e9cision, a \u00e9t\u00e9 con\u00e7ue pour faire ressortir chaque ar\u00f4me de mani\u00e8re optimale tout en garantissant une production de vapeur constante.<\/p>\n<p class=\"font-claude-response-body break-words whitespace-normal\">L'alimentation est assur\u00e9e par une batterie au cobalt robuste de 850 mAh, qui se recharge rapidement gr\u00e2ce au connecteur universel de type C. Gr\u00e2ce \u00e0 l'\u00e9cran intelligent, vous gardez \u00e0 tout moment le contr\u00f4le de la charge de la batterie et de l'\u00e9tat de l'appareil. Les quatre niveaux de nicotine disponibles \u2013 0 %, 2 %, 3 % et 5 % \u2013 vous permettent d'adapter pr\u00e9cis\u00e9ment votre exp\u00e9rience de vapotage \u00e0 vos pr\u00e9f\u00e9rences.<\/p>\n<h3 class=\"font-claude-response-subheading text-text-100 mt-1 -mb-1.5\">Sp\u00e9cifications techniques :<\/h3>\n<p class=\"font-claude-response-body break-words whitespace-normal\"><strong>Capacit\u00e9 de traction :<\/strong> Jusqu'\u00e0 40 000 trains<br \/>\n<strong>Volume d'e-liquide :<\/strong> 32 ml<br \/>\n<strong>Options de nicotine :<\/strong> 0 %, 2 %, 3 %, 5 %<br \/>\n<strong>Capacit\u00e9 de la batterie :<\/strong> 850 mAh rechargeable<br \/>\n<strong>Technologie de charge :<\/strong> Charge rapide Type-C<br \/>\n<strong>T\u00eate d'\u00e9vaporation :<\/strong> Double r\u00e9sistance mesh (0,6 \u03a9)<br \/>\n<strong>Profil gustatif :<\/strong> Kiwi, fruit de la passion, goyave | Two Apple<br \/>\n<strong>annonce :<\/strong> \u00c9cran intelligent<br \/>\n<strong>Contenu de la livraison :<\/strong> 10 appareils par unit\u00e9 d'emballage<\/p>\n<h3 class=\"font-claude-response-subheading text-text-100 mt-1 -mb-1.5\">D\u00e9couvrez plus d'UWIN VAPE chez fumotpuff<\/h3>\n<p class=\"font-claude-response-body break-words whitespace-normal\">D\u00e9couvrez notre offre vari\u00e9e dans notre <strong><a class=\"underline\" href=\"https:\/\/fumotpuff.com\/fr\/\">Boutique en ligne<\/a><\/strong> et profitez d'une technologie de vapotage haut de gamme. Dans la <strong><a class=\"underline\" href=\"https:\/\/fumotpuff.com\/fr\/product-category\/uwin-vape\/\">Cat\u00e9gorie UWIN VAPE<\/a><\/strong> d\u00e9couvrez nos appareils \u00e0 vapeur innovants. Parcourez la gamme compl\u00e8te <strong><a class=\"underline\" href=\"https:\/\/fumotpuff.com\/fr\/product-category\/uwin-vape\/uwin-crystal-twins-40000\/\">Uwin Crystal Twins 40000 S\u00e9lection<\/a><\/strong> et profitez de la technologie innovante Dual Flavor.<\/p>","protected":false},"excerpt":{"rendered":"<p class=\"font-claude-response-body break-words whitespace-normal\">L'Uwin Crystal Twins 40000 Kiwi Passion Fruit Guava\/Two Apple allie l'exotisme tropical au plaisir classique de la pomme \u2013 il suffit de tourner pour obtenir 2 ar\u00f4mes. 40 000 bouff\u00e9es, 32 ml d'e-liquide, double r\u00e9sistance mesh de 0,6 \u03a9, batterie Type-C de 850 mAh, \u00e9cran intelligent. Disponible en 0%, 2%, 3%, 5% nicotine. Une multitude de saveurs fruit\u00e9es !<\/p>","protected":false},"featured_media":5444,"comment_status":"open","ping_status":"closed","template":"","meta":{"_acf_changed":false},"product_brand":[],"product_cat":[60],"product_tag":[],"class_list":{"0":"post-5443","1":"product","2":"type-product","3":"status-publish","4":"has-post-thumbnail","6":"product_cat-uwin-crystal-twins-40000","8":"first","9":"instock","10":"shipping-taxable","11":"purchasable","12":"product-type-variable"},"acf":[],"_links":{"self":[{"href":"https:\/\/fumotpuff.com\/fr\/wp-json\/wp\/v2\/product\/5443","targetHints":{"allow":["GET"]}}],"collection":[{"href":"https:\/\/fumotpuff.com\/fr\/wp-json\/wp\/v2\/product"}],"about":[{"href":"https:\/\/fumotpuff.com\/fr\/wp-json\/wp\/v2\/types\/product"}],"replies":[{"embeddable":true,"href":"https:\/\/fumotpuff.com\/fr\/wp-json\/wp\/v2\/comments?post=5443"}],"wp:featuredmedia":[{"embeddable":true,"href":"https:\/\/fumotpuff.com\/fr\/wp-json\/wp\/v2\/media\/5444"}],"wp:attachment":[{"href":"https:\/\/fumotpuff.com\/fr\/wp-json\/wp\/v2\/media?parent=5443"}],"wp:term":[{"taxonomy":"product_brand","embeddable":true,"href":"https:\/\/fumotpuff.com\/fr\/wp-json\/wp\/v2\/product_brand?post=5443"},{"taxonomy":"product_cat","embeddable":true,"href":"https:\/\/fumotpuff.com\/fr\/wp-json\/wp\/v2\/product_cat?post=5443"},{"taxonomy":"product_tag","embeddable":true,"href":"https:\/\/fumotpuff.com\/fr\/wp-json\/wp\/v2\/product_tag?post=5443"}],"curies":[{"name":"wp","href":"https:\/\/api.w.org\/{rel}","templated":true}]}}