{"id":5429,"date":"2025-12-08T04:22:47","date_gmt":"2025-12-08T03:22:47","guid":{"rendered":"https:\/\/fumotpuff.com\/?post_type=product&#038;p=5429"},"modified":"2025-12-08T04:22:48","modified_gmt":"2025-12-08T03:22:48","slug":"uwin-crystal-twins-40000-kiwi-passion-fruit-guava-blueberry-raspberry","status":"publish","type":"product","link":"https:\/\/fumotpuff.com\/fr\/produit\/uwin-crystal-twins-40000-kiwi-passion-fruit-guava-blueberry-raspberry\/","title":{"rendered":"Uwin Crystal Twins 40000 Kiwi Fruit de la passion Goyave\/Myrtille Framboise"},"content":{"rendered":"<h2 class=\"font-claude-response-heading text-text-100 mt-1 -mb-0.5\">Uwin Crystal Twins 40000 Kiwi Fruit de la passion Goyave\/Myrtille Framboise Vape jetable<\/h2>\n<p class=\"font-claude-response-body break-words whitespace-normal\">La cigarette \u00e9lectronique jetable Uwin Crystal Twins 40000 Kiwi Passion Fruit Guava\/Blueberry Raspberry combine l'exotisme tropical et le fruit\u00e9 classique des baies dans un appareil innovant. Gr\u00e2ce \u00e0 son syst\u00e8me rotatif unique, vous pouvez passer sans effort d'une exp\u00e9rience gustative extraordinaire \u00e0 une autre : Kiwi Passion Fruit Guava vous emm\u00e8ne dans les contr\u00e9es tropicales, tandis que Blueberry Raspberry vous s\u00e9duit par ses notes intenses de baies. L'appareil offre 40 000 bouff\u00e9es impressionnantes avec une capacit\u00e9 g\u00e9n\u00e9reuse de 32 ml d'e-liquide. La r\u00e9sistance mesh de 0,6 ohm de haute qualit\u00e9 assure un excellent d\u00e9veloppement de vapeur et un d\u00e9ploiement authentique des ar\u00f4mes. La batterie rechargeable au cobalt de 850 mAh avec connecteur de type C garantit des performances fiables. Disponible en concentrations de nicotine 0 %, 2 %, 3 % et 5 % pour r\u00e9pondre \u00e0 tous les besoins.<\/p>\n<h3 class=\"font-claude-response-subheading text-text-100 mt-1 -mb-1.5\">Points forts du produit :<\/h3>\n<p class=\"font-claude-response-body break-words whitespace-normal\">Avec l'Uwin Crystal Twins 40000 Kiwi Passion Fruit Guava\/Blueberry Raspberry, vous b\u00e9n\u00e9ficiez de deux exp\u00e9riences gustatives compl\u00e8tes dans un appareil compact. Tournez l'embout buccal pour passer d'un ar\u00f4me \u00e0 l'autre : d'un c\u00f4t\u00e9, vous trouverez Kiwi Passion Fruit Guava, une composition harmonieuse de kiwi acidul\u00e9, de fruit de la passion aromatique et de goyave sucr\u00e9e. De l'autre c\u00f4t\u00e9, Blueberry Raspberry vous propose un d\u00e9licieux m\u00e9lange de baies compos\u00e9 de myrtilles juteuses et de framboises fruit\u00e9es.<\/p>\n<p class=\"font-claude-response-body break-words whitespace-normal\">Avec une capacit\u00e9 exceptionnelle de 40 000 bouff\u00e9es, cette cigarette \u00e9lectronique jetable est un compagnon durable pour les vapoteurs exigeants. Dot\u00e9e d'une r\u00e9serve de 32 ml d'e-liquide, vous n'aurez pas \u00e0 vous soucier de la recharger fr\u00e9quemment. La technologie Dual Mesh Coil de 0,6 ohm a \u00e9t\u00e9 sp\u00e9cialement con\u00e7ue pour donner toute leur intensit\u00e9 aux deux saveurs et garantir une qualit\u00e9 de vapeur constante.<\/p>\n<p class=\"font-claude-response-body break-words whitespace-normal\">La batterie int\u00e9gr\u00e9e de 850 mAh se recharge rapidement gr\u00e2ce \u00e0 la technologie de charge rapide Type-C, ce qui vous permet de continuer \u00e0 vapoter sans longue attente. L'\u00e9cran intelligent vous informe sur le niveau de la batterie et les donn\u00e9es d'utilisation. Choisissez parmi quatre niveaux de nicotine \u2013 0 %, 2 %, 3 % ou 5 % \u2013 et personnalisez votre exp\u00e9rience de vapotage.<\/p>\n<h3 class=\"font-claude-response-subheading text-text-100 mt-1 -mb-1.5\">Sp\u00e9cifications techniques :<\/h3>\n<p class=\"font-claude-response-body break-words whitespace-normal\"><strong>Capacit\u00e9 de traction :<\/strong> Jusqu'\u00e0 40 000 trains<br \/>\n<strong>Volume d'e-liquide :<\/strong> 32 ml<br \/>\n<strong>Options de nicotine :<\/strong> 0 %, 2 %, 3 %, 5 %<br \/>\n<strong>Capacit\u00e9 de la batterie :<\/strong> 850 mAh rechargeable<br \/>\n<strong>Technologie de charge :<\/strong> Charge rapide Type-C<br \/>\n<strong>T\u00eate d'\u00e9vaporation :<\/strong> Double r\u00e9sistance mesh (0,6 \u03a9)<br \/>\n<strong>Profil gustatif :<\/strong> Kiwi, fruit de la passion, goyave | Myrtille, framboise<br \/>\n<strong>annonce :<\/strong> \u00c9cran intelligent<br \/>\n<strong>Contenu de la livraison :<\/strong> 10 appareils par unit\u00e9 d'emballage<\/p>\n<h3 class=\"font-claude-response-subheading text-text-100 mt-1 -mb-1.5\">D\u00e9couvrez plus d'UWIN VAPE chez fumotpuff<\/h3>\n<p class=\"font-claude-response-body break-words whitespace-normal\">Visitez notre <strong><a class=\"underline\" href=\"https:\/\/fumotpuff.com\/fr\/\">Boutique en ligne<\/a><\/strong> pour une gamme compl\u00e8te de produits de vapotage haut de gamme. Dans la <strong><a class=\"underline\" href=\"https:\/\/fumotpuff.com\/fr\/product-category\/uwin-vape\/\">Cat\u00e9gorie UWIN VAPE<\/a><\/strong> vous trouverez des appareils innovants r\u00e9pondant aux exigences les plus \u00e9lev\u00e9es. D\u00e9couvrez toute la diversit\u00e9 gustative des <strong><a class=\"underline\" href=\"https:\/\/fumotpuff.com\/fr\/product-category\/uwin-vape\/uwin-crystal-twins-40000\/\">Collection Uwin Crystal Twins 40000<\/a><\/strong> et d\u00e9couvrez une innovation aromatique double au plus haut niveau.<\/p>","protected":false},"excerpt":{"rendered":"<p class=\"font-claude-response-body break-words whitespace-normal\">L'Uwin Crystal Twins 40000 Kiwi Passion Fruit Guava\/Blueberry Raspberry combine l'exotisme tropical et le fruit\u00e9 des baies - il suffit de tourner pour obtenir 2 ar\u00f4mes. 40 000 bouff\u00e9es, 32 ml d'e-liquide, double r\u00e9sistance mesh de 0,6 \u03a9, batterie de type C de 850 mAh, \u00e9cran intelligent. Disponible en 0%, 2%, 3%, 5% nicotine !<\/p>","protected":false},"featured_media":5430,"comment_status":"open","ping_status":"closed","template":"","meta":{"_acf_changed":false},"product_brand":[],"product_cat":[60],"product_tag":[],"class_list":{"0":"post-5429","1":"product","2":"type-product","3":"status-publish","4":"has-post-thumbnail","6":"product_cat-uwin-crystal-twins-40000","8":"first","9":"instock","10":"shipping-taxable","11":"purchasable","12":"product-type-variable"},"acf":[],"_links":{"self":[{"href":"https:\/\/fumotpuff.com\/fr\/wp-json\/wp\/v2\/product\/5429","targetHints":{"allow":["GET"]}}],"collection":[{"href":"https:\/\/fumotpuff.com\/fr\/wp-json\/wp\/v2\/product"}],"about":[{"href":"https:\/\/fumotpuff.com\/fr\/wp-json\/wp\/v2\/types\/product"}],"replies":[{"embeddable":true,"href":"https:\/\/fumotpuff.com\/fr\/wp-json\/wp\/v2\/comments?post=5429"}],"wp:featuredmedia":[{"embeddable":true,"href":"https:\/\/fumotpuff.com\/fr\/wp-json\/wp\/v2\/media\/5430"}],"wp:attachment":[{"href":"https:\/\/fumotpuff.com\/fr\/wp-json\/wp\/v2\/media?parent=5429"}],"wp:term":[{"taxonomy":"product_brand","embeddable":true,"href":"https:\/\/fumotpuff.com\/fr\/wp-json\/wp\/v2\/product_brand?post=5429"},{"taxonomy":"product_cat","embeddable":true,"href":"https:\/\/fumotpuff.com\/fr\/wp-json\/wp\/v2\/product_cat?post=5429"},{"taxonomy":"product_tag","embeddable":true,"href":"https:\/\/fumotpuff.com\/fr\/wp-json\/wp\/v2\/product_tag?post=5429"}],"curies":[{"name":"wp","href":"https:\/\/api.w.org\/{rel}","templated":true}]}}