{"id":515,"date":"2025-09-12T08:47:57","date_gmt":"2025-09-12T06:47:57","guid":{"rendered":"https:\/\/fumotpuff.com\/?post_type=product&#038;p=515"},"modified":"2025-09-12T08:47:57","modified_gmt":"2025-09-12T06:47:57","slug":"fumot-tornado-30k-music-grape-ice","status":"publish","type":"product","link":"https:\/\/fumotpuff.com\/fr\/produit\/fumot-tornado-30k-music-grape-ice\/","title":{"rendered":"Fumot Tornado 30K Music Grape Ice"},"content":{"rendered":"<h2 class=\"text-xl font-bold text-text-100 mt-1 -mb-0.5\">E-cigarette jetable Fumot Tornado 30K Music Grape Ice<\/h2>\n<p class=\"whitespace-normal break-words\">La Fumot Tornado 30K Music Grape Ice associe des raisins juteux \u00e0 un effet cool rafra\u00eechissant pour une exp\u00e9rience gustative irr\u00e9sistible. Cette e-cigarette jetable haut de gamme fournit une qualit\u00e9 constante pendant 30 000 bouff\u00e9es, soutenue par la g\u00e9n\u00e9reuse r\u00e9serve d'e-liquide de 30 ml.<\/p>\n<h3 class=\"text-lg font-bold text-text-100 mt-1 -mb-1.5\">Caract\u00e9ristiques saillantes de l'\u00e9dition Grape Ice :<\/h3>\n<p class=\"whitespace-normal break-words\"><strong>Utilisation record :<\/strong> Profitez de jusqu'\u00e0 30 000 bouff\u00e9es pour des mois de satisfaction.<\/p>\n<p class=\"whitespace-normal break-words\"><strong>Dose de nicotine ajustable :<\/strong> Choisissez entre 2% ou 5% selon votre pr\u00e9f\u00e9rence.<\/p>\n<p class=\"whitespace-normal break-words\"><strong>Grande capacit\u00e9 de liquide :<\/strong> 30ml d'e-liquide de haute qualit\u00e9 pour un plaisir continu.<\/p>\n<p class=\"whitespace-normal break-words\"><strong>Syst\u00e8me de bobines de pr\u00e9cision :<\/strong> 1,0\u03a9 Technologie de maillage pour une conversion maximale des ar\u00f4mes.<\/p>\n<p class=\"whitespace-normal break-words\"><strong>Une alimentation \u00e9lectrique fiable :<\/strong> Batterie puissante de 600mAh avec technologie de charge Type-C efficace.<\/p>\n<p class=\"whitespace-normal break-words\"><strong>Spectaculaire spectacle de lumi\u00e8re :<\/strong> Le syst\u00e8me LED r\u00e9agit aux rythmes musicaux pour une exp\u00e9rience multisensorielle.<\/p>\n<h3 class=\"text-lg font-bold text-text-100 mt-1 -mb-1.5\">D\u00e9tails techniques :<\/h3>\n<p class=\"whitespace-normal break-words\">\u2611 Teneur en nicotine : 2% \/ 5%<br \/>\n\u2611 Nombre maximum de coups : 30 000<br \/>\n\u2611 Go\u00fbt Grape Ice<br \/>\n\u2611 Puissance de la batterie 600mAh<br \/>\n\u2611 1,0\u03a9 Bobine maill\u00e9e<br \/>\n\u2611 Charge rapide Type-C<br \/>\n\u2611 LED \u00e0 r\u00e9ponse sonore<\/p>\n<p class=\"whitespace-normal break-words\">Visitez notre <strong><a class=\"underline\" href=\"https:\/\/fumotpuff.com\/fr\/\">Page d'accueil<\/a><\/strong> pour d'autres innovations de produits, parcourez tous les <strong><a class=\"underline\" href=\"https:\/\/fumotpuff.com\/fr\/product-category\/fumot-vape\/\">Article FUMOT VAPE<\/a><\/strong> ou d\u00e9couvrez d'autres <strong><a class=\"underline\" href=\"https:\/\/fumotpuff.com\/fr\/product-category\/fumot-vape\/fumot-tornado-30k-music\/\">Fumot Tornado 30K Music Vari\u00e9t\u00e9s<\/a><\/strong>.<\/p>","protected":false},"excerpt":{"rendered":"<div>\n<div class=\"grid-cols-1 grid gap-2.5 [&amp;_&gt;_*]:min-w-0 !gap-3.5\">\n<p class=\"whitespace-normal break-words\">Die Fumot Tornado 30K Music Grape Ice Einweg-E-Zigarette verbindet saftige Trauben mit erfrischendem Cool-Effekt. Mit 30.000 Z\u00fcgen, 30ml E-Liquid und musikreaktiver LED-Beleuchtung f\u00fcr unwiderstehlichen Traubengenuss mit K\u00e4lte.<\/p>\n<\/div>\n<\/div>\n<div class=\"h-8\"><\/div>\n","protected":false},"featured_media":517,"comment_status":"open","ping_status":"closed","template":"","meta":{"_acf_changed":false},"product_brand":[],"product_cat":[20],"product_tag":[],"class_list":{"0":"post-515","1":"product","2":"type-product","3":"status-publish","4":"has-post-thumbnail","6":"product_cat-fumot-tornado-30k-music","8":"first","9":"instock","10":"shipping-taxable","11":"purchasable","12":"product-type-variable"},"acf":[],"_links":{"self":[{"href":"https:\/\/fumotpuff.com\/fr\/wp-json\/wp\/v2\/product\/515","targetHints":{"allow":["GET"]}}],"collection":[{"href":"https:\/\/fumotpuff.com\/fr\/wp-json\/wp\/v2\/product"}],"about":[{"href":"https:\/\/fumotpuff.com\/fr\/wp-json\/wp\/v2\/types\/product"}],"replies":[{"embeddable":true,"href":"https:\/\/fumotpuff.com\/fr\/wp-json\/wp\/v2\/comments?post=515"}],"wp:featuredmedia":[{"embeddable":true,"href":"https:\/\/fumotpuff.com\/fr\/wp-json\/wp\/v2\/media\/517"}],"wp:attachment":[{"href":"https:\/\/fumotpuff.com\/fr\/wp-json\/wp\/v2\/media?parent=515"}],"wp:term":[{"taxonomy":"product_brand","embeddable":true,"href":"https:\/\/fumotpuff.com\/fr\/wp-json\/wp\/v2\/product_brand?post=515"},{"taxonomy":"product_cat","embeddable":true,"href":"https:\/\/fumotpuff.com\/fr\/wp-json\/wp\/v2\/product_cat?post=515"},{"taxonomy":"product_tag","embeddable":true,"href":"https:\/\/fumotpuff.com\/fr\/wp-json\/wp\/v2\/product_tag?post=515"}],"curies":[{"name":"wp","href":"https:\/\/api.w.org\/{rel}","templated":true}]}}