{"id":4767,"date":"2025-11-18T09:10:13","date_gmt":"2025-11-18T08:10:13","guid":{"rendered":"https:\/\/fumotpuff.com\/?post_type=product&#038;p=4767"},"modified":"2025-11-18T09:10:13","modified_gmt":"2025-11-18T08:10:13","slug":"vozol-rave-40000-watermelon-bubblegum","status":"publish","type":"product","link":"https:\/\/fumotpuff.com\/fr\/produit\/vozol-rave-40000-watermelon-bubblegum\/","title":{"rendered":"Vozol Rave 40000 Past\u00e8que Bubblegum"},"content":{"rendered":"<h2 class=\"font-claude-response-heading text-text-100 mt-1 -mb-0.5\">Vozol Rave 40000 Watermelon Bubblegum Cigarette \u00e9lectronique jetable<\/h2>\n<p class=\"font-claude-response-body whitespace-normal break-words\">La Vozol Rave 40000 Watermelon Bubblegum est une cigarette \u00e9lectronique jetable ultramoderne dot\u00e9e d'une capacit\u00e9 exceptionnelle, sp\u00e9cialement con\u00e7ue pour les clients grossistes. L'appareil s\u00e9duit par son design lumineux dynamique \u00e0 270 degr\u00e9s et son mode f\u00eate rythm\u00e9 pour des moments de vapotage inoubliables. Avec une puissance pouvant atteindre 40 000 bouff\u00e9es, soutenue par une puissante batterie de 1000 mAh qui se recharge \u00e0 80 % en seulement 20 minutes gr\u00e2ce \u00e0 la technologie de recharge rapide, ce mod\u00e8le \u00e9tablit de nouvelles normes. L'animation moderne Eclipse et la teneur en nicotine de 50 mg\/ml font du Watermelon Bubblegum le choix id\u00e9al pour le secteur professionnel de la vente en gros de vapoteuses jetables.<\/p>\n<h3 class=\"font-claude-response-subheading text-text-100 mt-1 -mb-1.5\">Watermelon Bubblegum Exp\u00e9rience gustative et pr\u00e9sentation :<\/h3>\n<p class=\"font-claude-response-body whitespace-normal break-words\">Le VOZOL Rave 40000 Watermelon Bubblegum combine la douceur rafra\u00eechissante de la past\u00e8que avec le go\u00fbt nostalgique du chewing-gum. Cette combinaison d'ar\u00f4mes \u00e0 la fois ludique et rafra\u00eechissante r\u00e9veille les souvenirs d'enfance et offre un plaisir de vapotage unique.<\/p>\n<p class=\"font-claude-response-body whitespace-normal break-words\">Les deux niveaux de puissance vous offrent un contr\u00f4le total : le mode normal offre jusqu'\u00e0 40 000 bouff\u00e9es pour un plaisir durable, tandis que le mode turbo offre 25 000 bouff\u00e9es pour un d\u00e9ploy\u00e9 de saveurs plus puissant. L'impressionnant \u00e9cran LED r\u00e9actif \u00e0 la musique \u00e0 270\u00b0 danse au rythme de vos battements et propose trois options d'\u00e9clairage diff\u00e9rentes (Breathing, Beat et Off) pour accompagner visuellement votre session de vapotage.<\/p>\n<p class=\"font-claude-response-body whitespace-normal break-words\">La technologie sophistiqu\u00e9e Dual Mesh Coil utilise deux bobines maill\u00e9es coordonn\u00e9es qui garantissent des ar\u00f4mes intenses, une vapeur abondante et un d\u00e9gagement de chaleur uniforme. Le syst\u00e8me sophistiqu\u00e9 \u00e0 double puce MCU surveille efficacement les performances de l'appareil, emp\u00eache les dommages dus \u00e0 la surchauffe et assure un d\u00e9clenchement rapide de la bouff\u00e9e. Le contr\u00f4le variable du d\u00e9bit d'air permet de passer facilement du mode MTL au mode RDL.<\/p>\n<p class=\"font-claude-response-body whitespace-normal break-words\">La recharge rapide USB-C permet de recharger la batterie de 1000 mAh \u00e0 80 % en seulement 20 minutes, ce qui est id\u00e9al pour une vie quotidienne active sans longs temps d'attente.<\/p>\n<p class=\"font-claude-response-body whitespace-normal break-words\">Avec une teneur en nicotine de 5 % (50 mg\/ml), le VOZOL Rave 40000 Watermelon Bubblegum garantit un hit en gorge satisfaisant et une satisfaction nicotinique durable. Cette combinaison de technologie intelligente, de fonctions personnalisables et de performances stables en fait un excellent choix pour les amateurs de vapotage haut de gamme.<\/p>\n<h3 class=\"font-claude-response-subheading text-text-100 mt-1 -mb-1.5\">Donn\u00e9es techniques :<\/h3>\n<p class=\"font-claude-response-body whitespace-normal break-words\"><strong>mod\u00e8le :<\/strong> Rave 40000 coups<br \/>\n<strong>Le go\u00fbt :<\/strong> Pastille \u00e0 la past\u00e8que et au chewing-gum<br \/>\n<strong>Type<\/strong> E-cigarette jetable<br \/>\n<strong>Taux de nicotine :<\/strong> 50 mg\/ml<br \/>\n<strong>Capacit\u00e9 de liquidit\u00e9 :<\/strong> 20 ml<br \/>\n<strong>Style de vapeur :<\/strong> MTL<br \/>\n<strong>Batterie rechargeable :<\/strong> 1000 mAh rechargeable<br \/>\n<strong>mode :<\/strong> Mode double<br \/>\n<strong>Type de bobine :<\/strong> Bobine Dual Mesh<br \/>\n<strong>Particularit\u00e9 :<\/strong> Conception de la lumi\u00e8re vibrante \u00e0 270<br \/>\n<strong>D\u00e9bit d'air :<\/strong> D\u00e9bit d'air r\u00e9glable<br \/>\n<strong>Affichage :<\/strong> Indicateur intelligent de batterie et d'e-liquide<\/p>\n<h3 class=\"font-claude-response-subheading text-text-100 mt-1 -mb-1.5\">D\u00e9couvrir plus de VOZOL VAPE chez fumotpuff<\/h3>\n<p class=\"font-claude-response-body whitespace-normal break-words\">Bienvenue chez <strong><a class=\"underline\" href=\"https:\/\/fumotpuff.com\/fr\/\">fumotpuff<\/a><\/strong> \u2013 Votre partenaire de confiance pour des produits de vapotage haut de gamme. D\u00e9couvrez d'autres appareils haut de gamme dans notre <strong><a class=\"underline\" href=\"https:\/\/fumotpuff.com\/fr\/product-category\/vozol-vape\/\">VOZOL VAPE Cat\u00e9gorie<\/a><\/strong> ou trouvez votre vari\u00e9t\u00e9 pr\u00e9f\u00e9r\u00e9e dans la liste compl\u00e8te <strong><a class=\"underline\" href=\"https:\/\/fumotpuff.com\/fr\/product-category\/vozol-vape\/vozol-rave-40000\/\">Collection Vozol Rave 40000<\/a><\/strong>.<\/p>","protected":false},"excerpt":{"rendered":"<p class=\"font-claude-response-body whitespace-normal break-words\">Le Vozol Rave 40000 Watermelon Bubblegum combine la fra\u00eecheur de la past\u00e8que et le go\u00fbt nostalgique du chewing-gum. Avec 20 ml d'e-liquide et une batterie de 1000 mAh, il offre jusqu'\u00e0 40 000 bouff\u00e9es. Double r\u00e9sistance mesh, \u00e9cran LED r\u00e9actif \u00e0 la musique \u00e0 270\u00b0 et recharge rapide USB-C (80% en 20 min) pour un plaisir ludique.<\/p>","protected":false},"featured_media":4768,"comment_status":"open","ping_status":"closed","template":"","meta":{"_acf_changed":false},"product_brand":[],"product_cat":[52],"product_tag":[],"class_list":{"0":"post-4767","1":"product","2":"type-product","3":"status-publish","4":"has-post-thumbnail","6":"product_cat-vozol-rave-40000","8":"first","9":"instock","10":"shipping-taxable","11":"purchasable","12":"product-type-variable"},"acf":[],"_links":{"self":[{"href":"https:\/\/fumotpuff.com\/fr\/wp-json\/wp\/v2\/product\/4767","targetHints":{"allow":["GET"]}}],"collection":[{"href":"https:\/\/fumotpuff.com\/fr\/wp-json\/wp\/v2\/product"}],"about":[{"href":"https:\/\/fumotpuff.com\/fr\/wp-json\/wp\/v2\/types\/product"}],"replies":[{"embeddable":true,"href":"https:\/\/fumotpuff.com\/fr\/wp-json\/wp\/v2\/comments?post=4767"}],"wp:featuredmedia":[{"embeddable":true,"href":"https:\/\/fumotpuff.com\/fr\/wp-json\/wp\/v2\/media\/4768"}],"wp:attachment":[{"href":"https:\/\/fumotpuff.com\/fr\/wp-json\/wp\/v2\/media?parent=4767"}],"wp:term":[{"taxonomy":"product_brand","embeddable":true,"href":"https:\/\/fumotpuff.com\/fr\/wp-json\/wp\/v2\/product_brand?post=4767"},{"taxonomy":"product_cat","embeddable":true,"href":"https:\/\/fumotpuff.com\/fr\/wp-json\/wp\/v2\/product_cat?post=4767"},{"taxonomy":"product_tag","embeddable":true,"href":"https:\/\/fumotpuff.com\/fr\/wp-json\/wp\/v2\/product_tag?post=4767"}],"curies":[{"name":"wp","href":"https:\/\/api.w.org\/{rel}","templated":true}]}}