{"id":4747,"date":"2025-11-18T08:58:03","date_gmt":"2025-11-18T07:58:03","guid":{"rendered":"https:\/\/fumotpuff.com\/?post_type=product&#038;p=4747"},"modified":"2025-11-18T08:58:04","modified_gmt":"2025-11-18T07:58:04","slug":"vozol-rave-40000-strawberry-ice","status":"publish","type":"product","link":"https:\/\/fumotpuff.com\/fr\/produit\/vozol-rave-40000-strawberry-ice\/","title":{"rendered":"Vozol Rave 40000 Strawberry Ice"},"content":{"rendered":"<h2 class=\"font-claude-response-heading text-text-100 mt-1 -mb-0.5\">Vozol Rave 40000 Strawberry Ice Cigarette \u00e9lectronique jetable<\/h2>\n<p class=\"font-claude-response-body whitespace-normal break-words\">La Vozol Rave 40000 Strawberry Ice est une cigarette \u00e9lectronique jetable puissante et de grande capacit\u00e9, con\u00e7ue pour la vente en gros professionnelle. L'appareil s\u00e9duit par son design spectaculaire \u00e0 270 degr\u00e9s et son mode \u00ab party \u00bb synchronis\u00e9 au rythme de la musique, qui intensifie chaque exp\u00e9rience de vapotage. Avec jusqu'\u00e0 40 000 bouff\u00e9es, une batterie puissante de 1 000 mAh et une fonction de charge rapide qui atteint 80 % en seulement 20 minutes, ce mod\u00e8le offre une fiabilit\u00e9 maximale. L'animation de vapeur Eclipse donne \u00e0 l'appareil une touche moderne, tandis que la concentration en nicotine de 50 mg\/ml garantit une satisfaction totale \u2013 parfait pour le march\u00e9 de gros des vapoteuses jetables.<\/p>\n<h3 class=\"font-claude-response-subheading text-text-100 mt-1 -mb-1.5\">Strawberry Ice Exp\u00e9rience gustative et caract\u00e9ristiques :<\/h3>\n<p class=\"font-claude-response-body whitespace-normal break-words\">Le VOZOL Rave 40000 Strawberry Ice combine l'intensit\u00e9 sucr\u00e9e des fraises m\u00fbres avec une fra\u00eecheur rafra\u00eechissante qui rend chaque bouff\u00e9e agr\u00e9able. Cette combinaison classique offre un \u00e9quilibre parfait entre douceur et fra\u00eecheur et est id\u00e9ale pour une utilisation quotidienne.<\/p>\n<p class=\"font-claude-response-body whitespace-normal break-words\">Vous avez le choix entre deux niveaux de puissance : le mode standard offre jusqu'\u00e0 40 000 bouff\u00e9es pour un plaisir durable, tandis que le mode turbo lib\u00e8re des saveurs plus intenses avec 25 000 bouff\u00e9es. L'\u00e9cran LED innovant Beat Sensing \u00e0 270\u00b0 se synchronise avec votre musique et offre trois effets lumineux r\u00e9glables (Breathing, Beat et Off) pour une exp\u00e9rience de vapotage multisensorielle.<\/p>\n<p class=\"font-claude-response-body whitespace-normal break-words\">La technologie Dual Mesh Coil utilise deux bobines Mesh fonctionnant en parall\u00e8le pour garantir un go\u00fbt exceptionnel, une production de vapeur volumineuse et un d\u00e9gagement de chaleur constant. Le syst\u00e8me intelligent \u00e0 double puce MCU contr\u00f4le intelligemment les performances de l'appareil, prot\u00e8ge contre la surchauffe et permet une activation sensible par inhalation. La fonction Airflow r\u00e9glable vous permet de passer facilement des techniques de vapotage MTL \u00e0 RDL.<\/p>\n<p class=\"font-claude-response-body whitespace-normal break-words\">La recharge rapide USB-C recharge la batterie de 1000 mAh \u00e0 80 % en seulement 20 minutes, ce qui est id\u00e9al pour un mode de vie mobile sans longs d\u00e9lais d'attente.<\/p>\n<p class=\"font-claude-response-body whitespace-normal break-words\">Avec une teneur en nicotine de 5 % (50 mg\/ml), le VOZOL Rave 40000 Strawberry Ice offre un hit en gorge puissant et une satisfaction nicotinique durable. Cette combinaison de technologie avanc\u00e9e, d'options personnalisables et de qualit\u00e9 fiable en fait le choix id\u00e9al pour les vapoteurs exigeants.<\/p>\n<h3 class=\"font-claude-response-subheading text-text-100 mt-1 -mb-1.5\">Donn\u00e9es techniques :<\/h3>\n<p class=\"font-claude-response-body whitespace-normal break-words\"><strong>mod\u00e8le :<\/strong> Rave 40000 coups<br \/>\n<strong>Le go\u00fbt :<\/strong> Glace \u00e0 la fraise<br \/>\n<strong>Type<\/strong> E-cigarette jetable<br \/>\n<strong>Taux de nicotine :<\/strong> 50 mg\/ml<br \/>\n<strong>Capacit\u00e9 de liquidit\u00e9 :<\/strong> 20 ml<br \/>\n<strong>Style de vapeur :<\/strong> MTL<br \/>\n<strong>Batterie rechargeable :<\/strong> 1000 mAh rechargeable<br \/>\n<strong>mode :<\/strong> Mode double<br \/>\n<strong>Type de bobine :<\/strong> Bobine Dual Mesh<br \/>\n<strong>Particularit\u00e9 :<\/strong> Conception de la lumi\u00e8re vibrante \u00e0 270<br \/>\n<strong>D\u00e9bit d'air :<\/strong> D\u00e9bit d'air r\u00e9glable<br \/>\n<strong>Affichage :<\/strong> Indicateur intelligent de batterie et d'e-liquide<\/p>\n<h3 class=\"font-claude-response-subheading text-text-100 mt-1 -mb-1.5\">D\u00e9couvrir plus de VOZOL VAPE chez fumotpuff<\/h3>\n<p class=\"font-claude-response-body whitespace-normal break-words\">Visitez notre <strong><a class=\"underline\" href=\"https:\/\/fumotpuff.com\/fr\/\">Boutique fumotpuff<\/a><\/strong> et d\u00e9couvrez la diversit\u00e9 des cigarettes \u00e9lectroniques haut de gamme. Dans notre <strong><a class=\"underline\" href=\"https:\/\/fumotpuff.com\/fr\/product-category\/vozol-vape\/\">VOZOL VAPE Cat\u00e9gorie<\/a><\/strong> vous trouverez des appareils \u00e0 vapeur innovants dot\u00e9s d'une technologie de pointe. Vous trouverez toute la gamme de saveurs dans notre <strong><a class=\"underline\" href=\"https:\/\/fumotpuff.com\/fr\/product-category\/vozol-vape\/vozol-rave-40000\/\">Collection Vozol Rave 40000<\/a><\/strong>.<\/p>","protected":false},"excerpt":{"rendered":"<p class=\"font-claude-response-body whitespace-normal break-words\">Le Vozol Rave 40000 Strawberry Ice combine la douceur des fraises et la fra\u00eecheur rafra\u00eechissante. Avec 20 ml d'e-liquide et une batterie de 1000 mAh, il offre jusqu'\u00e0 40 000 bouff\u00e9es. Les doubles r\u00e9sistances mesh, l'\u00e9cran LED r\u00e9actif \u00e0 la musique \u00e0 270\u00b0 et la recharge rapide USB-C (80% en 20 min) garantissent un plaisir de vapotage haut de gamme.<\/p>","protected":false},"featured_media":4748,"comment_status":"open","ping_status":"closed","template":"","meta":{"_acf_changed":false},"product_brand":[],"product_cat":[52],"product_tag":[],"class_list":{"0":"post-4747","1":"product","2":"type-product","3":"status-publish","4":"has-post-thumbnail","6":"product_cat-vozol-rave-40000","8":"first","9":"instock","10":"shipping-taxable","11":"purchasable","12":"product-type-variable"},"acf":[],"_links":{"self":[{"href":"https:\/\/fumotpuff.com\/fr\/wp-json\/wp\/v2\/product\/4747","targetHints":{"allow":["GET"]}}],"collection":[{"href":"https:\/\/fumotpuff.com\/fr\/wp-json\/wp\/v2\/product"}],"about":[{"href":"https:\/\/fumotpuff.com\/fr\/wp-json\/wp\/v2\/types\/product"}],"replies":[{"embeddable":true,"href":"https:\/\/fumotpuff.com\/fr\/wp-json\/wp\/v2\/comments?post=4747"}],"wp:featuredmedia":[{"embeddable":true,"href":"https:\/\/fumotpuff.com\/fr\/wp-json\/wp\/v2\/media\/4748"}],"wp:attachment":[{"href":"https:\/\/fumotpuff.com\/fr\/wp-json\/wp\/v2\/media?parent=4747"}],"wp:term":[{"taxonomy":"product_brand","embeddable":true,"href":"https:\/\/fumotpuff.com\/fr\/wp-json\/wp\/v2\/product_brand?post=4747"},{"taxonomy":"product_cat","embeddable":true,"href":"https:\/\/fumotpuff.com\/fr\/wp-json\/wp\/v2\/product_cat?post=4747"},{"taxonomy":"product_tag","embeddable":true,"href":"https:\/\/fumotpuff.com\/fr\/wp-json\/wp\/v2\/product_tag?post=4747"}],"curies":[{"name":"wp","href":"https:\/\/api.w.org\/{rel}","templated":true}]}}