{"id":464,"date":"2025-09-12T05:42:38","date_gmt":"2025-09-12T03:42:38","guid":{"rendered":"https:\/\/fumotpuff.com\/?post_type=product&#038;p=464"},"modified":"2025-09-12T05:43:30","modified_gmt":"2025-09-12T03:43:30","slug":"fumot-tornado-30k-music-blueberry-sour-raspberry","status":"publish","type":"product","link":"https:\/\/fumotpuff.com\/fr\/produit\/fumot-tornado-30k-music-blueberry-sour-raspberry\/","title":{"rendered":"Fumot Tornado 30K Music Blueberry Sour Raspberry"},"content":{"rendered":"<h2 class=\"text-xl font-bold text-text-100 mt-1 -mb-0.5\">E-cigarette jetable Fumot Tornado 30K Music Blueberry Sour Raspberry<\/h2>\n<p class=\"whitespace-normal break-words\">La Fumot Tornado 30K Music Blueberry Sour Raspberry cr\u00e9e une symphonie de saveurs passionnantes de myrtilles juteuses et de framboises acidul\u00e9es. Cette e-cigarette jetable ultramoderne d\u00e9livre un nombre impressionnant de 30 000 bouff\u00e9es avec une qualit\u00e9 constante gr\u00e2ce au remplissage g\u00e9n\u00e9reux de 30 ml d'e-liquide.<\/p>\n<h3 class=\"text-lg font-bold text-text-100 mt-1 -mb-1.5\">Caract\u00e9ristiques saillantes de la Blueberry Sour Raspberry :<\/h3>\n<p class=\"whitespace-normal break-words\"><strong>Une port\u00e9e exceptionnelle :<\/strong> Incroyable 30.000 bouff\u00e9es pour un plaisir de la vapeur \u00e0 long terme.<\/p>\n<p class=\"whitespace-normal break-words\"><strong>Un choix de nicotine vari\u00e9 :<\/strong> Disponible en 2% ou 5% Teneur en nicotine selon votre choix.<\/p>\n<p class=\"whitespace-normal break-words\"><strong>Capacit\u00e9 abondante de liquide :<\/strong> 30 ml d'e-liquide de haute qualit\u00e9 pour une utilisation continue.<\/p>\n<p class=\"whitespace-normal break-words\"><strong>Innovation avanc\u00e9e en mati\u00e8re de bobines :<\/strong> 1,0\u03a9 Technologie de maillage pour un d\u00e9veloppement optimal des ar\u00f4mes.<\/p>\n<p class=\"whitespace-normal break-words\"><strong>Source d'\u00e9nergie durable :<\/strong> Batterie puissante de 600mAh avec possibilit\u00e9 de chargement rapide Type-C.<\/p>\n<p class=\"whitespace-normal break-words\"><strong>\u00c9clairage immersif :<\/strong> Patterns LED contr\u00f4l\u00e9s par la musique pour un plaisir visuel.<\/p>\n<h3 class=\"text-lg font-bold text-text-100 mt-1 -mb-1.5\">Sp\u00e9cifications du produit :<\/h3>\n<p class=\"whitespace-normal break-words\">\u2611 Variantes de nicotine : 2% \/ 5%<br \/>\n\u2611 Volume de traction : 30.000<br \/>\n\u2611 Ar\u00f4me Blueberry Sour Raspberry<br \/>\n\u2611 Puissance de la batterie : 600mAh<br \/>\n\u2611 1,0\u03a9 Bobine maill\u00e9e<br \/>\n\u2611 Port de chargement Type-C<br \/>\n\u2611 \u00c9clairage interactif musical<\/p>\n<p class=\"whitespace-normal break-words\">Visitez notre <strong><a class=\"underline\" href=\"https:\/\/fumotpuff.com\/fr\/\">Site web<\/a><\/strong> pour plus d'innovations de produits, d\u00e9couvrez la gamme compl\u00e8te <strong><a class=\"underline\" href=\"https:\/\/fumotpuff.com\/fr\/product-category\/fumot-vape\/\">S\u00e9lection FUMOT VAPE<\/a><\/strong> ou parcourez tous les <strong><a class=\"underline\" href=\"https:\/\/fumotpuff.com\/fr\/product-category\/fumot-vape\/fumot-tornado-30k-music\/\">Fumot Tornado 30K Music Vari\u00e9t\u00e9s<\/a><\/strong>.<\/p>","protected":false},"excerpt":{"rendered":"<article data-content=\"[{&quot;type&quot;:&quot;block&quot;,&quot;id&quot;:&quot;5Exw-1757585399253&quot;,&quot;name&quot;:&quot;paragraph&quot;,&quot;data&quot;:{&quot;version&quot;:1},&quot;nodes&quot;:[{&quot;type&quot;:&quot;text&quot;,&quot;id&quot;:&quot;lhi5-1757585399254&quot;,&quot;leaves&quot;:[{&quot;text&quot;:&quot;Based\u00a0on\u00a0the\u00a0product\u00a0details\u00a0I\u00a0provided\u00a0you,\u00a0please\u00a0write\u00a0a\u00a0short\u00a0description\u00a0of\u00a0the\u00a0product\u00a0in\u00a0German,\u00a0about\u00a0300\u00a0characters\u00a0and\u00a0Write\u00a0a\u00a0title\u00a0[60\u00a0characters]\u00a0and\u00a0meta\u00a0description\u00a0[160\u00a0characters]\u00a0based\u00a0on\u00a0this\u00a0product\u00a0information\uff1a&quot;,&quot;marks&quot;:[]}]}],&quot;state&quot;:{}}]\">\n<div>\n<div class=\"grid-cols-1 grid gap-2.5 [&amp;_&gt;_*]:min-w-0 !gap-3.5\">\n<div>\n<div class=\"grid-cols-1 grid gap-2.5 [&amp;_&gt;_*]:min-w-0 !gap-3.5\">\n<p class=\"whitespace-normal break-words\">Die Fumot Tornado 30K Music Blueberry Sour Raspberry Einweg-E-Zigarette kombiniert saftige Blaubeeren mit s\u00e4uerlichen Himbeeren. Mit 30.000 Z\u00fcgen, 30ml E-Liquid und musikgesteuerter LED-Beleuchtung bietet sie langanhaltenden Premium-Dampfgenuss.<\/p>\n<\/div>\n<\/div>\n<div class=\"h-8\"><\/div>\n<\/div>\n<\/div>\n<div class=\"h-8\"><\/div>\n<\/article>\n","protected":false},"featured_media":469,"comment_status":"open","ping_status":"closed","template":"","meta":{"_acf_changed":false},"product_brand":[],"product_cat":[20],"product_tag":[],"class_list":{"0":"post-464","1":"product","2":"type-product","3":"status-publish","4":"has-post-thumbnail","6":"product_cat-fumot-tornado-30k-music","8":"first","9":"instock","10":"shipping-taxable","11":"purchasable","12":"product-type-variable"},"acf":[],"_links":{"self":[{"href":"https:\/\/fumotpuff.com\/fr\/wp-json\/wp\/v2\/product\/464","targetHints":{"allow":["GET"]}}],"collection":[{"href":"https:\/\/fumotpuff.com\/fr\/wp-json\/wp\/v2\/product"}],"about":[{"href":"https:\/\/fumotpuff.com\/fr\/wp-json\/wp\/v2\/types\/product"}],"replies":[{"embeddable":true,"href":"https:\/\/fumotpuff.com\/fr\/wp-json\/wp\/v2\/comments?post=464"}],"wp:featuredmedia":[{"embeddable":true,"href":"https:\/\/fumotpuff.com\/fr\/wp-json\/wp\/v2\/media\/469"}],"wp:attachment":[{"href":"https:\/\/fumotpuff.com\/fr\/wp-json\/wp\/v2\/media?parent=464"}],"wp:term":[{"taxonomy":"product_brand","embeddable":true,"href":"https:\/\/fumotpuff.com\/fr\/wp-json\/wp\/v2\/product_brand?post=464"},{"taxonomy":"product_cat","embeddable":true,"href":"https:\/\/fumotpuff.com\/fr\/wp-json\/wp\/v2\/product_cat?post=464"},{"taxonomy":"product_tag","embeddable":true,"href":"https:\/\/fumotpuff.com\/fr\/wp-json\/wp\/v2\/product_tag?post=464"}],"curies":[{"name":"wp","href":"https:\/\/api.w.org\/{rel}","templated":true}]}}