{"id":4610,"date":"2025-11-11T04:50:36","date_gmt":"2025-11-11T03:50:36","guid":{"rendered":"https:\/\/fumotpuff.com\/?post_type=product&#038;p=4610"},"modified":"2025-11-11T04:50:36","modified_gmt":"2025-11-11T03:50:36","slug":"vozol-neon-45000-lychee-orange-passion-fruit","status":"publish","type":"product","link":"https:\/\/fumotpuff.com\/fr\/produit\/vozol-neon-45000-lychee-orange-passion-fruit\/","title":{"rendered":"Vozol Neon 45000 Litchi Orange Fruit de la passion"},"content":{"rendered":"<h2 class=\"text-xl font-bold text-text-100 mt-1 -mb-0.5\">Vozol Neon 45000 Litchi Orange Fruit de la passion Vape jetable<\/h2>\n<p class=\"whitespace-normal break-words\">Le mod\u00e8le Vozol Neon 45000 en Lychee Orange Passion Fruit offre des performances de pointe avec jusqu'\u00e0 45 000 bouff\u00e9es et une personnalisation sans pr\u00e9c\u00e9dent. Avec 4 intensit\u00e9s de refroidissement r\u00e9glables, 3 modes de puissance et un d\u00e9bit d'air r\u00e9glable, vous avez un contr\u00f4le total sur votre exp\u00e9rience de vapotage. L'\u00e9cran intelligent permet un suivi en temps r\u00e9el, tandis que la r\u00e9sistance Mesh Coil et la batterie 800 mAh garantissent un go\u00fbt riche et une puissance durable. Avec une teneur en nicotine de 5% et la combinaison exotique Lychee Orange Passion Fruit, cet appareil a \u00e9t\u00e9 con\u00e7u pour les connaisseurs de vapotage.<\/p>\n<h3 class=\"text-lg font-bold text-text-100 mt-1 -mb-1.5\">Litchi Orange Fruit de la passion Caract\u00e9ristiques principales :<\/h3>\n<p class=\"whitespace-normal break-words\">Profitez de 45 000 bouff\u00e9es exceptionnelles qui vous \u00e9vitent d'avoir \u00e0 racheter constamment des recharges. La r\u00e9sistance Mesh Coil optimise la production de vapeur et offre une saveur plus douce et plus aromatique \u00e0 chaque inhalation. La batterie rechargeable de 800 mAh avec fonction de charge rapide Type-C garantit des performances constantes pendant de longues p\u00e9riodes de vapotage.<\/p>\n<p class=\"whitespace-normal break-words\">Personnalisez votre exp\u00e9rience de vapotage \u00e0 votre guise. Avec 4 niveaux de refroidissement, vous d\u00e9terminez le degr\u00e9 de fra\u00eecheur, tandis que 3 niveaux de puissance et de d\u00e9bit d'air permettent un r\u00e9glage pr\u00e9cis de la r\u00e9sistance \u00e0 l'aspiration et de la densit\u00e9 de la vapeur. Cr\u00e9ez ainsi le rapport id\u00e9al entre intensit\u00e9 aromatique et refroidissement.<\/p>\n<p class=\"whitespace-normal break-words\">L'\u00e9cran intelligent int\u00e9gr\u00e9 vous tient inform\u00e9 en permanence. Contr\u00f4lez en direct le niveau de charge de la batterie et le niveau de liquide afin d'\u00eatre toujours inform\u00e9 \u00e0 temps des besoins de recharge ou de remplacement. Les pauses vapeur impr\u00e9vues appartiennent d\u00e9sormais au pass\u00e9.<\/p>\n<p class=\"whitespace-normal break-words\">Formul\u00e9 avec une concentration en nicotine de 5%, cet appareil produit une bouff\u00e9e puissante et satisfaisante pour les vapoteurs exp\u00e9riment\u00e9s qui recherchent une saveur intense et un hit en gorge prononc\u00e9 \u00e0 chaque bouff\u00e9e.<\/p>\n<h3 class=\"text-lg font-bold text-text-100 mt-1 -mb-1.5\">Profil aromatique litchi-orange-fruit de la passion :<\/h3>\n<p class=\"whitespace-normal break-words\">Une fusion exquise de trois fruits tropicaux cr\u00e9e une exp\u00e9rience gustative extraordinaire. La douceur du litchi s'harmonise parfaitement avec le piquant de l'orange, tandis que le fruit de la passion apporte une note exotique et acidul\u00e9e. Cette trinit\u00e9 raffin\u00e9e s\u00e9duira les vapoteurs qui appr\u00e9cient les ar\u00f4mes tropicaux complexes aux multiples saveurs.<\/p>\n<h3 class=\"text-lg font-bold text-text-100 mt-1 -mb-1.5\">Sp\u00e9cifications du produit :<\/h3>\n<p class=\"whitespace-normal break-words\">\u25aa Capacit\u00e9 tampon : jusqu'\u00e0 45 000<br \/>\n\u25aa Teneur en nicotine : 5%<br \/>\n\u25aa Volume de liquide : 20 ml<br \/>\n\u25aa Batterie : rechargeable, 800 mAh<br \/>\n\u25aa 4 niveaux de refroidissement disponibles<br \/>\n\u25aa 3 options de d\u00e9bit d'air pour contr\u00f4ler la vapeur et les ar\u00f4mes<br \/>\n\u25aa R\u00e9glage de la teneur en nicotine<br \/>\n\u25aa Technologie Mesh Coil pour un ar\u00f4me optimal<br \/>\n\u25aa \u00c9cran couleur avec donn\u00e9es d'utilisation en temps r\u00e9el<\/p>\n<h3 class=\"text-lg font-bold text-text-100 mt-1 -mb-1.5\">D\u00e9couvrir plus de VOZOL VAPE chez fumotpuff<\/h3>\n<p class=\"whitespace-normal break-words\">D\u00e9couvrez notre offre exclusive sur <strong><a class=\"underline\" href=\"https:\/\/fumotpuff.com\/fr\/\">fumotpuff.com<\/a><\/strong> ou parcourez la vaste <strong><a class=\"underline\" href=\"https:\/\/fumotpuff.com\/fr\/product-category\/vozol-vape\/\">Gamme de produits VOZOL VAPE<\/a><\/strong> avec des vaporisateurs jetables innovants. Toutes les saveurs vous attendent dans la <strong><a class=\"underline\" href=\"https:\/\/fumotpuff.com\/fr\/product-category\/vozol-vape\/vozol-neon-45000\/\">Vozol Neon 45000 Monde des saveurs<\/a><\/strong> sur vous.<\/p>","protected":false},"excerpt":{"rendered":"<p class=\"whitespace-normal break-words\">Le Vozol Neon 45000 Lychee Orange Passion Fruit combine le litchi sucr\u00e9, l'orange p\u00e9tillante et le fruit de la passion exotique. Avec 45 000 bouff\u00e9es, 4 niveaux de refroidissement, 3 modes et un \u00e9cran intelligent. R\u00e9sistance mesh, 20 ml d'e-liquide, batterie 800 mAh avec charge rapide Type-C et nicotine 5% pour une diversit\u00e9 tropicale.<\/p>","protected":false},"featured_media":4611,"comment_status":"open","ping_status":"closed","template":"","meta":{"_acf_changed":false},"product_brand":[],"product_cat":[51],"product_tag":[],"class_list":{"0":"post-4610","1":"product","2":"type-product","3":"status-publish","4":"has-post-thumbnail","6":"product_cat-vozol-neon-45000","8":"first","9":"instock","10":"shipping-taxable","11":"purchasable","12":"product-type-variable"},"acf":[],"_links":{"self":[{"href":"https:\/\/fumotpuff.com\/fr\/wp-json\/wp\/v2\/product\/4610","targetHints":{"allow":["GET"]}}],"collection":[{"href":"https:\/\/fumotpuff.com\/fr\/wp-json\/wp\/v2\/product"}],"about":[{"href":"https:\/\/fumotpuff.com\/fr\/wp-json\/wp\/v2\/types\/product"}],"replies":[{"embeddable":true,"href":"https:\/\/fumotpuff.com\/fr\/wp-json\/wp\/v2\/comments?post=4610"}],"wp:featuredmedia":[{"embeddable":true,"href":"https:\/\/fumotpuff.com\/fr\/wp-json\/wp\/v2\/media\/4611"}],"wp:attachment":[{"href":"https:\/\/fumotpuff.com\/fr\/wp-json\/wp\/v2\/media?parent=4610"}],"wp:term":[{"taxonomy":"product_brand","embeddable":true,"href":"https:\/\/fumotpuff.com\/fr\/wp-json\/wp\/v2\/product_brand?post=4610"},{"taxonomy":"product_cat","embeddable":true,"href":"https:\/\/fumotpuff.com\/fr\/wp-json\/wp\/v2\/product_cat?post=4610"},{"taxonomy":"product_tag","embeddable":true,"href":"https:\/\/fumotpuff.com\/fr\/wp-json\/wp\/v2\/product_tag?post=4610"}],"curies":[{"name":"wp","href":"https:\/\/api.w.org\/{rel}","templated":true}]}}