{"id":4590,"date":"2025-11-11T04:40:59","date_gmt":"2025-11-11T03:40:59","guid":{"rendered":"https:\/\/fumotpuff.com\/?post_type=product&#038;p=4590"},"modified":"2025-11-11T04:40:59","modified_gmt":"2025-11-11T03:40:59","slug":"vozol-neon-45000-frozen-strawberry-kiwi","status":"publish","type":"product","link":"https:\/\/fumotpuff.com\/fr\/produit\/vozol-neon-45000-frozen-strawberry-kiwi\/","title":{"rendered":"Vozol Neon 45000 Frozen Strawberry Kiwi"},"content":{"rendered":"<h2 class=\"text-xl font-bold text-text-100 mt-1 -mb-0.5\">Vozol Neon 45000 Frozen Strawberry Kiwi Vape jetable<\/h2>\n<p class=\"whitespace-normal break-words\">Le mod\u00e8le Vozol Neon 45000 en Frozen Strawberry Kiwi offre des performances de nouvelle g\u00e9n\u00e9ration avec jusqu'\u00e0 45 000 bouff\u00e9es et une personnalisation sans pr\u00e9c\u00e9dent. Gr\u00e2ce \u00e0 4 niveaux de refroidissement variables, 3 options de puissance et un d\u00e9bit d'air flexible, vous avez un contr\u00f4le total. L'\u00e9cran intelligent offre une surveillance en temps r\u00e9el, tandis que la r\u00e9sistance Mesh Coil et la batterie 800 mAh garantissent un ar\u00f4me prononc\u00e9 et une puissance durable. Avec 5% de nicotine et le go\u00fbt glac\u00e9 Frozen Strawberry Kiwi, cet appareil s'adresse aux vapoteurs exigeants.<\/p>\n<h3 class=\"text-lg font-bold text-text-100 mt-1 -mb-1.5\">Caract\u00e9ristiques techniques du Frozen Strawberry Kiwi :<\/h3>\n<p class=\"whitespace-normal break-words\">Profitez d'une exp\u00e9rience de vapotage exceptionnelle avec jusqu'\u00e0 45 000 bouff\u00e9es, ce qui rend tout remplacement r\u00e9gulier inutile. La r\u00e9sistance Mesh Coil optimise la production de vapeur et garantit une saveur plus douce et plus riche \u00e0 chaque inhalation. La batterie rechargeable de 800 mAh avec fonction de charge rapide de type C assure des performances constantes pendant de longues p\u00e9riodes de vapotage.<\/p>\n<p class=\"whitespace-normal break-words\">Personnalisez votre exp\u00e9rience de vapotage \u00e0 votre guise. Les 4 niveaux de refroidissement vous permettent de r\u00e9gler le degr\u00e9 de fra\u00eecheur, tandis que les 3 niveaux de puissance et de d\u00e9bit d'air vous permettent d'ajuster avec pr\u00e9cision la r\u00e9sistance \u00e0 l'aspiration et la densit\u00e9 de la vapeur, pour un \u00e9quilibre optimal entre la profondeur des ar\u00f4mes et le refroidissement.<\/p>\n<p class=\"whitespace-normal break-words\">L'\u00e9cran intelligent int\u00e9gr\u00e9 vous tient inform\u00e9 en permanence. Contr\u00f4lez en direct le niveau de charge de la batterie et le niveau de liquide afin d'\u00eatre toujours inform\u00e9 \u00e0 temps des besoins de recharge ou de remplacement. Les interruptions impr\u00e9vues appartiennent d\u00e9sormais au pass\u00e9.<\/p>\n<p class=\"whitespace-normal break-words\">Avec une teneur en nicotine de 5%, cet appareil offre une bouff\u00e9e puissante et satisfaisante aux vapoteurs exp\u00e9riment\u00e9s qui recherchent un go\u00fbt intense et un hit en gorge prononc\u00e9 \u00e0 chaque bouff\u00e9e.<\/p>\n<h3 class=\"text-lg font-bold text-text-100 mt-1 -mb-1.5\">Exp\u00e9rience gustative Frozen Strawberry Kiwi :<\/h3>\n<p class=\"whitespace-normal break-words\">La combinaison classique des fraises sucr\u00e9es et des kiwis acidul\u00e9s atteint un nouveau niveau gr\u00e2ce \u00e0 un refroidissement intense. La note de fraise m\u00fbre se marie \u00e0 la fra\u00eecheur exotique du kiwi, tandis qu'un puissant effet glac\u00e9 apporte un rafra\u00eechissement givrant. Parfait pour les amateurs d'ar\u00f4mes fruit\u00e9s glac\u00e9s.<\/p>\n<h3 class=\"text-lg font-bold text-text-100 mt-1 -mb-1.5\">Sp\u00e9cifications :<\/h3>\n<p class=\"whitespace-normal break-words\">\u25aa Nombre maximal de coups : 45 000<br \/>\n\u25aa Teneur en nicotine : 5%<br \/>\n\u25aa Contenance en liquide : 20 ml<br \/>\n\u25aa Capacit\u00e9 de la batterie : 800 mAh rechargeable<br \/>\n\u25aa 4 niveaux de refroidissement pour un r\u00e9glage personnalis\u00e9<br \/>\n\u25aa 3 niveaux de d\u00e9bit d'air pour contr\u00f4ler la vapeur et les ar\u00f4mes<br \/>\n\u25aa Intensit\u00e9 variable en nicotine<br \/>\n\u25aa Bobine maill\u00e9e pour un ar\u00f4me sup\u00e9rieur<br \/>\n\u25aa \u00c9cran couleur avec donn\u00e9es d'utilisation en temps r\u00e9el<\/p>\n<h3 class=\"text-lg font-bold text-text-100 mt-1 -mb-1.5\">D\u00e9couvrir plus de VOZOL VAPE chez fumotpuff<\/h3>\n<p class=\"whitespace-normal break-words\">Parcourez notre offre haut de gamme sur <strong><a class=\"underline\" href=\"https:\/\/fumotpuff.com\/fr\/\">fumotpuff.com<\/a><\/strong> ou plongez dans la <strong><a class=\"underline\" href=\"https:\/\/fumotpuff.com\/fr\/product-category\/vozol-vape\/\">L'univers de produits VOZOL VAPE<\/a><\/strong> avec des vaporisateurs jetables ultramodernes. D\u00e9couvrez toutes les variantes aromatiques dans la <strong><a class=\"underline\" href=\"https:\/\/fumotpuff.com\/fr\/product-category\/vozol-vape\/vozol-neon-45000\/\">Gamme d'ar\u00f4mes Vozol Neon 45000<\/a><\/strong>.<\/p>","protected":false},"excerpt":{"rendered":"<p class=\"whitespace-normal break-words\">Le Vozol Neon 45000 Frozen Strawberry Kiwi combine des fraises sucr\u00e9es avec du kiwi acidul\u00e9 et un rafra\u00eechissement intense. Avec 45 000 bouff\u00e9es, 4 niveaux de fra\u00eecheur, 3 modes et un \u00e9cran intelligent. R\u00e9sistance mesh, 20 ml d'e-liquide, batterie 800 mAh avec charge rapide de type C et nicotine 5% pour un plaisir fruit\u00e9 glac\u00e9.<\/p>","protected":false},"featured_media":4591,"comment_status":"open","ping_status":"closed","template":"","meta":{"_acf_changed":false},"product_brand":[],"product_cat":[51],"product_tag":[],"class_list":{"0":"post-4590","1":"product","2":"type-product","3":"status-publish","4":"has-post-thumbnail","6":"product_cat-vozol-neon-45000","8":"first","9":"instock","10":"shipping-taxable","11":"purchasable","12":"product-type-variable"},"acf":[],"_links":{"self":[{"href":"https:\/\/fumotpuff.com\/fr\/wp-json\/wp\/v2\/product\/4590","targetHints":{"allow":["GET"]}}],"collection":[{"href":"https:\/\/fumotpuff.com\/fr\/wp-json\/wp\/v2\/product"}],"about":[{"href":"https:\/\/fumotpuff.com\/fr\/wp-json\/wp\/v2\/types\/product"}],"replies":[{"embeddable":true,"href":"https:\/\/fumotpuff.com\/fr\/wp-json\/wp\/v2\/comments?post=4590"}],"wp:featuredmedia":[{"embeddable":true,"href":"https:\/\/fumotpuff.com\/fr\/wp-json\/wp\/v2\/media\/4591"}],"wp:attachment":[{"href":"https:\/\/fumotpuff.com\/fr\/wp-json\/wp\/v2\/media?parent=4590"}],"wp:term":[{"taxonomy":"product_brand","embeddable":true,"href":"https:\/\/fumotpuff.com\/fr\/wp-json\/wp\/v2\/product_brand?post=4590"},{"taxonomy":"product_cat","embeddable":true,"href":"https:\/\/fumotpuff.com\/fr\/wp-json\/wp\/v2\/product_cat?post=4590"},{"taxonomy":"product_tag","embeddable":true,"href":"https:\/\/fumotpuff.com\/fr\/wp-json\/wp\/v2\/product_tag?post=4590"}],"curies":[{"name":"wp","href":"https:\/\/api.w.org\/{rel}","templated":true}]}}