{"id":4580,"date":"2025-11-11T04:34:24","date_gmt":"2025-11-11T03:34:24","guid":{"rendered":"https:\/\/fumotpuff.com\/?post_type=product&#038;p=4580"},"modified":"2025-11-11T04:34:24","modified_gmt":"2025-11-11T03:34:24","slug":"vozol-neon-45000-cranberry-ice","status":"publish","type":"product","link":"https:\/\/fumotpuff.com\/fr\/produit\/vozol-neon-45000-cranberry-ice\/","title":{"rendered":"Vozol Neon 45000 Cranberry Ice"},"content":{"rendered":"<h2 class=\"text-xl font-bold text-text-100 mt-1 -mb-0.5\">Vozol Neon 45000 Cranberry Ice Vape jetable<\/h2>\n<p class=\"whitespace-normal break-words\">Le dispositif Vozol Neon 45000 en Cranberry Ice offre des performances de pointe avec jusqu'\u00e0 45 000 bouff\u00e9es et une personnalisation compl\u00e8te. Avec 4 niveaux de refroidissement r\u00e9glables, 3 options de puissance et un d\u00e9bit d'air flexible, vous gardez le contr\u00f4le total de votre exp\u00e9rience de vapotage. L'\u00e9cran intelligent permet un suivi en temps r\u00e9el, tandis que la technologie Mesh Coil et la batterie 800 mAh garantissent un go\u00fbt riche et une \u00e9nergie longue dur\u00e9e. Avec 5% de nicotine et le go\u00fbt rafra\u00eechissant Cranberry Ice, ce mod\u00e8le a \u00e9t\u00e9 con\u00e7u pour les vapoteurs exp\u00e9riment\u00e9s.<\/p>\n<h3 class=\"text-lg font-bold text-text-100 mt-1 -mb-1.5\">Cranberry Ice Caract\u00e9ristiques principales :<\/h3>\n<p class=\"whitespace-normal break-words\">Profitez d'une exp\u00e9rience de vapotage haut de gamme avec jusqu'\u00e0 45 000 bouff\u00e9es, ce qui \u00e9vite de devoir changer fr\u00e9quemment d'appareil. La r\u00e9sistance Mesh int\u00e9gr\u00e9e am\u00e9liore la production de vapeur et offre une saveur plus douce et plus intense \u00e0 chaque inhalation. Aliment\u00e9 par une batterie rechargeable de 800 mAh avec recharge rapide de type C, ses performances restent constantes pendant de longues p\u00e9riodes de vapotage.<\/p>\n<p class=\"whitespace-normal break-words\">Configurez votre exp\u00e9rience de vapotage selon vos envies. Choisissez parmi 4 intensit\u00e9s de refroidissement pour contr\u00f4ler l'effet rafra\u00eechissant, tandis que 3 niveaux de puissance et de d\u00e9bit d'air permettent un r\u00e9glage pr\u00e9cis de la r\u00e9sistance \u00e0 l'aspiration et de la densit\u00e9 de la vapeur, pour une harmonie parfaite entre la concentration des ar\u00f4mes et la fra\u00eecheur.<\/p>\n<p class=\"whitespace-normal break-words\">L'\u00e9cran intelligent int\u00e9gr\u00e9 vous informe en permanence. Surveillez l'\u00e9tat de la batterie et le niveau de liquide en temps r\u00e9el afin de toujours savoir quand il est n\u00e9cessaire de recharger ou de remplacer la batterie. Finies les interruptions inattendues.<\/p>\n<p class=\"whitespace-normal break-words\">Avec une teneur en nicotine de 5%, cet appareil produit une bouff\u00e9e puissante et satisfaisante pour les vapoteurs exp\u00e9riment\u00e9s qui appr\u00e9cient un go\u00fbt prononc\u00e9 et une sensation perceptible en gorge \u00e0 chaque bouff\u00e9e.<\/p>\n<h3 class=\"text-lg font-bold text-text-100 mt-1 -mb-1.5\">Cranberry Ice Caract\u00e9ristiques gustatives :<\/h3>\n<p class=\"whitespace-normal break-words\">La fra\u00eecheur acidul\u00e9e de la canneberge rencontre un rafra\u00eechissement intense : une combinaison vivifiante. La note acidul\u00e9e caract\u00e9ristique de la canneberge est compl\u00e9t\u00e9e par un puissant effet glac\u00e9 qui donne \u00e0 chaque bouff\u00e9e une dimension givr\u00e9e. Id\u00e9al pour les vapoteurs qui pr\u00e9f\u00e8rent les ar\u00f4mes fruit\u00e9s acidul\u00e9s avec un effet rafra\u00eechissant prononc\u00e9.<\/p>\n<h3 class=\"text-lg font-bold text-text-100 mt-1 -mb-1.5\">Sp\u00e9cifications du produit :<\/h3>\n<p class=\"whitespace-normal break-words\">\u25aa Nombre total de trains : jusqu'\u00e0 45 000<br \/>\n\u25aa Nicotine : teneur en 5%<br \/>\n\u25aa E-liquide : capacit\u00e9 de 20 ml<br \/>\n\u25aa Batterie : rechargeable, 800 mAh<br \/>\n\u25aa 4 niveaux de refroidissement disponibles<br \/>\n\u25aa 3 niveaux de d\u00e9bit d'air pour contr\u00f4ler la vapeur et les ar\u00f4mes<br \/>\n\u25aa Teneur en nicotine r\u00e9glable<br \/>\n\u25aa R\u00e9sistance mesh pour une saveur optimale<br \/>\n\u25aa \u00c9cran couleur avec informations en direct<\/p>\n<h3 class=\"text-lg font-bold text-text-100 mt-1 -mb-1.5\">D\u00e9couvrir plus de VOZOL VAPE chez fumotpuff<\/h3>\n<p class=\"whitespace-normal break-words\">D\u00e9couvrez notre gamme exclusive sur <strong><a class=\"underline\" href=\"https:\/\/fumotpuff.com\/fr\/\">fumotpuff.com<\/a><\/strong> ou parcourez la vaste <strong><a class=\"underline\" href=\"https:\/\/fumotpuff.com\/fr\/product-category\/vozol-vape\/\">Gamme de produits VOZOL VAPE<\/a><\/strong> avec des vaporisateurs jetables innovants. Toutes les saveurs vous attendent dans la <strong><a class=\"underline\" href=\"https:\/\/fumotpuff.com\/fr\/product-category\/vozol-vape\/vozol-neon-45000\/\">Vozol Neon 45000 Monde des saveurs<\/a><\/strong> sur vous.<\/p>","protected":false},"excerpt":{"rendered":"<p class=\"whitespace-normal break-words\">Le Vozol Neon 45000 Cranberry Ice combine la saveur acidul\u00e9e de la canneberge \u00e0 une sensation de fra\u00eecheur intense pour un effet revigorant. Avec 45 000 bouff\u00e9es, 4 niveaux de refroidissement, 3 modes et un \u00e9cran intelligent. Bobine Mesh, 20 ml d'e-liquide, batterie 800 mAh avec charge rapide de type C et nicotine 5% pour un plaisir glacial.<\/p>","protected":false},"featured_media":4581,"comment_status":"open","ping_status":"closed","template":"","meta":{"_acf_changed":false},"product_brand":[],"product_cat":[51],"product_tag":[],"class_list":{"0":"post-4580","1":"product","2":"type-product","3":"status-publish","4":"has-post-thumbnail","6":"product_cat-vozol-neon-45000","8":"first","9":"instock","10":"shipping-taxable","11":"purchasable","12":"product-type-variable"},"acf":[],"_links":{"self":[{"href":"https:\/\/fumotpuff.com\/fr\/wp-json\/wp\/v2\/product\/4580","targetHints":{"allow":["GET"]}}],"collection":[{"href":"https:\/\/fumotpuff.com\/fr\/wp-json\/wp\/v2\/product"}],"about":[{"href":"https:\/\/fumotpuff.com\/fr\/wp-json\/wp\/v2\/types\/product"}],"replies":[{"embeddable":true,"href":"https:\/\/fumotpuff.com\/fr\/wp-json\/wp\/v2\/comments?post=4580"}],"wp:featuredmedia":[{"embeddable":true,"href":"https:\/\/fumotpuff.com\/fr\/wp-json\/wp\/v2\/media\/4581"}],"wp:attachment":[{"href":"https:\/\/fumotpuff.com\/fr\/wp-json\/wp\/v2\/media?parent=4580"}],"wp:term":[{"taxonomy":"product_brand","embeddable":true,"href":"https:\/\/fumotpuff.com\/fr\/wp-json\/wp\/v2\/product_brand?post=4580"},{"taxonomy":"product_cat","embeddable":true,"href":"https:\/\/fumotpuff.com\/fr\/wp-json\/wp\/v2\/product_cat?post=4580"},{"taxonomy":"product_tag","embeddable":true,"href":"https:\/\/fumotpuff.com\/fr\/wp-json\/wp\/v2\/product_tag?post=4580"}],"curies":[{"name":"wp","href":"https:\/\/api.w.org\/{rel}","templated":true}]}}