{"id":4570,"date":"2025-11-11T04:28:33","date_gmt":"2025-11-11T03:28:33","guid":{"rendered":"https:\/\/fumotpuff.com\/?post_type=product&#038;p=4570"},"modified":"2025-11-11T04:28:33","modified_gmt":"2025-11-11T03:28:33","slug":"vozol-neon-45000-cherry-cola","status":"publish","type":"product","link":"https:\/\/fumotpuff.com\/fr\/produit\/vozol-neon-45000-cherry-cola\/","title":{"rendered":"Vozol Neon 45000 Cola cerise"},"content":{"rendered":"<h2 class=\"text-xl font-bold text-text-100 mt-1 -mb-0.5\">Vozol Neon 45000 Cherry Cola Vape jetable<\/h2>\n<p class=\"whitespace-normal break-words\">Le mod\u00e8le Vozol Neon 45000 Cherry Cola allie une technologie de pointe \u00e0 jusqu'\u00e0 45 000 bouff\u00e9es et de nombreuses possibilit\u00e9s de configuration. Gr\u00e2ce \u00e0 4 intensit\u00e9s de refroidissement r\u00e9glables, 3 modes de puissance et un d\u00e9bit d'air personnalisable, vous pouvez personnaliser votre exp\u00e9rience de vapotage. L'\u00e9cran num\u00e9rique affiche toutes les donn\u00e9es pertinentes en temps r\u00e9el, tandis que le syst\u00e8me Mesh Coil et la batterie 800 mAh garantissent un ar\u00f4me riche et des performances durables. Avec une teneur en nicotine de 5% et un go\u00fbt nostalgique de Cherry Cola, cet appareil s\u00e9duira les vapoteurs exp\u00e9riment\u00e9s.<\/p>\n<h3 class=\"text-lg font-bold text-text-100 mt-1 -mb-1.5\">Caract\u00e9ristiques du Cherry Cola :<\/h3>\n<p class=\"whitespace-normal break-words\">Profitez de 45 000 bouff\u00e9es remarquables qui rendent inutile le remplacement permanent des appareils. La bobine maill\u00e9e int\u00e9gr\u00e9e augmente la production de vapeur et garantit un go\u00fbt plus doux et plus riche \u00e0 chaque inhalation. La batterie rechargeable de 800 mAh avec fonction de charge rapide de type C assure des performances continues pendant de longues p\u00e9riodes de vapotage.<\/p>\n<p class=\"whitespace-normal break-words\">Personnalisez votre exp\u00e9rience de vapotage selon vos pr\u00e9f\u00e9rences. Avec 4 niveaux de refroidissement, vous d\u00e9terminez le degr\u00e9 de fra\u00eecheur, tandis que 3 niveaux de puissance et de d\u00e9bit d'air permettent un r\u00e9glage pr\u00e9cis de la r\u00e9sistance \u00e0 l'aspiration et du volume de vapeur, pour une harmonie id\u00e9ale entre l'intensit\u00e9 des ar\u00f4mes et le refroidissement.<\/p>\n<p class=\"whitespace-normal break-words\">L'\u00e9cran intelligent int\u00e9gr\u00e9 vous tient inform\u00e9 en permanence. Contr\u00f4lez en direct le niveau de charge de la batterie et le niveau de liquide afin d'\u00eatre inform\u00e9 \u00e0 temps lorsqu'il est n\u00e9cessaire de recharger ou de remplacer l'un ou l'autre. Les pauses impr\u00e9vues pour recharger votre batterie appartiennent d\u00e9sormais au pass\u00e9.<\/p>\n<p class=\"whitespace-normal break-words\">Avec une teneur en nicotine de 5%, cet appareil offre une bouff\u00e9e puissante et satisfaisante aux vapoteurs exp\u00e9riment\u00e9s qui attendent une saveur expressive et un hit en gorge prononc\u00e9 \u00e0 chaque bouff\u00e9e.<\/p>\n<h3 class=\"text-lg font-bold text-text-100 mt-1 -mb-1.5\">Exp\u00e9rience gustative Cherry Cola :<\/h3>\n<p class=\"whitespace-normal break-words\">Une combinaison s\u00e9duisante de cerise sucr\u00e9e et de notes p\u00e9tillantes de cola : la nostalgie rencontre l'innovation. Le go\u00fbt authentique de la cerise s'associe \u00e0 l'ar\u00f4me caract\u00e9ristique du cola pour offrir une exp\u00e9rience de vapotage unique qui rappelle la boisson rafra\u00eechissante classique. Parfait pour les vapoteurs \u00e0 la recherche de saveurs exceptionnelles.<\/p>\n<h3 class=\"text-lg font-bold text-text-100 mt-1 -mb-1.5\">Sp\u00e9cifications techniques :<\/h3>\n<p class=\"whitespace-normal break-words\">\u25aa Nombre de puff : jusqu'\u00e0 45 000<br \/>\n\u25aa Teneur en nicotine : 5%<br \/>\n\u25aa Capacit\u00e9 de liquide : 20 ml<br \/>\n\u25aa Batterie : rechargeable, 800 mAh<br \/>\n\u25aa 4 niveaux de refroidissement r\u00e9glables<br \/>\n\u25aa 3 r\u00e9glages de d\u00e9bit d'air pour contr\u00f4ler la vapeur et le go\u00fbt<br \/>\n\u25aa R\u00e9glage de la teneur en nicotine<br \/>\n\u25aa Bobine maill\u00e9e pour un meilleur d\u00e9veloppement des ar\u00f4mes<br \/>\n\u25aa \u00c9cran couleur avec informations d'utilisation<\/p>\n<h3 class=\"text-lg font-bold text-text-100 mt-1 -mb-1.5\">D\u00e9couvrir plus de VOZOL VAPE chez fumotpuff<\/h3>\n<p class=\"whitespace-normal break-words\">D\u00e9couvrez d'autres appareils \u00e0 vapeur haut de gamme sur <strong><a class=\"underline\" href=\"https:\/\/fumotpuff.com\/fr\/\">fumotpuff.com<\/a><\/strong> ou explorez le site complet <strong><a class=\"underline\" href=\"https:\/\/fumotpuff.com\/fr\/product-category\/vozol-vape\/\">VOZOL VAPE Palette<\/a><\/strong> avec des vaporisateurs jetables innovants. Vous trouverez toute la gamme d'ar\u00f4mes dans la <strong><a class=\"underline\" href=\"https:\/\/fumotpuff.com\/fr\/product-category\/vozol-vape\/vozol-neon-45000\/\">Assortiment Vozol Neon 45000<\/a><\/strong>.<\/p>","protected":false},"excerpt":{"rendered":"<p class=\"whitespace-normal break-words\">Le Vozol Neon 45000 Cherry Cola combine la douceur de la cerise et les notes p\u00e9tillantes du cola pour un plaisir nostalgique. Avec 45 000 bouff\u00e9es, 4 niveaux de refroidissement, 3 modes et un \u00e9cran intelligent. Bobine Mesh, 20 ml d'e-liquide, batterie 800 mAh avec charge rapide de type C et nicotine 5% pour un ar\u00f4me unique.<\/p>","protected":false},"featured_media":4571,"comment_status":"open","ping_status":"closed","template":"","meta":{"_acf_changed":false},"product_brand":[],"product_cat":[51],"product_tag":[],"class_list":{"0":"post-4570","1":"product","2":"type-product","3":"status-publish","4":"has-post-thumbnail","6":"product_cat-vozol-neon-45000","8":"first","9":"instock","10":"shipping-taxable","11":"purchasable","12":"product-type-variable"},"acf":[],"_links":{"self":[{"href":"https:\/\/fumotpuff.com\/fr\/wp-json\/wp\/v2\/product\/4570","targetHints":{"allow":["GET"]}}],"collection":[{"href":"https:\/\/fumotpuff.com\/fr\/wp-json\/wp\/v2\/product"}],"about":[{"href":"https:\/\/fumotpuff.com\/fr\/wp-json\/wp\/v2\/types\/product"}],"replies":[{"embeddable":true,"href":"https:\/\/fumotpuff.com\/fr\/wp-json\/wp\/v2\/comments?post=4570"}],"wp:featuredmedia":[{"embeddable":true,"href":"https:\/\/fumotpuff.com\/fr\/wp-json\/wp\/v2\/media\/4571"}],"wp:attachment":[{"href":"https:\/\/fumotpuff.com\/fr\/wp-json\/wp\/v2\/media?parent=4570"}],"wp:term":[{"taxonomy":"product_brand","embeddable":true,"href":"https:\/\/fumotpuff.com\/fr\/wp-json\/wp\/v2\/product_brand?post=4570"},{"taxonomy":"product_cat","embeddable":true,"href":"https:\/\/fumotpuff.com\/fr\/wp-json\/wp\/v2\/product_cat?post=4570"},{"taxonomy":"product_tag","embeddable":true,"href":"https:\/\/fumotpuff.com\/fr\/wp-json\/wp\/v2\/product_tag?post=4570"}],"curies":[{"name":"wp","href":"https:\/\/api.w.org\/{rel}","templated":true}]}}