{"id":4559,"date":"2025-11-11T04:20:03","date_gmt":"2025-11-11T03:20:03","guid":{"rendered":"https:\/\/fumotpuff.com\/?post_type=product&#038;p=4559"},"modified":"2025-11-11T04:20:03","modified_gmt":"2025-11-11T03:20:03","slug":"vozol-neon-45000-blue-razz-ice","status":"publish","type":"product","link":"https:\/\/fumotpuff.com\/fr\/produit\/vozol-neon-45000-blue-razz-ice\/","title":{"rendered":"Vozol Neon 45000 Blue Razz Ice"},"content":{"rendered":"<h2 class=\"text-xl font-bold text-text-100 mt-1 -mb-0.5\">Vozol Neon 45000 Blue Razz Ice Vape jetable<\/h2>\n<p class=\"whitespace-normal break-words\">L'appareil Vozol Neon 45000 en Blue Razz Ice s\u00e9duit par ses performances exceptionnelles pouvant atteindre 45 000 bouff\u00e9es et ses nombreuses possibilit\u00e9s de personnalisation. Avec 4 niveaux de refroidissement r\u00e9glables, 3 niveaux de puissance et un d\u00e9bit d'air r\u00e9glable, vous gardez \u00e0 tout moment le contr\u00f4le de votre exp\u00e9rience de vapotage. L'\u00e9cran intelligent permet un suivi en temps r\u00e9el, tandis que la technologie Mesh Coil et la batterie 800 mAh garantissent un go\u00fbt prononc\u00e9 et une \u00e9nergie durable. Avec une concentration en nicotine de 5% et la saveur populaire Blue Razz Ice, ce mod\u00e8le a \u00e9t\u00e9 con\u00e7u pour les amateurs de vapotage.<\/p>\n<h3 class=\"text-lg font-bold text-text-100 mt-1 -mb-1.5\">Caract\u00e9ristiques de performance du Blue Razz Ice :<\/h3>\n<p class=\"whitespace-normal break-words\">D\u00e9couvrez une endurance exceptionnelle avec jusqu'\u00e0 45 000 bouff\u00e9es, rendant les remplacements r\u00e9guliers inutiles. La bobine maill\u00e9e int\u00e9gr\u00e9e am\u00e9liore la production de vapeur et offre un go\u00fbt plus doux et plus riche \u00e0 chaque inhalation. Aliment\u00e9 par une batterie rechargeable de 800 mAh avec recharge rapide de type C, ses performances restent constantes pendant de longues p\u00e9riodes de vapotage.<\/p>\n<p class=\"whitespace-normal break-words\">Configurez votre exp\u00e9rience de vapotage avec pr\u00e9cision. Choisissez parmi 4 intensit\u00e9s de refroidissement pour contr\u00f4ler l'effet de fra\u00eecheur, tandis que 3 niveaux de puissance et de d\u00e9bit d'air permettent un r\u00e9glage pr\u00e9cis de la r\u00e9sistance \u00e0 l'aspiration et de la quantit\u00e9 de vapeur, pour un \u00e9quilibre optimal entre concentration aromatique et fra\u00eecheur.<\/p>\n<p class=\"whitespace-normal break-words\">L'\u00e9cran intelligent int\u00e9gr\u00e9 vous informe en permanence. Surveillez l'\u00e9tat de la batterie et le niveau de liquide en temps r\u00e9el afin de toujours savoir quand il est n\u00e9cessaire de recharger ou de remplacer la batterie. Finies les pauses vapeur impr\u00e9vues.<\/p>\n<p class=\"whitespace-normal break-words\">Avec une teneur en nicotine de 5%, cet appareil produit une bouff\u00e9e puissante et satisfaisante pour les vapoteurs exp\u00e9riment\u00e9s qui appr\u00e9cient une saveur intense et un hit en gorge perceptible \u00e0 chaque bouff\u00e9e.<\/p>\n<h3 class=\"text-lg font-bold text-text-100 mt-1 -mb-1.5\">Caract\u00e9ristiques gustatives de Blue Razz Ice :<\/h3>\n<p class=\"whitespace-normal break-words\">La framboise bleue embl\u00e9matique rencontre la fra\u00eecheur glac\u00e9e : une combinaison irr\u00e9sistible. La note sucr\u00e9e-acidul\u00e9e de la framboise bleue est compl\u00e9t\u00e9e par un effet de fra\u00eecheur intense qui donne \u00e0 chaque bouff\u00e9e une dimension glaciale. Un choix de premier ordre pour les amateurs d'ar\u00f4mes fruit\u00e9s frais avec un effet glac\u00e9 prononc\u00e9.<\/p>\n<h3 class=\"text-lg font-bold text-text-100 mt-1 -mb-1.5\">Sp\u00e9cifications :<\/h3>\n<p class=\"whitespace-normal break-words\">\u25aa Nombre maximal de coups : 45 000<br \/>\n\u25aa Teneur en nicotine : 5%<br \/>\n\u25aa Contenance en liquide : 20 ml<br \/>\n\u25aa Capacit\u00e9 de la batterie : 800 mAh rechargeable<br \/>\n\u25aa 4 niveaux de refroidissement pour un r\u00e9glage personnalis\u00e9<br \/>\n\u25aa 3 niveaux de d\u00e9bit d'air pour contr\u00f4ler la vapeur et les ar\u00f4mes<br \/>\n\u25aa Intensit\u00e9 de nicotine r\u00e9glable<br \/>\n\u25aa Bobine maill\u00e9e pour un go\u00fbt sup\u00e9rieur<br \/>\n\u25aa \u00c9cran couleur avec informations sur la vapeur<\/p>\n<h3 class=\"text-lg font-bold text-text-100 mt-1 -mb-1.5\">D\u00e9couvrir plus de VOZOL VAPE chez fumotpuff<\/h3>\n<p class=\"whitespace-normal break-words\">D\u00e9couvrez notre offre exclusive sur <strong><a class=\"underline\" href=\"https:\/\/fumotpuff.com\/fr\/\">fumotpuff.com<\/a><\/strong> ou plongez dans la <strong><a class=\"underline\" href=\"https:\/\/fumotpuff.com\/fr\/product-category\/vozol-vape\/\">L'univers de produits VOZOL VAPE<\/a><\/strong> avec des vaporisateurs jetables ultramodernes. D\u00e9couvrez toutes les variantes aromatiques dans la <strong><a class=\"underline\" href=\"https:\/\/fumotpuff.com\/fr\/product-category\/vozol-vape\/vozol-neon-45000\/\">Gamme d'ar\u00f4mes Vozol Neon 45000<\/a><\/strong>.<\/p>","protected":false},"excerpt":{"rendered":"<p class=\"whitespace-normal break-words\">Le Vozol Neon 45000 Blue Razz Ice combine la framboise bleue sucr\u00e9e-acidul\u00e9e avec un rafra\u00eechissement intense. Avec 45 000 bouff\u00e9es, 4 niveaux de refroidissement, 3 modes et un \u00e9cran intelligent. Bobine Mesh, 20 ml d'e-liquide, batterie 800 mAh avec charge rapide de type C et nicotine 5% pour un plaisir fruit\u00e9 glac\u00e9.<\/p>","protected":false},"featured_media":4562,"comment_status":"open","ping_status":"closed","template":"","meta":{"_acf_changed":false},"product_brand":[],"product_cat":[51],"product_tag":[],"class_list":{"0":"post-4559","1":"product","2":"type-product","3":"status-publish","4":"has-post-thumbnail","6":"product_cat-vozol-neon-45000","8":"first","9":"instock","10":"shipping-taxable","11":"purchasable","12":"product-type-variable"},"acf":[],"_links":{"self":[{"href":"https:\/\/fumotpuff.com\/fr\/wp-json\/wp\/v2\/product\/4559","targetHints":{"allow":["GET"]}}],"collection":[{"href":"https:\/\/fumotpuff.com\/fr\/wp-json\/wp\/v2\/product"}],"about":[{"href":"https:\/\/fumotpuff.com\/fr\/wp-json\/wp\/v2\/types\/product"}],"replies":[{"embeddable":true,"href":"https:\/\/fumotpuff.com\/fr\/wp-json\/wp\/v2\/comments?post=4559"}],"wp:featuredmedia":[{"embeddable":true,"href":"https:\/\/fumotpuff.com\/fr\/wp-json\/wp\/v2\/media\/4562"}],"wp:attachment":[{"href":"https:\/\/fumotpuff.com\/fr\/wp-json\/wp\/v2\/media?parent=4559"}],"wp:term":[{"taxonomy":"product_brand","embeddable":true,"href":"https:\/\/fumotpuff.com\/fr\/wp-json\/wp\/v2\/product_brand?post=4559"},{"taxonomy":"product_cat","embeddable":true,"href":"https:\/\/fumotpuff.com\/fr\/wp-json\/wp\/v2\/product_cat?post=4559"},{"taxonomy":"product_tag","embeddable":true,"href":"https:\/\/fumotpuff.com\/fr\/wp-json\/wp\/v2\/product_tag?post=4559"}],"curies":[{"name":"wp","href":"https:\/\/api.w.org\/{rel}","templated":true}]}}